{"id":1195,"date":"2013-04-05T16:38:18","date_gmt":"2013-04-05T16:38:18","guid":{"rendered":"http:\/\/www.kriesi.at\/themes\/enfold\/?page_id=1195"},"modified":"2025-03-25T12:42:32","modified_gmt":"2025-03-25T11:42:32","slug":"ueber-uns","status":"publish","type":"page","link":"https:\/\/nagl-vetter.de\/de\/startseite\/ueber-uns\/","title":{"rendered":"\u00dcber uns"},"content":{"rendered":"<section  class='av_textblock_section av-1lb6adn-d259115e430d65f57e1e1b37a8699af1 '   itemscope=\"itemscope\" itemtype=\"https:\/\/schema.org\/CreativeWork\" ><div class='avia_textblock'  itemprop=\"text\" ><h2><\/h2>\n<h2><\/h2>\n<h2 style=\"text-align: center;\">\u00dcber uns &#8230;<\/h2>\n<\/div><\/section>\n<div  class='hr av-k4ra5djk-d87214d8ac265866dac946560e69a601 hr-short  avia-builder-el-1  el_after_av_textblock  el_before_av_one_full  hr-center'><span class='hr-inner '><span class=\"hr-inner-style\"><\/span><\/span><\/div>\n<div  class='flex_column av-206pp0r-7568380a81d03c1004d8fb09449df0c0 av_one_full  avia-builder-el-2  el_after_av_hr  el_before_av_hr  first flex_column_div  '     ><section  class='av_textblock_section av-1wqd3m3-bf3feae2a4aeb8583c9a63ef1ded3f61 '   itemscope=\"itemscope\" itemtype=\"https:\/\/schema.org\/CreativeWork\" ><div class='avia_textblock'  itemprop=\"text\" ><p>Vor f\u00fcnfzehn Jahren als Software- und Elektronikentwicklungsb\u00fcro gegr\u00fcndet, wuchs unser Unternehmen zu einem renommierten Entwicklungs- und Automatisierungsdienstleister mit Kunden aus zahlreichen Industrien. Dabei stehen von Anfang an Qualit\u00e4t, Innovation und Schnelligkeit bei gleichzeitiger Kostenoptimierung f\u00fcr unsere Kunden im Vordergrund.<\/p>\n<p>Hohe Anspr\u00fcche stellen wir auch an uns als Arbeitgeber, indem wir insbesondere flexible Arbeitszeiten und -orte anbieten und eine familienfreundliche Unternehmenskultur leben. Ein hohes Ma\u00df an Weiterbildungen wie auch eine offene Diskussionskultur erlauben uns, den Anspr\u00fcchen unserer Kunden seit vielen Jahren gerecht zu werden.<\/p>\n<h4><\/h4>\n<\/div><\/section><\/div>\n\n<style type=\"text\/css\" data-created_by=\"avia_inline_auto\" id=\"style-css-av-k4ra5djk-1-ea235847cdd6a0a89aa4ccbe1fbb9c14\">\n#top .hr.hr-invisible.av-k4ra5djk-1-ea235847cdd6a0a89aa4ccbe1fbb9c14{\nheight:50px;\n}\n<\/style>\n<div  class='hr av-k4ra5djk-1-ea235847cdd6a0a89aa4ccbe1fbb9c14 hr-invisible  avia-builder-el-4  el_after_av_one_full  el_before_av_textblock '><span class='hr-inner '><span class=\"hr-inner-style\"><\/span><\/span><\/div>\n<section  class='av_textblock_section av-1lb6adn-2-41f8365e110c3e700c7b3fbf972c7d5b '   itemscope=\"itemscope\" itemtype=\"https:\/\/schema.org\/CreativeWork\" ><div class='avia_textblock'  itemprop=\"text\" ><h2><\/h2>\n<h2><\/h2>\n<h2 style=\"text-align: center;\">Das Management<\/h2>\n<\/div><\/section>\n<div  class='hr av-1j4qn57-a8a6deb6a8d3deee934df5aef79fe91e hr-short  avia-builder-el-6  el_after_av_textblock  el_before_av_one_half  hr-center'><span class='hr-inner '><span class=\"hr-inner-style\"><\/span><\/span><\/div>\n<div  class='flex_column av-1by0q7v-11815b4929fdb6e2e85294252a4bed8d av_one_half  avia-builder-el-7  el_after_av_hr  el_before_av_one_half  first flex_column_div  '     ><p><section  class='avia-team-member av-19rraqz-027d465b0a2e9e67499c72d09a33de0e  avia-builder-el-8  el_before_av_textblock  avia-builder-el-first '  itemscope=\"itemscope\" itemtype=\"https:\/\/schema.org\/Person\" ><div class=\"team-img-container\"><img decoding=\"async\" fetchpriority=\"high\" class='wp-image-3611 avia-img-lazy-loading-not-3611 avia_image avia_image_team av-team-img-original' src=\"https:\/\/nagl-vetter.de\/wp-content\/uploads\/2019\/12\/Ulrich-Vetter-scaled-e1577699667774-244x300.jpg\" alt='Dr. rer. nat. Ulrich Vetter'  itemprop=\"image\"   height=\"300\" width=\"244\" srcset=\"https:\/\/nagl-vetter.de\/wp-content\/uploads\/2019\/12\/Ulrich-Vetter-scaled-e1577699667774-244x300.jpg 244w, https:\/\/nagl-vetter.de\/wp-content\/uploads\/2019\/12\/Ulrich-Vetter-scaled-e1577699667774-838x1030.jpg 838w, https:\/\/nagl-vetter.de\/wp-content\/uploads\/2019\/12\/Ulrich-Vetter-scaled-e1577699667774-768x944.jpg 768w, https:\/\/nagl-vetter.de\/wp-content\/uploads\/2019\/12\/Ulrich-Vetter-scaled-e1577699667774-1249x1536.jpg 1249w, https:\/\/nagl-vetter.de\/wp-content\/uploads\/2019\/12\/Ulrich-Vetter-scaled-e1577699667774-1220x1500.jpg 1220w, https:\/\/nagl-vetter.de\/wp-content\/uploads\/2019\/12\/Ulrich-Vetter-scaled-e1577699667774-573x705.jpg 573w, https:\/\/nagl-vetter.de\/wp-content\/uploads\/2019\/12\/Ulrich-Vetter-scaled-e1577699667774.jpg 1452w\" sizes=\"(max-width: 244px) 100vw, 244px\" \/><\/div><h3 class='team-member-name '  itemprop=\"name\" >Dr. rer. nat. Ulrich Vetter<\/h3><div class='team-member-job-title '  itemprop=\"jobTitle\" >Gesch\u00e4ftsf\u00fchrer<\/div><span class='hidden team-member-affiliation'  itemprop=\"affiliation\" >Nagl &amp; Vetter GmbH<\/span><\/section><br \/>\n<section  class='av_textblock_section av-kf47x8dp-8db3388c1c666a01e3e20a2caf597127 '   itemscope=\"itemscope\" itemtype=\"https:\/\/schema.org\/CreativeWork\" ><div class='avia_textblock'  itemprop=\"text\" ><p>Ulrich Vetter studierte an der <a href=\"https:\/\/www.uni-konstanz.de\">Universit\u00e4t Konstanz<\/a> Physik und an der <a href=\"http:\/\/www.fudan.edu.cn\">Fudan-Universit\u00e4t<\/a> Shanghai Chinesisch. W\u00e4hrend und nach dem Studium war er als Entwickler bei AEG und sp\u00e4ter Siemens im Bereich der Postautomation t\u00e4tig, bevor er an das <a href=\"https:\/\/www.iao.fraunhofer.de\">Fraunhofer IAO<\/a> in Stuttgart wechselte und auf dem Gebiet der adaptischen Benutzerschnittstellen arbeitete. Im Anschluss promovierte er an der <a href=\"https:\/\/www.uni-goettingen.de\">Universit\u00e4t G\u00f6ttingen<\/a> \u00fcber Seltene Erden in Halbleitern mit gro\u00dfer Bandl\u00fccke. Weitere Stationen in Forschung und Lehre schlie\u00dfen die Universit\u00e4t Marburg, die TU Ilmenau sowie die HAWK G\u00f6ttingen ein, bei letzterer war er zeitweise als Dozent und Verw.-Prof t\u00e4tig. Er ist Autor oder Koautor von \u00fcber 60 Artikeln in Fachzeitschriften.<\/p>\n<\/div><\/section><\/p><\/div><div  class='flex_column av-1i9hlln-995b4156c5c50efed4c7610ad28c5406 av_one_half  avia-builder-el-10  el_after_av_one_half  avia-builder-el-last  flex_column_div  '     ><p><section  class='avia-team-member av-1ggokej-b442a2e3a1aa815c5d4013470b9ac158  avia-builder-el-11  el_before_av_textblock  avia-builder-el-first '  itemscope=\"itemscope\" itemtype=\"https:\/\/schema.org\/Person\" ><div class=\"team-img-container\"><img decoding=\"async\" fetchpriority=\"high\" class='wp-image-3527 avia-img-lazy-loading-not-3527 avia_image avia_image_team av-team-img-original' src=\"https:\/\/nagl-vetter.de\/wp-content\/uploads\/2019\/12\/mn-246x300.jpg\" alt='Dr. rer. nat. Matthias Nagl'  itemprop=\"image\"   height=\"300\" width=\"246\" srcset=\"https:\/\/nagl-vetter.de\/wp-content\/uploads\/2019\/12\/mn-246x300.jpg 246w, https:\/\/nagl-vetter.de\/wp-content\/uploads\/2019\/12\/mn-846x1030.jpg 846w, https:\/\/nagl-vetter.de\/wp-content\/uploads\/2019\/12\/mn-768x935.jpg 768w, https:\/\/nagl-vetter.de\/wp-content\/uploads\/2019\/12\/mn-1261x1536.jpg 1261w, https:\/\/nagl-vetter.de\/wp-content\/uploads\/2019\/12\/mn-1682x2048.jpg 1682w, https:\/\/nagl-vetter.de\/wp-content\/uploads\/2019\/12\/mn-1232x1500.jpg 1232w, https:\/\/nagl-vetter.de\/wp-content\/uploads\/2019\/12\/mn-579x705.jpg 579w, https:\/\/nagl-vetter.de\/wp-content\/uploads\/2019\/12\/mn.jpg 1783w\" sizes=\"(max-width: 246px) 100vw, 246px\" \/><\/div><h3 class='team-member-name '  itemprop=\"name\" >Dr. rer. nat. Matthias Nagl<\/h3><div class='team-member-job-title '  itemprop=\"jobTitle\" >Gesch\u00e4ftsf\u00fchrer<\/div><span class='hidden team-member-affiliation'  itemprop=\"affiliation\" >Nagl &amp; Vetter GmbH<\/span><\/section><br \/>\n<section  class='av_textblock_section av-kf47vizd-c7c8f7ac116820de8c282f5cbbf198ba '   itemscope=\"itemscope\" itemtype=\"https:\/\/schema.org\/CreativeWork\" ><div class='avia_textblock'  itemprop=\"text\" ><p>Matthias Nagl war ab 1999 als Unternehmer in den Bereichen Systembetreuung und Hardwarevertrieb t\u00e4tig. W\u00e4hrend des Physikstudiums in <a href=\"https:\/\/www.uni-marburg.de\/\">Marburg<\/a> besch\u00e4ftigte er sich intensiv mit Neurowissenschaften (insbesondere visueller Wahrnehmung) und k\u00fcnstlichen neuronalen Netzen. Im Rahmen seiner Promotion an der <a href=\"https:\/\/www.uni-goettingen.de\">Universit\u00e4t G\u00f6ttingen<\/a> entwickelte und simulierte er komplexe Anlagen und f\u00fchrende kernspektroskopische Mess\u00adtechnik f\u00fcr die nukleare Festk\u00f6rperphysik an <a href=\"https:\/\/isolde.web.cern.ch\">ISOLDE<\/a> (<a href=\"https:\/\/home.cern\">CERN<\/a>).<\/p>\n<\/div><\/section><\/p><\/div><\/p>\n","protected":false},"excerpt":{"rendered":"","protected":false},"author":1,"featured_media":0,"parent":734,"menu_order":0,"comment_status":"open","ping_status":"open","template":"","meta":{"footnotes":""},"yoast_head":"<!-- This site is optimized with the Yoast SEO plugin v22.1 - https:\/\/yoast.com\/wordpress\/plugins\/seo\/ -->\n<title>\u00dcber uns : Nagl &amp; Vetter GmbH<\/title>\n<meta name=\"description\" content=\"Seit f\u00fcnfzehn Jahren Ihr Partner f\u00fcr Industrieautomatisierung, Produktentwicklung, R&amp;D und mehr.\" \/>\n<meta name=\"robots\" content=\"index, follow, max-snippet:-1, max-image-preview:large, max-video-preview:-1\" \/>\n<link rel=\"canonical\" href=\"https:\/\/nagl-vetter.de\/de\/startseite\/ueber-uns\/\" \/>\n<meta property=\"og:locale\" content=\"de_DE\" \/>\n<meta property=\"og:type\" content=\"article\" \/>\n<meta property=\"og:title\" content=\"\u00dcber uns : Nagl &amp; Vetter GmbH\" \/>\n<meta property=\"og:description\" content=\"Seit f\u00fcnfzehn Jahren Ihr Partner f\u00fcr Industrieautomatisierung, Produktentwicklung, R&amp;D und mehr.\" \/>\n<meta property=\"og:url\" content=\"https:\/\/nagl-vetter.de\/de\/startseite\/ueber-uns\/\" \/>\n<meta property=\"og:site_name\" content=\"Nagl &amp; Vetter GmbH\" \/>\n<meta property=\"article:modified_time\" content=\"2025-03-25T11:42:32+00:00\" \/>\n<meta name=\"twitter:card\" content=\"summary_large_image\" \/>\n<meta name=\"twitter:label1\" content=\"Gesch\u00e4tzte Lesezeit\" \/>\n\t<meta name=\"twitter:data1\" content=\"2\u00a0Minuten\" \/>\n<script type=\"application\/ld+json\" class=\"yoast-schema-graph\">{\"@context\":\"https:\/\/schema.org\",\"@graph\":[{\"@type\":\"WebPage\",\"@id\":\"https:\/\/nagl-vetter.de\/de\/startseite\/ueber-uns\/\",\"url\":\"https:\/\/nagl-vetter.de\/de\/startseite\/ueber-uns\/\",\"name\":\"\u00dcber uns : Nagl &amp; Vetter GmbH\",\"isPartOf\":{\"@id\":\"https:\/\/nagl-vetter.de\/de\/#website\"},\"datePublished\":\"2013-04-05T16:38:18+00:00\",\"dateModified\":\"2025-03-25T11:42:32+00:00\",\"description\":\"Seit f\u00fcnfzehn Jahren Ihr Partner f\u00fcr Industrieautomatisierung, Produktentwicklung, R&D und mehr.\",\"breadcrumb\":{\"@id\":\"https:\/\/nagl-vetter.de\/de\/startseite\/ueber-uns\/#breadcrumb\"},\"inLanguage\":\"de\",\"potentialAction\":[{\"@type\":\"ReadAction\",\"target\":[\"https:\/\/nagl-vetter.de\/de\/startseite\/ueber-uns\/\"]}]},{\"@type\":\"BreadcrumbList\",\"@id\":\"https:\/\/nagl-vetter.de\/de\/startseite\/ueber-uns\/#breadcrumb\",\"itemListElement\":[{\"@type\":\"ListItem\",\"position\":1,\"name\":\"Startseite\",\"item\":\"https:\/\/nagl-vetter.de\/de\/startseite\/\"},{\"@type\":\"ListItem\",\"position\":2,\"name\":\"Unser Leistungsspektrum\",\"item\":\"https:\/\/nagl-vetter.de\/de\/startseite\/\"},{\"@type\":\"ListItem\",\"position\":3,\"name\":\"\u00dcber uns\"}]},{\"@type\":\"WebSite\",\"@id\":\"https:\/\/nagl-vetter.de\/de\/#website\",\"url\":\"https:\/\/nagl-vetter.de\/de\/\",\"name\":\"Nagl & Vetter GmbH\",\"description\":\"Automatisierung, Forschung &amp; Entwicklung, Industrie\",\"publisher\":{\"@id\":\"https:\/\/nagl-vetter.de\/de\/#organization\"},\"potentialAction\":[{\"@type\":\"SearchAction\",\"target\":{\"@type\":\"EntryPoint\",\"urlTemplate\":\"https:\/\/nagl-vetter.de\/de\/?s={search_term_string}\"},\"query-input\":\"required name=search_term_string\"}],\"inLanguage\":\"de\"},{\"@type\":\"Organization\",\"@id\":\"https:\/\/nagl-vetter.de\/de\/#organization\",\"name\":\"Nagl & Vetter GmbH\",\"url\":\"https:\/\/nagl-vetter.de\/de\/\",\"logo\":{\"@type\":\"ImageObject\",\"inLanguage\":\"de\",\"@id\":\"https:\/\/nagl-vetter.de\/de\/#\/schema\/logo\/image\/\",\"url\":\"https:\/\/nagl-vetter.de\/wp-content\/uploads\/2019\/12\/nv-logo-web-1.png\",\"contentUrl\":\"https:\/\/nagl-vetter.de\/wp-content\/uploads\/2019\/12\/nv-logo-web-1.png\",\"width\":340,\"height\":156,\"caption\":\"Nagl & Vetter GmbH\"},\"image\":{\"@id\":\"https:\/\/nagl-vetter.de\/de\/#\/schema\/logo\/image\/\"},\"sameAs\":[\"https:\/\/www.linkedin.com\/company\/nagl-vetter\/\"]}]}<\/script>\n<!-- \/ Yoast SEO plugin. -->","yoast_head_json":{"title":"\u00dcber uns : Nagl &amp; Vetter GmbH","description":"Seit f\u00fcnfzehn Jahren Ihr Partner f\u00fcr Industrieautomatisierung, Produktentwicklung, R&D und mehr.","robots":{"index":"index","follow":"follow","max-snippet":"max-snippet:-1","max-image-preview":"max-image-preview:large","max-video-preview":"max-video-preview:-1"},"canonical":"https:\/\/nagl-vetter.de\/de\/startseite\/ueber-uns\/","og_locale":"de_DE","og_type":"article","og_title":"\u00dcber uns : Nagl &amp; Vetter GmbH","og_description":"Seit f\u00fcnfzehn Jahren Ihr Partner f\u00fcr Industrieautomatisierung, Produktentwicklung, R&D und mehr.","og_url":"https:\/\/nagl-vetter.de\/de\/startseite\/ueber-uns\/","og_site_name":"Nagl &amp; Vetter GmbH","article_modified_time":"2025-03-25T11:42:32+00:00","twitter_card":"summary_large_image","twitter_misc":{"Gesch\u00e4tzte Lesezeit":"2\u00a0Minuten"},"schema":{"@context":"https:\/\/schema.org","@graph":[{"@type":"WebPage","@id":"https:\/\/nagl-vetter.de\/de\/startseite\/ueber-uns\/","url":"https:\/\/nagl-vetter.de\/de\/startseite\/ueber-uns\/","name":"\u00dcber uns : Nagl &amp; Vetter GmbH","isPartOf":{"@id":"https:\/\/nagl-vetter.de\/de\/#website"},"datePublished":"2013-04-05T16:38:18+00:00","dateModified":"2025-03-25T11:42:32+00:00","description":"Seit f\u00fcnfzehn Jahren Ihr Partner f\u00fcr Industrieautomatisierung, Produktentwicklung, R&D und mehr.","breadcrumb":{"@id":"https:\/\/nagl-vetter.de\/de\/startseite\/ueber-uns\/#breadcrumb"},"inLanguage":"de","potentialAction":[{"@type":"ReadAction","target":["https:\/\/nagl-vetter.de\/de\/startseite\/ueber-uns\/"]}]},{"@type":"BreadcrumbList","@id":"https:\/\/nagl-vetter.de\/de\/startseite\/ueber-uns\/#breadcrumb","itemListElement":[{"@type":"ListItem","position":1,"name":"Startseite","item":"https:\/\/nagl-vetter.de\/de\/startseite\/"},{"@type":"ListItem","position":2,"name":"Unser Leistungsspektrum","item":"https:\/\/nagl-vetter.de\/de\/startseite\/"},{"@type":"ListItem","position":3,"name":"\u00dcber uns"}]},{"@type":"WebSite","@id":"https:\/\/nagl-vetter.de\/de\/#website","url":"https:\/\/nagl-vetter.de\/de\/","name":"Nagl & Vetter GmbH","description":"Automatisierung, Forschung &amp; Entwicklung, Industrie","publisher":{"@id":"https:\/\/nagl-vetter.de\/de\/#organization"},"potentialAction":[{"@type":"SearchAction","target":{"@type":"EntryPoint","urlTemplate":"https:\/\/nagl-vetter.de\/de\/?s={search_term_string}"},"query-input":"required name=search_term_string"}],"inLanguage":"de"},{"@type":"Organization","@id":"https:\/\/nagl-vetter.de\/de\/#organization","name":"Nagl & Vetter GmbH","url":"https:\/\/nagl-vetter.de\/de\/","logo":{"@type":"ImageObject","inLanguage":"de","@id":"https:\/\/nagl-vetter.de\/de\/#\/schema\/logo\/image\/","url":"https:\/\/nagl-vetter.de\/wp-content\/uploads\/2019\/12\/nv-logo-web-1.png","contentUrl":"https:\/\/nagl-vetter.de\/wp-content\/uploads\/2019\/12\/nv-logo-web-1.png","width":340,"height":156,"caption":"Nagl & Vetter GmbH"},"image":{"@id":"https:\/\/nagl-vetter.de\/de\/#\/schema\/logo\/image\/"},"sameAs":["https:\/\/www.linkedin.com\/company\/nagl-vetter\/"]}]}},"_links":{"self":[{"href":"https:\/\/nagl-vetter.de\/de\/wp-json\/wp\/v2\/pages\/1195"}],"collection":[{"href":"https:\/\/nagl-vetter.de\/de\/wp-json\/wp\/v2\/pages"}],"about":[{"href":"https:\/\/nagl-vetter.de\/de\/wp-json\/wp\/v2\/types\/page"}],"author":[{"embeddable":true,"href":"https:\/\/nagl-vetter.de\/de\/wp-json\/wp\/v2\/users\/1"}],"replies":[{"embeddable":true,"href":"https:\/\/nagl-vetter.de\/de\/wp-json\/wp\/v2\/comments?post=1195"}],"version-history":[{"count":31,"href":"https:\/\/nagl-vetter.de\/de\/wp-json\/wp\/v2\/pages\/1195\/revisions"}],"predecessor-version":[{"id":6727,"href":"https:\/\/nagl-vetter.de\/de\/wp-json\/wp\/v2\/pages\/1195\/revisions\/6727"}],"up":[{"embeddable":true,"href":"https:\/\/nagl-vetter.de\/de\/wp-json\/wp\/v2\/pages\/734"}],"wp:attachment":[{"href":"https:\/\/nagl-vetter.de\/de\/wp-json\/wp\/v2\/media?parent=1195"}],"curies":[{"name":"wp","href":"https:\/\/api.w.org\/{rel}","templated":true}]}}