{"id":3653,"date":"2020-02-02T23:35:55","date_gmt":"2020-02-02T22:35:55","guid":{"rendered":"https:\/\/nagl-vetter.de\/?page_id=3653"},"modified":"2025-02-12T13:53:02","modified_gmt":"2025-02-12T12:53:02","slug":"stellenangebote","status":"publish","type":"page","link":"https:\/\/nagl-vetter.de\/de\/startseite\/stellenangebote\/","title":{"rendered":"Stellenangebote"},"content":{"rendered":"<div  class='flex_column av-6k9qit-87eec078d37f635ed4261b19d3fbb6ab av_one_full  avia-builder-el-0  el_before_av_one_full  avia-builder-el-first  first flex_column_div  '     ><section  class='av_textblock_section av-lw7uom6r-03b0ccb824d34c7c0029ee48b1914be6 '   itemscope=\"itemscope\" itemtype=\"https:\/\/schema.org\/CreativeWork\" ><div class='avia_textblock'  itemprop=\"text\" ><h1><strong>Nagl &amp; Vetter als Arbeitgeber<\/strong><\/h1>\n<p>\u00dcber die Jahre hat die Firma Nagl &amp; Vetter einen sehr guten Ruf unter den eigenen Mitarbeiterinnen und Mitarbeitern erworben. Wir achten auf ein sehr gutes Betriebsklima und sind nach Kr\u00e4ften bem\u00fcht, allen eine Vereinbarkeit von Familien- und Berufsleben zu erm\u00f6glichen, sei es durch flexible Arbeitszeiten und Arbeitsorte als auch variable Teilzeitmodelle. Dar\u00fcber hinaus bieten wir unseren Mitarbeiterinnen und Mitarbeitern zum Beispiel<\/p>\n<ul>\n<li>Krankenzusatzversicherung<\/li>\n<li>Jobbike (nach der Probezeit)<\/li>\n<li>Kostenlose Getr\u00e4nke und Snacks in der Firma<\/li>\n<li>Gemeinsame sportliche Freizeitaktivit\u00e4ten (nat\u00fcrlich freiwillig)<\/li>\n<\/ul>\n<p>und vieles mehr. Ebenso unterst\u00fctzen wir explizit die berufsbegleitende Fortbildung.<\/p>\n<\/div><\/section><\/div>\n\n<style type=\"text\/css\" data-created_by=\"avia_inline_auto\" id=\"style-css-av-4y56qd-8c4dc9ee8ba4c2d62c32b0ba0dd7d0f7\">\n.flex_column.av-4y56qd-8c4dc9ee8ba4c2d62c32b0ba0dd7d0f7{\nborder-width:1px;\nborder-style:solid;\n}\n<\/style>\n<div  class='flex_column av-4y56qd-8c4dc9ee8ba4c2d62c32b0ba0dd7d0f7 av_one_full  avia-builder-el-2  el_after_av_one_full  el_before_av_one_full  first flex_column_div  column-top-margin'     ><section  class='av_textblock_section av-2gcszp-47913440a8fdb58a969e0b38d61e6499 '   itemscope=\"itemscope\" itemtype=\"https:\/\/schema.org\/CreativeWork\" ><div class='avia_textblock'  itemprop=\"text\" ><h2><a href=\"https:\/\/nagl-vetter.de\/wp-content\/uploads\/2024\/05\/2024-05-23_Stellenanzeige-2_Projektingenieur-Konstruktion.pdf\">Projektingenieur (m\/w\/x)<\/a><\/h2>\n<h3>Konstrukteur (MCAD)<\/h3>\n<h4>Kennziffer: SasT-2405-1<br \/>\nDatum: 15.05.2024<\/h4>\n<p>IHRE AUFGABEN<\/p>\n<ul>\n<li>Planung und Konstruktion von industriellen Fertigungsanlagen und Sondermaschinen<\/li>\n<li>Entwicklung von Prototypen sowie deren Verifizierung und Validierung<\/li>\n<li>Auswahl geeigneter Technologien, Materialien und Lieferanten<\/li>\n<li>Durchf\u00fchrung der fachlichen Abstimmung sowie Kontakt mit Kunden und Zulieferern<\/li>\n<li>Erstellung von Dokumenationen und Anleitungen<\/li>\n<\/ul>\n<p>IHR FACHLICHES PROFIL<\/p>\n<ul>\n<li>Abgeschlossenes Hochschulstudium (Bachelor\/Master\/Diplom) Maschinenbau oder Abschluss als stattlich gepr\u00fcfter Techniker Maschinenbau oder vergleichbare Ausbildung<\/li>\n<li>Mehrj\u00e4hrige Erfahrung in der CAD-Konstruktion im Maschinen und Anlagenbau, idealerweise mit Autodesk Inventor oder PTC Creo<\/li>\n<li>Kenntnisse im Bereich Reinraum sind von Vorteil<\/li>\n<li>Kenntnisse im Bereich Industrieautomatisierung und einschl\u00e4giger Techniken sind von Vorteil<\/li>\n<\/ul>\n<p>NEBEN IHRER FACHLICHEN QUALIFIKATION VERF\u00dcGEN SIE \u00dcBER<\/p>\n<ul>\n<li>Hohe Eigenmotivation und Bereitschaft, sich in komplexe Aufgabenstellungen selbst\u00e4ndig einzuarbeiten<\/li>\n<li>Gute Team- und Kommunikationsf\u00e4higkeit<\/li>\n<li>Strukturierte, verantwortungsvolle und kundenorientierte Arbeitsweise<\/li>\n<li>Gute Deutsch- und Englischkenntnisse in Wort und Schrift<\/li>\n<li>Bereitschaft zu Dienstreisen zu unseren Kunden im meist deutschsprachigen Raum<\/li>\n<\/ul>\n<\/div><\/section><\/div>\n\n<style type=\"text\/css\" data-created_by=\"avia_inline_auto\" id=\"style-css-av-le4nhuga-abf224f720b1b0f7460cca1b42b88dd5\">\n.flex_column.av-le4nhuga-abf224f720b1b0f7460cca1b42b88dd5{\nborder-width:1px;\nborder-style:solid;\n}\n<\/style>\n<div  class='flex_column av-le4nhuga-abf224f720b1b0f7460cca1b42b88dd5 av_one_full  avia-builder-el-4  el_after_av_one_full  el_before_av_codeblock  first flex_column_div  column-top-margin'     ><section  class='av_textblock_section av-le4nh1pg-e52daf76d8b2d699375f0d0fd8431fbb '   itemscope=\"itemscope\" itemtype=\"https:\/\/schema.org\/CreativeWork\" ><div class='avia_textblock'  itemprop=\"text\" ><h2><a href=\"https:\/\/nagl-vetter.de\/wp-content\/uploads\/2024\/05\/2024-05-15_Stellenanzeige-1_Projektingenieur-Elektrokonstruktion.pdf\">Projektingenieur (m\/w\/x)<\/a><\/h2>\n<h3>SPS-Programmierer \/ Automatisierungstechniker \/ Elektrotechniker<\/h3>\n<h4>Kennziffer: SasT-2405-1<br \/>\nDatum: 15.05.2024<\/h4>\n<p>IHRE AUFGABEN<\/p>\n<ul>\n<li>Sie planen, projektieren und implementieren Automatisierungssysteme unserer regionalen und nationalen Kunden<\/li>\n<li>Sie projektieren Schnittstellen zu Fremdsystemen und Robotersteuerungen<\/li>\n<li>Sie erstellen die Softwaredokumentation<\/li>\n<li>Sie entwickeln neue Automatisierungskonzepte und entwickeln bestehende weiter<\/li>\n<li>Sie sind intern wie extren Ansprechpartner bei technischen Fragen<\/li>\n<\/ul>\n<p>IHR FACHLICHES PROFIL<\/p>\n<ul>\n<li>Abgeschlossenes Hochschulstudum (Bachelor\/Master\/Diplom) der Elektrotechnik oder Ausbildung zum Techniker, mit dem Schwerpunkt Automatisierungstechnik<\/li>\n<li>Erfahrung im Bereich TIA-Portal, S7 oder vergleichbare Systeme<\/li>\n<li>M\u00f6glichst Erfahrung im Umgang mit EPLAN Electric P8<\/li>\n<li>Sichererer Umgang mit Office 365 (Teams, Sharepoint, Word, etc.)<\/li>\n<li>Vorteilhaft sind Erfahrungen im Umgang mit MCAD-Systemen, wie z.B. Autodesk Inventor oder PTC Creo<\/li>\n<\/ul>\n<p>NEBEN IHRER FACHLICHEN QUALIFIKATION VERF\u00dcGEN SIE \u00dcBER<\/p>\n<ul>\n<li>Hohe Eigenmotivation und Bereitschaft, sich in komplexe Aufgabenstellungen selbst\u00e4ndig einzuarbeiten<\/li>\n<li>Gute Team- und Kommunikationsf\u00e4higkeit<\/li>\n<li>Strukturierte, verantwortungsvolle und kundenorientierte Arbeitsweise<\/li>\n<li>Gute Deutsch- und Englischkenntnisse in Wort und Schrift<\/li>\n<li>Bereitschaft zu Dienstreisen zu unseren Kunden im meist deutschsprachigen Raum<\/li>\n<\/ul>\n<\/div><\/section><\/div>\n\n","protected":false},"excerpt":{"rendered":"","protected":false},"author":2,"featured_media":0,"parent":734,"menu_order":1,"comment_status":"closed","ping_status":"closed","template":"","meta":{"footnotes":""},"yoast_head":"<!-- This site is optimized with the Yoast SEO plugin v22.1 - https:\/\/yoast.com\/wordpress\/plugins\/seo\/ -->\n<title>Stellenangebote : Nagl &amp; Vetter GmbH<\/title>\n<meta name=\"robots\" content=\"index, follow, max-snippet:-1, max-image-preview:large, max-video-preview:-1\" \/>\n<link rel=\"canonical\" href=\"https:\/\/nagl-vetter.de\/de\/startseite\/stellenangebote\/\" \/>\n<meta property=\"og:locale\" content=\"de_DE\" \/>\n<meta property=\"og:type\" content=\"article\" \/>\n<meta property=\"og:title\" content=\"Stellenangebote : Nagl &amp; Vetter GmbH\" \/>\n<meta property=\"og:url\" content=\"https:\/\/nagl-vetter.de\/de\/startseite\/stellenangebote\/\" \/>\n<meta property=\"og:site_name\" content=\"Nagl &amp; Vetter GmbH\" \/>\n<meta property=\"article:modified_time\" content=\"2025-02-12T12:53:02+00:00\" \/>\n<meta name=\"twitter:card\" content=\"summary_large_image\" \/>\n<meta name=\"twitter:label1\" content=\"Gesch\u00e4tzte Lesezeit\" \/>\n\t<meta name=\"twitter:data1\" content=\"3\u00a0Minuten\" \/>\n<script type=\"application\/ld+json\" class=\"yoast-schema-graph\">{\"@context\":\"https:\/\/schema.org\",\"@graph\":[{\"@type\":\"WebPage\",\"@id\":\"https:\/\/nagl-vetter.de\/de\/startseite\/stellenangebote\/\",\"url\":\"https:\/\/nagl-vetter.de\/de\/startseite\/stellenangebote\/\",\"name\":\"Stellenangebote : Nagl &amp; Vetter GmbH\",\"isPartOf\":{\"@id\":\"https:\/\/nagl-vetter.de\/de\/#website\"},\"datePublished\":\"2020-02-02T22:35:55+00:00\",\"dateModified\":\"2025-02-12T12:53:02+00:00\",\"breadcrumb\":{\"@id\":\"https:\/\/nagl-vetter.de\/de\/startseite\/stellenangebote\/#breadcrumb\"},\"inLanguage\":\"de\",\"potentialAction\":[{\"@type\":\"ReadAction\",\"target\":[\"https:\/\/nagl-vetter.de\/de\/startseite\/stellenangebote\/\"]}]},{\"@type\":\"BreadcrumbList\",\"@id\":\"https:\/\/nagl-vetter.de\/de\/startseite\/stellenangebote\/#breadcrumb\",\"itemListElement\":[{\"@type\":\"ListItem\",\"position\":1,\"name\":\"Startseite\",\"item\":\"https:\/\/nagl-vetter.de\/de\/startseite\/\"},{\"@type\":\"ListItem\",\"position\":2,\"name\":\"Unser Leistungsspektrum\",\"item\":\"https:\/\/nagl-vetter.de\/de\/startseite\/\"},{\"@type\":\"ListItem\",\"position\":3,\"name\":\"Stellenangebote\"}]},{\"@type\":\"WebSite\",\"@id\":\"https:\/\/nagl-vetter.de\/de\/#website\",\"url\":\"https:\/\/nagl-vetter.de\/de\/\",\"name\":\"Nagl & Vetter GmbH\",\"description\":\"Automatisierung, Forschung &amp; Entwicklung, Industrie\",\"publisher\":{\"@id\":\"https:\/\/nagl-vetter.de\/de\/#organization\"},\"potentialAction\":[{\"@type\":\"SearchAction\",\"target\":{\"@type\":\"EntryPoint\",\"urlTemplate\":\"https:\/\/nagl-vetter.de\/de\/?s={search_term_string}\"},\"query-input\":\"required name=search_term_string\"}],\"inLanguage\":\"de\"},{\"@type\":\"Organization\",\"@id\":\"https:\/\/nagl-vetter.de\/de\/#organization\",\"name\":\"Nagl & Vetter GmbH\",\"url\":\"https:\/\/nagl-vetter.de\/de\/\",\"logo\":{\"@type\":\"ImageObject\",\"inLanguage\":\"de\",\"@id\":\"https:\/\/nagl-vetter.de\/de\/#\/schema\/logo\/image\/\",\"url\":\"https:\/\/nagl-vetter.de\/wp-content\/uploads\/2019\/12\/nv-logo-web-1.png\",\"contentUrl\":\"https:\/\/nagl-vetter.de\/wp-content\/uploads\/2019\/12\/nv-logo-web-1.png\",\"width\":340,\"height\":156,\"caption\":\"Nagl & Vetter GmbH\"},\"image\":{\"@id\":\"https:\/\/nagl-vetter.de\/de\/#\/schema\/logo\/image\/\"},\"sameAs\":[\"https:\/\/www.linkedin.com\/company\/nagl-vetter\/\"]}]}<\/script>\n<!-- \/ Yoast SEO plugin. -->","yoast_head_json":{"title":"Stellenangebote : Nagl &amp; Vetter GmbH","robots":{"index":"index","follow":"follow","max-snippet":"max-snippet:-1","max-image-preview":"max-image-preview:large","max-video-preview":"max-video-preview:-1"},"canonical":"https:\/\/nagl-vetter.de\/de\/startseite\/stellenangebote\/","og_locale":"de_DE","og_type":"article","og_title":"Stellenangebote : Nagl &amp; Vetter GmbH","og_url":"https:\/\/nagl-vetter.de\/de\/startseite\/stellenangebote\/","og_site_name":"Nagl &amp; Vetter GmbH","article_modified_time":"2025-02-12T12:53:02+00:00","twitter_card":"summary_large_image","twitter_misc":{"Gesch\u00e4tzte Lesezeit":"3\u00a0Minuten"},"schema":{"@context":"https:\/\/schema.org","@graph":[{"@type":"WebPage","@id":"https:\/\/nagl-vetter.de\/de\/startseite\/stellenangebote\/","url":"https:\/\/nagl-vetter.de\/de\/startseite\/stellenangebote\/","name":"Stellenangebote : Nagl &amp; Vetter GmbH","isPartOf":{"@id":"https:\/\/nagl-vetter.de\/de\/#website"},"datePublished":"2020-02-02T22:35:55+00:00","dateModified":"2025-02-12T12:53:02+00:00","breadcrumb":{"@id":"https:\/\/nagl-vetter.de\/de\/startseite\/stellenangebote\/#breadcrumb"},"inLanguage":"de","potentialAction":[{"@type":"ReadAction","target":["https:\/\/nagl-vetter.de\/de\/startseite\/stellenangebote\/"]}]},{"@type":"BreadcrumbList","@id":"https:\/\/nagl-vetter.de\/de\/startseite\/stellenangebote\/#breadcrumb","itemListElement":[{"@type":"ListItem","position":1,"name":"Startseite","item":"https:\/\/nagl-vetter.de\/de\/startseite\/"},{"@type":"ListItem","position":2,"name":"Unser Leistungsspektrum","item":"https:\/\/nagl-vetter.de\/de\/startseite\/"},{"@type":"ListItem","position":3,"name":"Stellenangebote"}]},{"@type":"WebSite","@id":"https:\/\/nagl-vetter.de\/de\/#website","url":"https:\/\/nagl-vetter.de\/de\/","name":"Nagl & Vetter GmbH","description":"Automatisierung, Forschung &amp; Entwicklung, Industrie","publisher":{"@id":"https:\/\/nagl-vetter.de\/de\/#organization"},"potentialAction":[{"@type":"SearchAction","target":{"@type":"EntryPoint","urlTemplate":"https:\/\/nagl-vetter.de\/de\/?s={search_term_string}"},"query-input":"required name=search_term_string"}],"inLanguage":"de"},{"@type":"Organization","@id":"https:\/\/nagl-vetter.de\/de\/#organization","name":"Nagl & Vetter GmbH","url":"https:\/\/nagl-vetter.de\/de\/","logo":{"@type":"ImageObject","inLanguage":"de","@id":"https:\/\/nagl-vetter.de\/de\/#\/schema\/logo\/image\/","url":"https:\/\/nagl-vetter.de\/wp-content\/uploads\/2019\/12\/nv-logo-web-1.png","contentUrl":"https:\/\/nagl-vetter.de\/wp-content\/uploads\/2019\/12\/nv-logo-web-1.png","width":340,"height":156,"caption":"Nagl & Vetter GmbH"},"image":{"@id":"https:\/\/nagl-vetter.de\/de\/#\/schema\/logo\/image\/"},"sameAs":["https:\/\/www.linkedin.com\/company\/nagl-vetter\/"]}]}},"_links":{"self":[{"href":"https:\/\/nagl-vetter.de\/de\/wp-json\/wp\/v2\/pages\/3653"}],"collection":[{"href":"https:\/\/nagl-vetter.de\/de\/wp-json\/wp\/v2\/pages"}],"about":[{"href":"https:\/\/nagl-vetter.de\/de\/wp-json\/wp\/v2\/types\/page"}],"author":[{"embeddable":true,"href":"https:\/\/nagl-vetter.de\/de\/wp-json\/wp\/v2\/users\/2"}],"replies":[{"embeddable":true,"href":"https:\/\/nagl-vetter.de\/de\/wp-json\/wp\/v2\/comments?post=3653"}],"version-history":[{"count":43,"href":"https:\/\/nagl-vetter.de\/de\/wp-json\/wp\/v2\/pages\/3653\/revisions"}],"predecessor-version":[{"id":6070,"href":"https:\/\/nagl-vetter.de\/de\/wp-json\/wp\/v2\/pages\/3653\/revisions\/6070"}],"up":[{"embeddable":true,"href":"https:\/\/nagl-vetter.de\/de\/wp-json\/wp\/v2\/pages\/734"}],"wp:attachment":[{"href":"https:\/\/nagl-vetter.de\/de\/wp-json\/wp\/v2\/media?parent=3653"}],"curies":[{"name":"wp","href":"https:\/\/api.w.org\/{rel}","templated":true}]}}