{"id":4111,"date":"2020-06-15T15:41:16","date_gmt":"2020-06-15T13:41:16","guid":{"rendered":"https:\/\/nagl-vetter.de\/?page_id=4111"},"modified":"2021-04-22T18:30:07","modified_gmt":"2021-04-22T16:30:07","slug":"pick-place-stanzteilspender","status":"publish","type":"page","link":"https:\/\/nagl-vetter.de\/de\/produkte\/pick-place-stanzteilspender\/","title":{"rendered":"Pick &#038; Place Stanzteilspender"},"content":{"rendered":"<div id='full_slider_1'  class='avia-fullwidth-slider main_color avia-shadow   avia-builder-el-0  el_before_av_heading  avia-builder-el-first   container_wrap sidebar_right'  ><div  class='avia-slideshow av-kdxdtl57-9619e917c33453b657f6f9b1fa8a3226 avia-slideshow-no scaling av_slideshow_full avia-slide-slider av-slideshow-ui av-control-hidden av-no-slider-navigation av-hide-nav-arrows av-slideshow-manual av-loop-once av-loop-manual-endless   avia-slideshow-1' data-slideshow-options=\"{&quot;animation&quot;:&quot;slide&quot;,&quot;autoplay&quot;:false,&quot;loop_autoplay&quot;:&quot;once&quot;,&quot;interval&quot;:5,&quot;loop_manual&quot;:&quot;manual-endless&quot;,&quot;autoplay_stopper&quot;:false,&quot;noNavigation&quot;:true,&quot;bg_slider&quot;:false,&quot;keep_padding&quot;:false,&quot;hoverpause&quot;:false,&quot;show_slide_delay&quot;:0}\"  itemprop=\"image\" itemscope=\"itemscope\" itemtype=\"https:\/\/schema.org\/ImageObject\" ><ul class='avia-slideshow-inner ' ><li  data-controls='aviaTBaviaTBvideo_controls' data-mute='aviaTBaviaTBvideo_mute' data-loop='aviaTBaviaTBvideo_loop' data-disable-autoplay=''  data-mobile-img='https:\/\/nagl-vetter.de\/wp-content\/uploads\/2021\/04\/PP-DCD-snap.jpg' data-fallback-link='https:\/\/' data-video-ratio='1.7777777777778' class='avia-slideshow-slide av-kdxdtl57-9619e917c33453b657f6f9b1fa8a3226__0  av-video-slide  av-video-service-html5  av-hide-video-controls av-mute-video av-loop-video av-mobile-fallback-image  av-single-slide slide-1 slide-odd'><div data-rel='slideshow-1' class='avia-slide-wrap ' style='background-image:url(\"https:\/\/nagl-vetter.de\/wp-content\/uploads\/2021\/04\/PP-DCD-snap.jpg\");'   itemprop=\"video\" itemtype=\"https:\/\/schema.org\/VideoObject\" ><div class='av-click-overlay'><\/div><video class='avia_video' poster=\"https:\/\/nagl-vetter.de\/wp-content\/uploads\/2021\/04\/PP-DCD-snap.jpg\" autoplay playsinline loop preload=\"metadata\" muted  id='player_4111_1338914253_1807690295'><source src=\"https:\/\/nagl-vetter.de\/wp-content\/uploads\/2021\/04\/PP-DCD-web.mp4\" type=\"video\/mp4\" \/><\/video><div class=\"av-click-to-play-overlay\"><div class=\"avia_playpause_icon\"><\/div><\/div><\/div><\/li><\/ul><\/div><\/div><div id='after_full_slider_1'  class='main_color av_default_container_wrap container_wrap sidebar_right'  ><div class='container av-section-cont-open' ><div class='template-page content  av-content-small alpha units'><div class='post-entry post-entry-type-page post-entry-4111'><div class='entry-content-wrapper clearfix'>\n\n<style type=\"text\/css\" data-created_by=\"avia_inline_auto\" id=\"style-css-av-av_heading-42d6378635b67c7cbae336b1607a1e4c\">\n#top .av-special-heading.av-av_heading-42d6378635b67c7cbae336b1607a1e4c{\npadding-bottom:10px;\n}\nbody .av-special-heading.av-av_heading-42d6378635b67c7cbae336b1607a1e4c .av-special-heading-tag .heading-char{\nfont-size:25px;\n}\n.av-special-heading.av-av_heading-42d6378635b67c7cbae336b1607a1e4c .av-subheading{\nfont-size:15px;\n}\n<\/style>\n<div  class='av-special-heading av-av_heading-42d6378635b67c7cbae336b1607a1e4c av-special-heading-h3  avia-builder-el-1  el_after_av_slideshow_full  el_before_av_one_half  avia-builder-el-first '><h3 class='av-special-heading-tag'  itemprop=\"headline\"  >Stanzteilspender f\u00fcr Pick <span class='special_amp'>&amp;<\/span> Place-Anwendungen<\/h3><div class=\"special-heading-border\"><div class=\"special-heading-inner-border\"><\/div><\/div><\/div>\n\n<style type=\"text\/css\" data-created_by=\"avia_inline_auto\" id=\"style-css-av-r6b7z-6e5d1551731607ba13b0b06ab3a46ccf\">\n.flex_column.av-r6b7z-6e5d1551731607ba13b0b06ab3a46ccf{\nborder-radius:0px 0px 0px 0px;\npadding:0px 0px 0px 0px;\n}\n<\/style>\n<div  class='flex_column av-r6b7z-6e5d1551731607ba13b0b06ab3a46ccf av_one_half  avia-builder-el-2  el_after_av_heading  el_before_av_one_half  first flex_column_div av-zero-column-padding  '     ><section  class='av_textblock_section av-5d6ltr-730e31962d4bd96de70a54b6d9eb3781 '   itemscope=\"itemscope\" itemtype=\"https:\/\/schema.org\/CreativeWork\" ><div class='avia_textblock'  itemprop=\"text\" ><p>Stanzteilspender unserer P&amp;P-DCD-Familie sind eine zuverl\u00e4ssige und wirtschaftliche L\u00f6sung, um Pick &amp; Place-Greifer, z.B. von Robotern, mit Stanzteilen zu versorgen. Hierdurch k\u00f6nnen selbstklebende Stanzteile schnell, prozesssicher und pr\u00e4zise appliziert werden.<\/p>\n<p>Anwendung finden die Ger\u00e4te beispielsweise beim Lochverschluss von Autokarosserien (Hole Covering), der pr\u00e4zisen Anbringung von selbstklebenden Stanzteilen f\u00fcr Displayverklebungen und der Verklebung von Akkumulatoren.<\/p>\n<\/div><\/section><\/div>\n\n<style type=\"text\/css\" data-created_by=\"avia_inline_auto\" id=\"style-css-av-4eh19b-d039df10d32a4ec1f9b424c7d66429a0\">\n.flex_column.av-4eh19b-d039df10d32a4ec1f9b424c7d66429a0{\nborder-radius:0px 0px 0px 0px;\npadding:0px 0px 0px 0px;\n}\n<\/style>\n<div  class='flex_column av-4eh19b-d039df10d32a4ec1f9b424c7d66429a0 av_one_half  avia-builder-el-4  el_after_av_one_half  el_before_av_one_full  flex_column_div av-zero-column-padding  '     ><section  class='av_textblock_section av-1ukkbj-468d4cf3085ae2d2d01972b9f85353a9 '   itemscope=\"itemscope\" itemtype=\"https:\/\/schema.org\/CreativeWork\" ><div class='avia_textblock'  itemprop=\"text\" ><p>Oben sehen Sie als Beispiel das Modell <em>P&amp;P-DCD \/ 96mm<\/em>.<\/p>\n<p>Zahlreiche verf\u00fcgbare Optionen adressieren besondere Anforderungen und erweitern den Einsatzbereich der Ger\u00e4te. So ist es insbesondere m\u00f6glich sie extrem platzsparend in Sicherheitsz\u00e4une von Roboterzellen oder in Feldbussysteme zu integrieren und so Echtzeit-Verbrauchs- und Prozessdaten f\u00fcr die \u00fcbergeordnete Prozess\u00fcberwachung bereitzustellen.<\/p>\n<p>F\u00fcr einen \u00dcberblick \u00fcber Eigenschaften und Optionen der P&amp;P-DCD-Serie, k\u00f6nnen Sie unsere <a href=\"https:\/\/nagl-vetter.de\/wp-content\/uploads\/2020\/08\/AB_PP-DCD-96mm_de.pdf\" target=\"_blank\" rel=\"noopener noreferrer\">Brosch\u00fcre<\/a> herunterladen.<\/p>\n<\/div><\/section><\/div>\n\n<style type=\"text\/css\" data-created_by=\"avia_inline_auto\" id=\"style-css-av-2qdyvz-aa462a5499924aca4ccafd7d9ade34a0\">\n.flex_column.av-2qdyvz-aa462a5499924aca4ccafd7d9ade34a0{\nborder-radius:0px 0px 0px 0px;\npadding:0px 0px 0px 0px;\n}\n<\/style>\n<div  class='flex_column av-2qdyvz-aa462a5499924aca4ccafd7d9ade34a0 av_one_full  avia-builder-el-6  el_after_av_one_half  el_before_av_one_full  first flex_column_div av-zero-column-padding  column-top-margin'     ><div  class='avia-button-wrap av-kdxirm43-7990b087c2404c774081d21da31304eb-wrap avia-button-center  avia-builder-el-7  avia-builder-el-no-sibling '><a href='https:\/\/nagl-vetter.de\/wp-content\/uploads\/2020\/08\/AB_PP-DCD-96mm_de.pdf' class='avia-button av-kdxirm43-7990b087c2404c774081d21da31304eb avia-icon_select-yes-left-icon avia-size-small avia-position-center avia-color-theme-color' target=\"_blank\" rel=\"noopener noreferrer\"><span class='avia_button_icon avia_button_icon_left' aria-hidden='true' data-av_icon='\ue82d' data-av_iconfont='entypo-fontello'><\/span><span class='avia_iconbox_title' >P&amp;P-DCD Brosch\u00fcre herunterladen<\/span><\/a><\/div><\/div>\n\n<style type=\"text\/css\" data-created_by=\"avia_inline_auto\" id=\"style-css-av-1ua9y7-b9e2e3cfd0c6e06e5f573eb2496c8100\">\n.flex_column.av-1ua9y7-b9e2e3cfd0c6e06e5f573eb2496c8100{\nborder-radius:0px 0px 0px 0px;\npadding:0px 0px 0px 0px;\n}\n<\/style>\n<div  class='flex_column av-1ua9y7-b9e2e3cfd0c6e06e5f573eb2496c8100 av_one_full  avia-builder-el-8  el_after_av_one_full  avia-builder-el-last  first flex_column_div av-zero-column-padding  column-top-margin'     ><style type=\"text\/css\" data-created_by=\"avia_inline_auto\" id=\"style-css-av-kevq33pd-dae2256cf53c9d9f22313877a1fa81e0\">\n#top .avia-gallery.av-kevq33pd-dae2256cf53c9d9f22313877a1fa81e0 .avia-gallery-thumb a{\nwidth:25%;\n}\n<\/style>\n<div  class='avia-gallery av-kevq33pd-dae2256cf53c9d9f22313877a1fa81e0 avia_animate_when_visible  avia-builder-el-9  avia-builder-el-no-sibling  avia_lazyload avia-gallery-animate avia-gallery-1'  itemprop=\"image\" itemscope=\"itemscope\" itemtype=\"https:\/\/schema.org\/ImageObject\" ><meta itemprop=\"contentURL\" content=\"https:\/\/nagl-vetter.de\/de\/produkte\/pick-place-stanzteilspender\/\"><div class='avia-gallery-thumb'><a href=\"https:\/\/nagl-vetter.de\/wp-content\/uploads\/2021\/04\/pp-dcd-1030x968.jpg\" data-srcset=\"https:\/\/nagl-vetter.de\/wp-content\/uploads\/2021\/04\/pp-dcd-1030x968.jpg 1030w, https:\/\/nagl-vetter.de\/wp-content\/uploads\/2021\/04\/pp-dcd-300x282.jpg 300w, https:\/\/nagl-vetter.de\/wp-content\/uploads\/2021\/04\/pp-dcd-768x722.jpg 768w, https:\/\/nagl-vetter.de\/wp-content\/uploads\/2021\/04\/pp-dcd-705x663.jpg 705w, https:\/\/nagl-vetter.de\/wp-content\/uploads\/2021\/04\/pp-dcd.jpg 1280w\" data-sizes=\"(max-width: 1030px) 100vw, 1030px\" data-rel='gallery-1' data-prev-img='https:\/\/nagl-vetter.de\/wp-content\/uploads\/2021\/04\/pp-dcd-495x400.jpg' class='first_thumb lightbox ' data-onclick='1' title='Stanzteilspender P&amp;P-DCD \/ 100mm'  itemprop=\"thumbnailUrl\"  ><img decoding=\"async\" fetchpriority=\"high\" class=\"wp-image-5744 avia-img-lazy-loading-not-5744\"   src=\"https:\/\/nagl-vetter.de\/wp-content\/uploads\/2021\/04\/pp-dcd-845x684.jpg\" width=\"845\" height=\"684\"  title='Stanzteilspender P&amp;P-DCD \/ 100mm' alt='' srcset=\"https:\/\/nagl-vetter.de\/wp-content\/uploads\/2021\/04\/pp-dcd-845x684.jpg 845w, https:\/\/nagl-vetter.de\/wp-content\/uploads\/2021\/04\/pp-dcd-495x400.jpg 495w\" sizes=\"(max-width: 845px) 100vw, 845px\" \/><div class='big-prev-fake'><img decoding=\"async\" loading=\"lazy\" class=\"wp-image-5744 avia-img-lazy-loading-5744\"  width=\"495\" height=\"400\" src=\"https:\/\/nagl-vetter.de\/wp-content\/uploads\/2021\/04\/pp-dcd-495x400.jpg\" title='Stanzteilspender P&amp;P-DCD \/ 100mm' alt='' srcset=\"https:\/\/nagl-vetter.de\/wp-content\/uploads\/2021\/04\/pp-dcd-495x400.jpg 495w, https:\/\/nagl-vetter.de\/wp-content\/uploads\/2021\/04\/pp-dcd-845x684.jpg 845w\" sizes=\"(max-width: 495px) 100vw, 495px\" \/><\/div><\/a><a href=\"https:\/\/nagl-vetter.de\/wp-content\/uploads\/2020\/08\/pp-dcd1-1030x838.jpg\" data-srcset=\"https:\/\/nagl-vetter.de\/wp-content\/uploads\/2020\/08\/pp-dcd1-1030x838.jpg 1030w, https:\/\/nagl-vetter.de\/wp-content\/uploads\/2020\/08\/pp-dcd1-300x244.jpg 300w, https:\/\/nagl-vetter.de\/wp-content\/uploads\/2020\/08\/pp-dcd1-768x625.jpg 768w, https:\/\/nagl-vetter.de\/wp-content\/uploads\/2020\/08\/pp-dcd1-705x574.jpg 705w, https:\/\/nagl-vetter.de\/wp-content\/uploads\/2020\/08\/pp-dcd1.jpg 1280w\" data-sizes=\"(max-width: 1030px) 100vw, 1030px\" data-rel='gallery-1' data-prev-img='https:\/\/nagl-vetter.de\/wp-content\/uploads\/2020\/08\/pp-dcd1-495x400.jpg' class='lightbox ' data-onclick='2' title='P&amp;P-DCD \/ 96mm entfernt Tr\u00e4gerpapier'  itemprop=\"thumbnailUrl\"  ><img decoding=\"async\" fetchpriority=\"high\" class=\"wp-image-4554 avia-img-lazy-loading-not-4554\"   src=\"https:\/\/nagl-vetter.de\/wp-content\/uploads\/2020\/08\/pp-dcd1-845x684.jpg\" width=\"845\" height=\"684\"  title='P&amp;P-DCD \/ 96mm entfernt Tr\u00e4gerpapier' alt='P&amp;P-DCD \/ 96mm entfernt Tr\u00e4gerpapier' srcset=\"https:\/\/nagl-vetter.de\/wp-content\/uploads\/2020\/08\/pp-dcd1-845x684.jpg 845w, https:\/\/nagl-vetter.de\/wp-content\/uploads\/2020\/08\/pp-dcd1-300x244.jpg 300w, https:\/\/nagl-vetter.de\/wp-content\/uploads\/2020\/08\/pp-dcd1-495x400.jpg 495w\" sizes=\"(max-width: 845px) 100vw, 845px\" \/><div class='big-prev-fake'><img decoding=\"async\" loading=\"lazy\" class=\"wp-image-4554 avia-img-lazy-loading-4554\"  width=\"495\" height=\"400\" src=\"https:\/\/nagl-vetter.de\/wp-content\/uploads\/2020\/08\/pp-dcd1-495x400.jpg\" title='P&amp;P-DCD \/ 96mm entfernt Tr\u00e4gerpapier' alt='P&amp;P-DCD \/ 96mm entfernt Tr\u00e4gerpapier' srcset=\"https:\/\/nagl-vetter.de\/wp-content\/uploads\/2020\/08\/pp-dcd1-495x400.jpg 495w, https:\/\/nagl-vetter.de\/wp-content\/uploads\/2020\/08\/pp-dcd1-845x684.jpg 845w\" sizes=\"(max-width: 495px) 100vw, 495px\" \/><\/div><\/a><a href=\"https:\/\/nagl-vetter.de\/wp-content\/uploads\/2021\/04\/pp-dcd2-1-1030x686.jpg\" data-srcset=\"https:\/\/nagl-vetter.de\/wp-content\/uploads\/2021\/04\/pp-dcd2-1-1030x686.jpg 1030w, https:\/\/nagl-vetter.de\/wp-content\/uploads\/2021\/04\/pp-dcd2-1-300x200.jpg 300w, https:\/\/nagl-vetter.de\/wp-content\/uploads\/2021\/04\/pp-dcd2-1-768x512.jpg 768w, https:\/\/nagl-vetter.de\/wp-content\/uploads\/2021\/04\/pp-dcd2-1-705x470.jpg 705w, https:\/\/nagl-vetter.de\/wp-content\/uploads\/2021\/04\/pp-dcd2-1.jpg 1280w\" data-sizes=\"(max-width: 1030px) 100vw, 1030px\" data-rel='gallery-1' data-prev-img='https:\/\/nagl-vetter.de\/wp-content\/uploads\/2021\/04\/pp-dcd2-1-495x400.jpg' class='lightbox ' data-onclick='3' title='P&amp;P-DCD \/ 96mm Spenderkante'  itemprop=\"thumbnailUrl\"  ><img decoding=\"async\" fetchpriority=\"high\" class=\"wp-image-5749 avia-img-lazy-loading-not-5749\"   src=\"https:\/\/nagl-vetter.de\/wp-content\/uploads\/2021\/04\/pp-dcd2-1-845x684.jpg\" width=\"845\" height=\"684\"  title='P&amp;P-DCD \/ 96mm Spenderkante' alt='P&amp;P-DCD \/ 96mm Spenderkante' srcset=\"https:\/\/nagl-vetter.de\/wp-content\/uploads\/2021\/04\/pp-dcd2-1-845x684.jpg 845w, https:\/\/nagl-vetter.de\/wp-content\/uploads\/2021\/04\/pp-dcd2-1-495x400.jpg 495w\" sizes=\"(max-width: 845px) 100vw, 845px\" \/><div class='big-prev-fake'><img decoding=\"async\" loading=\"lazy\" class=\"wp-image-5749 avia-img-lazy-loading-5749\"  width=\"495\" height=\"400\" src=\"https:\/\/nagl-vetter.de\/wp-content\/uploads\/2021\/04\/pp-dcd2-1-495x400.jpg\" title='P&amp;P-DCD \/ 96mm Spenderkante' alt='P&amp;P-DCD \/ 96mm Spenderkante' srcset=\"https:\/\/nagl-vetter.de\/wp-content\/uploads\/2021\/04\/pp-dcd2-1-495x400.jpg 495w, https:\/\/nagl-vetter.de\/wp-content\/uploads\/2021\/04\/pp-dcd2-1-845x684.jpg 845w\" sizes=\"(max-width: 495px) 100vw, 495px\" \/><\/div><\/a><a href=\"https:\/\/nagl-vetter.de\/wp-content\/uploads\/2021\/04\/pp-dcd3-1030x783.jpg\" data-srcset=\"https:\/\/nagl-vetter.de\/wp-content\/uploads\/2021\/04\/pp-dcd3-1030x783.jpg 1030w, https:\/\/nagl-vetter.de\/wp-content\/uploads\/2021\/04\/pp-dcd3-300x228.jpg 300w, https:\/\/nagl-vetter.de\/wp-content\/uploads\/2021\/04\/pp-dcd3-768x584.jpg 768w, https:\/\/nagl-vetter.de\/wp-content\/uploads\/2021\/04\/pp-dcd3-705x536.jpg 705w, https:\/\/nagl-vetter.de\/wp-content\/uploads\/2021\/04\/pp-dcd3.jpg 1280w\" data-sizes=\"(max-width: 1030px) 100vw, 1030px\" data-rel='gallery-1' data-prev-img='https:\/\/nagl-vetter.de\/wp-content\/uploads\/2021\/04\/pp-dcd3-495x400.jpg' class='lightbox ' data-onclick='4' title='Stanzteilspender P&amp;P-DCD \/ 100mm'  itemprop=\"thumbnailUrl\"  ><img decoding=\"async\" fetchpriority=\"high\" class=\"wp-image-5742 avia-img-lazy-loading-not-5742\"   src=\"https:\/\/nagl-vetter.de\/wp-content\/uploads\/2021\/04\/pp-dcd3-845x684.jpg\" width=\"845\" height=\"684\"  title='Stanzteilspender P&amp;P-DCD \/ 100mm' alt='' srcset=\"https:\/\/nagl-vetter.de\/wp-content\/uploads\/2021\/04\/pp-dcd3-845x684.jpg 845w, https:\/\/nagl-vetter.de\/wp-content\/uploads\/2021\/04\/pp-dcd3-495x400.jpg 495w\" sizes=\"(max-width: 845px) 100vw, 845px\" \/><div class='big-prev-fake'><img decoding=\"async\" loading=\"lazy\" class=\"wp-image-5742 avia-img-lazy-loading-5742\"  width=\"495\" height=\"400\" src=\"https:\/\/nagl-vetter.de\/wp-content\/uploads\/2021\/04\/pp-dcd3-495x400.jpg\" title='Stanzteilspender P&amp;P-DCD \/ 100mm' alt='' srcset=\"https:\/\/nagl-vetter.de\/wp-content\/uploads\/2021\/04\/pp-dcd3-495x400.jpg 495w, https:\/\/nagl-vetter.de\/wp-content\/uploads\/2021\/04\/pp-dcd3-845x684.jpg 845w\" sizes=\"(max-width: 495px) 100vw, 495px\" \/><\/div><\/a><\/div><\/div><\/div>\n","protected":false},"excerpt":{"rendered":"","protected":false},"author":1,"featured_media":0,"parent":4117,"menu_order":0,"comment_status":"closed","ping_status":"closed","template":"","meta":{"footnotes":""},"yoast_head":"<!-- This site is optimized with the Yoast SEO plugin v22.1 - https:\/\/yoast.com\/wordpress\/plugins\/seo\/ -->\n<title>Pick &amp; Place Stanzteilspender : Nagl &amp; Vetter GmbH<\/title>\n<meta name=\"description\" content=\"Unsere Ger\u00e4te vom Typ P&amp;P-DCD stellen selbstklebende Stanzteile pr\u00e4zise und prozesssicher f\u00fcr Pick &amp; Place Roboter bereit\" \/>\n<meta name=\"robots\" content=\"index, follow, max-snippet:-1, max-image-preview:large, max-video-preview:-1\" \/>\n<link rel=\"canonical\" href=\"https:\/\/nagl-vetter.de\/de\/produkte\/pick-place-stanzteilspender\/\" \/>\n<meta property=\"og:locale\" content=\"de_DE\" \/>\n<meta property=\"og:type\" content=\"article\" \/>\n<meta property=\"og:title\" content=\"Pick &amp; Place Stanzteilspender : Nagl &amp; Vetter GmbH\" \/>\n<meta property=\"og:description\" content=\"Unsere Ger\u00e4te vom Typ P&amp;P-DCD stellen selbstklebende Stanzteile pr\u00e4zise und prozesssicher f\u00fcr Pick &amp; Place Roboter bereit\" \/>\n<meta property=\"og:url\" content=\"https:\/\/nagl-vetter.de\/de\/produkte\/pick-place-stanzteilspender\/\" \/>\n<meta property=\"og:site_name\" content=\"Nagl &amp; Vetter GmbH\" \/>\n<meta property=\"article:modified_time\" content=\"2021-04-22T16:30:07+00:00\" \/>\n<meta name=\"twitter:card\" content=\"summary_large_image\" \/>\n<meta name=\"twitter:label1\" content=\"Gesch\u00e4tzte Lesezeit\" \/>\n\t<meta name=\"twitter:data1\" content=\"6\u00a0Minuten\" \/>\n<script type=\"application\/ld+json\" class=\"yoast-schema-graph\">{\"@context\":\"https:\/\/schema.org\",\"@graph\":[{\"@type\":\"WebPage\",\"@id\":\"https:\/\/nagl-vetter.de\/de\/produkte\/pick-place-stanzteilspender\/\",\"url\":\"https:\/\/nagl-vetter.de\/de\/produkte\/pick-place-stanzteilspender\/\",\"name\":\"Pick & Place Stanzteilspender : Nagl &amp; Vetter GmbH\",\"isPartOf\":{\"@id\":\"https:\/\/nagl-vetter.de\/de\/#website\"},\"datePublished\":\"2020-06-15T13:41:16+00:00\",\"dateModified\":\"2021-04-22T16:30:07+00:00\",\"description\":\"Unsere Ger\u00e4te vom Typ P&P-DCD stellen selbstklebende Stanzteile pr\u00e4zise und prozesssicher f\u00fcr Pick & Place Roboter bereit\",\"breadcrumb\":{\"@id\":\"https:\/\/nagl-vetter.de\/de\/produkte\/pick-place-stanzteilspender\/#breadcrumb\"},\"inLanguage\":\"de\",\"potentialAction\":[{\"@type\":\"ReadAction\",\"target\":[\"https:\/\/nagl-vetter.de\/de\/produkte\/pick-place-stanzteilspender\/\"]}]},{\"@type\":\"BreadcrumbList\",\"@id\":\"https:\/\/nagl-vetter.de\/de\/produkte\/pick-place-stanzteilspender\/#breadcrumb\",\"itemListElement\":[{\"@type\":\"ListItem\",\"position\":1,\"name\":\"Startseite\",\"item\":\"https:\/\/nagl-vetter.de\/de\/startseite\/\"},{\"@type\":\"ListItem\",\"position\":2,\"name\":\"Produkte\",\"item\":\"https:\/\/nagl-vetter.de\/de\/produkte\/\"},{\"@type\":\"ListItem\",\"position\":3,\"name\":\"Pick &#038; Place Stanzteilspender\"}]},{\"@type\":\"WebSite\",\"@id\":\"https:\/\/nagl-vetter.de\/de\/#website\",\"url\":\"https:\/\/nagl-vetter.de\/de\/\",\"name\":\"Nagl & Vetter GmbH\",\"description\":\"Automatisierung, Forschung &amp; Entwicklung, Industrie\",\"publisher\":{\"@id\":\"https:\/\/nagl-vetter.de\/de\/#organization\"},\"potentialAction\":[{\"@type\":\"SearchAction\",\"target\":{\"@type\":\"EntryPoint\",\"urlTemplate\":\"https:\/\/nagl-vetter.de\/de\/?s={search_term_string}\"},\"query-input\":\"required name=search_term_string\"}],\"inLanguage\":\"de\"},{\"@type\":\"Organization\",\"@id\":\"https:\/\/nagl-vetter.de\/de\/#organization\",\"name\":\"Nagl & Vetter GmbH\",\"url\":\"https:\/\/nagl-vetter.de\/de\/\",\"logo\":{\"@type\":\"ImageObject\",\"inLanguage\":\"de\",\"@id\":\"https:\/\/nagl-vetter.de\/de\/#\/schema\/logo\/image\/\",\"url\":\"https:\/\/nagl-vetter.de\/wp-content\/uploads\/2019\/12\/nv-logo-web-1.png\",\"contentUrl\":\"https:\/\/nagl-vetter.de\/wp-content\/uploads\/2019\/12\/nv-logo-web-1.png\",\"width\":340,\"height\":156,\"caption\":\"Nagl & Vetter GmbH\"},\"image\":{\"@id\":\"https:\/\/nagl-vetter.de\/de\/#\/schema\/logo\/image\/\"},\"sameAs\":[\"https:\/\/www.linkedin.com\/company\/nagl-vetter\/\"]}]}<\/script>\n<!-- \/ Yoast SEO plugin. -->","yoast_head_json":{"title":"Pick & Place Stanzteilspender : Nagl &amp; Vetter GmbH","description":"Unsere Ger\u00e4te vom Typ P&P-DCD stellen selbstklebende Stanzteile pr\u00e4zise und prozesssicher f\u00fcr Pick & Place Roboter bereit","robots":{"index":"index","follow":"follow","max-snippet":"max-snippet:-1","max-image-preview":"max-image-preview:large","max-video-preview":"max-video-preview:-1"},"canonical":"https:\/\/nagl-vetter.de\/de\/produkte\/pick-place-stanzteilspender\/","og_locale":"de_DE","og_type":"article","og_title":"Pick & Place Stanzteilspender : Nagl &amp; Vetter GmbH","og_description":"Unsere Ger\u00e4te vom Typ P&P-DCD stellen selbstklebende Stanzteile pr\u00e4zise und prozesssicher f\u00fcr Pick & Place Roboter bereit","og_url":"https:\/\/nagl-vetter.de\/de\/produkte\/pick-place-stanzteilspender\/","og_site_name":"Nagl &amp; Vetter GmbH","article_modified_time":"2021-04-22T16:30:07+00:00","twitter_card":"summary_large_image","twitter_misc":{"Gesch\u00e4tzte Lesezeit":"6\u00a0Minuten"},"schema":{"@context":"https:\/\/schema.org","@graph":[{"@type":"WebPage","@id":"https:\/\/nagl-vetter.de\/de\/produkte\/pick-place-stanzteilspender\/","url":"https:\/\/nagl-vetter.de\/de\/produkte\/pick-place-stanzteilspender\/","name":"Pick & Place Stanzteilspender : Nagl &amp; Vetter GmbH","isPartOf":{"@id":"https:\/\/nagl-vetter.de\/de\/#website"},"datePublished":"2020-06-15T13:41:16+00:00","dateModified":"2021-04-22T16:30:07+00:00","description":"Unsere Ger\u00e4te vom Typ P&P-DCD stellen selbstklebende Stanzteile pr\u00e4zise und prozesssicher f\u00fcr Pick & Place Roboter bereit","breadcrumb":{"@id":"https:\/\/nagl-vetter.de\/de\/produkte\/pick-place-stanzteilspender\/#breadcrumb"},"inLanguage":"de","potentialAction":[{"@type":"ReadAction","target":["https:\/\/nagl-vetter.de\/de\/produkte\/pick-place-stanzteilspender\/"]}]},{"@type":"BreadcrumbList","@id":"https:\/\/nagl-vetter.de\/de\/produkte\/pick-place-stanzteilspender\/#breadcrumb","itemListElement":[{"@type":"ListItem","position":1,"name":"Startseite","item":"https:\/\/nagl-vetter.de\/de\/startseite\/"},{"@type":"ListItem","position":2,"name":"Produkte","item":"https:\/\/nagl-vetter.de\/de\/produkte\/"},{"@type":"ListItem","position":3,"name":"Pick &#038; Place Stanzteilspender"}]},{"@type":"WebSite","@id":"https:\/\/nagl-vetter.de\/de\/#website","url":"https:\/\/nagl-vetter.de\/de\/","name":"Nagl & Vetter GmbH","description":"Automatisierung, Forschung &amp; Entwicklung, Industrie","publisher":{"@id":"https:\/\/nagl-vetter.de\/de\/#organization"},"potentialAction":[{"@type":"SearchAction","target":{"@type":"EntryPoint","urlTemplate":"https:\/\/nagl-vetter.de\/de\/?s={search_term_string}"},"query-input":"required name=search_term_string"}],"inLanguage":"de"},{"@type":"Organization","@id":"https:\/\/nagl-vetter.de\/de\/#organization","name":"Nagl & Vetter GmbH","url":"https:\/\/nagl-vetter.de\/de\/","logo":{"@type":"ImageObject","inLanguage":"de","@id":"https:\/\/nagl-vetter.de\/de\/#\/schema\/logo\/image\/","url":"https:\/\/nagl-vetter.de\/wp-content\/uploads\/2019\/12\/nv-logo-web-1.png","contentUrl":"https:\/\/nagl-vetter.de\/wp-content\/uploads\/2019\/12\/nv-logo-web-1.png","width":340,"height":156,"caption":"Nagl & Vetter GmbH"},"image":{"@id":"https:\/\/nagl-vetter.de\/de\/#\/schema\/logo\/image\/"},"sameAs":["https:\/\/www.linkedin.com\/company\/nagl-vetter\/"]}]}},"_links":{"self":[{"href":"https:\/\/nagl-vetter.de\/de\/wp-json\/wp\/v2\/pages\/4111"}],"collection":[{"href":"https:\/\/nagl-vetter.de\/de\/wp-json\/wp\/v2\/pages"}],"about":[{"href":"https:\/\/nagl-vetter.de\/de\/wp-json\/wp\/v2\/types\/page"}],"author":[{"embeddable":true,"href":"https:\/\/nagl-vetter.de\/de\/wp-json\/wp\/v2\/users\/1"}],"replies":[{"embeddable":true,"href":"https:\/\/nagl-vetter.de\/de\/wp-json\/wp\/v2\/comments?post=4111"}],"version-history":[{"count":20,"href":"https:\/\/nagl-vetter.de\/de\/wp-json\/wp\/v2\/pages\/4111\/revisions"}],"predecessor-version":[{"id":5336,"href":"https:\/\/nagl-vetter.de\/de\/wp-json\/wp\/v2\/pages\/4111\/revisions\/5336"}],"up":[{"embeddable":true,"href":"https:\/\/nagl-vetter.de\/de\/wp-json\/wp\/v2\/pages\/4117"}],"wp:attachment":[{"href":"https:\/\/nagl-vetter.de\/de\/wp-json\/wp\/v2\/media?parent=4111"}],"curies":[{"name":"wp","href":"https:\/\/api.w.org\/{rel}","templated":true}]}}