{"id":4131,"date":"2020-08-08T15:13:26","date_gmt":"2020-08-08T13:13:26","guid":{"rendered":"https:\/\/nagl-vetter.de\/?page_id=4131"},"modified":"2020-12-17T00:15:51","modified_gmt":"2020-12-16T23:15:51","slug":"entwicklung","status":"publish","type":"page","link":"https:\/\/nagl-vetter.de\/de\/entwicklung\/","title":{"rendered":"Forschung &#038; Entwicklung"},"content":{"rendered":"<div id='layer_slider_1'  class='avia-layerslider main_color avia-shadow  avia-builder-el-0  el_before_av_heading  avia-builder-el-first  container_wrap sidebar_right'  style='height: 471px;'  ><\/div><div id='after_layer_slider_1'  class='main_color av_default_container_wrap container_wrap sidebar_right'  ><div class='container av-section-cont-open' ><div class='template-page content  av-content-small alpha units'><div class='post-entry post-entry-type-page post-entry-4131'><div class='entry-content-wrapper clearfix'>\n\n<style type=\"text\/css\" data-created_by=\"avia_inline_auto\" id=\"style-css-av-kis18pdw-1d952740aec16b0d800fd37dd970ad89\">\n#top .av-special-heading.av-kis18pdw-1d952740aec16b0d800fd37dd970ad89{\npadding-bottom:10px;\n}\nbody .av-special-heading.av-kis18pdw-1d952740aec16b0d800fd37dd970ad89 .av-special-heading-tag .heading-char{\nfont-size:25px;\n}\n.av-special-heading.av-kis18pdw-1d952740aec16b0d800fd37dd970ad89 .av-subheading{\nfont-size:15px;\n}\n<\/style>\n<div  class='av-special-heading av-kis18pdw-1d952740aec16b0d800fd37dd970ad89 av-special-heading-h3 meta-heading blockquote modern-quote  avia-builder-el-1  el_after_av_layerslider  el_before_av_one_half  avia-builder-el-first  av-linked-heading'><h3 class='av-special-heading-tag'  itemprop=\"headline\"  >Die Nagl <span class='special_amp'>&amp;<\/span> Vetter GmbH<\/h3><div class=\"special-heading-border\"><div class=\"special-heading-inner-border\"><\/div><\/div><\/div>\n\n<style type=\"text\/css\" data-created_by=\"avia_inline_auto\" id=\"style-css-av-10pn9q-4e55b28f4b634d2fef154afd98e9018d\">\n.flex_column.av-10pn9q-4e55b28f4b634d2fef154afd98e9018d{\nborder-radius:0px 0px 0px 0px;\npadding:0px 0px 0px 0px;\n}\n<\/style>\n<div  class='flex_column av-10pn9q-4e55b28f4b634d2fef154afd98e9018d av_one_half  avia-builder-el-2  el_after_av_heading  el_before_av_one_half  first flex_column_div av-zero-column-padding  '     ><section  class='av_textblock_section av-k4q62ooy-c4144842f5c698deeb0bd2a06ef0c02b '   itemscope=\"itemscope\" itemtype=\"https:\/\/schema.org\/CreativeWork\" ><div class='avia_textblock'  itemprop=\"text\" ><p>steht f\u00fcr anspruchsvolle Entwicklungsdienstleistungen f\u00fcr Kunden aus Industrie und Forschung. Ein Fokus liegt dabei auf forschungs- und entwicklungsintensiven Projekten mit vielseitigen Problemstellungen.<\/p>\n<\/div><\/section><\/div>\n\n<style type=\"text\/css\" data-created_by=\"avia_inline_auto\" id=\"style-css-av-b6u3y-206a92d994aa8271c736f167f02c9cb7\">\n.flex_column.av-b6u3y-206a92d994aa8271c736f167f02c9cb7{\nborder-radius:0px 0px 0px 0px;\npadding:0px 0px 0px 0px;\n}\n<\/style>\n<div  class='flex_column av-b6u3y-206a92d994aa8271c736f167f02c9cb7 av_one_half  avia-builder-el-4  el_after_av_one_half  el_before_av_heading  flex_column_div av-zero-column-padding  '     ><section  class='av_textblock_section av-k4puyz3y-1d2855d5d0e9ee61b5e113ea9dad316b '   itemscope=\"itemscope\" itemtype=\"https:\/\/schema.org\/CreativeWork\" ><div class='avia_textblock'  itemprop=\"text\" ><p>Im Fall von Eigenentwicklungen oder auf Wunsch unserer Kunden w\u00e4hlen wir \u2013\u00a0ggf. schon entwicklungsbegleitend \u2013\u00a0geeignete Produktionspartner aus und koordinieren die Serienproduktion unter unserem eigenen Namen oder im Namen unserer Kunden.<\/p>\n<\/div><\/section><\/div>\n\n<style type=\"text\/css\" data-created_by=\"avia_inline_auto\" id=\"style-css-av-av_heading-e6a7f6a712b45c20d874402d908a6eea\">\n#top .av-special-heading.av-av_heading-e6a7f6a712b45c20d874402d908a6eea{\npadding-bottom:10px;\n}\nbody .av-special-heading.av-av_heading-e6a7f6a712b45c20d874402d908a6eea .av-special-heading-tag .heading-char{\nfont-size:25px;\n}\n.av-special-heading.av-av_heading-e6a7f6a712b45c20d874402d908a6eea .av-subheading{\nfont-size:15px;\n}\n<\/style>\n<div  class='av-special-heading av-av_heading-e6a7f6a712b45c20d874402d908a6eea av-special-heading-h3 meta-heading blockquote modern-quote  avia-builder-el-6  el_after_av_one_half  el_before_av_one_half '><h3 class='av-special-heading-tag'  itemprop=\"headline\"  >Unser Team &#8211; Ihr Erfolg<\/h3><div class=\"special-heading-border\"><div class=\"special-heading-inner-border\"><\/div><\/div><\/div>\n\n<style type=\"text\/css\" data-created_by=\"avia_inline_auto\" id=\"style-css-av-4djlkj-7c2fb5c50dc24b8ede946c8649caf640\">\n.flex_column.av-4djlkj-7c2fb5c50dc24b8ede946c8649caf640{\nborder-radius:0px 0px 0px 0px;\npadding:0px 0px 0px 0px;\n}\n<\/style>\n<div  class='flex_column av-4djlkj-7c2fb5c50dc24b8ede946c8649caf640 av_one_half  avia-builder-el-7  el_after_av_heading  el_before_av_one_half  first flex_column_div av-zero-column-padding  '     ><section  class='av_textblock_section av-kfghjmnh-e0b11ecc4f8f10e28fd674dc60c82e2f '   itemscope=\"itemscope\" itemtype=\"https:\/\/schema.org\/CreativeWork\" ><div class='avia_textblock'  itemprop=\"text\" ><p>Hochqualifizierte Mitarbeiter sind unser Schl\u00fcssel zur L\u00f6sung komplexer Probleme unserer Kunden. Unser Kernteam verf\u00fcgt \u00fcber umfassende Berufserfahrung &#8211; von Ionenbeschleunigern bis zur Femtosekunden-Laserspektroskopie, von der Luft- und Raumfahrttechnik bis zu Marineanwendungen, von KI bis zur Entwicklung parallelisierter Echtzeitanalysesoftware.<\/p>\n<\/div><\/section><\/div>\n\n<style type=\"text\/css\" data-created_by=\"avia_inline_auto\" id=\"style-css-av-3ab4sz-ff3c3760158dae2edd3329b8984cc92d\">\n.flex_column.av-3ab4sz-ff3c3760158dae2edd3329b8984cc92d{\nborder-radius:0px 0px 0px 0px;\npadding:0px 0px 0px 0px;\n}\n<\/style>\n<div  class='flex_column av-3ab4sz-ff3c3760158dae2edd3329b8984cc92d av_one_half  avia-builder-el-9  el_after_av_one_half  el_before_av_timeline  flex_column_div av-zero-column-padding  '     ><section  class='av_textblock_section av-kfghsdcb-40d02461397797064bfd1d5bd39b86b0 '   itemscope=\"itemscope\" itemtype=\"https:\/\/schema.org\/CreativeWork\" ><div class='avia_textblock'  itemprop=\"text\" ><p>Durch unsere Vernetzung mit den Universit\u00e4ten an unserem Standort G\u00f6ttingen rekrutieren wir unsere Mitarbeiter unter den Besten der Absolventen und Alumni. Der vorhandene Erfahrungsschatz erm\u00f6glicht es uns bei Entwicklungsprojekten die Zahl der Iterationen gering zu halten. Hierdurch ergeben sich f\u00fcr unsere Kunden Kosten- und vor allem Zeitvorteile.<\/p>\n<\/div><\/section><\/div>\n\n<style type=\"text\/css\" data-created_by=\"avia_inline_auto\" id=\"style-css-av-k4q5wbdo-2d1c86c416eb2a11a576c436a0a276c0\">\n.avia-timeline-container.av-k4q5wbdo-2d1c86c416eb2a11a576c436a0a276c0 .av-milestone-date{\nfont-size:,;\n}\n<\/style>\n<div  id=\"avia-timeline-1\"  class='avia-timeline-container av-k4q5wbdo-2d1c86c416eb2a11a576c436a0a276c0 av-slideshow-ui  avia-builder-el-11  el_after_av_one_half  avia-builder-el-last ' ><ul class='avia-timeline avia-timeline-vertical av-milestone-placement-alternate avia-timeline- avia_animate_when_almost_visible avia-timeline-animate'>\n<li  class='av-milestone av-gmnhq-0d8aeb0f760d756b32a8e3765a6cc5b7 av-animated-generic fade-in av-milestone-valign-baseline av-milestone-odd'><h2 class='av-milestone-date ' id='milestone-1'><strong>1<span class='av-milestone-indicator'><\/span><\/strong><\/h2><div class=\"av-milestone-icon-wrap\"><span class='av-milestone-icon milestone_icon avia-font-entypo-fontello'><span class='av-milestone-icon-inner milestone_inner'><i class='milestone-char' aria-hidden='true' data-av_icon='\ue8c9' data-av_iconfont='entypo-fontello'><\/i><\/span><\/span><\/div><article class='av-milestone-content-wrap'><div class='av-milestone-contentbox'><header class=\"entry-content-header\"><h4 class='av-milestone-title '>Forschung<\/h4><\/header><div class='av-milestone-content'><p class=\"p1\">Produkt- oder verfahrensgetriebene planm\u00e4\u00dfige Forschung, Lab-Prototyping<\/p>\n<\/div><\/div><footer class='av-milestone-article-footer entry-footer'><\/footer><\/article><\/li>\n<li  class='av-milestone av-89pdy-af6040d4d9ba93c05365bdd148fe7cb6 av-animated-generic fade-in av-milestone-valign-baseline av-milestone-even'><h2 class='av-milestone-date ' id='milestone-2'><strong>2<span class='av-milestone-indicator'><\/span><\/strong><\/h2><article class='av-milestone-content-wrap'><div class='av-milestone-contentbox'><header class=\"entry-content-header\"><h4 class='av-milestone-title '>Entwicklung<\/h4><\/header><div class='av-milestone-content'><p>ECAD, MCAD, Design-to-cost, Finite-Elemente-Simulation, Schaltungssimulation, Prototyping<\/p>\n<\/div><\/div><footer class='av-milestone-article-footer entry-footer'><\/footer><\/article><div class=\"av-milestone-icon-wrap\"><span class='av-milestone-icon milestone_icon avia-font-entypo-fontello'><span class='av-milestone-icon-inner milestone_inner'><i class='milestone-char' aria-hidden='true' data-av_icon='\ue8d1' data-av_iconfont='entypo-fontello'><\/i><\/span><\/span><\/div><h2 class='av-milestone-date ' id='milestone-2'><strong>2<span class='av-milestone-indicator'><\/span><\/strong><\/h2><\/li>\n<li  class='av-milestone av-r1gjq-7381dac4606398397a7f3978af3e9019 av-animated-generic fade-in av-milestone-valign-baseline av-milestone-odd'><h2 class='av-milestone-date ' id='milestone-3'><strong>3<span class='av-milestone-indicator'><\/span><\/strong><\/h2><div class=\"av-milestone-icon-wrap\"><span class='av-milestone-icon milestone_icon avia-font-entypo-fontello'><span class='av-milestone-icon-inner milestone_inner'><i class='milestone-char' aria-hidden='true' data-av_icon='\ue856' data-av_iconfont='entypo-fontello'><\/i><\/span><\/span><\/div><article class='av-milestone-content-wrap'><div class='av-milestone-contentbox'><header class=\"entry-content-header\"><h4 class='av-milestone-title '>Realisierung<\/h4><\/header><div class='av-milestone-content'><p>Montage, Feldtests, Optimierung der Produzierbarkeit<\/p>\n<\/div><\/div><footer class='av-milestone-article-footer entry-footer'><\/footer><\/article><\/li>\n<li  class='av-milestone av-jxi1i-dca890cc660ee634d4dccfbc849afd49 av-animated-generic fade-in av-milestone-valign-baseline av-milestone-even'><h2 class='av-milestone-date ' id='milestone-4'><strong>4<span class='av-milestone-indicator'><\/span><\/strong><\/h2><article class='av-milestone-content-wrap'><div class='av-milestone-contentbox'><header class=\"entry-content-header\"><h4 class='av-milestone-title '>Produktion<\/h4><\/header><div class='av-milestone-content'><p>Auswahl von Lieferanten, Aufsetzen der Qualit\u00e4ts\u00fcberwachung, Einweisen von Montagepersonal, Implementierung von Testsystemen<\/p>\n<\/div><\/div><footer class='av-milestone-article-footer entry-footer'><\/footer><\/article><div class=\"av-milestone-icon-wrap\"><span class='av-milestone-icon milestone_icon avia-font-entypo-fontello'><span class='av-milestone-icon-inner milestone_inner'><i class='milestone-char' aria-hidden='true' data-av_icon='\ue8dd' data-av_iconfont='entypo-fontello'><\/i><\/span><\/span><\/div><h2 class='av-milestone-date ' id='milestone-4'><strong>4<span class='av-milestone-indicator'><\/span><\/strong><\/h2><\/li>\n<\/ul><\/div>\n","protected":false},"excerpt":{"rendered":"","protected":false},"author":1,"featured_media":0,"parent":0,"menu_order":10,"comment_status":"closed","ping_status":"closed","template":"","meta":{"footnotes":""},"yoast_head":"<!-- This site is optimized with the Yoast SEO plugin v22.1 - https:\/\/yoast.com\/wordpress\/plugins\/seo\/ -->\n<title>Forschung &amp; Entwicklung : Nagl &amp; Vetter GmbH<\/title>\n<meta name=\"description\" content=\"Produktentwicklung, Elektronikentwicklung und F&amp;E-Projekte - wir l\u00f6sen Ihre Aufgaben von der Idee bis zur Serie\" \/>\n<meta name=\"robots\" content=\"index, follow, max-snippet:-1, max-image-preview:large, max-video-preview:-1\" \/>\n<link rel=\"canonical\" href=\"https:\/\/nagl-vetter.de\/de\/entwicklung\/\" \/>\n<meta property=\"og:locale\" content=\"de_DE\" \/>\n<meta property=\"og:type\" content=\"article\" \/>\n<meta property=\"og:title\" content=\"Forschung &amp; Entwicklung : Nagl &amp; Vetter GmbH\" \/>\n<meta property=\"og:description\" content=\"Produktentwicklung, Elektronikentwicklung und F&amp;E-Projekte - wir l\u00f6sen Ihre Aufgaben von der Idee bis zur Serie\" \/>\n<meta property=\"og:url\" content=\"https:\/\/nagl-vetter.de\/de\/entwicklung\/\" \/>\n<meta property=\"og:site_name\" content=\"Nagl &amp; Vetter GmbH\" \/>\n<meta property=\"article:modified_time\" content=\"2020-12-16T23:15:51+00:00\" \/>\n<meta name=\"twitter:card\" content=\"summary_large_image\" \/>\n<meta name=\"twitter:label1\" content=\"Gesch\u00e4tzte Lesezeit\" \/>\n\t<meta name=\"twitter:data1\" content=\"6\u00a0Minuten\" \/>\n<script type=\"application\/ld+json\" class=\"yoast-schema-graph\">{\"@context\":\"https:\/\/schema.org\",\"@graph\":[{\"@type\":\"WebPage\",\"@id\":\"https:\/\/nagl-vetter.de\/de\/entwicklung\/\",\"url\":\"https:\/\/nagl-vetter.de\/de\/entwicklung\/\",\"name\":\"Forschung & Entwicklung : Nagl &amp; Vetter GmbH\",\"isPartOf\":{\"@id\":\"https:\/\/nagl-vetter.de\/de\/#website\"},\"datePublished\":\"2020-08-08T13:13:26+00:00\",\"dateModified\":\"2020-12-16T23:15:51+00:00\",\"description\":\"Produktentwicklung, Elektronikentwicklung und F&E-Projekte - wir l\u00f6sen Ihre Aufgaben von der Idee bis zur Serie\",\"breadcrumb\":{\"@id\":\"https:\/\/nagl-vetter.de\/de\/entwicklung\/#breadcrumb\"},\"inLanguage\":\"de\",\"potentialAction\":[{\"@type\":\"ReadAction\",\"target\":[\"https:\/\/nagl-vetter.de\/de\/entwicklung\/\"]}]},{\"@type\":\"BreadcrumbList\",\"@id\":\"https:\/\/nagl-vetter.de\/de\/entwicklung\/#breadcrumb\",\"itemListElement\":[{\"@type\":\"ListItem\",\"position\":1,\"name\":\"Startseite\",\"item\":\"https:\/\/nagl-vetter.de\/de\/startseite\/\"},{\"@type\":\"ListItem\",\"position\":2,\"name\":\"Forschung &#038; Entwicklung\"}]},{\"@type\":\"WebSite\",\"@id\":\"https:\/\/nagl-vetter.de\/de\/#website\",\"url\":\"https:\/\/nagl-vetter.de\/de\/\",\"name\":\"Nagl & Vetter GmbH\",\"description\":\"Automatisierung, Forschung &amp; Entwicklung, Industrie\",\"publisher\":{\"@id\":\"https:\/\/nagl-vetter.de\/de\/#organization\"},\"potentialAction\":[{\"@type\":\"SearchAction\",\"target\":{\"@type\":\"EntryPoint\",\"urlTemplate\":\"https:\/\/nagl-vetter.de\/de\/?s={search_term_string}\"},\"query-input\":\"required name=search_term_string\"}],\"inLanguage\":\"de\"},{\"@type\":\"Organization\",\"@id\":\"https:\/\/nagl-vetter.de\/de\/#organization\",\"name\":\"Nagl & Vetter GmbH\",\"url\":\"https:\/\/nagl-vetter.de\/de\/\",\"logo\":{\"@type\":\"ImageObject\",\"inLanguage\":\"de\",\"@id\":\"https:\/\/nagl-vetter.de\/de\/#\/schema\/logo\/image\/\",\"url\":\"https:\/\/nagl-vetter.de\/wp-content\/uploads\/2019\/12\/nv-logo-web-1.png\",\"contentUrl\":\"https:\/\/nagl-vetter.de\/wp-content\/uploads\/2019\/12\/nv-logo-web-1.png\",\"width\":340,\"height\":156,\"caption\":\"Nagl & Vetter GmbH\"},\"image\":{\"@id\":\"https:\/\/nagl-vetter.de\/de\/#\/schema\/logo\/image\/\"},\"sameAs\":[\"https:\/\/www.linkedin.com\/company\/nagl-vetter\/\"]}]}<\/script>\n<!-- \/ Yoast SEO plugin. -->","yoast_head_json":{"title":"Forschung & Entwicklung : Nagl &amp; Vetter GmbH","description":"Produktentwicklung, Elektronikentwicklung und F&E-Projekte - wir l\u00f6sen Ihre Aufgaben von der Idee bis zur Serie","robots":{"index":"index","follow":"follow","max-snippet":"max-snippet:-1","max-image-preview":"max-image-preview:large","max-video-preview":"max-video-preview:-1"},"canonical":"https:\/\/nagl-vetter.de\/de\/entwicklung\/","og_locale":"de_DE","og_type":"article","og_title":"Forschung & Entwicklung : Nagl &amp; Vetter GmbH","og_description":"Produktentwicklung, Elektronikentwicklung und F&E-Projekte - wir l\u00f6sen Ihre Aufgaben von der Idee bis zur Serie","og_url":"https:\/\/nagl-vetter.de\/de\/entwicklung\/","og_site_name":"Nagl &amp; Vetter GmbH","article_modified_time":"2020-12-16T23:15:51+00:00","twitter_card":"summary_large_image","twitter_misc":{"Gesch\u00e4tzte Lesezeit":"6\u00a0Minuten"},"schema":{"@context":"https:\/\/schema.org","@graph":[{"@type":"WebPage","@id":"https:\/\/nagl-vetter.de\/de\/entwicklung\/","url":"https:\/\/nagl-vetter.de\/de\/entwicklung\/","name":"Forschung & Entwicklung : Nagl &amp; Vetter GmbH","isPartOf":{"@id":"https:\/\/nagl-vetter.de\/de\/#website"},"datePublished":"2020-08-08T13:13:26+00:00","dateModified":"2020-12-16T23:15:51+00:00","description":"Produktentwicklung, Elektronikentwicklung und F&E-Projekte - wir l\u00f6sen Ihre Aufgaben von der Idee bis zur Serie","breadcrumb":{"@id":"https:\/\/nagl-vetter.de\/de\/entwicklung\/#breadcrumb"},"inLanguage":"de","potentialAction":[{"@type":"ReadAction","target":["https:\/\/nagl-vetter.de\/de\/entwicklung\/"]}]},{"@type":"BreadcrumbList","@id":"https:\/\/nagl-vetter.de\/de\/entwicklung\/#breadcrumb","itemListElement":[{"@type":"ListItem","position":1,"name":"Startseite","item":"https:\/\/nagl-vetter.de\/de\/startseite\/"},{"@type":"ListItem","position":2,"name":"Forschung &#038; Entwicklung"}]},{"@type":"WebSite","@id":"https:\/\/nagl-vetter.de\/de\/#website","url":"https:\/\/nagl-vetter.de\/de\/","name":"Nagl & Vetter GmbH","description":"Automatisierung, Forschung &amp; Entwicklung, Industrie","publisher":{"@id":"https:\/\/nagl-vetter.de\/de\/#organization"},"potentialAction":[{"@type":"SearchAction","target":{"@type":"EntryPoint","urlTemplate":"https:\/\/nagl-vetter.de\/de\/?s={search_term_string}"},"query-input":"required name=search_term_string"}],"inLanguage":"de"},{"@type":"Organization","@id":"https:\/\/nagl-vetter.de\/de\/#organization","name":"Nagl & Vetter GmbH","url":"https:\/\/nagl-vetter.de\/de\/","logo":{"@type":"ImageObject","inLanguage":"de","@id":"https:\/\/nagl-vetter.de\/de\/#\/schema\/logo\/image\/","url":"https:\/\/nagl-vetter.de\/wp-content\/uploads\/2019\/12\/nv-logo-web-1.png","contentUrl":"https:\/\/nagl-vetter.de\/wp-content\/uploads\/2019\/12\/nv-logo-web-1.png","width":340,"height":156,"caption":"Nagl & Vetter GmbH"},"image":{"@id":"https:\/\/nagl-vetter.de\/de\/#\/schema\/logo\/image\/"},"sameAs":["https:\/\/www.linkedin.com\/company\/nagl-vetter\/"]}]}},"_links":{"self":[{"href":"https:\/\/nagl-vetter.de\/de\/wp-json\/wp\/v2\/pages\/4131"}],"collection":[{"href":"https:\/\/nagl-vetter.de\/de\/wp-json\/wp\/v2\/pages"}],"about":[{"href":"https:\/\/nagl-vetter.de\/de\/wp-json\/wp\/v2\/types\/page"}],"author":[{"embeddable":true,"href":"https:\/\/nagl-vetter.de\/de\/wp-json\/wp\/v2\/users\/1"}],"replies":[{"embeddable":true,"href":"https:\/\/nagl-vetter.de\/de\/wp-json\/wp\/v2\/comments?post=4131"}],"version-history":[{"count":22,"href":"https:\/\/nagl-vetter.de\/de\/wp-json\/wp\/v2\/pages\/4131\/revisions"}],"predecessor-version":[{"id":6011,"href":"https:\/\/nagl-vetter.de\/de\/wp-json\/wp\/v2\/pages\/4131\/revisions\/6011"}],"wp:attachment":[{"href":"https:\/\/nagl-vetter.de\/de\/wp-json\/wp\/v2\/media?parent=4131"}],"curies":[{"name":"wp","href":"https:\/\/api.w.org\/{rel}","templated":true}]}}