{"id":4170,"date":"2020-08-09T12:16:59","date_gmt":"2020-08-09T10:16:59","guid":{"rendered":"https:\/\/nagl-vetter.de\/?page_id=4170"},"modified":"2022-04-18T17:21:46","modified_gmt":"2022-04-18T15:21:46","slug":"automatisierung","status":"publish","type":"page","link":"https:\/\/nagl-vetter.de\/de\/automatisierung\/","title":{"rendered":"Industrieautomatisierung"},"content":{"rendered":"<div id='layer_slider_1'  class='avia-layerslider main_color avia-shadow  avia-builder-el-0  el_before_av_one_half  avia-builder-el-first  container_wrap sidebar_right'  style='height: 401px; max-width: 1280px; margin: 0 auto;'  ><\/div><div id='after_layer_slider_1'  class='main_color av_default_container_wrap container_wrap sidebar_right'  ><div class='container av-section-cont-open' ><div class='template-page content  av-content-small alpha units'><div class='post-entry post-entry-type-page post-entry-4170'><div class='entry-content-wrapper clearfix'>\n\n<style type=\"text\/css\" data-created_by=\"avia_inline_auto\" id=\"style-css-av-4hpuju-d7b29fa1b97446467229833ab53db69a\">\n.flex_column.av-4hpuju-d7b29fa1b97446467229833ab53db69a{\nborder-radius:0px 0px 0px 0px;\npadding:0px 0px 0px 0px;\n}\n<\/style>\n<div  class='flex_column av-4hpuju-d7b29fa1b97446467229833ab53db69a av_one_half  avia-builder-el-1  el_after_av_layerslider  el_before_av_one_half  avia-builder-el-first  first flex_column_div av-zero-column-padding  '     ><section  class='av_textblock_section av-kdw1s59t-4af53851146d97413828adbd223d25f2 '   itemscope=\"itemscope\" itemtype=\"https:\/\/schema.org\/CreativeWork\" ><div class='avia_textblock'  itemprop=\"text\" ><p>Auf dem vielf\u00e4ltigen Feld der Automatisierung von <a href=\"https:\/\/nagl-vetter.de\/de\/automatisierung\/anlagen\/\">Produktionsanlagen<\/a> bieten wir Komplettl\u00f6sungen aus einer Hand. Von vollautomatischen Fertigungslinien f\u00fcr die Massenproduktion bis zur Teilautomatisierung manueller Arbeitsprozesse durch <a href=\"https:\/\/nagl-vetter.de\/de\/automatisierung\/robotik\/\">Roboter<\/a> entwickeln und realisieren wir ma\u00dfgeschneiderte L\u00f6sungen f\u00fcr die Anforderungen unserer Kunden.<\/p>\n<p>Egal ob Sie eine Produktionslinie f\u00fcr ein neuartiges Produkt aufbauen oder eine vorhandene Fertigung nachtr\u00e4glich automatisieren wollen, egal ob Sie eine alten <a href=\"https:\/\/nagl-vetter.de\/de\/automatisierung\/sondermaschinen\/\">Sondermaschine<\/a> modernisieren m\u00f6chten oder die Daten einer vorhandenen Anlage in Ihr <a href=\"https:\/\/nagl-vetter.de\/de\/automatisierung\/digitale-transformation\/\">ERP-System einspeisen<\/a> wollen, um Messwerte aus dem Produktionsvorgang f\u00fcr jedes Los oder jedes Produkt speichern zu k\u00f6nnen &#8211; wir erarbeiten f\u00fcr Sie eine hochwertige und wirtschaftliche L\u00f6sung.<\/p>\n<\/div><\/section><\/div>\n\n<style type=\"text\/css\" data-created_by=\"avia_inline_auto\" id=\"style-css-av-2gcloa-e61f87856c4064e9c2d83fefcc7d5f39\">\n.flex_column.av-2gcloa-e61f87856c4064e9c2d83fefcc7d5f39{\nborder-radius:0px 0px 0px 0px;\npadding:0px 0px 0px 0px;\n}\n<\/style>\n<div  class='flex_column av-2gcloa-e61f87856c4064e9c2d83fefcc7d5f39 av_one_half  avia-builder-el-3  el_after_av_one_half  el_before_av_one_full  flex_column_div av-zero-column-padding  '     ><section  class='av_textblock_section av-kdwuigax-3ae0e8f87251ec76c5a3b137cbc97830 '   itemscope=\"itemscope\" itemtype=\"https:\/\/schema.org\/CreativeWork\" ><div class='avia_textblock'  itemprop=\"text\" ><p>Automation ist gleichzeitig kein Selbstzweck. Sie erm\u00f6glicht eine Erh\u00f6hung der Produktivit\u00e4t, eine Erh\u00f6hung der Qualit\u00e4t, die Entlastung der Mitarbeiter von gef\u00e4hrlichen, ungesunden und\/oder eint\u00f6nigen T\u00e4tigkeiten &#8211; und im Idealfall all dies auf einmal. Wir definieren f\u00fcr jedes Projekt die Priorit\u00e4ten unserer Kunden in diesem Spannungsfeld, um richtig entscheiden und ihre Erwartungen \u00fcbertreffen zu k\u00f6nnen.<\/p>\n<p><a href=\"https:\/\/nagl-vetter.de\/de\/automatisierung\/automatisierung-kontakt\/\">Kontaktieren Sie uns<\/a> und lassen Sie sich unverbindlich beraten! Wir analysieren Ihre Anforderungen, stellen geeignete Automatisierungsm\u00f6glichkeiten zusammen und erarbeiten mit Ihnen gemeinsam einen Fahrplan zur Umsetzung.<\/p>\n<\/div><\/section><\/div>\n\n<style type=\"text\/css\" data-created_by=\"avia_inline_auto\" id=\"style-css-av-kf8ro0ev-ec1f7c09a0612fd1a5bbbaae0b0e4190\">\n.flex_column.av-kf8ro0ev-ec1f7c09a0612fd1a5bbbaae0b0e4190{\nborder-radius:0px 0px 0px 0px;\npadding:0px 0px 0px 0px;\n}\n<\/style>\n<div  class='flex_column av-kf8ro0ev-ec1f7c09a0612fd1a5bbbaae0b0e4190 av_one_full  avia-builder-el-5  el_after_av_one_half  avia-builder-el-last  first flex_column_div av-zero-column-padding  column-top-margin'     ><div  class='avia-icon-list-container av-kf8rfxug-e5da3e712865381fdf0ea66324cc37d9  avia-builder-el-6  avia-builder-el-no-sibling '><ul class='avia-icon-list avia_animate_when_almost_visible avia-icon-list-left av-iconlist-big av-kf8rfxug-e5da3e712865381fdf0ea66324cc37d9 avia-iconlist-animate'>\n<li><div class='iconlist_icon av-6xtcxm-9ae3e0df6345f3ab01c0eb909f42c9ad avia-font-entypo-fontello'><span class='iconlist-char' aria-hidden='true' data-av_icon='' data-av_iconfont='entypo-fontello'><\/span><\/div><article class=\"article-icon-entry \"  itemscope=\"itemscope\" itemtype=\"https:\/\/schema.org\/CreativeWork\" ><div class=\"iconlist_content_wrap\"><header class=\"entry-content-header\"><h4 class='av_iconlist_title iconlist_title  '  itemprop=\"headline\" >Produktivit\u00e4t steigern<\/h4><\/header><div class='iconlist_content '  itemprop=\"text\" ><p>Automatisierung steigert die Effizienz und Qualit\u00e4t Ihrer Fertigung<\/p>\n<\/div><\/div><footer class=\"entry-footer\"><\/footer><\/article><div class=\"iconlist-timeline\"><\/div><\/li>\n<li><div class='iconlist_icon av-6kje56-02c4fb402dd3a270bc79fb55ec4f84f1 avia-font-entypo-fontello'><span class='iconlist-char' aria-hidden='true' data-av_icon='\ue8a8' data-av_iconfont='entypo-fontello'><\/span><\/div><article class=\"article-icon-entry \"  itemscope=\"itemscope\" itemtype=\"https:\/\/schema.org\/CreativeWork\" ><div class=\"iconlist_content_wrap\"><header class=\"entry-content-header\"><h4 class='av_iconlist_title iconlist_title  '  itemprop=\"headline\" >Qualit\u00e4t erh\u00f6hen<\/h4><\/header><div class='iconlist_content '  itemprop=\"text\" ><p>Automatisierung erh\u00f6ht die Qualit\u00e4t. Das Endergebnis ist nicht von der Tagesform eines Mitarbeiters abh\u00e4ngig<\/p>\n<\/div><\/div><footer class=\"entry-footer\"><\/footer><\/article><div class=\"iconlist-timeline\"><\/div><\/li>\n<li><div class='iconlist_icon av-3qcrl6-ca199f1fe16ca942ba69116606d86c22 avia-font-entypo-fontello'><span class='iconlist-char' aria-hidden='true' data-av_icon='\ue83e' data-av_iconfont='entypo-fontello'><\/span><\/div><article class=\"article-icon-entry \"  itemscope=\"itemscope\" itemtype=\"https:\/\/schema.org\/CreativeWork\" ><div class=\"iconlist_content_wrap\"><header class=\"entry-content-header\"><h4 class='av_iconlist_title iconlist_title  '  itemprop=\"headline\" >Gef\u00e4hrliche T\u00e4tigkeiten reduzieren<\/h4><\/header><div class='iconlist_content '  itemprop=\"text\" ><p>Durch Automatisierung k\u00f6nnen die Mitarbeiter von gef\u00e4hrlichen und\/oder ungesunden Aufgaben entlastet werden<\/p>\n<\/div><\/div><footer class=\"entry-footer\"><\/footer><\/article><div class=\"iconlist-timeline\"><\/div><\/li>\n<li><div class='iconlist_icon av-2vznqi-a59759c01b60af46225d9e5b4a3ea20b avia-font-entypo-fontello'><span class='iconlist-char' aria-hidden='true' data-av_icon='\ue812' data-av_iconfont='entypo-fontello'><\/span><\/div><article class=\"article-icon-entry \"  itemscope=\"itemscope\" itemtype=\"https:\/\/schema.org\/CreativeWork\" ><div class=\"iconlist_content_wrap\"><header class=\"entry-content-header\"><h4 class='av_iconlist_title iconlist_title  '  itemprop=\"headline\" >Prozesssicherheit erh\u00f6hen<\/h4><\/header><div class='iconlist_content '  itemprop=\"text\" ><p>Automatisierung erh\u00f6ht die Prozesssicherheit und f\u00fchrt zu gleichm\u00e4\u00dfiger Qualit\u00e4t<\/p>\n<\/div><\/div><footer class=\"entry-footer\"><\/footer><\/article><div class=\"iconlist-timeline\"><\/div><\/li>\n<\/ul><\/div><\/div>\n","protected":false},"excerpt":{"rendered":"","protected":false},"author":1,"featured_media":0,"parent":0,"menu_order":20,"comment_status":"closed","ping_status":"closed","template":"","meta":{"footnotes":""},"yoast_head":"<!-- This site is optimized with the Yoast SEO plugin v22.1 - https:\/\/yoast.com\/wordpress\/plugins\/seo\/ -->\n<title>Industrieautomatisierung : Nagl &amp; Vetter GmbH<\/title>\n<meta name=\"description\" content=\"Von Automatisierung bis zu Digitalisierung, von Robotik bis Machine Vision bieten wir alles, was die Produktivit\u00e4t Ihrer Fertigung erh\u00f6ht.\" \/>\n<meta name=\"robots\" content=\"index, follow, max-snippet:-1, max-image-preview:large, max-video-preview:-1\" \/>\n<link rel=\"canonical\" href=\"https:\/\/nagl-vetter.de\/de\/automatisierung\/\" \/>\n<meta property=\"og:locale\" content=\"de_DE\" \/>\n<meta property=\"og:type\" content=\"article\" \/>\n<meta property=\"og:title\" content=\"Industrieautomatisierung : Nagl &amp; Vetter GmbH\" \/>\n<meta property=\"og:description\" content=\"Von Automatisierung bis zu Digitalisierung, von Robotik bis Machine Vision bieten wir alles, was die Produktivit\u00e4t Ihrer Fertigung erh\u00f6ht.\" \/>\n<meta property=\"og:url\" content=\"https:\/\/nagl-vetter.de\/de\/automatisierung\/\" \/>\n<meta property=\"og:site_name\" content=\"Nagl &amp; Vetter GmbH\" \/>\n<meta property=\"article:modified_time\" content=\"2022-04-18T15:21:46+00:00\" \/>\n<meta name=\"twitter:card\" content=\"summary_large_image\" \/>\n<meta name=\"twitter:label1\" content=\"Gesch\u00e4tzte Lesezeit\" \/>\n\t<meta name=\"twitter:data1\" content=\"5\u00a0Minuten\" \/>\n<script type=\"application\/ld+json\" class=\"yoast-schema-graph\">{\"@context\":\"https:\/\/schema.org\",\"@graph\":[{\"@type\":\"WebPage\",\"@id\":\"https:\/\/nagl-vetter.de\/de\/automatisierung\/\",\"url\":\"https:\/\/nagl-vetter.de\/de\/automatisierung\/\",\"name\":\"Industrieautomatisierung : Nagl &amp; Vetter GmbH\",\"isPartOf\":{\"@id\":\"https:\/\/nagl-vetter.de\/de\/#website\"},\"datePublished\":\"2020-08-09T10:16:59+00:00\",\"dateModified\":\"2022-04-18T15:21:46+00:00\",\"description\":\"Von Automatisierung bis zu Digitalisierung, von Robotik bis Machine Vision bieten wir alles, was die Produktivit\u00e4t Ihrer Fertigung erh\u00f6ht.\",\"breadcrumb\":{\"@id\":\"https:\/\/nagl-vetter.de\/de\/automatisierung\/#breadcrumb\"},\"inLanguage\":\"de\",\"potentialAction\":[{\"@type\":\"ReadAction\",\"target\":[\"https:\/\/nagl-vetter.de\/de\/automatisierung\/\"]}]},{\"@type\":\"BreadcrumbList\",\"@id\":\"https:\/\/nagl-vetter.de\/de\/automatisierung\/#breadcrumb\",\"itemListElement\":[{\"@type\":\"ListItem\",\"position\":1,\"name\":\"Startseite\",\"item\":\"https:\/\/nagl-vetter.de\/de\/startseite\/\"},{\"@type\":\"ListItem\",\"position\":2,\"name\":\"Industrieautomatisierung\"}]},{\"@type\":\"WebSite\",\"@id\":\"https:\/\/nagl-vetter.de\/de\/#website\",\"url\":\"https:\/\/nagl-vetter.de\/de\/\",\"name\":\"Nagl & Vetter GmbH\",\"description\":\"Automatisierung, Forschung &amp; Entwicklung, Industrie\",\"publisher\":{\"@id\":\"https:\/\/nagl-vetter.de\/de\/#organization\"},\"potentialAction\":[{\"@type\":\"SearchAction\",\"target\":{\"@type\":\"EntryPoint\",\"urlTemplate\":\"https:\/\/nagl-vetter.de\/de\/?s={search_term_string}\"},\"query-input\":\"required name=search_term_string\"}],\"inLanguage\":\"de\"},{\"@type\":\"Organization\",\"@id\":\"https:\/\/nagl-vetter.de\/de\/#organization\",\"name\":\"Nagl & Vetter GmbH\",\"url\":\"https:\/\/nagl-vetter.de\/de\/\",\"logo\":{\"@type\":\"ImageObject\",\"inLanguage\":\"de\",\"@id\":\"https:\/\/nagl-vetter.de\/de\/#\/schema\/logo\/image\/\",\"url\":\"https:\/\/nagl-vetter.de\/wp-content\/uploads\/2019\/12\/nv-logo-web-1.png\",\"contentUrl\":\"https:\/\/nagl-vetter.de\/wp-content\/uploads\/2019\/12\/nv-logo-web-1.png\",\"width\":340,\"height\":156,\"caption\":\"Nagl & Vetter GmbH\"},\"image\":{\"@id\":\"https:\/\/nagl-vetter.de\/de\/#\/schema\/logo\/image\/\"},\"sameAs\":[\"https:\/\/www.linkedin.com\/company\/nagl-vetter\/\"]}]}<\/script>\n<!-- \/ Yoast SEO plugin. -->","yoast_head_json":{"title":"Industrieautomatisierung : Nagl &amp; Vetter GmbH","description":"Von Automatisierung bis zu Digitalisierung, von Robotik bis Machine Vision bieten wir alles, was die Produktivit\u00e4t Ihrer Fertigung erh\u00f6ht.","robots":{"index":"index","follow":"follow","max-snippet":"max-snippet:-1","max-image-preview":"max-image-preview:large","max-video-preview":"max-video-preview:-1"},"canonical":"https:\/\/nagl-vetter.de\/de\/automatisierung\/","og_locale":"de_DE","og_type":"article","og_title":"Industrieautomatisierung : Nagl &amp; Vetter GmbH","og_description":"Von Automatisierung bis zu Digitalisierung, von Robotik bis Machine Vision bieten wir alles, was die Produktivit\u00e4t Ihrer Fertigung erh\u00f6ht.","og_url":"https:\/\/nagl-vetter.de\/de\/automatisierung\/","og_site_name":"Nagl &amp; Vetter GmbH","article_modified_time":"2022-04-18T15:21:46+00:00","twitter_card":"summary_large_image","twitter_misc":{"Gesch\u00e4tzte Lesezeit":"5\u00a0Minuten"},"schema":{"@context":"https:\/\/schema.org","@graph":[{"@type":"WebPage","@id":"https:\/\/nagl-vetter.de\/de\/automatisierung\/","url":"https:\/\/nagl-vetter.de\/de\/automatisierung\/","name":"Industrieautomatisierung : Nagl &amp; Vetter GmbH","isPartOf":{"@id":"https:\/\/nagl-vetter.de\/de\/#website"},"datePublished":"2020-08-09T10:16:59+00:00","dateModified":"2022-04-18T15:21:46+00:00","description":"Von Automatisierung bis zu Digitalisierung, von Robotik bis Machine Vision bieten wir alles, was die Produktivit\u00e4t Ihrer Fertigung erh\u00f6ht.","breadcrumb":{"@id":"https:\/\/nagl-vetter.de\/de\/automatisierung\/#breadcrumb"},"inLanguage":"de","potentialAction":[{"@type":"ReadAction","target":["https:\/\/nagl-vetter.de\/de\/automatisierung\/"]}]},{"@type":"BreadcrumbList","@id":"https:\/\/nagl-vetter.de\/de\/automatisierung\/#breadcrumb","itemListElement":[{"@type":"ListItem","position":1,"name":"Startseite","item":"https:\/\/nagl-vetter.de\/de\/startseite\/"},{"@type":"ListItem","position":2,"name":"Industrieautomatisierung"}]},{"@type":"WebSite","@id":"https:\/\/nagl-vetter.de\/de\/#website","url":"https:\/\/nagl-vetter.de\/de\/","name":"Nagl & Vetter GmbH","description":"Automatisierung, Forschung &amp; Entwicklung, Industrie","publisher":{"@id":"https:\/\/nagl-vetter.de\/de\/#organization"},"potentialAction":[{"@type":"SearchAction","target":{"@type":"EntryPoint","urlTemplate":"https:\/\/nagl-vetter.de\/de\/?s={search_term_string}"},"query-input":"required name=search_term_string"}],"inLanguage":"de"},{"@type":"Organization","@id":"https:\/\/nagl-vetter.de\/de\/#organization","name":"Nagl & Vetter GmbH","url":"https:\/\/nagl-vetter.de\/de\/","logo":{"@type":"ImageObject","inLanguage":"de","@id":"https:\/\/nagl-vetter.de\/de\/#\/schema\/logo\/image\/","url":"https:\/\/nagl-vetter.de\/wp-content\/uploads\/2019\/12\/nv-logo-web-1.png","contentUrl":"https:\/\/nagl-vetter.de\/wp-content\/uploads\/2019\/12\/nv-logo-web-1.png","width":340,"height":156,"caption":"Nagl & Vetter GmbH"},"image":{"@id":"https:\/\/nagl-vetter.de\/de\/#\/schema\/logo\/image\/"},"sameAs":["https:\/\/www.linkedin.com\/company\/nagl-vetter\/"]}]}},"_links":{"self":[{"href":"https:\/\/nagl-vetter.de\/de\/wp-json\/wp\/v2\/pages\/4170"}],"collection":[{"href":"https:\/\/nagl-vetter.de\/de\/wp-json\/wp\/v2\/pages"}],"about":[{"href":"https:\/\/nagl-vetter.de\/de\/wp-json\/wp\/v2\/types\/page"}],"author":[{"embeddable":true,"href":"https:\/\/nagl-vetter.de\/de\/wp-json\/wp\/v2\/users\/1"}],"replies":[{"embeddable":true,"href":"https:\/\/nagl-vetter.de\/de\/wp-json\/wp\/v2\/comments?post=4170"}],"version-history":[{"count":23,"href":"https:\/\/nagl-vetter.de\/de\/wp-json\/wp\/v2\/pages\/4170\/revisions"}],"predecessor-version":[{"id":6686,"href":"https:\/\/nagl-vetter.de\/de\/wp-json\/wp\/v2\/pages\/4170\/revisions\/6686"}],"wp:attachment":[{"href":"https:\/\/nagl-vetter.de\/de\/wp-json\/wp\/v2\/media?parent=4170"}],"curies":[{"name":"wp","href":"https:\/\/api.w.org\/{rel}","templated":true}]}}