{"id":4294,"date":"2020-08-12T20:53:15","date_gmt":"2020-08-12T18:53:15","guid":{"rendered":"https:\/\/nagl-vetter.de\/?page_id=4294"},"modified":"2020-09-30T14:25:16","modified_gmt":"2020-09-30T12:25:16","slug":"verfahrensentwicklung","status":"publish","type":"page","link":"https:\/\/nagl-vetter.de\/de\/entwicklung\/verfahrensentwicklung\/","title":{"rendered":"Verfahrensentwicklung"},"content":{"rendered":"<div id='layer_slider_1'  class='avia-layerslider main_color avia-shadow  avia-builder-el-0  el_before_av_heading  avia-builder-el-first  container_wrap sidebar_right'  style='height: 321px; max-width: 1280px; margin: 0 auto;'  ><\/div><div id='after_layer_slider_1'  class='main_color av_default_container_wrap container_wrap sidebar_right'  ><div class='container av-section-cont-open' ><div class='template-page content  av-content-small alpha units'><div class='post-entry post-entry-type-page post-entry-4294'><div class='entry-content-wrapper clearfix'>\n\n<style type=\"text\/css\" data-created_by=\"avia_inline_auto\" id=\"style-css-av-27mlra-49e5debde48c3be49a5e29dc5b778fa7\">\n#top .av-special-heading.av-27mlra-49e5debde48c3be49a5e29dc5b778fa7{\npadding-bottom:10px;\n}\nbody .av-special-heading.av-27mlra-49e5debde48c3be49a5e29dc5b778fa7 .av-special-heading-tag .heading-char{\nfont-size:25px;\n}\n.av-special-heading.av-27mlra-49e5debde48c3be49a5e29dc5b778fa7 .av-subheading{\nfont-size:15px;\n}\n<\/style>\n<div  class='av-special-heading av-27mlra-49e5debde48c3be49a5e29dc5b778fa7 av-special-heading-h3  avia-builder-el-1  el_after_av_layerslider  el_before_av_one_half  avia-builder-el-first '><h3 class='av-special-heading-tag'  itemprop=\"headline\"  >Entwicklung und Optimierung von Fertigungsverfahren<\/h3><div class=\"special-heading-border\"><div class=\"special-heading-inner-border\"><\/div><\/div><\/div>\n\n<style type=\"text\/css\" data-created_by=\"avia_inline_auto\" id=\"style-css-av-7yyt6e-7eb0f9f36e6edcb77e13dfe95aaa189c\">\n.flex_column.av-7yyt6e-7eb0f9f36e6edcb77e13dfe95aaa189c{\nborder-radius:0px 0px 0px 0px;\npadding:0px 0px 0px 0px;\n}\n<\/style>\n<div  class='flex_column av-7yyt6e-7eb0f9f36e6edcb77e13dfe95aaa189c av_one_half  avia-builder-el-2  el_after_av_heading  el_before_av_one_half  first flex_column_div av-zero-column-padding  '     ><section  class='av_textblock_section av-64aouu-9ab41743a074cda5ec66f0bcd1156877 '   itemscope=\"itemscope\" itemtype=\"https:\/\/schema.org\/CreativeWork\" ><div class='avia_textblock'  itemprop=\"text\" ><p>Das Mitdenken der Fertigung ist ein selbstverst\u00e4ndlicher Bestandteil von <a href=\"https:\/\/nagl-vetter.de\/de\/entwicklung\/produktentwicklung\/\">Produkt-<\/a> und <a href=\"https:\/\/nagl-vetter.de\/de\/entwicklung\/elektronikentwicklung\/\">Elektronikentwicklung<\/a>. Fragen der Produzierbarkeit und der Fertigungskosten entscheiden nicht selten \u00fcber Erfolg und Misserfolg von Projekten, ganz unabh\u00e4ngig von der technischen Machbarkeit. Details der Produktionsverfahren haben oft auch enormen Einfluss auf Qualit\u00e4t und Ausschussraten.<\/p>\n<p>Aufgrund unserer Erfahrung mit Entwicklungsprojekten sind wir gewohnt das Mitentwickeln und Optimieren von Fertigungsverfahren im Blick zu behalten und bieten diesen Aspekt der Entwicklungst\u00e4tigkeit auch als Dienstleistung an.<\/p>\n<\/div><\/section><\/div>\n<style type=\"text\/css\" data-created_by=\"avia_inline_auto\" id=\"style-css-av-4ve6eu-c0d212c3d2ac0467d5a42144a13ed9eb\">\n.flex_column.av-4ve6eu-c0d212c3d2ac0467d5a42144a13ed9eb{\nborder-radius:0px 0px 0px 0px;\npadding:0px 0px 0px 0px;\n}\n<\/style>\n<div  class='flex_column av-4ve6eu-c0d212c3d2ac0467d5a42144a13ed9eb av_one_half  avia-builder-el-4  el_after_av_one_half  avia-builder-el-last  flex_column_div av-zero-column-padding  '     ><section  class='av_textblock_section av-2dzq7q-5dbdb2af17e4f91023bc54a9ade086c0 '   itemscope=\"itemscope\" itemtype=\"https:\/\/schema.org\/CreativeWork\" ><div class='avia_textblock'  itemprop=\"text\" ><p>Gerne helfen wir Ihnen, Ihre bestehende Produktion zu analysieren und in Bezug auf Kosten, Qualit\u00e4t und andere Faktoren zu optimieren.<\/p>\n<p>Wenn Sie die Produktion neuartiger Produkte planen, unterst\u00fctzen wir Sie bei der Definition eines optimalen Produktionsprozesses, ermitteln auf Wunsch geeignete Maschinen und Vorrichtungen und beraten Sie bei der Wahl des optimalen Automatisierungsgrades in Hinblick auf Durchsatz, Wirtschaftlichkeit und Qualit\u00e4t.<\/p>\n<\/div><\/section><\/div><\/p>\n","protected":false},"excerpt":{"rendered":"","protected":false},"author":1,"featured_media":0,"parent":4131,"menu_order":0,"comment_status":"closed","ping_status":"closed","template":"","meta":{"footnotes":""},"yoast_head":"<!-- This site is optimized with the Yoast SEO plugin v22.1 - https:\/\/yoast.com\/wordpress\/plugins\/seo\/ -->\n<title>Verfahrensentwicklung : Nagl &amp; Vetter GmbH<\/title>\n<meta name=\"description\" content=\"Wir entwickeln Fertigungsverfahren und optimierte Produktionsprozesse f\u00fcr Ihre Produkte\" \/>\n<meta name=\"robots\" content=\"index, follow, max-snippet:-1, max-image-preview:large, max-video-preview:-1\" \/>\n<link rel=\"canonical\" href=\"https:\/\/nagl-vetter.de\/de\/entwicklung\/verfahrensentwicklung\/\" \/>\n<meta property=\"og:locale\" content=\"de_DE\" \/>\n<meta property=\"og:type\" content=\"article\" \/>\n<meta property=\"og:title\" content=\"Verfahrensentwicklung : Nagl &amp; Vetter GmbH\" \/>\n<meta property=\"og:description\" content=\"Wir entwickeln Fertigungsverfahren und optimierte Produktionsprozesse f\u00fcr Ihre Produkte\" \/>\n<meta property=\"og:url\" content=\"https:\/\/nagl-vetter.de\/de\/entwicklung\/verfahrensentwicklung\/\" \/>\n<meta property=\"og:site_name\" content=\"Nagl &amp; Vetter GmbH\" \/>\n<meta property=\"article:modified_time\" content=\"2020-09-30T12:25:16+00:00\" \/>\n<meta name=\"twitter:card\" content=\"summary_large_image\" \/>\n<meta name=\"twitter:label1\" content=\"Gesch\u00e4tzte Lesezeit\" \/>\n\t<meta name=\"twitter:data1\" content=\"3\u00a0Minuten\" \/>\n<script type=\"application\/ld+json\" class=\"yoast-schema-graph\">{\"@context\":\"https:\/\/schema.org\",\"@graph\":[{\"@type\":\"WebPage\",\"@id\":\"https:\/\/nagl-vetter.de\/de\/entwicklung\/verfahrensentwicklung\/\",\"url\":\"https:\/\/nagl-vetter.de\/de\/entwicklung\/verfahrensentwicklung\/\",\"name\":\"Verfahrensentwicklung : Nagl &amp; Vetter GmbH\",\"isPartOf\":{\"@id\":\"https:\/\/nagl-vetter.de\/de\/#website\"},\"datePublished\":\"2020-08-12T18:53:15+00:00\",\"dateModified\":\"2020-09-30T12:25:16+00:00\",\"description\":\"Wir entwickeln Fertigungsverfahren und optimierte Produktionsprozesse f\u00fcr Ihre Produkte\",\"breadcrumb\":{\"@id\":\"https:\/\/nagl-vetter.de\/de\/entwicklung\/verfahrensentwicklung\/#breadcrumb\"},\"inLanguage\":\"de\",\"potentialAction\":[{\"@type\":\"ReadAction\",\"target\":[\"https:\/\/nagl-vetter.de\/de\/entwicklung\/verfahrensentwicklung\/\"]}]},{\"@type\":\"BreadcrumbList\",\"@id\":\"https:\/\/nagl-vetter.de\/de\/entwicklung\/verfahrensentwicklung\/#breadcrumb\",\"itemListElement\":[{\"@type\":\"ListItem\",\"position\":1,\"name\":\"Startseite\",\"item\":\"https:\/\/nagl-vetter.de\/de\/startseite\/\"},{\"@type\":\"ListItem\",\"position\":2,\"name\":\"Forschung &#038; Entwicklung\",\"item\":\"https:\/\/nagl-vetter.de\/de\/entwicklung\/\"},{\"@type\":\"ListItem\",\"position\":3,\"name\":\"Verfahrensentwicklung\"}]},{\"@type\":\"WebSite\",\"@id\":\"https:\/\/nagl-vetter.de\/de\/#website\",\"url\":\"https:\/\/nagl-vetter.de\/de\/\",\"name\":\"Nagl & Vetter GmbH\",\"description\":\"Automatisierung, Forschung &amp; Entwicklung, Industrie\",\"publisher\":{\"@id\":\"https:\/\/nagl-vetter.de\/de\/#organization\"},\"potentialAction\":[{\"@type\":\"SearchAction\",\"target\":{\"@type\":\"EntryPoint\",\"urlTemplate\":\"https:\/\/nagl-vetter.de\/de\/?s={search_term_string}\"},\"query-input\":\"required name=search_term_string\"}],\"inLanguage\":\"de\"},{\"@type\":\"Organization\",\"@id\":\"https:\/\/nagl-vetter.de\/de\/#organization\",\"name\":\"Nagl & Vetter GmbH\",\"url\":\"https:\/\/nagl-vetter.de\/de\/\",\"logo\":{\"@type\":\"ImageObject\",\"inLanguage\":\"de\",\"@id\":\"https:\/\/nagl-vetter.de\/de\/#\/schema\/logo\/image\/\",\"url\":\"https:\/\/nagl-vetter.de\/wp-content\/uploads\/2019\/12\/nv-logo-web-1.png\",\"contentUrl\":\"https:\/\/nagl-vetter.de\/wp-content\/uploads\/2019\/12\/nv-logo-web-1.png\",\"width\":340,\"height\":156,\"caption\":\"Nagl & Vetter GmbH\"},\"image\":{\"@id\":\"https:\/\/nagl-vetter.de\/de\/#\/schema\/logo\/image\/\"},\"sameAs\":[\"https:\/\/www.linkedin.com\/company\/nagl-vetter\/\"]}]}<\/script>\n<!-- \/ Yoast SEO plugin. -->","yoast_head_json":{"title":"Verfahrensentwicklung : Nagl &amp; Vetter GmbH","description":"Wir entwickeln Fertigungsverfahren und optimierte Produktionsprozesse f\u00fcr Ihre Produkte","robots":{"index":"index","follow":"follow","max-snippet":"max-snippet:-1","max-image-preview":"max-image-preview:large","max-video-preview":"max-video-preview:-1"},"canonical":"https:\/\/nagl-vetter.de\/de\/entwicklung\/verfahrensentwicklung\/","og_locale":"de_DE","og_type":"article","og_title":"Verfahrensentwicklung : Nagl &amp; Vetter GmbH","og_description":"Wir entwickeln Fertigungsverfahren und optimierte Produktionsprozesse f\u00fcr Ihre Produkte","og_url":"https:\/\/nagl-vetter.de\/de\/entwicklung\/verfahrensentwicklung\/","og_site_name":"Nagl &amp; Vetter GmbH","article_modified_time":"2020-09-30T12:25:16+00:00","twitter_card":"summary_large_image","twitter_misc":{"Gesch\u00e4tzte Lesezeit":"3\u00a0Minuten"},"schema":{"@context":"https:\/\/schema.org","@graph":[{"@type":"WebPage","@id":"https:\/\/nagl-vetter.de\/de\/entwicklung\/verfahrensentwicklung\/","url":"https:\/\/nagl-vetter.de\/de\/entwicklung\/verfahrensentwicklung\/","name":"Verfahrensentwicklung : Nagl &amp; Vetter GmbH","isPartOf":{"@id":"https:\/\/nagl-vetter.de\/de\/#website"},"datePublished":"2020-08-12T18:53:15+00:00","dateModified":"2020-09-30T12:25:16+00:00","description":"Wir entwickeln Fertigungsverfahren und optimierte Produktionsprozesse f\u00fcr Ihre Produkte","breadcrumb":{"@id":"https:\/\/nagl-vetter.de\/de\/entwicklung\/verfahrensentwicklung\/#breadcrumb"},"inLanguage":"de","potentialAction":[{"@type":"ReadAction","target":["https:\/\/nagl-vetter.de\/de\/entwicklung\/verfahrensentwicklung\/"]}]},{"@type":"BreadcrumbList","@id":"https:\/\/nagl-vetter.de\/de\/entwicklung\/verfahrensentwicklung\/#breadcrumb","itemListElement":[{"@type":"ListItem","position":1,"name":"Startseite","item":"https:\/\/nagl-vetter.de\/de\/startseite\/"},{"@type":"ListItem","position":2,"name":"Forschung &#038; Entwicklung","item":"https:\/\/nagl-vetter.de\/de\/entwicklung\/"},{"@type":"ListItem","position":3,"name":"Verfahrensentwicklung"}]},{"@type":"WebSite","@id":"https:\/\/nagl-vetter.de\/de\/#website","url":"https:\/\/nagl-vetter.de\/de\/","name":"Nagl & Vetter GmbH","description":"Automatisierung, Forschung &amp; Entwicklung, Industrie","publisher":{"@id":"https:\/\/nagl-vetter.de\/de\/#organization"},"potentialAction":[{"@type":"SearchAction","target":{"@type":"EntryPoint","urlTemplate":"https:\/\/nagl-vetter.de\/de\/?s={search_term_string}"},"query-input":"required name=search_term_string"}],"inLanguage":"de"},{"@type":"Organization","@id":"https:\/\/nagl-vetter.de\/de\/#organization","name":"Nagl & Vetter GmbH","url":"https:\/\/nagl-vetter.de\/de\/","logo":{"@type":"ImageObject","inLanguage":"de","@id":"https:\/\/nagl-vetter.de\/de\/#\/schema\/logo\/image\/","url":"https:\/\/nagl-vetter.de\/wp-content\/uploads\/2019\/12\/nv-logo-web-1.png","contentUrl":"https:\/\/nagl-vetter.de\/wp-content\/uploads\/2019\/12\/nv-logo-web-1.png","width":340,"height":156,"caption":"Nagl & Vetter GmbH"},"image":{"@id":"https:\/\/nagl-vetter.de\/de\/#\/schema\/logo\/image\/"},"sameAs":["https:\/\/www.linkedin.com\/company\/nagl-vetter\/"]}]}},"_links":{"self":[{"href":"https:\/\/nagl-vetter.de\/de\/wp-json\/wp\/v2\/pages\/4294"}],"collection":[{"href":"https:\/\/nagl-vetter.de\/de\/wp-json\/wp\/v2\/pages"}],"about":[{"href":"https:\/\/nagl-vetter.de\/de\/wp-json\/wp\/v2\/types\/page"}],"author":[{"embeddable":true,"href":"https:\/\/nagl-vetter.de\/de\/wp-json\/wp\/v2\/users\/1"}],"replies":[{"embeddable":true,"href":"https:\/\/nagl-vetter.de\/de\/wp-json\/wp\/v2\/comments?post=4294"}],"version-history":[{"count":6,"href":"https:\/\/nagl-vetter.de\/de\/wp-json\/wp\/v2\/pages\/4294\/revisions"}],"predecessor-version":[{"id":5322,"href":"https:\/\/nagl-vetter.de\/de\/wp-json\/wp\/v2\/pages\/4294\/revisions\/5322"}],"up":[{"embeddable":true,"href":"https:\/\/nagl-vetter.de\/de\/wp-json\/wp\/v2\/pages\/4131"}],"wp:attachment":[{"href":"https:\/\/nagl-vetter.de\/de\/wp-json\/wp\/v2\/media?parent=4294"}],"curies":[{"name":"wp","href":"https:\/\/api.w.org\/{rel}","templated":true}]}}