{"id":4297,"date":"2020-08-12T20:54:40","date_gmt":"2020-08-12T18:54:40","guid":{"rendered":"https:\/\/nagl-vetter.de\/?page_id=4297"},"modified":"2020-10-28T12:59:35","modified_gmt":"2020-10-28T11:59:35","slug":"digitale-transformation","status":"publish","type":"page","link":"https:\/\/nagl-vetter.de\/de\/automatisierung\/digitale-transformation\/","title":{"rendered":"Digitale Transformation"},"content":{"rendered":"<div id='layer_slider_1'  class='avia-layerslider main_color avia-shadow  avia-builder-el-0  el_before_av_heading  avia-builder-el-first  container_wrap sidebar_right'  style='height: 501px; max-width: 1200px; margin: 0 auto;'  ><\/div><div id='after_layer_slider_1'  class='main_color av_default_container_wrap container_wrap sidebar_right'  ><div class='container av-section-cont-open' ><div class='template-page content  av-content-small alpha units'><div class='post-entry post-entry-type-page post-entry-4297'><div class='entry-content-wrapper clearfix'>\n\n<style type=\"text\/css\" data-created_by=\"avia_inline_auto\" id=\"style-css-av-av_heading-e22e1884479b446c35a4267368d39495\">\n#top .av-special-heading.av-av_heading-e22e1884479b446c35a4267368d39495{\npadding-bottom:10px;\n}\nbody .av-special-heading.av-av_heading-e22e1884479b446c35a4267368d39495 .av-special-heading-tag .heading-char{\nfont-size:25px;\n}\n.av-special-heading.av-av_heading-e22e1884479b446c35a4267368d39495 .av-subheading{\nfont-size:15px;\n}\n<\/style>\n<div  class='av-special-heading av-av_heading-e22e1884479b446c35a4267368d39495 av-special-heading-h3  avia-builder-el-1  el_after_av_layerslider  el_before_av_one_half  avia-builder-el-first '><h3 class='av-special-heading-tag'  itemprop=\"headline\"  >Vorhandene Potentiale nutzen<\/h3><div class=\"special-heading-border\"><div class=\"special-heading-inner-border\"><\/div><\/div><\/div>\n\n<style type=\"text\/css\" data-created_by=\"avia_inline_auto\" id=\"style-css-av-81hwi1-3fd0900dc07fd5a9349797fc5cdedd82\">\n.flex_column.av-81hwi1-3fd0900dc07fd5a9349797fc5cdedd82{\nborder-radius:0px 0px 0px 0px;\npadding:0px 0px 0px 0px;\n}\n<\/style>\n<div  class='flex_column av-81hwi1-3fd0900dc07fd5a9349797fc5cdedd82 av_one_half  avia-builder-el-2  el_after_av_heading  el_before_av_one_half  first flex_column_div av-zero-column-padding  '     ><section  class='av_textblock_section av-kdvhwrst-30c3c18543bfbfacfb8654e7707a33c6 '   itemscope=\"itemscope\" itemtype=\"https:\/\/schema.org\/CreativeWork\" ><div class='avia_textblock'  itemprop=\"text\" ><p>Automatisierte Produktionslinien liefern bereits aufgrund der f\u00fcr ihre Funktionalit\u00e4t vorhandenen Sensorik beachtliche Datenmengen. Diese Daten aus der Feldebene f\u00fcr \u00fcbergeordnete Systeme zug\u00e4nglich zu machen ist meist mit geringem Aufwand und \u00fcberschaubaren Kosten machbar. Hierin liegt ein gewaltiges Potential, da die zus\u00e4tzlichen Informationen die Produktionssteuerung, die Ressourcen- und Kapazit\u00e4tsplanung und nicht zuletzt die Qualit\u00e4ts\u00fcberwachung massiv verbessern k\u00f6nnen.<\/p>\n<p>Um die gewaltigen Potentiale, die in diesem Ansatz stecken, heben zu k\u00f6nnen, ist es oft notwendig \u201eum die Ecke\u201c zu denken.<\/p>\n<\/div><\/section><\/div>\n\n<style type=\"text\/css\" data-created_by=\"avia_inline_auto\" id=\"style-css-av-67fuxl-aeb2dd48b3a6ea702a564b0f0bbd3fa6\">\n.flex_column.av-67fuxl-aeb2dd48b3a6ea702a564b0f0bbd3fa6{\nborder-radius:0px 0px 0px 0px;\npadding:0px 0px 0px 0px;\n}\n<\/style>\n<div  class='flex_column av-67fuxl-aeb2dd48b3a6ea702a564b0f0bbd3fa6 av_one_half  avia-builder-el-4  el_after_av_one_half  el_before_av_heading  flex_column_div av-zero-column-padding  '     ><section  class='av_textblock_section av-kdvi301w-f310ce6596117b95f760efc66957926f '   itemscope=\"itemscope\" itemtype=\"https:\/\/schema.org\/CreativeWork\" ><div class='avia_textblock'  itemprop=\"text\" ><p>Meist erreicht man die gr\u00f6\u00dften Vorteile, wenn man Softwareschnittstellen aus verschiedenen Welten (Feldebene, Leitsystem, Produktionsplanung, ERP), die in bestehenden Softwarelandschaften oft v\u00f6llig unterschiedlich konzipiert und implementiert sind, miteinander verbindet.<\/p>\n<p>Wir sind durch unser vielf\u00e4ltig qualifiziertes Team hervorragend aufgestellt, um gemeinsam mit Ihnen auf diesem Weg die Abk\u00fcrzungen zu finden und hervorragende ma\u00dfgeschneiderte L\u00f6sungen zu implementieren.<\/p>\n<\/div><\/section><\/div>\n\n<style type=\"text\/css\" data-created_by=\"avia_inline_auto\" id=\"style-css-av-av_heading-d2db973e25e68d5428fd9aaeca552c16\">\n#top .av-special-heading.av-av_heading-d2db973e25e68d5428fd9aaeca552c16{\npadding-bottom:10px;\n}\nbody .av-special-heading.av-av_heading-d2db973e25e68d5428fd9aaeca552c16 .av-special-heading-tag .heading-char{\nfont-size:25px;\n}\n.av-special-heading.av-av_heading-d2db973e25e68d5428fd9aaeca552c16 .av-subheading{\nfont-size:15px;\n}\n<\/style>\n<div  class='av-special-heading av-av_heading-d2db973e25e68d5428fd9aaeca552c16 av-special-heading-h3  avia-builder-el-6  el_after_av_one_half  el_before_av_one_half '><h3 class='av-special-heading-tag'  itemprop=\"headline\"  >Planungsphasen optimieren<\/h3><div class=\"special-heading-border\"><div class=\"special-heading-inner-border\"><\/div><\/div><\/div>\n\n<style type=\"text\/css\" data-created_by=\"avia_inline_auto\" id=\"style-css-av-3l75l5-5327fe304d707f3ec0fb3d45113db272\">\n.flex_column.av-3l75l5-5327fe304d707f3ec0fb3d45113db272{\nborder-radius:0px 0px 0px 0px;\npadding:0px 0px 0px 0px;\n}\n<\/style>\n<div  class='flex_column av-3l75l5-5327fe304d707f3ec0fb3d45113db272 av_one_half  avia-builder-el-7  el_after_av_heading  el_before_av_one_half  first flex_column_div av-zero-column-padding  '     ><section  class='av_textblock_section av-kdvi9111-afc6b66bddcec87fc4cec70f22557522 '   itemscope=\"itemscope\" itemtype=\"https:\/\/schema.org\/CreativeWork\" ><div class='avia_textblock'  itemprop=\"text\" ><p>Bei der Planung von neuen Anlagenteilen evaluieren und optimieren wir routinem\u00e4\u00dfig vorab die Interoperabilit\u00e4t durch intensive Pr\u00fcfungen an den zugrundeliegenden digitalen Modellen (\u201edigitaler Zwilling\u201c), um Stillstandzeiten zu minimieren und Risiken w\u00e4hrend der Inbetriebnahme weitgehend auszuschlie\u00dfen.<\/p>\n<\/div><\/section><\/div>\n\n<style type=\"text\/css\" data-created_by=\"avia_inline_auto\" id=\"style-css-av-2ij1uh-5155d487490e8cdbf60ddcb4401ed43e\">\n.flex_column.av-2ij1uh-5155d487490e8cdbf60ddcb4401ed43e{\nborder-radius:0px 0px 0px 0px;\npadding:0px 0px 0px 0px;\n}\n<\/style>\n<div  class='flex_column av-2ij1uh-5155d487490e8cdbf60ddcb4401ed43e av_one_half  avia-builder-el-9  el_after_av_one_half  el_before_av_one_full  flex_column_div av-zero-column-padding  '     ><\/div>\n\n<style type=\"text\/css\" data-created_by=\"avia_inline_auto\" id=\"style-css-av-9o2qpl-6b363580ea1484b7a3cec8c67748e6a9\">\n.flex_column.av-9o2qpl-6b363580ea1484b7a3cec8c67748e6a9{\nborder-radius:0px 0px 0px 0px;\npadding:0px 0px 0px 0px;\n}\n<\/style>\n<div  class='flex_column av-9o2qpl-6b363580ea1484b7a3cec8c67748e6a9 av_one_full  avia-builder-el-10  el_after_av_one_half  avia-builder-el-last  first flex_column_div av-zero-column-padding  column-top-margin'     ><div  class='avia-icon-list-container av-kf9jtgm2-69451fee20ab06f91b7fb0ccfb31a629  avia-builder-el-11  avia-builder-el-no-sibling '><ul class='avia-icon-list avia_animate_when_almost_visible avia-icon-list-left av-iconlist-big av-kf9jtgm2-69451fee20ab06f91b7fb0ccfb31a629 avia-iconlist-animate'>\n<li><div class='iconlist_icon av-747k2h-7e7594e0d3c7c146522f4cb137d20bee avia-font-entypo-fontello'><span class='iconlist-char' aria-hidden='true' data-av_icon='\ue8de' data-av_iconfont='entypo-fontello'><\/span><\/div><article class=\"article-icon-entry \"  itemscope=\"itemscope\" itemtype=\"https:\/\/schema.org\/CreativeWork\" ><div class=\"iconlist_content_wrap\"><header class=\"entry-content-header\"><h4 class='av_iconlist_title iconlist_title  '  itemprop=\"headline\" >Relevante Sensordaten ermitteln und bereitstellen<\/h4><\/header><div class='iconlist_content '  itemprop=\"text\" ><p>Durch neue Verkn\u00fcpfungen zwischen vorhandenen Sensordaten lassen sich mit geringem Aufwand relevante Erkenntnisse gewinnen<\/p>\n<\/div><\/div><footer class=\"entry-footer\"><\/footer><\/article><div class=\"iconlist-timeline\"><\/div><\/li>\n<li><div class='iconlist_icon av-6io3eh-f98dcb20d1fd9ae3ca8ef1be882d8873 avia-font-entypo-fontello'><span class='iconlist-char' aria-hidden='true' data-av_icon='\ue8a3' data-av_iconfont='entypo-fontello'><\/span><\/div><article class=\"article-icon-entry \"  itemscope=\"itemscope\" itemtype=\"https:\/\/schema.org\/CreativeWork\" ><div class=\"iconlist_content_wrap\"><header class=\"entry-content-header\"><h4 class='av_iconlist_title iconlist_title  '  itemprop=\"headline\" >Instandhaltung zielgerichtet planen<\/h4><\/header><div class='iconlist_content '  itemprop=\"text\" ><p>Durch eine intelligente Auswertung von Produktionsdaten lassen sich Wartungsintervalle optimieren<\/p>\n<\/div><\/div><footer class=\"entry-footer\"><\/footer><\/article><div class=\"iconlist-timeline\"><\/div><\/li>\n<li><div class='iconlist_icon av-e4pi1-9cc67c93a49233636e733e2b1e86bb4d avia-font-entypo-fontello'><span class='iconlist-char' aria-hidden='true' data-av_icon='\ue8d9' data-av_iconfont='entypo-fontello'><\/span><\/div><article class=\"article-icon-entry \"  itemscope=\"itemscope\" itemtype=\"https:\/\/schema.org\/CreativeWork\" ><div class=\"iconlist_content_wrap\"><header class=\"entry-content-header\"><h4 class='av_iconlist_title iconlist_title  '  itemprop=\"headline\" >Produktionsdaten f\u00fcr das ERP-System bereitstellen<\/h4><\/header><div class='iconlist_content '  itemprop=\"text\" ><p>Passgenaue Schnittstellen zwischen Produktions- und Verwaltungsnetzwerken erlauben eine pr\u00e4zisere Produktionsplanung ohne die Sicherheit zu beeintr\u00e4chtigen<\/p>\n<\/div><\/div><footer class=\"entry-footer\"><\/footer><\/article><div class=\"iconlist-timeline\"><\/div><\/li>\n<li><div class='iconlist_icon av-av_iconlist_item-7e6b5d465e46a484ce339679247f204f avia-font-entypo-fontello'><span class='iconlist-char' aria-hidden='true' data-av_icon='\ue800' data-av_iconfont='entypo-fontello'><\/span><\/div><article class=\"article-icon-entry \"  itemscope=\"itemscope\" itemtype=\"https:\/\/schema.org\/CreativeWork\" ><div class=\"iconlist_content_wrap\"><header class=\"entry-content-header\"><h4 class='av_iconlist_title iconlist_title  '  itemprop=\"headline\" >Inbetriebnahme Phasen optimieren<\/h4><\/header><div class='iconlist_content '  itemprop=\"text\" ><p>Digitale Zwillinge erm\u00f6glichen punktgenaue Inbetriebnahme Phasen und eine Verk\u00fcrzung von Ausfallzeiten f\u00fcr Wartungszwecke.<\/p>\n<\/div><\/div><footer class=\"entry-footer\"><\/footer><\/article><div class=\"iconlist-timeline\"><\/div><\/li>\n<\/ul><\/div><\/div>\n","protected":false},"excerpt":{"rendered":"","protected":false},"author":1,"featured_media":0,"parent":4170,"menu_order":0,"comment_status":"closed","ping_status":"closed","template":"","meta":{"footnotes":""},"yoast_head":"<!-- This site is optimized with the Yoast SEO plugin v22.1 - https:\/\/yoast.com\/wordpress\/plugins\/seo\/ -->\n<title>Digitale Transformation : Nagl &amp; Vetter GmbH<\/title>\n<meta name=\"description\" content=\"Bei uns bekommen Sie Mehrwert statt Buzzwords. Wir digitalisieren Ihre Produktion dort, wo es wirklich Sinn ergibt.\" \/>\n<meta name=\"robots\" content=\"index, follow, max-snippet:-1, max-image-preview:large, max-video-preview:-1\" \/>\n<link rel=\"canonical\" href=\"https:\/\/nagl-vetter.de\/de\/automatisierung\/digitale-transformation\/\" \/>\n<meta property=\"og:locale\" content=\"de_DE\" \/>\n<meta property=\"og:type\" content=\"article\" \/>\n<meta property=\"og:title\" content=\"Digitale Transformation : Nagl &amp; Vetter GmbH\" \/>\n<meta property=\"og:description\" content=\"Bei uns bekommen Sie Mehrwert statt Buzzwords. Wir digitalisieren Ihre Produktion dort, wo es wirklich Sinn ergibt.\" \/>\n<meta property=\"og:url\" content=\"https:\/\/nagl-vetter.de\/de\/automatisierung\/digitale-transformation\/\" \/>\n<meta property=\"og:site_name\" content=\"Nagl &amp; Vetter GmbH\" \/>\n<meta property=\"article:modified_time\" content=\"2020-10-28T11:59:35+00:00\" \/>\n<meta name=\"twitter:card\" content=\"summary_large_image\" \/>\n<meta name=\"twitter:label1\" content=\"Gesch\u00e4tzte Lesezeit\" \/>\n\t<meta name=\"twitter:data1\" content=\"7\u00a0Minuten\" \/>\n<script type=\"application\/ld+json\" class=\"yoast-schema-graph\">{\"@context\":\"https:\/\/schema.org\",\"@graph\":[{\"@type\":\"WebPage\",\"@id\":\"https:\/\/nagl-vetter.de\/de\/automatisierung\/digitale-transformation\/\",\"url\":\"https:\/\/nagl-vetter.de\/de\/automatisierung\/digitale-transformation\/\",\"name\":\"Digitale Transformation : Nagl &amp; Vetter GmbH\",\"isPartOf\":{\"@id\":\"https:\/\/nagl-vetter.de\/de\/#website\"},\"datePublished\":\"2020-08-12T18:54:40+00:00\",\"dateModified\":\"2020-10-28T11:59:35+00:00\",\"description\":\"Bei uns bekommen Sie Mehrwert statt Buzzwords. Wir digitalisieren Ihre Produktion dort, wo es wirklich Sinn ergibt.\",\"breadcrumb\":{\"@id\":\"https:\/\/nagl-vetter.de\/de\/automatisierung\/digitale-transformation\/#breadcrumb\"},\"inLanguage\":\"de\",\"potentialAction\":[{\"@type\":\"ReadAction\",\"target\":[\"https:\/\/nagl-vetter.de\/de\/automatisierung\/digitale-transformation\/\"]}]},{\"@type\":\"BreadcrumbList\",\"@id\":\"https:\/\/nagl-vetter.de\/de\/automatisierung\/digitale-transformation\/#breadcrumb\",\"itemListElement\":[{\"@type\":\"ListItem\",\"position\":1,\"name\":\"Startseite\",\"item\":\"https:\/\/nagl-vetter.de\/de\/startseite\/\"},{\"@type\":\"ListItem\",\"position\":2,\"name\":\"Industrieautomatisierung\",\"item\":\"https:\/\/nagl-vetter.de\/de\/automatisierung\/\"},{\"@type\":\"ListItem\",\"position\":3,\"name\":\"Digitale Transformation\"}]},{\"@type\":\"WebSite\",\"@id\":\"https:\/\/nagl-vetter.de\/de\/#website\",\"url\":\"https:\/\/nagl-vetter.de\/de\/\",\"name\":\"Nagl & Vetter GmbH\",\"description\":\"Automatisierung, Forschung &amp; Entwicklung, Industrie\",\"publisher\":{\"@id\":\"https:\/\/nagl-vetter.de\/de\/#organization\"},\"potentialAction\":[{\"@type\":\"SearchAction\",\"target\":{\"@type\":\"EntryPoint\",\"urlTemplate\":\"https:\/\/nagl-vetter.de\/de\/?s={search_term_string}\"},\"query-input\":\"required name=search_term_string\"}],\"inLanguage\":\"de\"},{\"@type\":\"Organization\",\"@id\":\"https:\/\/nagl-vetter.de\/de\/#organization\",\"name\":\"Nagl & Vetter GmbH\",\"url\":\"https:\/\/nagl-vetter.de\/de\/\",\"logo\":{\"@type\":\"ImageObject\",\"inLanguage\":\"de\",\"@id\":\"https:\/\/nagl-vetter.de\/de\/#\/schema\/logo\/image\/\",\"url\":\"https:\/\/nagl-vetter.de\/wp-content\/uploads\/2019\/12\/nv-logo-web-1.png\",\"contentUrl\":\"https:\/\/nagl-vetter.de\/wp-content\/uploads\/2019\/12\/nv-logo-web-1.png\",\"width\":340,\"height\":156,\"caption\":\"Nagl & Vetter GmbH\"},\"image\":{\"@id\":\"https:\/\/nagl-vetter.de\/de\/#\/schema\/logo\/image\/\"},\"sameAs\":[\"https:\/\/www.linkedin.com\/company\/nagl-vetter\/\"]}]}<\/script>\n<!-- \/ Yoast SEO plugin. -->","yoast_head_json":{"title":"Digitale Transformation : Nagl &amp; Vetter GmbH","description":"Bei uns bekommen Sie Mehrwert statt Buzzwords. Wir digitalisieren Ihre Produktion dort, wo es wirklich Sinn ergibt.","robots":{"index":"index","follow":"follow","max-snippet":"max-snippet:-1","max-image-preview":"max-image-preview:large","max-video-preview":"max-video-preview:-1"},"canonical":"https:\/\/nagl-vetter.de\/de\/automatisierung\/digitale-transformation\/","og_locale":"de_DE","og_type":"article","og_title":"Digitale Transformation : Nagl &amp; Vetter GmbH","og_description":"Bei uns bekommen Sie Mehrwert statt Buzzwords. Wir digitalisieren Ihre Produktion dort, wo es wirklich Sinn ergibt.","og_url":"https:\/\/nagl-vetter.de\/de\/automatisierung\/digitale-transformation\/","og_site_name":"Nagl &amp; Vetter GmbH","article_modified_time":"2020-10-28T11:59:35+00:00","twitter_card":"summary_large_image","twitter_misc":{"Gesch\u00e4tzte Lesezeit":"7\u00a0Minuten"},"schema":{"@context":"https:\/\/schema.org","@graph":[{"@type":"WebPage","@id":"https:\/\/nagl-vetter.de\/de\/automatisierung\/digitale-transformation\/","url":"https:\/\/nagl-vetter.de\/de\/automatisierung\/digitale-transformation\/","name":"Digitale Transformation : Nagl &amp; Vetter GmbH","isPartOf":{"@id":"https:\/\/nagl-vetter.de\/de\/#website"},"datePublished":"2020-08-12T18:54:40+00:00","dateModified":"2020-10-28T11:59:35+00:00","description":"Bei uns bekommen Sie Mehrwert statt Buzzwords. Wir digitalisieren Ihre Produktion dort, wo es wirklich Sinn ergibt.","breadcrumb":{"@id":"https:\/\/nagl-vetter.de\/de\/automatisierung\/digitale-transformation\/#breadcrumb"},"inLanguage":"de","potentialAction":[{"@type":"ReadAction","target":["https:\/\/nagl-vetter.de\/de\/automatisierung\/digitale-transformation\/"]}]},{"@type":"BreadcrumbList","@id":"https:\/\/nagl-vetter.de\/de\/automatisierung\/digitale-transformation\/#breadcrumb","itemListElement":[{"@type":"ListItem","position":1,"name":"Startseite","item":"https:\/\/nagl-vetter.de\/de\/startseite\/"},{"@type":"ListItem","position":2,"name":"Industrieautomatisierung","item":"https:\/\/nagl-vetter.de\/de\/automatisierung\/"},{"@type":"ListItem","position":3,"name":"Digitale Transformation"}]},{"@type":"WebSite","@id":"https:\/\/nagl-vetter.de\/de\/#website","url":"https:\/\/nagl-vetter.de\/de\/","name":"Nagl & Vetter GmbH","description":"Automatisierung, Forschung &amp; Entwicklung, Industrie","publisher":{"@id":"https:\/\/nagl-vetter.de\/de\/#organization"},"potentialAction":[{"@type":"SearchAction","target":{"@type":"EntryPoint","urlTemplate":"https:\/\/nagl-vetter.de\/de\/?s={search_term_string}"},"query-input":"required name=search_term_string"}],"inLanguage":"de"},{"@type":"Organization","@id":"https:\/\/nagl-vetter.de\/de\/#organization","name":"Nagl & Vetter GmbH","url":"https:\/\/nagl-vetter.de\/de\/","logo":{"@type":"ImageObject","inLanguage":"de","@id":"https:\/\/nagl-vetter.de\/de\/#\/schema\/logo\/image\/","url":"https:\/\/nagl-vetter.de\/wp-content\/uploads\/2019\/12\/nv-logo-web-1.png","contentUrl":"https:\/\/nagl-vetter.de\/wp-content\/uploads\/2019\/12\/nv-logo-web-1.png","width":340,"height":156,"caption":"Nagl & Vetter GmbH"},"image":{"@id":"https:\/\/nagl-vetter.de\/de\/#\/schema\/logo\/image\/"},"sameAs":["https:\/\/www.linkedin.com\/company\/nagl-vetter\/"]}]}},"_links":{"self":[{"href":"https:\/\/nagl-vetter.de\/de\/wp-json\/wp\/v2\/pages\/4297"}],"collection":[{"href":"https:\/\/nagl-vetter.de\/de\/wp-json\/wp\/v2\/pages"}],"about":[{"href":"https:\/\/nagl-vetter.de\/de\/wp-json\/wp\/v2\/types\/page"}],"author":[{"embeddable":true,"href":"https:\/\/nagl-vetter.de\/de\/wp-json\/wp\/v2\/users\/1"}],"replies":[{"embeddable":true,"href":"https:\/\/nagl-vetter.de\/de\/wp-json\/wp\/v2\/comments?post=4297"}],"version-history":[{"count":14,"href":"https:\/\/nagl-vetter.de\/de\/wp-json\/wp\/v2\/pages\/4297\/revisions"}],"predecessor-version":[{"id":6683,"href":"https:\/\/nagl-vetter.de\/de\/wp-json\/wp\/v2\/pages\/4297\/revisions\/6683"}],"up":[{"embeddable":true,"href":"https:\/\/nagl-vetter.de\/de\/wp-json\/wp\/v2\/pages\/4170"}],"wp:attachment":[{"href":"https:\/\/nagl-vetter.de\/de\/wp-json\/wp\/v2\/media?parent=4297"}],"curies":[{"name":"wp","href":"https:\/\/api.w.org\/{rel}","templated":true}]}}