{"id":4299,"date":"2020-08-12T20:55:24","date_gmt":"2020-08-12T18:55:24","guid":{"rendered":"https:\/\/nagl-vetter.de\/?page_id=4299"},"modified":"2020-09-15T22:35:54","modified_gmt":"2020-09-15T20:35:54","slug":"robotik","status":"publish","type":"page","link":"https:\/\/nagl-vetter.de\/de\/automatisierung\/robotik\/","title":{"rendered":"Robotik"},"content":{"rendered":"<div id='layer_slider_1'  class='avia-layerslider main_color avia-shadow  avia-builder-el-0  el_before_av_heading  avia-builder-el-first  container_wrap sidebar_right'  style='height: 501px; max-width: 1280px; margin: 0 auto;'  ><\/div><div id='after_layer_slider_1'  class='main_color av_default_container_wrap container_wrap sidebar_right'  ><div class='container av-section-cont-open' ><div class='template-page content  av-content-small alpha units'><div class='post-entry post-entry-type-page post-entry-4299'><div class='entry-content-wrapper clearfix'>\n\n<style type=\"text\/css\" data-created_by=\"avia_inline_auto\" id=\"style-css-av-kdvyenbp-7aed78c3d3fb5afe16659e16a0bb69e3\">\n#top .av-special-heading.av-kdvyenbp-7aed78c3d3fb5afe16659e16a0bb69e3{\npadding-bottom:10px;\n}\nbody .av-special-heading.av-kdvyenbp-7aed78c3d3fb5afe16659e16a0bb69e3 .av-special-heading-tag .heading-char{\nfont-size:25px;\n}\n.av-special-heading.av-kdvyenbp-7aed78c3d3fb5afe16659e16a0bb69e3 .av-subheading{\nfont-size:15px;\n}\n<\/style>\n<div  class='av-special-heading av-kdvyenbp-7aed78c3d3fb5afe16659e16a0bb69e3 av-special-heading-h3  avia-builder-el-1  el_after_av_layerslider  el_before_av_one_half  avia-builder-el-first '><h3 class='av-special-heading-tag'  itemprop=\"headline\"  >Flexibel und wirtschaftlich: Unsere Roboterl\u00f6sungen<\/h3><div class=\"special-heading-border\"><div class=\"special-heading-inner-border\"><\/div><\/div><\/div>\n\n<style type=\"text\/css\" data-created_by=\"avia_inline_auto\" id=\"style-css-av-3zppbf-4aa83ee520d3ca86e917792ca4e12401\">\n.flex_column.av-3zppbf-4aa83ee520d3ca86e917792ca4e12401{\nborder-radius:0px 0px 0px 0px;\npadding:0px 0px 0px 0px;\n}\n<\/style>\n<div  class='flex_column av-3zppbf-4aa83ee520d3ca86e917792ca4e12401 av_one_half  avia-builder-el-2  el_after_av_heading  el_before_av_one_half  first flex_column_div av-zero-column-padding  '     ><section  class='av_textblock_section av-kdvk2fhj-fd662ae761775469f7a04ece7b762a89 '   itemscope=\"itemscope\" itemtype=\"https:\/\/schema.org\/CreativeWork\" ><div class='avia_textblock'  itemprop=\"text\" ><p>Roboterbasierte L\u00f6sungen sind routinem\u00e4\u00dfig Teil unserer Vergleichsanalysen in der <a href=\"https:\/\/nagl-vetter.de\/de\/automatisierung\/anlagen\/\">Anlagenplanung<\/a>. In vielen F\u00e4llen stellen sie aufgrund der hohen Flexibilit\u00e4t den risiko\u00e4rmsten und oft auch wirtschaftlichsten L\u00f6sungsweg dar.<\/p>\n<p>Bei der Modernisierung von Bestandsanlagen und der Planung von Anlagen f\u00fcr neue Produkte, f\u00fcr deren Produktion noch keine umfassenden Erfahrungswerte vorliegen, sind roboterbasierte L\u00f6sungen oft ideal, weil Positionsabweichungen vorhandener Maschinen und Verfahrensanpassungen keine gro\u00dfen Umbauten, sondern in vielen F\u00e4llen nur kleine \u00c4nderungen an der Programmierung erforderlich machen.<\/p>\n<\/div><\/section><\/div>\n\n<style type=\"text\/css\" data-created_by=\"avia_inline_auto\" id=\"style-css-av-3azsa3-1d8bf26a576136ddc28ceebc3c117e35\">\n.flex_column.av-3azsa3-1d8bf26a576136ddc28ceebc3c117e35{\nborder-radius:0px 0px 0px 0px;\npadding:0px 0px 0px 0px;\n}\n<\/style>\n<div  class='flex_column av-3azsa3-1d8bf26a576136ddc28ceebc3c117e35 av_one_half  avia-builder-el-4  el_after_av_one_half  avia-builder-el-last  flex_column_div av-zero-column-padding  '     ><section  class='av_textblock_section av-kdvk461d-d343ffecad10eda73f0e041ec4cc7b71 '   itemscope=\"itemscope\" itemtype=\"https:\/\/schema.org\/CreativeWork\" ><div class='avia_textblock'  itemprop=\"text\" ><p>Bei neuen Produkte und Verfahren lassen sich Zeit und Kosten f\u00fcr die Evaluierung von Produktions- und Handlingverfahren durch eine agile Entwicklung auf Basis von roboterbasierten Anlagen teilweise drastisch senken. Auch wenn Anlagen geeignet sein sollen verschiedene Produktvarianten ohne Umr\u00fcstung herzustellen, ist der Einsatz von Robotern &#8211; teilweise in Verbindung mit <a href=\"https:\/\/nagl-vetter.de\/de\/automatisierung\/machine-vision\/\">Machine Vision<\/a> &#8211; oft die ideale L\u00f6sung.<\/p>\n<\/div><\/section><\/div>\n","protected":false},"excerpt":{"rendered":"","protected":false},"author":1,"featured_media":0,"parent":4170,"menu_order":0,"comment_status":"closed","ping_status":"closed","template":"","meta":{"footnotes":""},"yoast_head":"<!-- This site is optimized with the Yoast SEO plugin v22.1 - https:\/\/yoast.com\/wordpress\/plugins\/seo\/ -->\n<title>Robotik : Nagl &amp; Vetter GmbH<\/title>\n<meta name=\"description\" content=\"Handling, Maschinenverkettung, Bearbeitung von Werkst\u00fccken: Wir automatisieren Ihre Fertigung unter Einsatz neuer oder gebrauchter Roboter\" \/>\n<meta name=\"robots\" content=\"index, follow, max-snippet:-1, max-image-preview:large, max-video-preview:-1\" \/>\n<link rel=\"canonical\" href=\"https:\/\/nagl-vetter.de\/de\/automatisierung\/robotik\/\" \/>\n<meta property=\"og:locale\" content=\"de_DE\" \/>\n<meta property=\"og:type\" content=\"article\" \/>\n<meta property=\"og:title\" content=\"Robotik : Nagl &amp; Vetter GmbH\" \/>\n<meta property=\"og:description\" content=\"Handling, Maschinenverkettung, Bearbeitung von Werkst\u00fccken: Wir automatisieren Ihre Fertigung unter Einsatz neuer oder gebrauchter Roboter\" \/>\n<meta property=\"og:url\" content=\"https:\/\/nagl-vetter.de\/de\/automatisierung\/robotik\/\" \/>\n<meta property=\"og:site_name\" content=\"Nagl &amp; Vetter GmbH\" \/>\n<meta property=\"article:modified_time\" content=\"2020-09-15T20:35:54+00:00\" \/>\n<meta name=\"twitter:card\" content=\"summary_large_image\" \/>\n<meta name=\"twitter:label1\" content=\"Gesch\u00e4tzte Lesezeit\" \/>\n\t<meta name=\"twitter:data1\" content=\"3\u00a0Minuten\" \/>\n<script type=\"application\/ld+json\" class=\"yoast-schema-graph\">{\"@context\":\"https:\/\/schema.org\",\"@graph\":[{\"@type\":\"WebPage\",\"@id\":\"https:\/\/nagl-vetter.de\/de\/automatisierung\/robotik\/\",\"url\":\"https:\/\/nagl-vetter.de\/de\/automatisierung\/robotik\/\",\"name\":\"Robotik : Nagl &amp; Vetter GmbH\",\"isPartOf\":{\"@id\":\"https:\/\/nagl-vetter.de\/de\/#website\"},\"datePublished\":\"2020-08-12T18:55:24+00:00\",\"dateModified\":\"2020-09-15T20:35:54+00:00\",\"description\":\"Handling, Maschinenverkettung, Bearbeitung von Werkst\u00fccken: Wir automatisieren Ihre Fertigung unter Einsatz neuer oder gebrauchter Roboter\",\"breadcrumb\":{\"@id\":\"https:\/\/nagl-vetter.de\/de\/automatisierung\/robotik\/#breadcrumb\"},\"inLanguage\":\"de\",\"potentialAction\":[{\"@type\":\"ReadAction\",\"target\":[\"https:\/\/nagl-vetter.de\/de\/automatisierung\/robotik\/\"]}]},{\"@type\":\"BreadcrumbList\",\"@id\":\"https:\/\/nagl-vetter.de\/de\/automatisierung\/robotik\/#breadcrumb\",\"itemListElement\":[{\"@type\":\"ListItem\",\"position\":1,\"name\":\"Startseite\",\"item\":\"https:\/\/nagl-vetter.de\/de\/startseite\/\"},{\"@type\":\"ListItem\",\"position\":2,\"name\":\"Industrieautomatisierung\",\"item\":\"https:\/\/nagl-vetter.de\/de\/automatisierung\/\"},{\"@type\":\"ListItem\",\"position\":3,\"name\":\"Robotik\"}]},{\"@type\":\"WebSite\",\"@id\":\"https:\/\/nagl-vetter.de\/de\/#website\",\"url\":\"https:\/\/nagl-vetter.de\/de\/\",\"name\":\"Nagl & Vetter GmbH\",\"description\":\"Automatisierung, Forschung &amp; Entwicklung, Industrie\",\"publisher\":{\"@id\":\"https:\/\/nagl-vetter.de\/de\/#organization\"},\"potentialAction\":[{\"@type\":\"SearchAction\",\"target\":{\"@type\":\"EntryPoint\",\"urlTemplate\":\"https:\/\/nagl-vetter.de\/de\/?s={search_term_string}\"},\"query-input\":\"required name=search_term_string\"}],\"inLanguage\":\"de\"},{\"@type\":\"Organization\",\"@id\":\"https:\/\/nagl-vetter.de\/de\/#organization\",\"name\":\"Nagl & Vetter GmbH\",\"url\":\"https:\/\/nagl-vetter.de\/de\/\",\"logo\":{\"@type\":\"ImageObject\",\"inLanguage\":\"de\",\"@id\":\"https:\/\/nagl-vetter.de\/de\/#\/schema\/logo\/image\/\",\"url\":\"https:\/\/nagl-vetter.de\/wp-content\/uploads\/2019\/12\/nv-logo-web-1.png\",\"contentUrl\":\"https:\/\/nagl-vetter.de\/wp-content\/uploads\/2019\/12\/nv-logo-web-1.png\",\"width\":340,\"height\":156,\"caption\":\"Nagl & Vetter GmbH\"},\"image\":{\"@id\":\"https:\/\/nagl-vetter.de\/de\/#\/schema\/logo\/image\/\"},\"sameAs\":[\"https:\/\/www.linkedin.com\/company\/nagl-vetter\/\"]}]}<\/script>\n<!-- \/ Yoast SEO plugin. -->","yoast_head_json":{"title":"Robotik : Nagl &amp; Vetter GmbH","description":"Handling, Maschinenverkettung, Bearbeitung von Werkst\u00fccken: Wir automatisieren Ihre Fertigung unter Einsatz neuer oder gebrauchter Roboter","robots":{"index":"index","follow":"follow","max-snippet":"max-snippet:-1","max-image-preview":"max-image-preview:large","max-video-preview":"max-video-preview:-1"},"canonical":"https:\/\/nagl-vetter.de\/de\/automatisierung\/robotik\/","og_locale":"de_DE","og_type":"article","og_title":"Robotik : Nagl &amp; Vetter GmbH","og_description":"Handling, Maschinenverkettung, Bearbeitung von Werkst\u00fccken: Wir automatisieren Ihre Fertigung unter Einsatz neuer oder gebrauchter Roboter","og_url":"https:\/\/nagl-vetter.de\/de\/automatisierung\/robotik\/","og_site_name":"Nagl &amp; Vetter GmbH","article_modified_time":"2020-09-15T20:35:54+00:00","twitter_card":"summary_large_image","twitter_misc":{"Gesch\u00e4tzte Lesezeit":"3\u00a0Minuten"},"schema":{"@context":"https:\/\/schema.org","@graph":[{"@type":"WebPage","@id":"https:\/\/nagl-vetter.de\/de\/automatisierung\/robotik\/","url":"https:\/\/nagl-vetter.de\/de\/automatisierung\/robotik\/","name":"Robotik : Nagl &amp; Vetter GmbH","isPartOf":{"@id":"https:\/\/nagl-vetter.de\/de\/#website"},"datePublished":"2020-08-12T18:55:24+00:00","dateModified":"2020-09-15T20:35:54+00:00","description":"Handling, Maschinenverkettung, Bearbeitung von Werkst\u00fccken: Wir automatisieren Ihre Fertigung unter Einsatz neuer oder gebrauchter Roboter","breadcrumb":{"@id":"https:\/\/nagl-vetter.de\/de\/automatisierung\/robotik\/#breadcrumb"},"inLanguage":"de","potentialAction":[{"@type":"ReadAction","target":["https:\/\/nagl-vetter.de\/de\/automatisierung\/robotik\/"]}]},{"@type":"BreadcrumbList","@id":"https:\/\/nagl-vetter.de\/de\/automatisierung\/robotik\/#breadcrumb","itemListElement":[{"@type":"ListItem","position":1,"name":"Startseite","item":"https:\/\/nagl-vetter.de\/de\/startseite\/"},{"@type":"ListItem","position":2,"name":"Industrieautomatisierung","item":"https:\/\/nagl-vetter.de\/de\/automatisierung\/"},{"@type":"ListItem","position":3,"name":"Robotik"}]},{"@type":"WebSite","@id":"https:\/\/nagl-vetter.de\/de\/#website","url":"https:\/\/nagl-vetter.de\/de\/","name":"Nagl & Vetter GmbH","description":"Automatisierung, Forschung &amp; Entwicklung, Industrie","publisher":{"@id":"https:\/\/nagl-vetter.de\/de\/#organization"},"potentialAction":[{"@type":"SearchAction","target":{"@type":"EntryPoint","urlTemplate":"https:\/\/nagl-vetter.de\/de\/?s={search_term_string}"},"query-input":"required name=search_term_string"}],"inLanguage":"de"},{"@type":"Organization","@id":"https:\/\/nagl-vetter.de\/de\/#organization","name":"Nagl & Vetter GmbH","url":"https:\/\/nagl-vetter.de\/de\/","logo":{"@type":"ImageObject","inLanguage":"de","@id":"https:\/\/nagl-vetter.de\/de\/#\/schema\/logo\/image\/","url":"https:\/\/nagl-vetter.de\/wp-content\/uploads\/2019\/12\/nv-logo-web-1.png","contentUrl":"https:\/\/nagl-vetter.de\/wp-content\/uploads\/2019\/12\/nv-logo-web-1.png","width":340,"height":156,"caption":"Nagl & Vetter GmbH"},"image":{"@id":"https:\/\/nagl-vetter.de\/de\/#\/schema\/logo\/image\/"},"sameAs":["https:\/\/www.linkedin.com\/company\/nagl-vetter\/"]}]}},"_links":{"self":[{"href":"https:\/\/nagl-vetter.de\/de\/wp-json\/wp\/v2\/pages\/4299"}],"collection":[{"href":"https:\/\/nagl-vetter.de\/de\/wp-json\/wp\/v2\/pages"}],"about":[{"href":"https:\/\/nagl-vetter.de\/de\/wp-json\/wp\/v2\/types\/page"}],"author":[{"embeddable":true,"href":"https:\/\/nagl-vetter.de\/de\/wp-json\/wp\/v2\/users\/1"}],"replies":[{"embeddable":true,"href":"https:\/\/nagl-vetter.de\/de\/wp-json\/wp\/v2\/comments?post=4299"}],"version-history":[{"count":4,"href":"https:\/\/nagl-vetter.de\/de\/wp-json\/wp\/v2\/pages\/4299\/revisions"}],"predecessor-version":[{"id":4369,"href":"https:\/\/nagl-vetter.de\/de\/wp-json\/wp\/v2\/pages\/4299\/revisions\/4369"}],"up":[{"embeddable":true,"href":"https:\/\/nagl-vetter.de\/de\/wp-json\/wp\/v2\/pages\/4170"}],"wp:attachment":[{"href":"https:\/\/nagl-vetter.de\/de\/wp-json\/wp\/v2\/media?parent=4299"}],"curies":[{"name":"wp","href":"https:\/\/api.w.org\/{rel}","templated":true}]}}