{"id":4301,"date":"2020-08-12T20:56:09","date_gmt":"2020-08-12T18:56:09","guid":{"rendered":"https:\/\/nagl-vetter.de\/?page_id=4301"},"modified":"2020-09-15T22:21:06","modified_gmt":"2020-09-15T20:21:06","slug":"anlagen","status":"publish","type":"page","link":"https:\/\/nagl-vetter.de\/de\/automatisierung\/anlagen\/","title":{"rendered":"Anlagen"},"content":{"rendered":"<div id='layer_slider_1'  class='avia-layerslider main_color avia-shadow  avia-builder-el-0  el_before_av_heading  avia-builder-el-first  container_wrap sidebar_right'  style='height: 501px; max-width: 1280px; margin: 0 auto;'  ><\/div><div id='after_layer_slider_1'  class='main_color av_default_container_wrap container_wrap sidebar_right'  ><div class='container av-section-cont-open' ><div class='template-page content  av-content-small alpha units'><div class='post-entry post-entry-type-page post-entry-4301'><div class='entry-content-wrapper clearfix'>\n\n<style type=\"text\/css\" data-created_by=\"avia_inline_auto\" id=\"style-css-av-2gdoct-ab9dfd42e370d3ed913f073556ec32b0\">\n#top .av-special-heading.av-2gdoct-ab9dfd42e370d3ed913f073556ec32b0{\npadding-bottom:10px;\n}\nbody .av-special-heading.av-2gdoct-ab9dfd42e370d3ed913f073556ec32b0 .av-special-heading-tag .heading-char{\nfont-size:25px;\n}\n.av-special-heading.av-2gdoct-ab9dfd42e370d3ed913f073556ec32b0 .av-subheading{\nfont-size:15px;\n}\n<\/style>\n<div  class='av-special-heading av-2gdoct-ab9dfd42e370d3ed913f073556ec32b0 av-special-heading-h3  avia-builder-el-1  el_after_av_layerslider  el_before_av_one_half  avia-builder-el-first '><h3 class='av-special-heading-tag'  itemprop=\"headline\"  >Wir entwickeln und bauen Produktionsanlagen<\/h3><div class=\"special-heading-border\"><div class=\"special-heading-inner-border\"><\/div><\/div><\/div>\n\n<style type=\"text\/css\" data-created_by=\"avia_inline_auto\" id=\"style-css-av-4r7i19-2779e3a384a0c2680cd8eb8d325e88af\">\n.flex_column.av-4r7i19-2779e3a384a0c2680cd8eb8d325e88af{\nborder-radius:0px 0px 0px 0px;\npadding:0px 0px 0px 0px;\n}\n<\/style>\n<div  class='flex_column av-4r7i19-2779e3a384a0c2680cd8eb8d325e88af av_one_half  avia-builder-el-2  el_after_av_heading  el_before_av_one_half  first flex_column_div av-zero-column-padding  '     ><section  class='av_textblock_section av-kdvj46i7-e23b42793a45c05324bef741823c18fa '   itemscope=\"itemscope\" itemtype=\"https:\/\/schema.org\/CreativeWork\" ><div class='avia_textblock'  itemprop=\"text\" ><p>Wir automatisieren und modernisieren Ihre bestehenden Produktionsanlagen und entwickeln, planen und bauen Neuanlagen.<\/p>\n<p>Angefangen von der Definition der Anforderungen (Requirements Engineering) \u00fcber den Vergleich und die Auswahl geeigneter Anlagenkonzepte und Maschinen bis hin zur Entwicklung von Maschinen und Komponenten f\u00fcr Aufgabenstellungen, f\u00fcr die keine befriedigenden L\u00f6sungen am Markt verf\u00fcgbar sind, k\u00f6nnen wir auf Wunsch das gesamte Spektrum abdecken.<\/p>\n<p>Dabei legen wir Wert auf Herstellerneutralit\u00e4t und passen insbesondere Erweiterungen von Bestandsanlagen auf Wunsch so an, dass einheitliche Gesamtanlagen mit hohem Gleichteileanteil erzielt werden.<\/p>\n<\/div><\/section><\/div>\n\n<style type=\"text\/css\" data-created_by=\"avia_inline_auto\" id=\"style-css-av-1tv9z1-db30c13e7b15b04387ca602e203b07a3\">\n.flex_column.av-1tv9z1-db30c13e7b15b04387ca602e203b07a3{\nborder-radius:0px 0px 0px 0px;\npadding:0px 0px 0px 0px;\n}\n<\/style>\n<div  class='flex_column av-1tv9z1-db30c13e7b15b04387ca602e203b07a3 av_one_half  avia-builder-el-4  el_after_av_one_half  avia-builder-el-last  flex_column_div av-zero-column-padding  '     ><section  class='av_textblock_section av-kdvj88fs-9f05adda37c49452b387a564ff6dbd38 '   itemscope=\"itemscope\" itemtype=\"https:\/\/schema.org\/CreativeWork\" ><div class='avia_textblock'  itemprop=\"text\" ><p>Von der <a href=\"https:\/\/nagl-vetter.de\/de\/automatisierung\/sondermaschinen\/\">Sondermaschinenkonstruktion<\/a> bis zur Leittechnik haben unsere Mitarbeiter Expertise und sorgen in dynamischen Teams f\u00fcr eine Projektabwicklung ohne Reibungsverluste zwischen Herstellern oder Gewerken.<\/p>\n<p>Falls es f\u00fcr die Projekte Sinn ergibt und f\u00fcr die Kunden akzeptabel ist beziehen wir auch Anlagenkonzepte unter Verwendung von Gebrauchtrobotern in den Vergleich ein. Insbesondere bei der Maschinenverkettung in bestehenden Produktionslinien sind hiermit oft verbl\u00fcffend wirtschaftliche L\u00f6sungen mit deutlich reduziertem Sondermaschinenbedarf und sehr kurzen Amortisationszeiten erreichbar.<\/p>\n<\/div><\/section><\/div>\n","protected":false},"excerpt":{"rendered":"","protected":false},"author":1,"featured_media":0,"parent":4170,"menu_order":0,"comment_status":"closed","ping_status":"closed","template":"","meta":{"footnotes":""},"yoast_head":"<!-- This site is optimized with the Yoast SEO plugin v22.1 - https:\/\/yoast.com\/wordpress\/plugins\/seo\/ -->\n<title>Anlagen : Nagl &amp; Vetter GmbH<\/title>\n<meta name=\"description\" content=\"Produktionsanlagen: Von einfach bis hochkomplex, vom Requirements Engineering bis zur Endabnahme erhalten Sie von uns umfassende Unterst\u00fctzung\" \/>\n<meta name=\"robots\" content=\"index, follow, max-snippet:-1, max-image-preview:large, max-video-preview:-1\" \/>\n<link rel=\"canonical\" href=\"https:\/\/nagl-vetter.de\/de\/automatisierung\/anlagen\/\" \/>\n<meta property=\"og:locale\" content=\"de_DE\" \/>\n<meta property=\"og:type\" content=\"article\" \/>\n<meta property=\"og:title\" content=\"Anlagen : Nagl &amp; Vetter GmbH\" \/>\n<meta property=\"og:description\" content=\"Produktionsanlagen: Von einfach bis hochkomplex, vom Requirements Engineering bis zur Endabnahme erhalten Sie von uns umfassende Unterst\u00fctzung\" \/>\n<meta property=\"og:url\" content=\"https:\/\/nagl-vetter.de\/de\/automatisierung\/anlagen\/\" \/>\n<meta property=\"og:site_name\" content=\"Nagl &amp; Vetter GmbH\" \/>\n<meta property=\"article:modified_time\" content=\"2020-09-15T20:21:06+00:00\" \/>\n<meta name=\"twitter:card\" content=\"summary_large_image\" \/>\n<meta name=\"twitter:label1\" content=\"Gesch\u00e4tzte Lesezeit\" \/>\n\t<meta name=\"twitter:data1\" content=\"3\u00a0Minuten\" \/>\n<script type=\"application\/ld+json\" class=\"yoast-schema-graph\">{\"@context\":\"https:\/\/schema.org\",\"@graph\":[{\"@type\":\"WebPage\",\"@id\":\"https:\/\/nagl-vetter.de\/de\/automatisierung\/anlagen\/\",\"url\":\"https:\/\/nagl-vetter.de\/de\/automatisierung\/anlagen\/\",\"name\":\"Anlagen : Nagl &amp; Vetter GmbH\",\"isPartOf\":{\"@id\":\"https:\/\/nagl-vetter.de\/de\/#website\"},\"datePublished\":\"2020-08-12T18:56:09+00:00\",\"dateModified\":\"2020-09-15T20:21:06+00:00\",\"description\":\"Produktionsanlagen: Von einfach bis hochkomplex, vom Requirements Engineering bis zur Endabnahme erhalten Sie von uns umfassende Unterst\u00fctzung\",\"breadcrumb\":{\"@id\":\"https:\/\/nagl-vetter.de\/de\/automatisierung\/anlagen\/#breadcrumb\"},\"inLanguage\":\"de\",\"potentialAction\":[{\"@type\":\"ReadAction\",\"target\":[\"https:\/\/nagl-vetter.de\/de\/automatisierung\/anlagen\/\"]}]},{\"@type\":\"BreadcrumbList\",\"@id\":\"https:\/\/nagl-vetter.de\/de\/automatisierung\/anlagen\/#breadcrumb\",\"itemListElement\":[{\"@type\":\"ListItem\",\"position\":1,\"name\":\"Startseite\",\"item\":\"https:\/\/nagl-vetter.de\/de\/startseite\/\"},{\"@type\":\"ListItem\",\"position\":2,\"name\":\"Industrieautomatisierung\",\"item\":\"https:\/\/nagl-vetter.de\/de\/automatisierung\/\"},{\"@type\":\"ListItem\",\"position\":3,\"name\":\"Anlagen\"}]},{\"@type\":\"WebSite\",\"@id\":\"https:\/\/nagl-vetter.de\/de\/#website\",\"url\":\"https:\/\/nagl-vetter.de\/de\/\",\"name\":\"Nagl & Vetter GmbH\",\"description\":\"Automatisierung, Forschung &amp; Entwicklung, Industrie\",\"publisher\":{\"@id\":\"https:\/\/nagl-vetter.de\/de\/#organization\"},\"potentialAction\":[{\"@type\":\"SearchAction\",\"target\":{\"@type\":\"EntryPoint\",\"urlTemplate\":\"https:\/\/nagl-vetter.de\/de\/?s={search_term_string}\"},\"query-input\":\"required name=search_term_string\"}],\"inLanguage\":\"de\"},{\"@type\":\"Organization\",\"@id\":\"https:\/\/nagl-vetter.de\/de\/#organization\",\"name\":\"Nagl & Vetter GmbH\",\"url\":\"https:\/\/nagl-vetter.de\/de\/\",\"logo\":{\"@type\":\"ImageObject\",\"inLanguage\":\"de\",\"@id\":\"https:\/\/nagl-vetter.de\/de\/#\/schema\/logo\/image\/\",\"url\":\"https:\/\/nagl-vetter.de\/wp-content\/uploads\/2019\/12\/nv-logo-web-1.png\",\"contentUrl\":\"https:\/\/nagl-vetter.de\/wp-content\/uploads\/2019\/12\/nv-logo-web-1.png\",\"width\":340,\"height\":156,\"caption\":\"Nagl & Vetter GmbH\"},\"image\":{\"@id\":\"https:\/\/nagl-vetter.de\/de\/#\/schema\/logo\/image\/\"},\"sameAs\":[\"https:\/\/www.linkedin.com\/company\/nagl-vetter\/\"]}]}<\/script>\n<!-- \/ Yoast SEO plugin. -->","yoast_head_json":{"title":"Anlagen : Nagl &amp; Vetter GmbH","description":"Produktionsanlagen: Von einfach bis hochkomplex, vom Requirements Engineering bis zur Endabnahme erhalten Sie von uns umfassende Unterst\u00fctzung","robots":{"index":"index","follow":"follow","max-snippet":"max-snippet:-1","max-image-preview":"max-image-preview:large","max-video-preview":"max-video-preview:-1"},"canonical":"https:\/\/nagl-vetter.de\/de\/automatisierung\/anlagen\/","og_locale":"de_DE","og_type":"article","og_title":"Anlagen : Nagl &amp; Vetter GmbH","og_description":"Produktionsanlagen: Von einfach bis hochkomplex, vom Requirements Engineering bis zur Endabnahme erhalten Sie von uns umfassende Unterst\u00fctzung","og_url":"https:\/\/nagl-vetter.de\/de\/automatisierung\/anlagen\/","og_site_name":"Nagl &amp; Vetter GmbH","article_modified_time":"2020-09-15T20:21:06+00:00","twitter_card":"summary_large_image","twitter_misc":{"Gesch\u00e4tzte Lesezeit":"3\u00a0Minuten"},"schema":{"@context":"https:\/\/schema.org","@graph":[{"@type":"WebPage","@id":"https:\/\/nagl-vetter.de\/de\/automatisierung\/anlagen\/","url":"https:\/\/nagl-vetter.de\/de\/automatisierung\/anlagen\/","name":"Anlagen : Nagl &amp; Vetter GmbH","isPartOf":{"@id":"https:\/\/nagl-vetter.de\/de\/#website"},"datePublished":"2020-08-12T18:56:09+00:00","dateModified":"2020-09-15T20:21:06+00:00","description":"Produktionsanlagen: Von einfach bis hochkomplex, vom Requirements Engineering bis zur Endabnahme erhalten Sie von uns umfassende Unterst\u00fctzung","breadcrumb":{"@id":"https:\/\/nagl-vetter.de\/de\/automatisierung\/anlagen\/#breadcrumb"},"inLanguage":"de","potentialAction":[{"@type":"ReadAction","target":["https:\/\/nagl-vetter.de\/de\/automatisierung\/anlagen\/"]}]},{"@type":"BreadcrumbList","@id":"https:\/\/nagl-vetter.de\/de\/automatisierung\/anlagen\/#breadcrumb","itemListElement":[{"@type":"ListItem","position":1,"name":"Startseite","item":"https:\/\/nagl-vetter.de\/de\/startseite\/"},{"@type":"ListItem","position":2,"name":"Industrieautomatisierung","item":"https:\/\/nagl-vetter.de\/de\/automatisierung\/"},{"@type":"ListItem","position":3,"name":"Anlagen"}]},{"@type":"WebSite","@id":"https:\/\/nagl-vetter.de\/de\/#website","url":"https:\/\/nagl-vetter.de\/de\/","name":"Nagl & Vetter GmbH","description":"Automatisierung, Forschung &amp; Entwicklung, Industrie","publisher":{"@id":"https:\/\/nagl-vetter.de\/de\/#organization"},"potentialAction":[{"@type":"SearchAction","target":{"@type":"EntryPoint","urlTemplate":"https:\/\/nagl-vetter.de\/de\/?s={search_term_string}"},"query-input":"required name=search_term_string"}],"inLanguage":"de"},{"@type":"Organization","@id":"https:\/\/nagl-vetter.de\/de\/#organization","name":"Nagl & Vetter GmbH","url":"https:\/\/nagl-vetter.de\/de\/","logo":{"@type":"ImageObject","inLanguage":"de","@id":"https:\/\/nagl-vetter.de\/de\/#\/schema\/logo\/image\/","url":"https:\/\/nagl-vetter.de\/wp-content\/uploads\/2019\/12\/nv-logo-web-1.png","contentUrl":"https:\/\/nagl-vetter.de\/wp-content\/uploads\/2019\/12\/nv-logo-web-1.png","width":340,"height":156,"caption":"Nagl & Vetter GmbH"},"image":{"@id":"https:\/\/nagl-vetter.de\/de\/#\/schema\/logo\/image\/"},"sameAs":["https:\/\/www.linkedin.com\/company\/nagl-vetter\/"]}]}},"_links":{"self":[{"href":"https:\/\/nagl-vetter.de\/de\/wp-json\/wp\/v2\/pages\/4301"}],"collection":[{"href":"https:\/\/nagl-vetter.de\/de\/wp-json\/wp\/v2\/pages"}],"about":[{"href":"https:\/\/nagl-vetter.de\/de\/wp-json\/wp\/v2\/types\/page"}],"author":[{"embeddable":true,"href":"https:\/\/nagl-vetter.de\/de\/wp-json\/wp\/v2\/users\/1"}],"replies":[{"embeddable":true,"href":"https:\/\/nagl-vetter.de\/de\/wp-json\/wp\/v2\/comments?post=4301"}],"version-history":[{"count":10,"href":"https:\/\/nagl-vetter.de\/de\/wp-json\/wp\/v2\/pages\/4301\/revisions"}],"predecessor-version":[{"id":7046,"href":"https:\/\/nagl-vetter.de\/de\/wp-json\/wp\/v2\/pages\/4301\/revisions\/7046"}],"up":[{"embeddable":true,"href":"https:\/\/nagl-vetter.de\/de\/wp-json\/wp\/v2\/pages\/4170"}],"wp:attachment":[{"href":"https:\/\/nagl-vetter.de\/de\/wp-json\/wp\/v2\/media?parent=4301"}],"curies":[{"name":"wp","href":"https:\/\/api.w.org\/{rel}","templated":true}]}}