{"id":4306,"date":"2020-08-12T21:11:46","date_gmt":"2020-08-12T19:11:46","guid":{"rendered":"https:\/\/nagl-vetter.de\/?page_id=4306"},"modified":"2020-09-15T22:42:22","modified_gmt":"2020-09-15T20:42:22","slug":"sondermaschinen","status":"publish","type":"page","link":"https:\/\/nagl-vetter.de\/de\/automatisierung\/sondermaschinen\/","title":{"rendered":"Sondermaschinen"},"content":{"rendered":"<div id='layer_slider_1'  class='avia-layerslider main_color avia-shadow  avia-builder-el-0  el_before_av_heading  avia-builder-el-first  container_wrap sidebar_right'  style='height: 501px; max-width: 1280px; margin: 0 auto;'  ><\/div><div id='after_layer_slider_1'  class='main_color av_default_container_wrap container_wrap sidebar_right'  ><div class='container av-section-cont-open' ><div class='template-page content  av-content-small alpha units'><div class='post-entry post-entry-type-page post-entry-4306'><div class='entry-content-wrapper clearfix'>\n\n<style type=\"text\/css\" data-created_by=\"avia_inline_auto\" id=\"style-css-av-4biij6-d041401cda915f8ce771f0bc56596087\">\n#top .av-special-heading.av-4biij6-d041401cda915f8ce771f0bc56596087{\npadding-bottom:10px;\n}\nbody .av-special-heading.av-4biij6-d041401cda915f8ce771f0bc56596087 .av-special-heading-tag .heading-char{\nfont-size:25px;\n}\n.av-special-heading.av-4biij6-d041401cda915f8ce771f0bc56596087 .av-subheading{\nfont-size:15px;\n}\n<\/style>\n<div  class='av-special-heading av-4biij6-d041401cda915f8ce771f0bc56596087 av-special-heading-h3  avia-builder-el-1  el_after_av_layerslider  el_before_av_one_half  avia-builder-el-first '><h3 class='av-special-heading-tag'  itemprop=\"headline\"  >Wenn es keine fertige L\u00f6sung gibt<\/h3><div class=\"special-heading-border\"><div class=\"special-heading-inner-border\"><\/div><\/div><\/div>\n\n<style type=\"text\/css\" data-created_by=\"avia_inline_auto\" id=\"style-css-av-3uwb1e-3fea4f85250cebb937abd00463bf2945\">\n.flex_column.av-3uwb1e-3fea4f85250cebb937abd00463bf2945{\nborder-radius:0px 0px 0px 0px;\npadding:0px 0px 0px 0px;\n}\n<\/style>\n<div  class='flex_column av-3uwb1e-3fea4f85250cebb937abd00463bf2945 av_one_half  avia-builder-el-2  el_after_av_heading  el_before_av_one_half  first flex_column_div av-zero-column-padding  '     ><section  class='av_textblock_section av-kdvnrrlb-83316d6f8ffd1ee16a3c67b8f0a0c61f '   itemscope=\"itemscope\" itemtype=\"https:\/\/schema.org\/CreativeWork\" ><div class='avia_textblock'  itemprop=\"text\" ><p>F\u00fcr besondere Aufgaben sind manchmal besondere Maschinen und Vorrichtungen notwendig. Sei es zum F\u00fcllen von L\u00fccken zwischen vorhandenen Bearbeitungsmaschinen, zur Adressierung spezieller Anforderungen oder als Erg\u00e4nzung von Serienmaschinen.<\/p>\n<p>In solchen F\u00e4llen entwickeln und konstruieren wir geeignete L\u00f6sungen. Unsere erfahrenen dynamischen Teams verf\u00fcgen \u00fcber s\u00e4mtliche notwendige Qualifikationen in den Bereichen Maschinenbau, Antriebsdesign, Sensorik und Steuerung und Softwareentwicklung.<\/p>\n<\/div><\/section><\/div>\n\n<style type=\"text\/css\" data-created_by=\"avia_inline_auto\" id=\"style-css-av-akr0y-40bfed1b3f7d5be1457e933b55891100\">\n.flex_column.av-akr0y-40bfed1b3f7d5be1457e933b55891100{\nborder-radius:0px 0px 0px 0px;\npadding:0px 0px 0px 0px;\n}\n<\/style>\n<div  class='flex_column av-akr0y-40bfed1b3f7d5be1457e933b55891100 av_one_half  avia-builder-el-4  el_after_av_one_half  el_before_av_layerslider  avia-builder-el-last  flex_column_div av-zero-column-padding  '     ><section  class='av_textblock_section av-kdvnuw84-7e8093bb558c2d4bceb30dbb282b8a5b '   itemscope=\"itemscope\" itemtype=\"https:\/\/schema.org\/CreativeWork\" ><div class='avia_textblock'  itemprop=\"text\" ><p>Neben vollst\u00e4ndigen Produktions- und Handhabungsmaschinen fallen auch Roboterwerkzeuge teilweise in den Bereich des Sondermaschinenbaus. Hier spielen zus\u00e4tzlich Gewicht und St\u00f6rkonturen wichtige Rollen und machen den Entwicklungsprozess noch vielseitiger &#8211; eine Herausforderung, der wir uns aufgrund unserer <a href=\"https:\/\/nagl-vetter.de\/de\/automatisierung\/robotik\/\">Aktivit\u00e4ten im Bereich Robotik<\/a> regelm\u00e4\u00dfig und gerne stellen.<\/p>\n<\/div><\/section><\/div>\n<\/div><\/div><\/div><!-- close content main div --><\/div><\/div><div id='layer_slider_2'  class='avia-layerslider main_color avia-shadow  avia-builder-el-6  el_after_av_one_half  el_before_av_hr  slider-not-first container_wrap sidebar_right'  style='height: 796px; max-width: 1280px; margin: 0 auto;'  ><\/div><div id='after_layer_slider_2'  class='main_color av_default_container_wrap container_wrap sidebar_right'  ><div class='container av-section-cont-open' ><div class='template-page content  av-content-small alpha units'><div class='post-entry post-entry-type-page post-entry-4306'><div class='entry-content-wrapper clearfix'>\n\n<style type=\"text\/css\" data-created_by=\"avia_inline_auto\" id=\"style-css-av-keg6exwr-a2f8547b9d9c311efe9952fb8cb0a667\">\n#top .hr.hr-invisible.av-keg6exwr-a2f8547b9d9c311efe9952fb8cb0a667{\nheight:50px;\n}\n<\/style>\n<div  class='hr av-keg6exwr-a2f8547b9d9c311efe9952fb8cb0a667 hr-invisible  avia-builder-el-7  el_after_av_layerslider  avia-builder-el-no-sibling '><span class='hr-inner '><span class=\"hr-inner-style\"><\/span><\/span><\/div>\n","protected":false},"excerpt":{"rendered":"","protected":false},"author":1,"featured_media":0,"parent":4170,"menu_order":0,"comment_status":"closed","ping_status":"closed","template":"","meta":{"footnotes":""},"yoast_head":"<!-- This site is optimized with the Yoast SEO plugin v22.1 - https:\/\/yoast.com\/wordpress\/plugins\/seo\/ -->\n<title>Sondermaschinen : Nagl &amp; Vetter GmbH<\/title>\n<meta name=\"description\" content=\"Besondere Maschinen f\u00fcr besondere Herausforderungen: Wir entwickeln passgenaue Sondermaschinen f\u00fcr Ihre Anforderungen!\" \/>\n<meta name=\"robots\" content=\"index, follow, max-snippet:-1, max-image-preview:large, max-video-preview:-1\" \/>\n<link rel=\"canonical\" href=\"https:\/\/nagl-vetter.de\/de\/automatisierung\/sondermaschinen\/\" \/>\n<meta property=\"og:locale\" content=\"de_DE\" \/>\n<meta property=\"og:type\" content=\"article\" \/>\n<meta property=\"og:title\" content=\"Sondermaschinen : Nagl &amp; Vetter GmbH\" \/>\n<meta property=\"og:description\" content=\"Besondere Maschinen f\u00fcr besondere Herausforderungen: Wir entwickeln passgenaue Sondermaschinen f\u00fcr Ihre Anforderungen!\" \/>\n<meta property=\"og:url\" content=\"https:\/\/nagl-vetter.de\/de\/automatisierung\/sondermaschinen\/\" \/>\n<meta property=\"og:site_name\" content=\"Nagl &amp; Vetter GmbH\" \/>\n<meta property=\"article:modified_time\" content=\"2020-09-15T20:42:22+00:00\" \/>\n<meta name=\"twitter:card\" content=\"summary_large_image\" \/>\n<meta name=\"twitter:label1\" content=\"Gesch\u00e4tzte Lesezeit\" \/>\n\t<meta name=\"twitter:data1\" content=\"3\u00a0Minuten\" \/>\n<script type=\"application\/ld+json\" class=\"yoast-schema-graph\">{\"@context\":\"https:\/\/schema.org\",\"@graph\":[{\"@type\":\"WebPage\",\"@id\":\"https:\/\/nagl-vetter.de\/de\/automatisierung\/sondermaschinen\/\",\"url\":\"https:\/\/nagl-vetter.de\/de\/automatisierung\/sondermaschinen\/\",\"name\":\"Sondermaschinen : Nagl &amp; Vetter GmbH\",\"isPartOf\":{\"@id\":\"https:\/\/nagl-vetter.de\/de\/#website\"},\"datePublished\":\"2020-08-12T19:11:46+00:00\",\"dateModified\":\"2020-09-15T20:42:22+00:00\",\"description\":\"Besondere Maschinen f\u00fcr besondere Herausforderungen: Wir entwickeln passgenaue Sondermaschinen f\u00fcr Ihre Anforderungen!\",\"breadcrumb\":{\"@id\":\"https:\/\/nagl-vetter.de\/de\/automatisierung\/sondermaschinen\/#breadcrumb\"},\"inLanguage\":\"de\",\"potentialAction\":[{\"@type\":\"ReadAction\",\"target\":[\"https:\/\/nagl-vetter.de\/de\/automatisierung\/sondermaschinen\/\"]}]},{\"@type\":\"BreadcrumbList\",\"@id\":\"https:\/\/nagl-vetter.de\/de\/automatisierung\/sondermaschinen\/#breadcrumb\",\"itemListElement\":[{\"@type\":\"ListItem\",\"position\":1,\"name\":\"Startseite\",\"item\":\"https:\/\/nagl-vetter.de\/de\/startseite\/\"},{\"@type\":\"ListItem\",\"position\":2,\"name\":\"Industrieautomatisierung\",\"item\":\"https:\/\/nagl-vetter.de\/de\/automatisierung\/\"},{\"@type\":\"ListItem\",\"position\":3,\"name\":\"Sondermaschinen\"}]},{\"@type\":\"WebSite\",\"@id\":\"https:\/\/nagl-vetter.de\/de\/#website\",\"url\":\"https:\/\/nagl-vetter.de\/de\/\",\"name\":\"Nagl & Vetter GmbH\",\"description\":\"Automatisierung, Forschung &amp; Entwicklung, Industrie\",\"publisher\":{\"@id\":\"https:\/\/nagl-vetter.de\/de\/#organization\"},\"potentialAction\":[{\"@type\":\"SearchAction\",\"target\":{\"@type\":\"EntryPoint\",\"urlTemplate\":\"https:\/\/nagl-vetter.de\/de\/?s={search_term_string}\"},\"query-input\":\"required name=search_term_string\"}],\"inLanguage\":\"de\"},{\"@type\":\"Organization\",\"@id\":\"https:\/\/nagl-vetter.de\/de\/#organization\",\"name\":\"Nagl & Vetter GmbH\",\"url\":\"https:\/\/nagl-vetter.de\/de\/\",\"logo\":{\"@type\":\"ImageObject\",\"inLanguage\":\"de\",\"@id\":\"https:\/\/nagl-vetter.de\/de\/#\/schema\/logo\/image\/\",\"url\":\"https:\/\/nagl-vetter.de\/wp-content\/uploads\/2019\/12\/nv-logo-web-1.png\",\"contentUrl\":\"https:\/\/nagl-vetter.de\/wp-content\/uploads\/2019\/12\/nv-logo-web-1.png\",\"width\":340,\"height\":156,\"caption\":\"Nagl & Vetter GmbH\"},\"image\":{\"@id\":\"https:\/\/nagl-vetter.de\/de\/#\/schema\/logo\/image\/\"},\"sameAs\":[\"https:\/\/www.linkedin.com\/company\/nagl-vetter\/\"]}]}<\/script>\n<!-- \/ Yoast SEO plugin. -->","yoast_head_json":{"title":"Sondermaschinen : Nagl &amp; Vetter GmbH","description":"Besondere Maschinen f\u00fcr besondere Herausforderungen: Wir entwickeln passgenaue Sondermaschinen f\u00fcr Ihre Anforderungen!","robots":{"index":"index","follow":"follow","max-snippet":"max-snippet:-1","max-image-preview":"max-image-preview:large","max-video-preview":"max-video-preview:-1"},"canonical":"https:\/\/nagl-vetter.de\/de\/automatisierung\/sondermaschinen\/","og_locale":"de_DE","og_type":"article","og_title":"Sondermaschinen : Nagl &amp; Vetter GmbH","og_description":"Besondere Maschinen f\u00fcr besondere Herausforderungen: Wir entwickeln passgenaue Sondermaschinen f\u00fcr Ihre Anforderungen!","og_url":"https:\/\/nagl-vetter.de\/de\/automatisierung\/sondermaschinen\/","og_site_name":"Nagl &amp; Vetter GmbH","article_modified_time":"2020-09-15T20:42:22+00:00","twitter_card":"summary_large_image","twitter_misc":{"Gesch\u00e4tzte Lesezeit":"3\u00a0Minuten"},"schema":{"@context":"https:\/\/schema.org","@graph":[{"@type":"WebPage","@id":"https:\/\/nagl-vetter.de\/de\/automatisierung\/sondermaschinen\/","url":"https:\/\/nagl-vetter.de\/de\/automatisierung\/sondermaschinen\/","name":"Sondermaschinen : Nagl &amp; Vetter GmbH","isPartOf":{"@id":"https:\/\/nagl-vetter.de\/de\/#website"},"datePublished":"2020-08-12T19:11:46+00:00","dateModified":"2020-09-15T20:42:22+00:00","description":"Besondere Maschinen f\u00fcr besondere Herausforderungen: Wir entwickeln passgenaue Sondermaschinen f\u00fcr Ihre Anforderungen!","breadcrumb":{"@id":"https:\/\/nagl-vetter.de\/de\/automatisierung\/sondermaschinen\/#breadcrumb"},"inLanguage":"de","potentialAction":[{"@type":"ReadAction","target":["https:\/\/nagl-vetter.de\/de\/automatisierung\/sondermaschinen\/"]}]},{"@type":"BreadcrumbList","@id":"https:\/\/nagl-vetter.de\/de\/automatisierung\/sondermaschinen\/#breadcrumb","itemListElement":[{"@type":"ListItem","position":1,"name":"Startseite","item":"https:\/\/nagl-vetter.de\/de\/startseite\/"},{"@type":"ListItem","position":2,"name":"Industrieautomatisierung","item":"https:\/\/nagl-vetter.de\/de\/automatisierung\/"},{"@type":"ListItem","position":3,"name":"Sondermaschinen"}]},{"@type":"WebSite","@id":"https:\/\/nagl-vetter.de\/de\/#website","url":"https:\/\/nagl-vetter.de\/de\/","name":"Nagl & Vetter GmbH","description":"Automatisierung, Forschung &amp; Entwicklung, Industrie","publisher":{"@id":"https:\/\/nagl-vetter.de\/de\/#organization"},"potentialAction":[{"@type":"SearchAction","target":{"@type":"EntryPoint","urlTemplate":"https:\/\/nagl-vetter.de\/de\/?s={search_term_string}"},"query-input":"required name=search_term_string"}],"inLanguage":"de"},{"@type":"Organization","@id":"https:\/\/nagl-vetter.de\/de\/#organization","name":"Nagl & Vetter GmbH","url":"https:\/\/nagl-vetter.de\/de\/","logo":{"@type":"ImageObject","inLanguage":"de","@id":"https:\/\/nagl-vetter.de\/de\/#\/schema\/logo\/image\/","url":"https:\/\/nagl-vetter.de\/wp-content\/uploads\/2019\/12\/nv-logo-web-1.png","contentUrl":"https:\/\/nagl-vetter.de\/wp-content\/uploads\/2019\/12\/nv-logo-web-1.png","width":340,"height":156,"caption":"Nagl & Vetter GmbH"},"image":{"@id":"https:\/\/nagl-vetter.de\/de\/#\/schema\/logo\/image\/"},"sameAs":["https:\/\/www.linkedin.com\/company\/nagl-vetter\/"]}]}},"_links":{"self":[{"href":"https:\/\/nagl-vetter.de\/de\/wp-json\/wp\/v2\/pages\/4306"}],"collection":[{"href":"https:\/\/nagl-vetter.de\/de\/wp-json\/wp\/v2\/pages"}],"about":[{"href":"https:\/\/nagl-vetter.de\/de\/wp-json\/wp\/v2\/types\/page"}],"author":[{"embeddable":true,"href":"https:\/\/nagl-vetter.de\/de\/wp-json\/wp\/v2\/users\/1"}],"replies":[{"embeddable":true,"href":"https:\/\/nagl-vetter.de\/de\/wp-json\/wp\/v2\/comments?post=4306"}],"version-history":[{"count":11,"href":"https:\/\/nagl-vetter.de\/de\/wp-json\/wp\/v2\/pages\/4306\/revisions"}],"predecessor-version":[{"id":5327,"href":"https:\/\/nagl-vetter.de\/de\/wp-json\/wp\/v2\/pages\/4306\/revisions\/5327"}],"up":[{"embeddable":true,"href":"https:\/\/nagl-vetter.de\/de\/wp-json\/wp\/v2\/pages\/4170"}],"wp:attachment":[{"href":"https:\/\/nagl-vetter.de\/de\/wp-json\/wp\/v2\/media?parent=4306"}],"curies":[{"name":"wp","href":"https:\/\/api.w.org\/{rel}","templated":true}]}}