{"id":4308,"date":"2020-08-12T21:12:14","date_gmt":"2020-08-12T19:12:14","guid":{"rendered":"https:\/\/nagl-vetter.de\/?page_id=4308"},"modified":"2020-09-15T22:29:43","modified_gmt":"2020-09-15T20:29:43","slug":"machine-vision","status":"publish","type":"page","link":"https:\/\/nagl-vetter.de\/de\/automatisierung\/machine-vision\/","title":{"rendered":"Machine Vision"},"content":{"rendered":"<div id='layer_slider_1'  class='avia-layerslider main_color avia-shadow  avia-builder-el-0  el_before_av_heading  avia-builder-el-first  container_wrap sidebar_right'  style='height: 501px; max-width: 1280px; margin: 0 auto;'  ><\/div><div id='after_layer_slider_1'  class='main_color av_default_container_wrap container_wrap sidebar_right'  ><div class='container av-section-cont-open' ><div class='template-page content  av-content-small alpha units'><div class='post-entry post-entry-type-page post-entry-4308'><div class='entry-content-wrapper clearfix'>\n\n<style type=\"text\/css\" data-created_by=\"avia_inline_auto\" id=\"style-css-av-23js9w-f20ef9ccae32758f453e85e5640a6d7d\">\n#top .av-special-heading.av-23js9w-f20ef9ccae32758f453e85e5640a6d7d{\npadding-bottom:10px;\n}\nbody .av-special-heading.av-23js9w-f20ef9ccae32758f453e85e5640a6d7d .av-special-heading-tag .heading-char{\nfont-size:25px;\n}\n.av-special-heading.av-23js9w-f20ef9ccae32758f453e85e5640a6d7d .av-subheading{\nfont-size:15px;\n}\n<\/style>\n<div  class='av-special-heading av-23js9w-f20ef9ccae32758f453e85e5640a6d7d av-special-heading-h3  avia-builder-el-1  el_after_av_layerslider  el_before_av_one_half  avia-builder-el-first '><h3 class='av-special-heading-tag'  itemprop=\"headline\"  >Die Augen Ihrer Produktionslinie<\/h3><div class=\"special-heading-border\"><div class=\"special-heading-inner-border\"><\/div><\/div><\/div>\n\n<style type=\"text\/css\" data-created_by=\"avia_inline_auto\" id=\"style-css-av-4ghp5g-08368f63111daf11ca50808198dbec1b\">\n.flex_column.av-4ghp5g-08368f63111daf11ca50808198dbec1b{\nborder-radius:0px 0px 0px 0px;\npadding:0px 0px 0px 0px;\n}\n<\/style>\n<div  class='flex_column av-4ghp5g-08368f63111daf11ca50808198dbec1b av_one_half  avia-builder-el-2  el_after_av_heading  el_before_av_one_half  first flex_column_div av-zero-column-padding  '     ><section  class='av_textblock_section av-kdvkchwg-3662eb29ed88cd73015f456ae31b4c9a '   itemscope=\"itemscope\" itemtype=\"https:\/\/schema.org\/CreativeWork\" ><div class='avia_textblock'  itemprop=\"text\" ><p>Machine Vision verleiht Ihrer Produktionsanlage Augen. Geschickt angewendet, lassen sich hiermit schnell und prozessstabil vielf\u00e4ltige Parameter f\u00fcr Qualit\u00e4ts\u00fcberwachung und Prozesssteuerung ermitteln.<\/p>\n<p>Von der Form-, Positions- und Lagebestimmung \u00fcber die Oberfl\u00e4chenbeschaffenheit bis hin zur Farb\u00fcberwachung und Pr\u00fcfung auf Ma\u00dfhaltigkeit k\u00f6nnen sehr viele Eigenschaften oft gleichzeitig ermittelt und verarbeitet werden. Insbesondere im Zusammenspiel mit der <a href=\"https:\/\/nagl-vetter.de\/de\/automatisierung\/digitale-transformation\/\">Integration in \u00fcbergeordnete IT-Systeme<\/a> ergeben sich unz\u00e4hlige Chancen und Vorteile.<\/p>\n<\/div><\/section><\/div>\n<style type=\"text\/css\" data-created_by=\"avia_inline_auto\" id=\"style-css-av-36ce1w-2957c9c28d3334a43a26f990be7198cb\">\n.flex_column.av-36ce1w-2957c9c28d3334a43a26f990be7198cb{\nborder-radius:0px 0px 0px 0px;\npadding:0px 0px 0px 0px;\n}\n<\/style>\n<div  class='flex_column av-36ce1w-2957c9c28d3334a43a26f990be7198cb av_one_half  avia-builder-el-4  el_after_av_one_half  avia-builder-el-last  flex_column_div av-zero-column-padding  '     ><section  class='av_textblock_section av-kdvllz0x-712f57c41456a80b72b2e4070a6ee79f '   itemscope=\"itemscope\" itemtype=\"https:\/\/schema.org\/CreativeWork\" ><div class='avia_textblock'  itemprop=\"text\" ><p>Wir unterst\u00fctzen Sie auf Wunsch bei der Definition der Anforderungen an ein Machine Vision System, pr\u00fcfen die Machbarkeit, w\u00e4hlen geeignete Komponenten aus und definieren ein ideales Setup, das nicht anf\u00e4llig gegen\u00fcber Fremdlichtquellen oder anderen St\u00f6rungen ist.<\/p>\n<p>Je nach Anwendung beginnen wir vor Beginn der Detailplanung mit Tests, w\u00e4hlen geeignete Verarbeitungsalgorithmen aus und evaluieren die Leistungsf\u00e4higkeit des Konzepts und die Stabilit\u00e4t der Auswertung.<\/p>\n<p>Als herstellerneutraler Dienstleister w\u00e4hlen wir die f\u00fcr Sie besten Komponenten aus. Durch unsere Kompetenz in den Bereichen Softwareentwicklung und Bildverarbeitung sind wir in der Lage auch f\u00fcr sehr komplexe Probleme geeignete stabile Auswertungsverfahren zu entwickeln.<\/p>\n<\/div><\/section><\/div><\/p>\n","protected":false},"excerpt":{"rendered":"","protected":false},"author":1,"featured_media":0,"parent":4170,"menu_order":0,"comment_status":"closed","ping_status":"closed","template":"","meta":{"footnotes":""},"yoast_head":"<!-- This site is optimized with the Yoast SEO plugin v22.1 - https:\/\/yoast.com\/wordpress\/plugins\/seo\/ -->\n<title>Machine Vision : Nagl &amp; Vetter GmbH<\/title>\n<meta name=\"description\" content=\"Unsere leistungsf\u00e4higen, wirtschaftlichen und prozesssicheren Machine Vision L\u00f6sungen steigern Pr\u00e4zision und Flexibilit\u00e4t Ihrer Fertigung.\" \/>\n<meta name=\"robots\" content=\"index, follow, max-snippet:-1, max-image-preview:large, max-video-preview:-1\" \/>\n<link rel=\"canonical\" href=\"https:\/\/nagl-vetter.de\/de\/automatisierung\/machine-vision\/\" \/>\n<meta property=\"og:locale\" content=\"de_DE\" \/>\n<meta property=\"og:type\" content=\"article\" \/>\n<meta property=\"og:title\" content=\"Machine Vision : Nagl &amp; Vetter GmbH\" \/>\n<meta property=\"og:description\" content=\"Unsere leistungsf\u00e4higen, wirtschaftlichen und prozesssicheren Machine Vision L\u00f6sungen steigern Pr\u00e4zision und Flexibilit\u00e4t Ihrer Fertigung.\" \/>\n<meta property=\"og:url\" content=\"https:\/\/nagl-vetter.de\/de\/automatisierung\/machine-vision\/\" \/>\n<meta property=\"og:site_name\" content=\"Nagl &amp; Vetter GmbH\" \/>\n<meta property=\"article:modified_time\" content=\"2020-09-15T20:29:43+00:00\" \/>\n<meta name=\"twitter:card\" content=\"summary_large_image\" \/>\n<meta name=\"twitter:label1\" content=\"Gesch\u00e4tzte Lesezeit\" \/>\n\t<meta name=\"twitter:data1\" content=\"3\u00a0Minuten\" \/>\n<script type=\"application\/ld+json\" class=\"yoast-schema-graph\">{\"@context\":\"https:\/\/schema.org\",\"@graph\":[{\"@type\":\"WebPage\",\"@id\":\"https:\/\/nagl-vetter.de\/de\/automatisierung\/machine-vision\/\",\"url\":\"https:\/\/nagl-vetter.de\/de\/automatisierung\/machine-vision\/\",\"name\":\"Machine Vision : Nagl &amp; Vetter GmbH\",\"isPartOf\":{\"@id\":\"https:\/\/nagl-vetter.de\/de\/#website\"},\"datePublished\":\"2020-08-12T19:12:14+00:00\",\"dateModified\":\"2020-09-15T20:29:43+00:00\",\"description\":\"Unsere leistungsf\u00e4higen, wirtschaftlichen und prozesssicheren Machine Vision L\u00f6sungen steigern Pr\u00e4zision und Flexibilit\u00e4t Ihrer Fertigung.\",\"breadcrumb\":{\"@id\":\"https:\/\/nagl-vetter.de\/de\/automatisierung\/machine-vision\/#breadcrumb\"},\"inLanguage\":\"de\",\"potentialAction\":[{\"@type\":\"ReadAction\",\"target\":[\"https:\/\/nagl-vetter.de\/de\/automatisierung\/machine-vision\/\"]}]},{\"@type\":\"BreadcrumbList\",\"@id\":\"https:\/\/nagl-vetter.de\/de\/automatisierung\/machine-vision\/#breadcrumb\",\"itemListElement\":[{\"@type\":\"ListItem\",\"position\":1,\"name\":\"Startseite\",\"item\":\"https:\/\/nagl-vetter.de\/de\/startseite\/\"},{\"@type\":\"ListItem\",\"position\":2,\"name\":\"Industrieautomatisierung\",\"item\":\"https:\/\/nagl-vetter.de\/de\/automatisierung\/\"},{\"@type\":\"ListItem\",\"position\":3,\"name\":\"Machine Vision\"}]},{\"@type\":\"WebSite\",\"@id\":\"https:\/\/nagl-vetter.de\/de\/#website\",\"url\":\"https:\/\/nagl-vetter.de\/de\/\",\"name\":\"Nagl & Vetter GmbH\",\"description\":\"Automatisierung, Forschung &amp; Entwicklung, Industrie\",\"publisher\":{\"@id\":\"https:\/\/nagl-vetter.de\/de\/#organization\"},\"potentialAction\":[{\"@type\":\"SearchAction\",\"target\":{\"@type\":\"EntryPoint\",\"urlTemplate\":\"https:\/\/nagl-vetter.de\/de\/?s={search_term_string}\"},\"query-input\":\"required name=search_term_string\"}],\"inLanguage\":\"de\"},{\"@type\":\"Organization\",\"@id\":\"https:\/\/nagl-vetter.de\/de\/#organization\",\"name\":\"Nagl & Vetter GmbH\",\"url\":\"https:\/\/nagl-vetter.de\/de\/\",\"logo\":{\"@type\":\"ImageObject\",\"inLanguage\":\"de\",\"@id\":\"https:\/\/nagl-vetter.de\/de\/#\/schema\/logo\/image\/\",\"url\":\"https:\/\/nagl-vetter.de\/wp-content\/uploads\/2019\/12\/nv-logo-web-1.png\",\"contentUrl\":\"https:\/\/nagl-vetter.de\/wp-content\/uploads\/2019\/12\/nv-logo-web-1.png\",\"width\":340,\"height\":156,\"caption\":\"Nagl & Vetter GmbH\"},\"image\":{\"@id\":\"https:\/\/nagl-vetter.de\/de\/#\/schema\/logo\/image\/\"},\"sameAs\":[\"https:\/\/www.linkedin.com\/company\/nagl-vetter\/\"]}]}<\/script>\n<!-- \/ Yoast SEO plugin. -->","yoast_head_json":{"title":"Machine Vision : Nagl &amp; Vetter GmbH","description":"Unsere leistungsf\u00e4higen, wirtschaftlichen und prozesssicheren Machine Vision L\u00f6sungen steigern Pr\u00e4zision und Flexibilit\u00e4t Ihrer Fertigung.","robots":{"index":"index","follow":"follow","max-snippet":"max-snippet:-1","max-image-preview":"max-image-preview:large","max-video-preview":"max-video-preview:-1"},"canonical":"https:\/\/nagl-vetter.de\/de\/automatisierung\/machine-vision\/","og_locale":"de_DE","og_type":"article","og_title":"Machine Vision : Nagl &amp; Vetter GmbH","og_description":"Unsere leistungsf\u00e4higen, wirtschaftlichen und prozesssicheren Machine Vision L\u00f6sungen steigern Pr\u00e4zision und Flexibilit\u00e4t Ihrer Fertigung.","og_url":"https:\/\/nagl-vetter.de\/de\/automatisierung\/machine-vision\/","og_site_name":"Nagl &amp; Vetter GmbH","article_modified_time":"2020-09-15T20:29:43+00:00","twitter_card":"summary_large_image","twitter_misc":{"Gesch\u00e4tzte Lesezeit":"3\u00a0Minuten"},"schema":{"@context":"https:\/\/schema.org","@graph":[{"@type":"WebPage","@id":"https:\/\/nagl-vetter.de\/de\/automatisierung\/machine-vision\/","url":"https:\/\/nagl-vetter.de\/de\/automatisierung\/machine-vision\/","name":"Machine Vision : Nagl &amp; Vetter GmbH","isPartOf":{"@id":"https:\/\/nagl-vetter.de\/de\/#website"},"datePublished":"2020-08-12T19:12:14+00:00","dateModified":"2020-09-15T20:29:43+00:00","description":"Unsere leistungsf\u00e4higen, wirtschaftlichen und prozesssicheren Machine Vision L\u00f6sungen steigern Pr\u00e4zision und Flexibilit\u00e4t Ihrer Fertigung.","breadcrumb":{"@id":"https:\/\/nagl-vetter.de\/de\/automatisierung\/machine-vision\/#breadcrumb"},"inLanguage":"de","potentialAction":[{"@type":"ReadAction","target":["https:\/\/nagl-vetter.de\/de\/automatisierung\/machine-vision\/"]}]},{"@type":"BreadcrumbList","@id":"https:\/\/nagl-vetter.de\/de\/automatisierung\/machine-vision\/#breadcrumb","itemListElement":[{"@type":"ListItem","position":1,"name":"Startseite","item":"https:\/\/nagl-vetter.de\/de\/startseite\/"},{"@type":"ListItem","position":2,"name":"Industrieautomatisierung","item":"https:\/\/nagl-vetter.de\/de\/automatisierung\/"},{"@type":"ListItem","position":3,"name":"Machine Vision"}]},{"@type":"WebSite","@id":"https:\/\/nagl-vetter.de\/de\/#website","url":"https:\/\/nagl-vetter.de\/de\/","name":"Nagl & Vetter GmbH","description":"Automatisierung, Forschung &amp; Entwicklung, Industrie","publisher":{"@id":"https:\/\/nagl-vetter.de\/de\/#organization"},"potentialAction":[{"@type":"SearchAction","target":{"@type":"EntryPoint","urlTemplate":"https:\/\/nagl-vetter.de\/de\/?s={search_term_string}"},"query-input":"required name=search_term_string"}],"inLanguage":"de"},{"@type":"Organization","@id":"https:\/\/nagl-vetter.de\/de\/#organization","name":"Nagl & Vetter GmbH","url":"https:\/\/nagl-vetter.de\/de\/","logo":{"@type":"ImageObject","inLanguage":"de","@id":"https:\/\/nagl-vetter.de\/de\/#\/schema\/logo\/image\/","url":"https:\/\/nagl-vetter.de\/wp-content\/uploads\/2019\/12\/nv-logo-web-1.png","contentUrl":"https:\/\/nagl-vetter.de\/wp-content\/uploads\/2019\/12\/nv-logo-web-1.png","width":340,"height":156,"caption":"Nagl & Vetter GmbH"},"image":{"@id":"https:\/\/nagl-vetter.de\/de\/#\/schema\/logo\/image\/"},"sameAs":["https:\/\/www.linkedin.com\/company\/nagl-vetter\/"]}]}},"_links":{"self":[{"href":"https:\/\/nagl-vetter.de\/de\/wp-json\/wp\/v2\/pages\/4308"}],"collection":[{"href":"https:\/\/nagl-vetter.de\/de\/wp-json\/wp\/v2\/pages"}],"about":[{"href":"https:\/\/nagl-vetter.de\/de\/wp-json\/wp\/v2\/types\/page"}],"author":[{"embeddable":true,"href":"https:\/\/nagl-vetter.de\/de\/wp-json\/wp\/v2\/users\/1"}],"replies":[{"embeddable":true,"href":"https:\/\/nagl-vetter.de\/de\/wp-json\/wp\/v2\/comments?post=4308"}],"version-history":[{"count":7,"href":"https:\/\/nagl-vetter.de\/de\/wp-json\/wp\/v2\/pages\/4308\/revisions"}],"predecessor-version":[{"id":5325,"href":"https:\/\/nagl-vetter.de\/de\/wp-json\/wp\/v2\/pages\/4308\/revisions\/5325"}],"up":[{"embeddable":true,"href":"https:\/\/nagl-vetter.de\/de\/wp-json\/wp\/v2\/pages\/4170"}],"wp:attachment":[{"href":"https:\/\/nagl-vetter.de\/de\/wp-json\/wp\/v2\/media?parent=4308"}],"curies":[{"name":"wp","href":"https:\/\/api.w.org\/{rel}","templated":true}]}}