{"id":4312,"date":"2020-08-12T21:15:44","date_gmt":"2020-08-12T19:15:44","guid":{"rendered":"https:\/\/nagl-vetter.de\/?page_id=4312"},"modified":"2021-04-22T18:28:33","modified_gmt":"2021-04-22T16:28:33","slug":"stanzteilhandling","status":"publish","type":"page","link":"https:\/\/nagl-vetter.de\/de\/produkte\/stanzteilhandling\/","title":{"rendered":"Stanzteilhandling"},"content":{"rendered":"<div id='full_slider_1'  class='avia-fullwidth-slider main_color avia-shadow   avia-builder-el-0  el_before_av_heading  avia-builder-el-first   container_wrap sidebar_right'  ><div  class='avia-slideshow av-kdxneegh-f481e9ee23feb32315087280612c207f avia-slideshow-featured av_slideshow_full avia-slide-slider av-slideshow-ui av-control-default av-slideshow-manual av-loop-once av-loop-manual-endless av-default-height-applied   avia-slideshow-1' data-slideshow-options=\"{&quot;animation&quot;:&quot;slide&quot;,&quot;autoplay&quot;:false,&quot;loop_autoplay&quot;:&quot;once&quot;,&quot;interval&quot;:5,&quot;loop_manual&quot;:&quot;manual-endless&quot;,&quot;autoplay_stopper&quot;:false,&quot;noNavigation&quot;:false,&quot;bg_slider&quot;:false,&quot;keep_padding&quot;:false,&quot;hoverpause&quot;:false,&quot;show_slide_delay&quot;:0}\"  itemprop=\"image\" itemscope=\"itemscope\" itemtype=\"https:\/\/schema.org\/ImageObject\" ><ul class='avia-slideshow-inner ' style='padding-bottom: 28.666666666667%;'><li  data-controls='aviaTBaviaTBvideo_controls' data-mute='aviaTBaviaTBvideo_mute' data-loop='aviaTBaviaTBvideo_loop' data-disable-autoplay=''  data-mobile-img='https:\/\/nagl-vetter.de\/wp-content\/uploads\/2020\/08\/hc-kopf-snap-1280x430.jpg' data-fallback-link='https:\/\/' data-video-ratio='1.7777777777778' class='avia-slideshow-slide av-kdxneegh-f481e9ee23feb32315087280612c207f__0  av-video-slide  av-video-service-html5  av-hide-video-controls av-mute-video av-loop-video av-mobile-fallback-image  av-single-slide slide-1 slide-odd'><div data-rel='slideshow-1' class='avia-slide-wrap ' style='background-image:url(\"https:\/\/nagl-vetter.de\/wp-content\/uploads\/2020\/08\/hc-kopf-snap-1280x430.jpg\");'   itemprop=\"video\" itemtype=\"https:\/\/schema.org\/VideoObject\" ><div class='av-click-overlay'><\/div><video class='avia_video' poster=\"https:\/\/nagl-vetter.de\/wp-content\/uploads\/2020\/08\/hc-kopf-snap-1280x430.jpg\" autoplay playsinline loop preload=\"metadata\" muted  id='player_4312_1005652811_936101371'><source src=\"https:\/\/nagl-vetter.de\/wp-content\/uploads\/2020\/08\/hc-kopf-web.mp4\" type=\"video\/mp4\" \/><\/video><div class=\"av-click-to-play-overlay\"><div class=\"avia_playpause_icon\"><\/div><\/div><\/div><\/li><\/ul><\/div><\/div><div id='after_full_slider_1'  class='main_color av_default_container_wrap container_wrap sidebar_right'  ><div class='container av-section-cont-open' ><div class='template-page content  av-content-small alpha units'><div class='post-entry post-entry-type-page post-entry-4312'><div class='entry-content-wrapper clearfix'>\n\n<style type=\"text\/css\" data-created_by=\"avia_inline_auto\" id=\"style-css-av-av_heading-c5d781e281004914f59cfb4e6b2e0e34\">\n#top .av-special-heading.av-av_heading-c5d781e281004914f59cfb4e6b2e0e34{\npadding-bottom:10px;\n}\nbody .av-special-heading.av-av_heading-c5d781e281004914f59cfb4e6b2e0e34 .av-special-heading-tag .heading-char{\nfont-size:25px;\n}\n.av-special-heading.av-av_heading-c5d781e281004914f59cfb4e6b2e0e34 .av-subheading{\nfont-size:15px;\n}\n<\/style>\n<div  class='av-special-heading av-av_heading-c5d781e281004914f59cfb4e6b2e0e34 av-special-heading-h3  avia-builder-el-1  el_after_av_slideshow_full  el_before_av_one_half  avia-builder-el-first '><h3 class='av-special-heading-tag'  itemprop=\"headline\"  >Produkte f\u00fcr das Handling selbstklebender Stanzteile<\/h3><div class=\"special-heading-border\"><div class=\"special-heading-inner-border\"><\/div><\/div><\/div>\n\n<style type=\"text\/css\" data-created_by=\"avia_inline_auto\" id=\"style-css-av-5vn9g8-bbd44d05b9936c959607e44468eb4c08\">\n.flex_column.av-5vn9g8-bbd44d05b9936c959607e44468eb4c08{\nborder-radius:0px 0px 0px 0px;\npadding:0px 0px 0px 0px;\n}\n<\/style>\n<div  class='flex_column av-5vn9g8-bbd44d05b9936c959607e44468eb4c08 av_one_half  avia-builder-el-2  el_after_av_heading  el_before_av_one_half  first flex_column_div av-zero-column-padding  '     ><section  class='av_textblock_section av-kdxmssed-b3882b98a1b8d0ea4369441a8f003021 '   itemscope=\"itemscope\" itemtype=\"https:\/\/schema.org\/CreativeWork\" ><div class='avia_textblock'  itemprop=\"text\" ><p>Ein Schwerpunkt unseres Produktportfolios sind Maschinen f\u00fcr die automatisierte Handhabung selbstklebender Stanzteile. Solche Stanzteile werden in vielf\u00e4ltigen Formen und aus unterschiedlichem Material f\u00fcr eine gro\u00dfe Zahl unterschiedlicher Anwendungen im Automotive- und Industriebereich genutzt.<\/p>\n<p>Wir liefern sowohl <a href=\"https:\/\/nagl-vetter.de\/de\/produkte\/pick-place-stanzteilspender\/\">pr\u00e4zise und zuverl\u00e4ssige Dispenser f\u00fcr die Beladung von Sauggreifern in Pick &amp; Place-Anwendungen<\/a> als auch vollintegrierte Roboterwerkzeuge.<\/p>\n<p>Sowohl die Dispenser als auch die Roboterwerkzeuge sind in sich geschlossene Einheiten, die ohne externe Komponenten auskommen. Hierdurch k\u00f6nnen sie sehr flexibel eingesetzt werden und sind ausgesprochen servicefreundlich.<\/p>\n<p><a href=\"https:\/\/nagl-vetter.de\/de\/produkte\/produkte-kontakt\/\">Wenden Sie sich an uns<\/a>, wenn Sie Interesse an Applikationsl\u00f6sungen f\u00fcr selbstklebende Werkstoffe, insbesondere Stanzteile, haben.<\/p>\n<\/div><\/section><\/div>\n\n<style type=\"text\/css\" data-created_by=\"avia_inline_auto\" id=\"style-css-av-3ml3fs-7568f4ed76f5496330a7e392aad7786f\">\n.flex_column.av-3ml3fs-7568f4ed76f5496330a7e392aad7786f{\nborder-radius:0px 0px 0px 0px;\npadding:0px 0px 0px 0px;\n}\n<\/style>\n<div  class='flex_column av-3ml3fs-7568f4ed76f5496330a7e392aad7786f av_one_half  avia-builder-el-4  el_after_av_one_half  el_before_av_one_full  flex_column_div av-zero-column-padding  '     ><section  class='av_textblock_section av-kdxmmdjz-b14bf2cedd02b4423feab57b01c313d1 '   itemscope=\"itemscope\" itemtype=\"https:\/\/schema.org\/CreativeWork\" ><div class='avia_textblock'  itemprop=\"text\" ><p><img loading=\"lazy\" decoding=\"async\" class=\"alignnone wp-image-5744 size-portfolio\" src=\"https:\/\/nagl-vetter.de\/wp-content\/uploads\/2021\/04\/pp-dcd-495x400.jpg\" alt=\"\" width=\"495\" height=\"400\" srcset=\"https:\/\/nagl-vetter.de\/wp-content\/uploads\/2021\/04\/pp-dcd-495x400.jpg 495w, https:\/\/nagl-vetter.de\/wp-content\/uploads\/2021\/04\/pp-dcd-845x684.jpg 845w\" sizes=\"(max-width: 495px) 100vw, 495px\" \/><\/p>\n<\/div><\/section><\/div>\n<style type=\"text\/css\" data-created_by=\"avia_inline_auto\" id=\"style-css-av-2fgvt4-cead19c21c0bdde7ddcccbb800f83922\">\n.flex_column.av-2fgvt4-cead19c21c0bdde7ddcccbb800f83922{\nborder-radius:0px 0px 0px 0px;\npadding:0px 0px 0px 0px;\n}\n<\/style>\n<div  class='flex_column av-2fgvt4-cead19c21c0bdde7ddcccbb800f83922 av_one_full  avia-builder-el-6  el_after_av_one_half  avia-builder-el-last  first flex_column_div av-zero-column-padding  column-top-margin'     ><section  class='av_textblock_section av-kdxmtv87-639e72797b8f5f912ce8540cc468eb91 '   itemscope=\"itemscope\" itemtype=\"https:\/\/schema.org\/CreativeWork\" ><div class='avia_textblock'  itemprop=\"text\" ><p><img loading=\"lazy\" decoding=\"async\" class=\"alignnone size-large wp-image-4543\" src=\"https:\/\/nagl-vetter.de\/wp-content\/uploads\/2020\/08\/hc-kopf-1030x686.jpg\" alt=\"\" width=\"1030\" height=\"686\" srcset=\"https:\/\/nagl-vetter.de\/wp-content\/uploads\/2020\/08\/hc-kopf-1030x686.jpg 1030w, https:\/\/nagl-vetter.de\/wp-content\/uploads\/2020\/08\/hc-kopf-300x200.jpg 300w, https:\/\/nagl-vetter.de\/wp-content\/uploads\/2020\/08\/hc-kopf-768x512.jpg 768w, https:\/\/nagl-vetter.de\/wp-content\/uploads\/2020\/08\/hc-kopf-705x470.jpg 705w, https:\/\/nagl-vetter.de\/wp-content\/uploads\/2020\/08\/hc-kopf.jpg 1280w\" sizes=\"(max-width: 1030px) 100vw, 1030px\" \/><\/p>\n<\/div><\/section><\/div><\/p>\n","protected":false},"excerpt":{"rendered":"","protected":false},"author":1,"featured_media":0,"parent":4117,"menu_order":0,"comment_status":"closed","ping_status":"closed","template":"","meta":{"footnotes":""},"yoast_head":"<!-- This site is optimized with the Yoast SEO plugin v22.1 - https:\/\/yoast.com\/wordpress\/plugins\/seo\/ -->\n<title>Stanzteilhandling : Nagl &amp; Vetter GmbH<\/title>\n<meta name=\"description\" content=\"Wir liefern Ger\u00e4te und Roboterwerkzeuge f\u00fcr die pr\u00e4zise Handhabung selbstklebender Stanzteile, z.B. f\u00fcr den Lochverschluss.\" \/>\n<meta name=\"robots\" content=\"index, follow, max-snippet:-1, max-image-preview:large, max-video-preview:-1\" \/>\n<link rel=\"canonical\" href=\"https:\/\/nagl-vetter.de\/de\/produkte\/stanzteilhandling\/\" \/>\n<meta property=\"og:locale\" content=\"de_DE\" \/>\n<meta property=\"og:type\" content=\"article\" \/>\n<meta property=\"og:title\" content=\"Stanzteilhandling : Nagl &amp; Vetter GmbH\" \/>\n<meta property=\"og:description\" content=\"Wir liefern Ger\u00e4te und Roboterwerkzeuge f\u00fcr die pr\u00e4zise Handhabung selbstklebender Stanzteile, z.B. f\u00fcr den Lochverschluss.\" \/>\n<meta property=\"og:url\" content=\"https:\/\/nagl-vetter.de\/de\/produkte\/stanzteilhandling\/\" \/>\n<meta property=\"og:site_name\" content=\"Nagl &amp; Vetter GmbH\" \/>\n<meta property=\"article:modified_time\" content=\"2021-04-22T16:28:33+00:00\" \/>\n<meta property=\"og:image\" content=\"https:\/\/nagl-vetter.de\/wp-content\/uploads\/2021\/04\/pp-dcd-495x400.jpg\" \/>\n<meta name=\"twitter:card\" content=\"summary_large_image\" \/>\n<meta name=\"twitter:label1\" content=\"Gesch\u00e4tzte Lesezeit\" \/>\n\t<meta name=\"twitter:data1\" content=\"4\u00a0Minuten\" \/>\n<script type=\"application\/ld+json\" class=\"yoast-schema-graph\">{\"@context\":\"https:\/\/schema.org\",\"@graph\":[{\"@type\":\"WebPage\",\"@id\":\"https:\/\/nagl-vetter.de\/de\/produkte\/stanzteilhandling\/\",\"url\":\"https:\/\/nagl-vetter.de\/de\/produkte\/stanzteilhandling\/\",\"name\":\"Stanzteilhandling : Nagl &amp; Vetter GmbH\",\"isPartOf\":{\"@id\":\"https:\/\/nagl-vetter.de\/de\/#website\"},\"datePublished\":\"2020-08-12T19:15:44+00:00\",\"dateModified\":\"2021-04-22T16:28:33+00:00\",\"description\":\"Wir liefern Ger\u00e4te und Roboterwerkzeuge f\u00fcr die pr\u00e4zise Handhabung selbstklebender Stanzteile, z.B. f\u00fcr den Lochverschluss.\",\"breadcrumb\":{\"@id\":\"https:\/\/nagl-vetter.de\/de\/produkte\/stanzteilhandling\/#breadcrumb\"},\"inLanguage\":\"de\",\"potentialAction\":[{\"@type\":\"ReadAction\",\"target\":[\"https:\/\/nagl-vetter.de\/de\/produkte\/stanzteilhandling\/\"]}]},{\"@type\":\"BreadcrumbList\",\"@id\":\"https:\/\/nagl-vetter.de\/de\/produkte\/stanzteilhandling\/#breadcrumb\",\"itemListElement\":[{\"@type\":\"ListItem\",\"position\":1,\"name\":\"Startseite\",\"item\":\"https:\/\/nagl-vetter.de\/de\/startseite\/\"},{\"@type\":\"ListItem\",\"position\":2,\"name\":\"Produkte\",\"item\":\"https:\/\/nagl-vetter.de\/de\/produkte\/\"},{\"@type\":\"ListItem\",\"position\":3,\"name\":\"Stanzteilhandling\"}]},{\"@type\":\"WebSite\",\"@id\":\"https:\/\/nagl-vetter.de\/de\/#website\",\"url\":\"https:\/\/nagl-vetter.de\/de\/\",\"name\":\"Nagl & Vetter GmbH\",\"description\":\"Automatisierung, Forschung &amp; Entwicklung, Industrie\",\"publisher\":{\"@id\":\"https:\/\/nagl-vetter.de\/de\/#organization\"},\"potentialAction\":[{\"@type\":\"SearchAction\",\"target\":{\"@type\":\"EntryPoint\",\"urlTemplate\":\"https:\/\/nagl-vetter.de\/de\/?s={search_term_string}\"},\"query-input\":\"required name=search_term_string\"}],\"inLanguage\":\"de\"},{\"@type\":\"Organization\",\"@id\":\"https:\/\/nagl-vetter.de\/de\/#organization\",\"name\":\"Nagl & Vetter GmbH\",\"url\":\"https:\/\/nagl-vetter.de\/de\/\",\"logo\":{\"@type\":\"ImageObject\",\"inLanguage\":\"de\",\"@id\":\"https:\/\/nagl-vetter.de\/de\/#\/schema\/logo\/image\/\",\"url\":\"https:\/\/nagl-vetter.de\/wp-content\/uploads\/2019\/12\/nv-logo-web-1.png\",\"contentUrl\":\"https:\/\/nagl-vetter.de\/wp-content\/uploads\/2019\/12\/nv-logo-web-1.png\",\"width\":340,\"height\":156,\"caption\":\"Nagl & Vetter GmbH\"},\"image\":{\"@id\":\"https:\/\/nagl-vetter.de\/de\/#\/schema\/logo\/image\/\"},\"sameAs\":[\"https:\/\/www.linkedin.com\/company\/nagl-vetter\/\"]}]}<\/script>\n<!-- \/ Yoast SEO plugin. -->","yoast_head_json":{"title":"Stanzteilhandling : Nagl &amp; Vetter GmbH","description":"Wir liefern Ger\u00e4te und Roboterwerkzeuge f\u00fcr die pr\u00e4zise Handhabung selbstklebender Stanzteile, z.B. f\u00fcr den Lochverschluss.","robots":{"index":"index","follow":"follow","max-snippet":"max-snippet:-1","max-image-preview":"max-image-preview:large","max-video-preview":"max-video-preview:-1"},"canonical":"https:\/\/nagl-vetter.de\/de\/produkte\/stanzteilhandling\/","og_locale":"de_DE","og_type":"article","og_title":"Stanzteilhandling : Nagl &amp; Vetter GmbH","og_description":"Wir liefern Ger\u00e4te und Roboterwerkzeuge f\u00fcr die pr\u00e4zise Handhabung selbstklebender Stanzteile, z.B. f\u00fcr den Lochverschluss.","og_url":"https:\/\/nagl-vetter.de\/de\/produkte\/stanzteilhandling\/","og_site_name":"Nagl &amp; Vetter GmbH","article_modified_time":"2021-04-22T16:28:33+00:00","og_image":[{"url":"https:\/\/nagl-vetter.de\/wp-content\/uploads\/2021\/04\/pp-dcd-495x400.jpg"}],"twitter_card":"summary_large_image","twitter_misc":{"Gesch\u00e4tzte Lesezeit":"4\u00a0Minuten"},"schema":{"@context":"https:\/\/schema.org","@graph":[{"@type":"WebPage","@id":"https:\/\/nagl-vetter.de\/de\/produkte\/stanzteilhandling\/","url":"https:\/\/nagl-vetter.de\/de\/produkte\/stanzteilhandling\/","name":"Stanzteilhandling : Nagl &amp; Vetter GmbH","isPartOf":{"@id":"https:\/\/nagl-vetter.de\/de\/#website"},"datePublished":"2020-08-12T19:15:44+00:00","dateModified":"2021-04-22T16:28:33+00:00","description":"Wir liefern Ger\u00e4te und Roboterwerkzeuge f\u00fcr die pr\u00e4zise Handhabung selbstklebender Stanzteile, z.B. f\u00fcr den Lochverschluss.","breadcrumb":{"@id":"https:\/\/nagl-vetter.de\/de\/produkte\/stanzteilhandling\/#breadcrumb"},"inLanguage":"de","potentialAction":[{"@type":"ReadAction","target":["https:\/\/nagl-vetter.de\/de\/produkte\/stanzteilhandling\/"]}]},{"@type":"BreadcrumbList","@id":"https:\/\/nagl-vetter.de\/de\/produkte\/stanzteilhandling\/#breadcrumb","itemListElement":[{"@type":"ListItem","position":1,"name":"Startseite","item":"https:\/\/nagl-vetter.de\/de\/startseite\/"},{"@type":"ListItem","position":2,"name":"Produkte","item":"https:\/\/nagl-vetter.de\/de\/produkte\/"},{"@type":"ListItem","position":3,"name":"Stanzteilhandling"}]},{"@type":"WebSite","@id":"https:\/\/nagl-vetter.de\/de\/#website","url":"https:\/\/nagl-vetter.de\/de\/","name":"Nagl & Vetter GmbH","description":"Automatisierung, Forschung &amp; Entwicklung, Industrie","publisher":{"@id":"https:\/\/nagl-vetter.de\/de\/#organization"},"potentialAction":[{"@type":"SearchAction","target":{"@type":"EntryPoint","urlTemplate":"https:\/\/nagl-vetter.de\/de\/?s={search_term_string}"},"query-input":"required name=search_term_string"}],"inLanguage":"de"},{"@type":"Organization","@id":"https:\/\/nagl-vetter.de\/de\/#organization","name":"Nagl & Vetter GmbH","url":"https:\/\/nagl-vetter.de\/de\/","logo":{"@type":"ImageObject","inLanguage":"de","@id":"https:\/\/nagl-vetter.de\/de\/#\/schema\/logo\/image\/","url":"https:\/\/nagl-vetter.de\/wp-content\/uploads\/2019\/12\/nv-logo-web-1.png","contentUrl":"https:\/\/nagl-vetter.de\/wp-content\/uploads\/2019\/12\/nv-logo-web-1.png","width":340,"height":156,"caption":"Nagl & Vetter GmbH"},"image":{"@id":"https:\/\/nagl-vetter.de\/de\/#\/schema\/logo\/image\/"},"sameAs":["https:\/\/www.linkedin.com\/company\/nagl-vetter\/"]}]}},"_links":{"self":[{"href":"https:\/\/nagl-vetter.de\/de\/wp-json\/wp\/v2\/pages\/4312"}],"collection":[{"href":"https:\/\/nagl-vetter.de\/de\/wp-json\/wp\/v2\/pages"}],"about":[{"href":"https:\/\/nagl-vetter.de\/de\/wp-json\/wp\/v2\/types\/page"}],"author":[{"embeddable":true,"href":"https:\/\/nagl-vetter.de\/de\/wp-json\/wp\/v2\/users\/1"}],"replies":[{"embeddable":true,"href":"https:\/\/nagl-vetter.de\/de\/wp-json\/wp\/v2\/comments?post=4312"}],"version-history":[{"count":8,"href":"https:\/\/nagl-vetter.de\/de\/wp-json\/wp\/v2\/pages\/4312\/revisions"}],"predecessor-version":[{"id":5766,"href":"https:\/\/nagl-vetter.de\/de\/wp-json\/wp\/v2\/pages\/4312\/revisions\/5766"}],"up":[{"embeddable":true,"href":"https:\/\/nagl-vetter.de\/de\/wp-json\/wp\/v2\/pages\/4117"}],"wp:attachment":[{"href":"https:\/\/nagl-vetter.de\/de\/wp-json\/wp\/v2\/media?parent=4312"}],"curies":[{"name":"wp","href":"https:\/\/api.w.org\/{rel}","templated":true}]}}