{"id":4314,"date":"2020-08-12T21:18:04","date_gmt":"2020-08-12T19:18:04","guid":{"rendered":"https:\/\/nagl-vetter.de\/?page_id=4314"},"modified":"2020-09-15T22:45:25","modified_gmt":"2020-09-15T20:45:25","slug":"messtechnik","status":"publish","type":"page","link":"https:\/\/nagl-vetter.de\/de\/produkte\/messtechnik\/","title":{"rendered":"Messtechnik"},"content":{"rendered":"\n<style type=\"text\/css\" data-created_by=\"avia_inline_auto\" id=\"style-css-av-5g0f3u-b02d3bc26e4426b4cf67c159022e122c\">\n#top .av-special-heading.av-5g0f3u-b02d3bc26e4426b4cf67c159022e122c{\npadding-bottom:10px;\n}\nbody .av-special-heading.av-5g0f3u-b02d3bc26e4426b4cf67c159022e122c .av-special-heading-tag .heading-char{\nfont-size:25px;\n}\n.av-special-heading.av-5g0f3u-b02d3bc26e4426b4cf67c159022e122c .av-subheading{\nfont-size:15px;\n}\n<\/style>\n<div  class='av-special-heading av-5g0f3u-b02d3bc26e4426b4cf67c159022e122c av-special-heading-h3  avia-builder-el-0  el_before_av_one_half  avia-builder-el-first '><h3 class='av-special-heading-tag'  itemprop=\"headline\"  >Mess-, Steuer- und Regeltechnik<\/h3><div class=\"special-heading-border\"><div class=\"special-heading-inner-border\"><\/div><\/div><\/div>\n\n<style type=\"text\/css\" data-created_by=\"avia_inline_auto\" id=\"style-css-av-4vfgq2-0fa1ec0d68389c18b84b567ed38feb6a\">\n.flex_column.av-4vfgq2-0fa1ec0d68389c18b84b567ed38feb6a{\nborder-radius:0px 0px 0px 0px;\npadding:0px 0px 0px 0px;\n}\n<\/style>\n<div  class='flex_column av-4vfgq2-0fa1ec0d68389c18b84b567ed38feb6a av_one_half  avia-builder-el-1  el_after_av_heading  el_before_av_one_half  first flex_column_div av-zero-column-padding  '     ><section  class='av_textblock_section av-kdxo3amh-ccc80a9cb2a0920621658ff9eb5eac35 '   itemscope=\"itemscope\" itemtype=\"https:\/\/schema.org\/CreativeWork\" ><div class='avia_textblock'  itemprop=\"text\" ><p>Die Entwicklung von Messtechnik, sei es als Sonderentwicklung f\u00fcr Forschungsanwendungen oder als Serienprodukt, ist ein wichtiges T\u00e4tigkeitsfeld der Nagl &#038; Vetter GmbH. Nicht zuletzt deshalb sind wir seit 2016 Mitglied des <a href=\"https:\/\/www.measurement-valley.de\">Measurement Valley e.V.<\/a>, einem Verband G\u00f6ttinger Messtechnikunternehmen.<\/p>\n<\/div><\/section><\/div>\n\n<style type=\"text\/css\" data-created_by=\"avia_inline_auto\" id=\"style-css-av-2nyb6i-10ab59a87c5be58e2465e0c852016e8f\">\n.flex_column.av-2nyb6i-10ab59a87c5be58e2465e0c852016e8f{\nborder-radius:0px 0px 0px 0px;\npadding:0px 0px 0px 0px;\n}\n<\/style>\n<div  class='flex_column av-2nyb6i-10ab59a87c5be58e2465e0c852016e8f av_one_half  avia-builder-el-3  el_after_av_one_half  el_before_av_one_half  flex_column_div av-zero-column-padding  '     ><section  class='av_textblock_section av-kdxo66vc-d392716e637ae9fc0ce9f1790a821797 '   itemscope=\"itemscope\" itemtype=\"https:\/\/schema.org\/CreativeWork\" ><div class='avia_textblock'  itemprop=\"text\" ><p>In kaum einem anderen Gebiet besch\u00e4ftigt man sich so intensiv mit den Grenzen des Machbaren. Die hier gewonnene Erfahrung unserer Mitarbeiter kommt allen anderen Gesch\u00e4ftsbereichen zugute.<\/p>\n<\/div><\/section><\/div>\n\n<style type=\"text\/css\" data-created_by=\"avia_inline_auto\" id=\"style-css-av-3loilm-457f473976ac6820b81122d9adee1966\">\n.flex_column.av-3loilm-457f473976ac6820b81122d9adee1966{\nborder-radius:0px 0px 0px 0px;\npadding:0px 0px 0px 0px;\n}\n<\/style>\n<div  class='flex_column av-3loilm-457f473976ac6820b81122d9adee1966 av_one_half  avia-builder-el-5  el_after_av_one_half  el_before_av_one_half  first flex_column_div av-zero-column-padding  column-top-margin'     ><style type=\"text\/css\" data-created_by=\"avia_inline_auto\" id=\"style-css-av-ke64tcnc-15095942b748544668b997c49c19de11\">\n.avia-image-container.av-ke64tcnc-15095942b748544668b997c49c19de11 img.avia_image{\nbox-shadow:none;\n}\n.avia-image-container.av-ke64tcnc-15095942b748544668b997c49c19de11 .av-image-caption-overlay-center{\ncolor:#ffffff;\n}\n<\/style>\n<div  class='avia-image-container av-ke64tcnc-15095942b748544668b997c49c19de11 av-styling-no-styling avia-align-center  avia-builder-el-6  avia-builder-el-no-sibling '   itemprop=\"image\" itemscope=\"itemscope\" itemtype=\"https:\/\/schema.org\/ImageObject\" ><div class=\"avia-image-container-inner\"><div class=\"avia-image-overlay-wrap\"><a href=\"https:\/\/www.measurement-valley.de\" class='avia_image' target=\"_blank\" rel=\"noopener noreferrer\" aria-label='Measurement Valley'><img decoding=\"async\" fetchpriority=\"high\" class='wp-image-3492 avia-img-lazy-loading-not-3492 avia_image ' src=\"https:\/\/nagl-vetter.de\/wp-content\/uploads\/2019\/12\/mv.png\" alt='' title='Measurement Valley'  height=\"153\" width=\"300\"  itemprop=\"thumbnailUrl\"  \/><\/a><\/div><\/div><\/div><\/div>\n<style type=\"text\/css\" data-created_by=\"avia_inline_auto\" id=\"style-css-av-2j2k0q-f349ab93383c2e209831741ae5f60082\">\n.flex_column.av-2j2k0q-f349ab93383c2e209831741ae5f60082{\nborder-radius:0px 0px 0px 0px;\npadding:0px 0px 0px 0px;\n}\n<\/style>\n<div  class='flex_column av-2j2k0q-f349ab93383c2e209831741ae5f60082 av_one_half  avia-builder-el-7  el_after_av_one_half  el_before_av_hr  flex_column_div av-zero-column-padding  column-top-margin'     ><section  class='av_textblock_section av-ke64weuh-fab2de72d6c78a219a566ffa9a7b456e '   itemscope=\"itemscope\" itemtype=\"https:\/\/schema.org\/CreativeWork\" ><div class='avia_textblock'  itemprop=\"text\" ><h5>Produkte aus den Bereichen Mess-, Steuer- und Regeltechnik<\/h5>\n<p><a href=\"https:\/\/nagl-vetter.de\/de\/produkte\/idam-15\/\">IDAM<sup>-15<\/sup><\/a><\/p>\n<p><a href=\"https:\/\/nagl-vetter.de\/de\/produkte\/vacumon\/\">Vacumon<\/a><\/p>\n<p><a href=\"https:\/\/nagl-vetter.de\/de\/produkte\/digibrick\/\">DigiBrick<\/a><\/p>\n<p><a href=\"https:\/\/nagl-vetter.de\/de\/produkte\/jexmotion\/\">JexMotion<\/a><\/p>\n<\/div><\/section><\/div>\n<style type=\"text\/css\" data-created_by=\"avia_inline_auto\" id=\"style-css-av-ke64yn8q-919cf374f27b7aa3d49ba42c98dd4474\">\n#top .hr.hr-invisible.av-ke64yn8q-919cf374f27b7aa3d49ba42c98dd4474{\nheight:150px;\n}\n<\/style>\n<div  class='hr av-ke64yn8q-919cf374f27b7aa3d49ba42c98dd4474 hr-invisible  avia-builder-el-9  el_after_av_one_half  avia-builder-el-last '><span class='hr-inner '><span class=\"hr-inner-style\"><\/span><\/span><\/div><\/p>\n","protected":false},"excerpt":{"rendered":"","protected":false},"author":1,"featured_media":0,"parent":4117,"menu_order":0,"comment_status":"closed","ping_status":"closed","template":"","meta":{"footnotes":""},"yoast_head":"<!-- This site is optimized with the Yoast SEO plugin v22.1 - https:\/\/yoast.com\/wordpress\/plugins\/seo\/ -->\n<title>Messtechnik : Nagl &amp; Vetter GmbH<\/title>\n<meta name=\"description\" content=\"Unser Messtechnikportfolio: Messung von Ionenstr\u00f6men, Druckanzeige f\u00fcr Vakuummessr\u00f6hren, Ansteuerung von Hochspannungsmodulen und mehr\" \/>\n<meta name=\"robots\" content=\"index, follow, max-snippet:-1, max-image-preview:large, max-video-preview:-1\" \/>\n<link rel=\"canonical\" href=\"https:\/\/nagl-vetter.de\/de\/produkte\/messtechnik\/\" \/>\n<meta property=\"og:locale\" content=\"de_DE\" \/>\n<meta property=\"og:type\" content=\"article\" \/>\n<meta property=\"og:title\" content=\"Messtechnik : Nagl &amp; Vetter GmbH\" \/>\n<meta property=\"og:description\" content=\"Unser Messtechnikportfolio: Messung von Ionenstr\u00f6men, Druckanzeige f\u00fcr Vakuummessr\u00f6hren, Ansteuerung von Hochspannungsmodulen und mehr\" \/>\n<meta property=\"og:url\" content=\"https:\/\/nagl-vetter.de\/de\/produkte\/messtechnik\/\" \/>\n<meta property=\"og:site_name\" content=\"Nagl &amp; Vetter GmbH\" \/>\n<meta property=\"article:modified_time\" content=\"2020-09-15T20:45:25+00:00\" \/>\n<meta name=\"twitter:card\" content=\"summary_large_image\" \/>\n<meta name=\"twitter:label1\" content=\"Gesch\u00e4tzte Lesezeit\" \/>\n\t<meta name=\"twitter:data1\" content=\"4\u00a0Minuten\" \/>\n<script type=\"application\/ld+json\" class=\"yoast-schema-graph\">{\"@context\":\"https:\/\/schema.org\",\"@graph\":[{\"@type\":\"WebPage\",\"@id\":\"https:\/\/nagl-vetter.de\/de\/produkte\/messtechnik\/\",\"url\":\"https:\/\/nagl-vetter.de\/de\/produkte\/messtechnik\/\",\"name\":\"Messtechnik : Nagl &amp; Vetter GmbH\",\"isPartOf\":{\"@id\":\"https:\/\/nagl-vetter.de\/de\/#website\"},\"datePublished\":\"2020-08-12T19:18:04+00:00\",\"dateModified\":\"2020-09-15T20:45:25+00:00\",\"description\":\"Unser Messtechnikportfolio: Messung von Ionenstr\u00f6men, Druckanzeige f\u00fcr Vakuummessr\u00f6hren, Ansteuerung von Hochspannungsmodulen und mehr\",\"breadcrumb\":{\"@id\":\"https:\/\/nagl-vetter.de\/de\/produkte\/messtechnik\/#breadcrumb\"},\"inLanguage\":\"de\",\"potentialAction\":[{\"@type\":\"ReadAction\",\"target\":[\"https:\/\/nagl-vetter.de\/de\/produkte\/messtechnik\/\"]}]},{\"@type\":\"BreadcrumbList\",\"@id\":\"https:\/\/nagl-vetter.de\/de\/produkte\/messtechnik\/#breadcrumb\",\"itemListElement\":[{\"@type\":\"ListItem\",\"position\":1,\"name\":\"Startseite\",\"item\":\"https:\/\/nagl-vetter.de\/de\/startseite\/\"},{\"@type\":\"ListItem\",\"position\":2,\"name\":\"Produkte\",\"item\":\"https:\/\/nagl-vetter.de\/de\/produkte\/\"},{\"@type\":\"ListItem\",\"position\":3,\"name\":\"Messtechnik\"}]},{\"@type\":\"WebSite\",\"@id\":\"https:\/\/nagl-vetter.de\/de\/#website\",\"url\":\"https:\/\/nagl-vetter.de\/de\/\",\"name\":\"Nagl & Vetter GmbH\",\"description\":\"Automatisierung, Forschung &amp; Entwicklung, Industrie\",\"publisher\":{\"@id\":\"https:\/\/nagl-vetter.de\/de\/#organization\"},\"potentialAction\":[{\"@type\":\"SearchAction\",\"target\":{\"@type\":\"EntryPoint\",\"urlTemplate\":\"https:\/\/nagl-vetter.de\/de\/?s={search_term_string}\"},\"query-input\":\"required name=search_term_string\"}],\"inLanguage\":\"de\"},{\"@type\":\"Organization\",\"@id\":\"https:\/\/nagl-vetter.de\/de\/#organization\",\"name\":\"Nagl & Vetter GmbH\",\"url\":\"https:\/\/nagl-vetter.de\/de\/\",\"logo\":{\"@type\":\"ImageObject\",\"inLanguage\":\"de\",\"@id\":\"https:\/\/nagl-vetter.de\/de\/#\/schema\/logo\/image\/\",\"url\":\"https:\/\/nagl-vetter.de\/wp-content\/uploads\/2019\/12\/nv-logo-web-1.png\",\"contentUrl\":\"https:\/\/nagl-vetter.de\/wp-content\/uploads\/2019\/12\/nv-logo-web-1.png\",\"width\":340,\"height\":156,\"caption\":\"Nagl & Vetter GmbH\"},\"image\":{\"@id\":\"https:\/\/nagl-vetter.de\/de\/#\/schema\/logo\/image\/\"},\"sameAs\":[\"https:\/\/www.linkedin.com\/company\/nagl-vetter\/\"]}]}<\/script>\n<!-- \/ Yoast SEO plugin. -->","yoast_head_json":{"title":"Messtechnik : Nagl &amp; Vetter GmbH","description":"Unser Messtechnikportfolio: Messung von Ionenstr\u00f6men, Druckanzeige f\u00fcr Vakuummessr\u00f6hren, Ansteuerung von Hochspannungsmodulen und mehr","robots":{"index":"index","follow":"follow","max-snippet":"max-snippet:-1","max-image-preview":"max-image-preview:large","max-video-preview":"max-video-preview:-1"},"canonical":"https:\/\/nagl-vetter.de\/de\/produkte\/messtechnik\/","og_locale":"de_DE","og_type":"article","og_title":"Messtechnik : Nagl &amp; Vetter GmbH","og_description":"Unser Messtechnikportfolio: Messung von Ionenstr\u00f6men, Druckanzeige f\u00fcr Vakuummessr\u00f6hren, Ansteuerung von Hochspannungsmodulen und mehr","og_url":"https:\/\/nagl-vetter.de\/de\/produkte\/messtechnik\/","og_site_name":"Nagl &amp; Vetter GmbH","article_modified_time":"2020-09-15T20:45:25+00:00","twitter_card":"summary_large_image","twitter_misc":{"Gesch\u00e4tzte Lesezeit":"4\u00a0Minuten"},"schema":{"@context":"https:\/\/schema.org","@graph":[{"@type":"WebPage","@id":"https:\/\/nagl-vetter.de\/de\/produkte\/messtechnik\/","url":"https:\/\/nagl-vetter.de\/de\/produkte\/messtechnik\/","name":"Messtechnik : Nagl &amp; Vetter GmbH","isPartOf":{"@id":"https:\/\/nagl-vetter.de\/de\/#website"},"datePublished":"2020-08-12T19:18:04+00:00","dateModified":"2020-09-15T20:45:25+00:00","description":"Unser Messtechnikportfolio: Messung von Ionenstr\u00f6men, Druckanzeige f\u00fcr Vakuummessr\u00f6hren, Ansteuerung von Hochspannungsmodulen und mehr","breadcrumb":{"@id":"https:\/\/nagl-vetter.de\/de\/produkte\/messtechnik\/#breadcrumb"},"inLanguage":"de","potentialAction":[{"@type":"ReadAction","target":["https:\/\/nagl-vetter.de\/de\/produkte\/messtechnik\/"]}]},{"@type":"BreadcrumbList","@id":"https:\/\/nagl-vetter.de\/de\/produkte\/messtechnik\/#breadcrumb","itemListElement":[{"@type":"ListItem","position":1,"name":"Startseite","item":"https:\/\/nagl-vetter.de\/de\/startseite\/"},{"@type":"ListItem","position":2,"name":"Produkte","item":"https:\/\/nagl-vetter.de\/de\/produkte\/"},{"@type":"ListItem","position":3,"name":"Messtechnik"}]},{"@type":"WebSite","@id":"https:\/\/nagl-vetter.de\/de\/#website","url":"https:\/\/nagl-vetter.de\/de\/","name":"Nagl & Vetter GmbH","description":"Automatisierung, Forschung &amp; Entwicklung, Industrie","publisher":{"@id":"https:\/\/nagl-vetter.de\/de\/#organization"},"potentialAction":[{"@type":"SearchAction","target":{"@type":"EntryPoint","urlTemplate":"https:\/\/nagl-vetter.de\/de\/?s={search_term_string}"},"query-input":"required name=search_term_string"}],"inLanguage":"de"},{"@type":"Organization","@id":"https:\/\/nagl-vetter.de\/de\/#organization","name":"Nagl & Vetter GmbH","url":"https:\/\/nagl-vetter.de\/de\/","logo":{"@type":"ImageObject","inLanguage":"de","@id":"https:\/\/nagl-vetter.de\/de\/#\/schema\/logo\/image\/","url":"https:\/\/nagl-vetter.de\/wp-content\/uploads\/2019\/12\/nv-logo-web-1.png","contentUrl":"https:\/\/nagl-vetter.de\/wp-content\/uploads\/2019\/12\/nv-logo-web-1.png","width":340,"height":156,"caption":"Nagl & Vetter GmbH"},"image":{"@id":"https:\/\/nagl-vetter.de\/de\/#\/schema\/logo\/image\/"},"sameAs":["https:\/\/www.linkedin.com\/company\/nagl-vetter\/"]}]}},"_links":{"self":[{"href":"https:\/\/nagl-vetter.de\/de\/wp-json\/wp\/v2\/pages\/4314"}],"collection":[{"href":"https:\/\/nagl-vetter.de\/de\/wp-json\/wp\/v2\/pages"}],"about":[{"href":"https:\/\/nagl-vetter.de\/de\/wp-json\/wp\/v2\/types\/page"}],"author":[{"embeddable":true,"href":"https:\/\/nagl-vetter.de\/de\/wp-json\/wp\/v2\/users\/1"}],"replies":[{"embeddable":true,"href":"https:\/\/nagl-vetter.de\/de\/wp-json\/wp\/v2\/comments?post=4314"}],"version-history":[{"count":8,"href":"https:\/\/nagl-vetter.de\/de\/wp-json\/wp\/v2\/pages\/4314\/revisions"}],"predecessor-version":[{"id":5329,"href":"https:\/\/nagl-vetter.de\/de\/wp-json\/wp\/v2\/pages\/4314\/revisions\/5329"}],"up":[{"embeddable":true,"href":"https:\/\/nagl-vetter.de\/de\/wp-json\/wp\/v2\/pages\/4117"}],"wp:attachment":[{"href":"https:\/\/nagl-vetter.de\/de\/wp-json\/wp\/v2\/media?parent=4314"}],"curies":[{"name":"wp","href":"https:\/\/api.w.org\/{rel}","templated":true}]}}