{"id":4424,"date":"2020-08-16T11:53:36","date_gmt":"2020-08-16T09:53:36","guid":{"rendered":"https:\/\/nagl-vetter.de\/?page_id=4424"},"modified":"2020-09-15T22:13:24","modified_gmt":"2020-09-15T20:13:24","slug":"produktentwicklung","status":"publish","type":"page","link":"https:\/\/nagl-vetter.de\/de\/entwicklung\/produktentwicklung\/","title":{"rendered":"Produktentwicklung"},"content":{"rendered":"\n<style type=\"text\/css\" data-created_by=\"avia_inline_auto\" id=\"style-css-av-2cyfq0-eb3562a751305e132152fd124ca02de0\">\n#top .av-special-heading.av-2cyfq0-eb3562a751305e132152fd124ca02de0{\npadding-bottom:10px;\n}\nbody .av-special-heading.av-2cyfq0-eb3562a751305e132152fd124ca02de0 .av-special-heading-tag .heading-char{\nfont-size:25px;\n}\n.av-special-heading.av-2cyfq0-eb3562a751305e132152fd124ca02de0 .av-subheading{\nfont-size:15px;\n}\n<\/style>\n<div  class='av-special-heading av-2cyfq0-eb3562a751305e132152fd124ca02de0 av-special-heading-h3  avia-builder-el-0  el_before_av_two_third  avia-builder-el-first '><h3 class='av-special-heading-tag'  itemprop=\"headline\"  >Ihre Produkte &#8211; unsere Herausforderung<\/h3><div class=\"special-heading-border\"><div class=\"special-heading-inner-border\"><\/div><\/div><\/div>\n\n<style type=\"text\/css\" data-created_by=\"avia_inline_auto\" id=\"style-css-av-4fk9jc-593735c8d3c8cbf4daf75d2890dfd6bf\">\n.flex_column.av-4fk9jc-593735c8d3c8cbf4daf75d2890dfd6bf{\nborder-radius:0px 0px 0px 0px;\npadding:0px 0px 0px 0px;\n}\n<\/style>\n<div  class='flex_column av-4fk9jc-593735c8d3c8cbf4daf75d2890dfd6bf av_two_third  avia-builder-el-1  el_after_av_heading  el_before_av_one_third  first flex_column_div av-zero-column-padding  '     ><section  class='av_textblock_section av-kdx1fqme-91d6a05c8d5aa75735939485fee8043e '   itemscope=\"itemscope\" itemtype=\"https:\/\/schema.org\/CreativeWork\" ><div class='avia_textblock'  itemprop=\"text\" ><p>Wir entwickeln die Produkte unserer Kunden. Von der Machbarkeitsstudie \u00fcber Konzeption und Entwicklung von <a href=\"https:\/\/nagl-vetter.de\/de\/entwicklung\/elektronikentwicklung\/\">Elektronik<\/a>, Elektromechanik und mechanischem Konzept bis hin zum Design von Kunststoffkomponenten.<\/p>\n<p>Wenn Sie eine Produktidee haben, aber kein Entwicklungsteam, um diese umzusetzen oder wenn Ihre vorhandene Entwicklungsabteilung keine freien Kapazit\u00e4ten hat oder Unterst\u00fctzung in Teilbereichen ben\u00f6tigt, sind Sie bei uns richtig.<\/p>\n<p>Da Produktentwicklungsprojekte so vielseitig sind wie die Produkte, bieten wir verschiedene Abrechnungsmodelle an. Angefangen von der aufwandsabh\u00e4ngigen Abrechnung, auf deren Basis sich besonders Projekte umsetzen lassen, bei denen die detaillierten Spezifikationen erst im Projektverlauf definiert werden k\u00f6nnen, \u00fcber pauschal abgerechnete Modelle auf Basis klar definierter Lastenhefte bis hin zur Entwicklung von OEM- oder White-Label-Produkten haben wir mit allen Varianten Erfahrung. Gerne beraten wir Sie welcher Modus f\u00fcr Ihr Projekt die gr\u00f6\u00dften Vorteile verspricht.<\/p>\n<\/div><\/section><\/div>\n<style type=\"text\/css\" data-created_by=\"avia_inline_auto\" id=\"style-css-av-kdx1pwkl-154120c8437b43461a8f9d64db3a2b44\">\n.flex_column.av-kdx1pwkl-154120c8437b43461a8f9d64db3a2b44{\nborder-radius:0px 0px 0px 0px;\npadding:0 0 0 0;\n}\n<\/style>\n<div  class='flex_column av-kdx1pwkl-154120c8437b43461a8f9d64db3a2b44 av_one_third  avia-builder-el-3  el_after_av_two_third  el_before_av_one_full  flex_column_div av-zero-column-padding  '     ><section  class='av_textblock_section av-kdx27pfb-a3b0b1b4c43474bb3e451926718690ec '   itemscope=\"itemscope\" itemtype=\"https:\/\/schema.org\/CreativeWork\" ><div class='avia_textblock'  itemprop=\"text\" ><div id=\"attachment_4436\" style=\"width: 252px\" class=\"wp-caption aligncenter\"><img loading=\"lazy\" decoding=\"async\" aria-describedby=\"caption-attachment-4436\" class=\"wp-image-4436 size-medium\" src=\"https:\/\/nagl-vetter.de\/wp-content\/uploads\/2020\/08\/usb-switch-explosion-242x300.png\" alt=\"\" width=\"242\" height=\"300\" srcset=\"https:\/\/nagl-vetter.de\/wp-content\/uploads\/2020\/08\/usb-switch-explosion-242x300.png 242w, https:\/\/nagl-vetter.de\/wp-content\/uploads\/2020\/08\/usb-switch-explosion-570x705.png 570w, https:\/\/nagl-vetter.de\/wp-content\/uploads\/2020\/08\/usb-switch-explosion.png 585w\" sizes=\"(max-width: 242px) 100vw, 242px\" \/><p id=\"caption-attachment-4436\" class=\"wp-caption-text\">Explosionsdarstellung eines einfachen Ger\u00e4tedesigns mit Spritzgussgeh\u00e4use<\/p><\/div>\n<\/div><\/section><\/div><\/p>\n\n<style type=\"text\/css\" data-created_by=\"avia_inline_auto\" id=\"style-css-av-2e7viw-63fd6353f6f06eba6de05fe53f5aeadc\">\n.flex_column.av-2e7viw-63fd6353f6f06eba6de05fe53f5aeadc{\nborder-radius:0px 0px 0px 0px;\npadding:0px 0px 0px 0px;\n}\n<\/style>\n<div  class='flex_column av-2e7viw-63fd6353f6f06eba6de05fe53f5aeadc av_one_full  avia-builder-el-5  el_after_av_one_third  avia-builder-el-last  first flex_column_div av-zero-column-padding  column-top-margin'     ><div id='av-masonry-1' class='av-masonry av-kdx2fab2-6ec574a2d6eb92e3104faa6431e7e919 noHover av-flex-size av-large-gap av-hover-overlay-active av-masonry-animation-active av-masonry-col-flexible av-caption-always av-caption-style- av-masonry-gallery ' data-post_id=\"4424\"><div class=\"av-masonry-container isotope av-js-disabled\"><div class='av-masonry-entry isotope-item av-masonry-item-no-image '><\/div><a href=\"https:\/\/nagl-vetter.de\/wp-content\/uploads\/2020\/08\/jexmotion-1030x915.jpg\" data-srcset=\"https:\/\/nagl-vetter.de\/wp-content\/uploads\/2020\/08\/jexmotion-1030x915.jpg 1030w, https:\/\/nagl-vetter.de\/wp-content\/uploads\/2020\/08\/jexmotion-300x266.jpg 300w, https:\/\/nagl-vetter.de\/wp-content\/uploads\/2020\/08\/jexmotion-768x682.jpg 768w, https:\/\/nagl-vetter.de\/wp-content\/uploads\/2020\/08\/jexmotion-705x626.jpg 705w, https:\/\/nagl-vetter.de\/wp-content\/uploads\/2020\/08\/jexmotion.jpg 1280w\" data-sizes=\"(max-width: 1030px) 100vw, 1030px\"  aria-label=\"image Motorsteuerung\"  id='av-masonry-1-item-4445' data-av-masonry-item='4445' class='av-masonry-entry isotope-item post-4445 attachment type-attachment status-inherit hentry  av-masonry-item-with-image' title=\"Motorsteuerung\" alt=\"\"    itemprop=\"thumbnailUrl\" ><div class='av-inner-masonry-sizer'><\/div><figure class='av-inner-masonry main_color'><div class=\"av-masonry-outerimage-container\"><div class='av-masonry-image-container'   ><img decoding=\"async\" width=\"705\" height=\"626\" fetchpriority=\"high\" class=\"wp-image-4445 avia-img-lazy-loading-not-4445\"  src=\"https:\/\/nagl-vetter.de\/wp-content\/uploads\/2020\/08\/jexmotion-705x626.jpg\" title=\"Motorsteuerung\" alt=\"\" srcset=\"https:\/\/nagl-vetter.de\/wp-content\/uploads\/2020\/08\/jexmotion-705x626.jpg 705w, https:\/\/nagl-vetter.de\/wp-content\/uploads\/2020\/08\/jexmotion-300x266.jpg 300w, https:\/\/nagl-vetter.de\/wp-content\/uploads\/2020\/08\/jexmotion-1030x915.jpg 1030w, https:\/\/nagl-vetter.de\/wp-content\/uploads\/2020\/08\/jexmotion-768x682.jpg 768w, https:\/\/nagl-vetter.de\/wp-content\/uploads\/2020\/08\/jexmotion.jpg 1280w\" sizes=\"(max-width: 705px) 100vw, 705px\" \/><\/div><\/div><figcaption class='av-inner-masonry-content site-background'><div class='av-inner-masonry-content-pos'><div class='av-inner-masonry-content-pos-content'><div class='avia-arrow'><\/div><h3 class='av-masonry-entry-title entry-title '  itemprop=\"headline\" >Motorsteuerung<\/h3><div class='av-masonry-entry-content entry-content'  itemprop=\"text\" >Testaufbau f\u00fcr eine Motorsteuerung mit vollst\u00e4ndig ruckfreiem Beschleunigungsalgorithmus<\/div><\/div><\/div><\/figcaption><\/figure><\/a><!--end av-masonry entry--><a href=\"https:\/\/nagl-vetter.de\/wp-content\/uploads\/2020\/02\/IMG_6450-1-1030x1030.jpg\" data-srcset=\"https:\/\/nagl-vetter.de\/wp-content\/uploads\/2020\/02\/IMG_6450-1-1030x1030.jpg 1030w, https:\/\/nagl-vetter.de\/wp-content\/uploads\/2020\/02\/IMG_6450-1-300x300.jpg 300w, https:\/\/nagl-vetter.de\/wp-content\/uploads\/2020\/02\/IMG_6450-1-80x80.jpg 80w, https:\/\/nagl-vetter.de\/wp-content\/uploads\/2020\/02\/IMG_6450-1-768x768.jpg 768w, https:\/\/nagl-vetter.de\/wp-content\/uploads\/2020\/02\/IMG_6450-1-1536x1536.jpg 1536w, https:\/\/nagl-vetter.de\/wp-content\/uploads\/2020\/02\/IMG_6450-1-36x36.jpg 36w, https:\/\/nagl-vetter.de\/wp-content\/uploads\/2020\/02\/IMG_6450-1-180x180.jpg 180w, https:\/\/nagl-vetter.de\/wp-content\/uploads\/2020\/02\/IMG_6450-1-1500x1500.jpg 1500w, https:\/\/nagl-vetter.de\/wp-content\/uploads\/2020\/02\/IMG_6450-1-705x705.jpg 705w, https:\/\/nagl-vetter.de\/wp-content\/uploads\/2020\/02\/IMG_6450-1.jpg 1805w\" data-sizes=\"(max-width: 1030px) 100vw, 1030px\"  aria-label=\"image Geh\u00e4useentwicklung\"  id='av-masonry-1-item-3748' data-av-masonry-item='3748' class='av-masonry-entry isotope-item post-3748 attachment type-attachment status-inherit hentry  av-masonry-item-with-image' title=\"Geh\u00e4useentwicklung\" alt=\"\"    itemprop=\"thumbnailUrl\" ><div class='av-inner-masonry-sizer'><\/div><figure class='av-inner-masonry main_color'><div class=\"av-masonry-outerimage-container\"><div class='av-masonry-image-container'   ><img decoding=\"async\" width=\"705\" height=\"705\" fetchpriority=\"high\" class=\"wp-image-3748 avia-img-lazy-loading-not-3748\"  src=\"https:\/\/nagl-vetter.de\/wp-content\/uploads\/2020\/02\/IMG_6450-1-705x705.jpg\" title=\"Geh\u00e4useentwicklung\" alt=\"\" srcset=\"https:\/\/nagl-vetter.de\/wp-content\/uploads\/2020\/02\/IMG_6450-1-705x705.jpg 705w, https:\/\/nagl-vetter.de\/wp-content\/uploads\/2020\/02\/IMG_6450-1-300x300.jpg 300w, https:\/\/nagl-vetter.de\/wp-content\/uploads\/2020\/02\/IMG_6450-1-1030x1030.jpg 1030w, https:\/\/nagl-vetter.de\/wp-content\/uploads\/2020\/02\/IMG_6450-1-80x80.jpg 80w, https:\/\/nagl-vetter.de\/wp-content\/uploads\/2020\/02\/IMG_6450-1-768x768.jpg 768w, https:\/\/nagl-vetter.de\/wp-content\/uploads\/2020\/02\/IMG_6450-1-1536x1536.jpg 1536w, https:\/\/nagl-vetter.de\/wp-content\/uploads\/2020\/02\/IMG_6450-1-36x36.jpg 36w, https:\/\/nagl-vetter.de\/wp-content\/uploads\/2020\/02\/IMG_6450-1-180x180.jpg 180w, https:\/\/nagl-vetter.de\/wp-content\/uploads\/2020\/02\/IMG_6450-1-1500x1500.jpg 1500w, https:\/\/nagl-vetter.de\/wp-content\/uploads\/2020\/02\/IMG_6450-1.jpg 1805w\" sizes=\"(max-width: 705px) 100vw, 705px\" \/><\/div><\/div><figcaption class='av-inner-masonry-content site-background'><div class='av-inner-masonry-content-pos'><div class='av-inner-masonry-content-pos-content'><div class='avia-arrow'><\/div><h3 class='av-masonry-entry-title entry-title '  itemprop=\"headline\" >Geh\u00e4useentwicklung<\/h3><div class='av-masonry-entry-content entry-content'  itemprop=\"text\" >Geh\u00e4useprototyp als 3D-Druck<\/div><\/div><\/div><\/figcaption><\/figure><\/a><!--end av-masonry entry--><a href=\"https:\/\/nagl-vetter.de\/wp-content\/uploads\/2020\/02\/enclosure-evolution-1-scaled-1030x1030.jpg\" data-srcset=\"https:\/\/nagl-vetter.de\/wp-content\/uploads\/2020\/02\/enclosure-evolution-1-scaled-1030x1030.jpg 1030w, https:\/\/nagl-vetter.de\/wp-content\/uploads\/2020\/02\/enclosure-evolution-1-scaled-300x300.jpg 300w, https:\/\/nagl-vetter.de\/wp-content\/uploads\/2020\/02\/enclosure-evolution-1-scaled-80x80.jpg 80w, https:\/\/nagl-vetter.de\/wp-content\/uploads\/2020\/02\/enclosure-evolution-1-scaled-768x768.jpg 768w, https:\/\/nagl-vetter.de\/wp-content\/uploads\/2020\/02\/enclosure-evolution-1-scaled-1536x1536.jpg 1536w, https:\/\/nagl-vetter.de\/wp-content\/uploads\/2020\/02\/enclosure-evolution-1-scaled-2048x2048.jpg 2048w, https:\/\/nagl-vetter.de\/wp-content\/uploads\/2020\/02\/enclosure-evolution-1-scaled-36x36.jpg 36w, https:\/\/nagl-vetter.de\/wp-content\/uploads\/2020\/02\/enclosure-evolution-1-scaled-180x180.jpg 180w, https:\/\/nagl-vetter.de\/wp-content\/uploads\/2020\/02\/enclosure-evolution-1-scaled-1500x1500.jpg 1500w, https:\/\/nagl-vetter.de\/wp-content\/uploads\/2020\/02\/enclosure-evolution-1-scaled-705x705.jpg 705w\" data-sizes=\"(max-width: 1030px) 100vw, 1030px\"  aria-label=\"image Spritzguss- und Platinendesign\"  id='av-masonry-1-item-3771' data-av-masonry-item='3771' class='av-masonry-entry isotope-item post-3771 attachment type-attachment status-inherit hentry  av-masonry-item-with-image' title=\"Spritzguss- und Platinendesign\" alt=\"Prototypen\"    itemprop=\"thumbnailUrl\" ><div class='av-inner-masonry-sizer'><\/div><figure class='av-inner-masonry main_color'><div class=\"av-masonry-outerimage-container\"><div class='av-masonry-image-container'   ><img decoding=\"async\" width=\"705\" height=\"705\" fetchpriority=\"high\" class=\"wp-image-3771 avia-img-lazy-loading-not-3771\"  src=\"https:\/\/nagl-vetter.de\/wp-content\/uploads\/2020\/02\/enclosure-evolution-1-scaled-705x705.jpg\" title=\"Spritzguss- und Platinendesign\" alt=\"Prototypen\" srcset=\"https:\/\/nagl-vetter.de\/wp-content\/uploads\/2020\/02\/enclosure-evolution-1-scaled-705x705.jpg 705w, https:\/\/nagl-vetter.de\/wp-content\/uploads\/2020\/02\/enclosure-evolution-1-scaled-300x300.jpg 300w, https:\/\/nagl-vetter.de\/wp-content\/uploads\/2020\/02\/enclosure-evolution-1-scaled-1030x1030.jpg 1030w, https:\/\/nagl-vetter.de\/wp-content\/uploads\/2020\/02\/enclosure-evolution-1-scaled-80x80.jpg 80w, https:\/\/nagl-vetter.de\/wp-content\/uploads\/2020\/02\/enclosure-evolution-1-scaled-768x768.jpg 768w, https:\/\/nagl-vetter.de\/wp-content\/uploads\/2020\/02\/enclosure-evolution-1-scaled-1536x1536.jpg 1536w, https:\/\/nagl-vetter.de\/wp-content\/uploads\/2020\/02\/enclosure-evolution-1-scaled-2048x2048.jpg 2048w, https:\/\/nagl-vetter.de\/wp-content\/uploads\/2020\/02\/enclosure-evolution-1-scaled-36x36.jpg 36w, https:\/\/nagl-vetter.de\/wp-content\/uploads\/2020\/02\/enclosure-evolution-1-scaled-180x180.jpg 180w, https:\/\/nagl-vetter.de\/wp-content\/uploads\/2020\/02\/enclosure-evolution-1-scaled-1500x1500.jpg 1500w\" sizes=\"(max-width: 705px) 100vw, 705px\" \/><\/div><\/div><figcaption class='av-inner-masonry-content site-background'><div class='av-inner-masonry-content-pos'><div class='av-inner-masonry-content-pos-content'><div class='avia-arrow'><\/div><h3 class='av-masonry-entry-title entry-title '  itemprop=\"headline\" >Spritzguss- und Platinendesign<\/h3><div class='av-masonry-entry-content entry-content'  itemprop=\"text\" >Spritzguss und Platinenentwicklung<\/div><\/div><\/div><\/figcaption><\/figure><\/a><!--end av-masonry entry--><\/div><\/div><\/div>\n","protected":false},"excerpt":{"rendered":"","protected":false},"author":1,"featured_media":0,"parent":4131,"menu_order":0,"comment_status":"closed","ping_status":"closed","template":"","meta":{"footnotes":""},"yoast_head":"<!-- This site is optimized with the Yoast SEO plugin v22.1 - https:\/\/yoast.com\/wordpress\/plugins\/seo\/ -->\n<title>Produktentwicklung : Nagl &amp; Vetter GmbH<\/title>\n<meta name=\"description\" content=\"Wir entwickeln Ihre Produkte! Elektronik, Mechanik, Geh\u00e4use, Firmware - von uns erhalten Sie das Rundum-Sorglos-Paket.\" \/>\n<meta name=\"robots\" content=\"index, follow, max-snippet:-1, max-image-preview:large, max-video-preview:-1\" \/>\n<link rel=\"canonical\" href=\"https:\/\/nagl-vetter.de\/de\/entwicklung\/produktentwicklung\/\" \/>\n<meta property=\"og:locale\" content=\"de_DE\" \/>\n<meta property=\"og:type\" content=\"article\" \/>\n<meta property=\"og:title\" content=\"Produktentwicklung : Nagl &amp; Vetter GmbH\" \/>\n<meta property=\"og:description\" content=\"Wir entwickeln Ihre Produkte! Elektronik, Mechanik, Geh\u00e4use, Firmware - von uns erhalten Sie das Rundum-Sorglos-Paket.\" \/>\n<meta property=\"og:url\" content=\"https:\/\/nagl-vetter.de\/de\/entwicklung\/produktentwicklung\/\" \/>\n<meta property=\"og:site_name\" content=\"Nagl &amp; Vetter GmbH\" \/>\n<meta property=\"article:modified_time\" content=\"2020-09-15T20:13:24+00:00\" \/>\n<meta property=\"og:image\" content=\"https:\/\/nagl-vetter.de\/wp-content\/uploads\/2020\/08\/usb-switch-explosion-242x300.png\" \/>\n<meta name=\"twitter:card\" content=\"summary_large_image\" \/>\n<meta name=\"twitter:label1\" content=\"Gesch\u00e4tzte Lesezeit\" \/>\n\t<meta name=\"twitter:data1\" content=\"4\u00a0Minuten\" \/>\n<script type=\"application\/ld+json\" class=\"yoast-schema-graph\">{\"@context\":\"https:\/\/schema.org\",\"@graph\":[{\"@type\":\"WebPage\",\"@id\":\"https:\/\/nagl-vetter.de\/de\/entwicklung\/produktentwicklung\/\",\"url\":\"https:\/\/nagl-vetter.de\/de\/entwicklung\/produktentwicklung\/\",\"name\":\"Produktentwicklung : Nagl &amp; Vetter GmbH\",\"isPartOf\":{\"@id\":\"https:\/\/nagl-vetter.de\/de\/#website\"},\"datePublished\":\"2020-08-16T09:53:36+00:00\",\"dateModified\":\"2020-09-15T20:13:24+00:00\",\"description\":\"Wir entwickeln Ihre Produkte! Elektronik, Mechanik, Geh\u00e4use, Firmware - von uns erhalten Sie das Rundum-Sorglos-Paket.\",\"breadcrumb\":{\"@id\":\"https:\/\/nagl-vetter.de\/de\/entwicklung\/produktentwicklung\/#breadcrumb\"},\"inLanguage\":\"de\",\"potentialAction\":[{\"@type\":\"ReadAction\",\"target\":[\"https:\/\/nagl-vetter.de\/de\/entwicklung\/produktentwicklung\/\"]}]},{\"@type\":\"BreadcrumbList\",\"@id\":\"https:\/\/nagl-vetter.de\/de\/entwicklung\/produktentwicklung\/#breadcrumb\",\"itemListElement\":[{\"@type\":\"ListItem\",\"position\":1,\"name\":\"Startseite\",\"item\":\"https:\/\/nagl-vetter.de\/de\/startseite\/\"},{\"@type\":\"ListItem\",\"position\":2,\"name\":\"Forschung &#038; Entwicklung\",\"item\":\"https:\/\/nagl-vetter.de\/de\/entwicklung\/\"},{\"@type\":\"ListItem\",\"position\":3,\"name\":\"Produktentwicklung\"}]},{\"@type\":\"WebSite\",\"@id\":\"https:\/\/nagl-vetter.de\/de\/#website\",\"url\":\"https:\/\/nagl-vetter.de\/de\/\",\"name\":\"Nagl & Vetter GmbH\",\"description\":\"Automatisierung, Forschung &amp; Entwicklung, Industrie\",\"publisher\":{\"@id\":\"https:\/\/nagl-vetter.de\/de\/#organization\"},\"potentialAction\":[{\"@type\":\"SearchAction\",\"target\":{\"@type\":\"EntryPoint\",\"urlTemplate\":\"https:\/\/nagl-vetter.de\/de\/?s={search_term_string}\"},\"query-input\":\"required name=search_term_string\"}],\"inLanguage\":\"de\"},{\"@type\":\"Organization\",\"@id\":\"https:\/\/nagl-vetter.de\/de\/#organization\",\"name\":\"Nagl & Vetter GmbH\",\"url\":\"https:\/\/nagl-vetter.de\/de\/\",\"logo\":{\"@type\":\"ImageObject\",\"inLanguage\":\"de\",\"@id\":\"https:\/\/nagl-vetter.de\/de\/#\/schema\/logo\/image\/\",\"url\":\"https:\/\/nagl-vetter.de\/wp-content\/uploads\/2019\/12\/nv-logo-web-1.png\",\"contentUrl\":\"https:\/\/nagl-vetter.de\/wp-content\/uploads\/2019\/12\/nv-logo-web-1.png\",\"width\":340,\"height\":156,\"caption\":\"Nagl & Vetter GmbH\"},\"image\":{\"@id\":\"https:\/\/nagl-vetter.de\/de\/#\/schema\/logo\/image\/\"},\"sameAs\":[\"https:\/\/www.linkedin.com\/company\/nagl-vetter\/\"]}]}<\/script>\n<!-- \/ Yoast SEO plugin. -->","yoast_head_json":{"title":"Produktentwicklung : Nagl &amp; Vetter GmbH","description":"Wir entwickeln Ihre Produkte! Elektronik, Mechanik, Geh\u00e4use, Firmware - von uns erhalten Sie das Rundum-Sorglos-Paket.","robots":{"index":"index","follow":"follow","max-snippet":"max-snippet:-1","max-image-preview":"max-image-preview:large","max-video-preview":"max-video-preview:-1"},"canonical":"https:\/\/nagl-vetter.de\/de\/entwicklung\/produktentwicklung\/","og_locale":"de_DE","og_type":"article","og_title":"Produktentwicklung : Nagl &amp; Vetter GmbH","og_description":"Wir entwickeln Ihre Produkte! Elektronik, Mechanik, Geh\u00e4use, Firmware - von uns erhalten Sie das Rundum-Sorglos-Paket.","og_url":"https:\/\/nagl-vetter.de\/de\/entwicklung\/produktentwicklung\/","og_site_name":"Nagl &amp; Vetter GmbH","article_modified_time":"2020-09-15T20:13:24+00:00","og_image":[{"url":"https:\/\/nagl-vetter.de\/wp-content\/uploads\/2020\/08\/usb-switch-explosion-242x300.png"}],"twitter_card":"summary_large_image","twitter_misc":{"Gesch\u00e4tzte Lesezeit":"4\u00a0Minuten"},"schema":{"@context":"https:\/\/schema.org","@graph":[{"@type":"WebPage","@id":"https:\/\/nagl-vetter.de\/de\/entwicklung\/produktentwicklung\/","url":"https:\/\/nagl-vetter.de\/de\/entwicklung\/produktentwicklung\/","name":"Produktentwicklung : Nagl &amp; Vetter GmbH","isPartOf":{"@id":"https:\/\/nagl-vetter.de\/de\/#website"},"datePublished":"2020-08-16T09:53:36+00:00","dateModified":"2020-09-15T20:13:24+00:00","description":"Wir entwickeln Ihre Produkte! Elektronik, Mechanik, Geh\u00e4use, Firmware - von uns erhalten Sie das Rundum-Sorglos-Paket.","breadcrumb":{"@id":"https:\/\/nagl-vetter.de\/de\/entwicklung\/produktentwicklung\/#breadcrumb"},"inLanguage":"de","potentialAction":[{"@type":"ReadAction","target":["https:\/\/nagl-vetter.de\/de\/entwicklung\/produktentwicklung\/"]}]},{"@type":"BreadcrumbList","@id":"https:\/\/nagl-vetter.de\/de\/entwicklung\/produktentwicklung\/#breadcrumb","itemListElement":[{"@type":"ListItem","position":1,"name":"Startseite","item":"https:\/\/nagl-vetter.de\/de\/startseite\/"},{"@type":"ListItem","position":2,"name":"Forschung &#038; Entwicklung","item":"https:\/\/nagl-vetter.de\/de\/entwicklung\/"},{"@type":"ListItem","position":3,"name":"Produktentwicklung"}]},{"@type":"WebSite","@id":"https:\/\/nagl-vetter.de\/de\/#website","url":"https:\/\/nagl-vetter.de\/de\/","name":"Nagl & Vetter GmbH","description":"Automatisierung, Forschung &amp; Entwicklung, Industrie","publisher":{"@id":"https:\/\/nagl-vetter.de\/de\/#organization"},"potentialAction":[{"@type":"SearchAction","target":{"@type":"EntryPoint","urlTemplate":"https:\/\/nagl-vetter.de\/de\/?s={search_term_string}"},"query-input":"required name=search_term_string"}],"inLanguage":"de"},{"@type":"Organization","@id":"https:\/\/nagl-vetter.de\/de\/#organization","name":"Nagl & Vetter GmbH","url":"https:\/\/nagl-vetter.de\/de\/","logo":{"@type":"ImageObject","inLanguage":"de","@id":"https:\/\/nagl-vetter.de\/de\/#\/schema\/logo\/image\/","url":"https:\/\/nagl-vetter.de\/wp-content\/uploads\/2019\/12\/nv-logo-web-1.png","contentUrl":"https:\/\/nagl-vetter.de\/wp-content\/uploads\/2019\/12\/nv-logo-web-1.png","width":340,"height":156,"caption":"Nagl & Vetter GmbH"},"image":{"@id":"https:\/\/nagl-vetter.de\/de\/#\/schema\/logo\/image\/"},"sameAs":["https:\/\/www.linkedin.com\/company\/nagl-vetter\/"]}]}},"_links":{"self":[{"href":"https:\/\/nagl-vetter.de\/de\/wp-json\/wp\/v2\/pages\/4424"}],"collection":[{"href":"https:\/\/nagl-vetter.de\/de\/wp-json\/wp\/v2\/pages"}],"about":[{"href":"https:\/\/nagl-vetter.de\/de\/wp-json\/wp\/v2\/types\/page"}],"author":[{"embeddable":true,"href":"https:\/\/nagl-vetter.de\/de\/wp-json\/wp\/v2\/users\/1"}],"replies":[{"embeddable":true,"href":"https:\/\/nagl-vetter.de\/de\/wp-json\/wp\/v2\/comments?post=4424"}],"version-history":[{"count":18,"href":"https:\/\/nagl-vetter.de\/de\/wp-json\/wp\/v2\/pages\/4424\/revisions"}],"predecessor-version":[{"id":5320,"href":"https:\/\/nagl-vetter.de\/de\/wp-json\/wp\/v2\/pages\/4424\/revisions\/5320"}],"up":[{"embeddable":true,"href":"https:\/\/nagl-vetter.de\/de\/wp-json\/wp\/v2\/pages\/4131"}],"wp:attachment":[{"href":"https:\/\/nagl-vetter.de\/de\/wp-json\/wp\/v2\/media?parent=4424"}],"curies":[{"name":"wp","href":"https:\/\/api.w.org\/{rel}","templated":true}]}}