{"id":4426,"date":"2020-08-16T11:54:28","date_gmt":"2020-08-16T09:54:28","guid":{"rendered":"https:\/\/nagl-vetter.de\/?page_id=4426"},"modified":"2020-09-15T22:04:48","modified_gmt":"2020-09-15T20:04:48","slug":"elektronikentwicklung","status":"publish","type":"page","link":"https:\/\/nagl-vetter.de\/de\/entwicklung\/elektronikentwicklung\/","title":{"rendered":"Elektronikentwicklung"},"content":{"rendered":"<div id='layer_slider_1'  class='avia-layerslider main_color avia-shadow  avia-builder-el-0  el_before_av_one_half  avia-builder-el-first  container_wrap sidebar_right'  style='height: 263px; max-width: 1280px; margin: 0 auto;'  ><\/div><div id='after_layer_slider_1'  class='main_color av_default_container_wrap container_wrap sidebar_right'  ><div class='container av-section-cont-open' ><div class='template-page content  av-content-small alpha units'><div class='post-entry post-entry-type-page post-entry-4426'><div class='entry-content-wrapper clearfix'>\n\n<style type=\"text\/css\" data-created_by=\"avia_inline_auto\" id=\"style-css-av-6i8vnu-91984a736bf063327e13ae4f375a4839\">\n.flex_column.av-6i8vnu-91984a736bf063327e13ae4f375a4839{\nborder-radius:0px 0px 0px 0px;\npadding:0px 0px 0px 0px;\n}\n<\/style>\n<div  class='flex_column av-6i8vnu-91984a736bf063327e13ae4f375a4839 av_one_half  avia-builder-el-1  el_after_av_layerslider  el_before_av_one_half  avia-builder-el-first  first flex_column_div av-zero-column-padding  '     ><section  class='av_textblock_section av-kdx48y29-72e3c5e8c181e82904fdc45181e7dff0 '   itemscope=\"itemscope\" itemtype=\"https:\/\/schema.org\/CreativeWork\" ><div class='avia_textblock'  itemprop=\"text\" ><p>Unsere Elektronikentwicklung ist eine \u201eenabling function\u201c, nicht nur f\u00fcr unsere <a href=\"https:\/\/nagl-vetter.de\/de\/entwicklung\/produktentwicklung\/\">Produktentwicklung<\/a> und Teile der <a href=\"https:\/\/nagl-vetter.de\/de\/entwicklung\/forschung\/\">Auftragsforschung<\/a>, sondern bis hinein in die <a href=\"https:\/\/nagl-vetter.de\/de\/automatisierung\/sondermaschinen\/\">Sondermaschinenentwicklung<\/a>.<\/p>\n<p>Gerne \u00fcbernehmen wir auch Entwicklungsaufgaben von unseren Kunden im Elektronikbereich. Profitieren Sie von unserer umfassenden Ausstattung mit Messtechnik und Spezialsoftware und der Erfahrung unseres Teams!<\/p>\n<\/div><\/section><\/div>\n<style type=\"text\/css\" data-created_by=\"avia_inline_auto\" id=\"style-css-av-4jwq96-3b75c18cb800efe4b1f8a50071ed8406\">\n.flex_column.av-4jwq96-3b75c18cb800efe4b1f8a50071ed8406{\nborder-radius:0px 0px 0px 0px;\npadding:0px 0px 0px 0px;\n}\n<\/style>\n<div  class='flex_column av-4jwq96-3b75c18cb800efe4b1f8a50071ed8406 av_one_half  avia-builder-el-3  el_after_av_one_half  el_before_av_one_full  flex_column_div av-zero-column-padding  '     ><section  class='av_textblock_section av-kdx4dhnl-152056443f50a230e938d5680894f939 '   itemscope=\"itemscope\" itemtype=\"https:\/\/schema.org\/CreativeWork\" ><div class='avia_textblock'  itemprop=\"text\" ><p>F\u00fcr die Fertigung &#8211; sowohl von Prototypen als auch von gro\u00dfen Serienlosen &#8211; vertrauen wir auf ein erprobtes internationales Netzwerk aus Partnerfirmen. Hierdurch haben wir Zugriff auf modernste Fertigungsmethoden und eine h\u00f6chstm\u00f6gliche Flexibilit\u00e4t bei dynamischer Nachfrage.<\/p>\n<\/div><\/section><\/div>\n<style type=\"text\/css\" data-created_by=\"avia_inline_auto\" id=\"style-css-av-2oioai-07ad2a9b28bfcaeb7411ba16817b1818\">\n.flex_column.av-2oioai-07ad2a9b28bfcaeb7411ba16817b1818{\nborder-radius:0px 0px 0px 0px;\npadding:0px 0px 0px 0px;\n}\n<\/style>\n<div  class='flex_column av-2oioai-07ad2a9b28bfcaeb7411ba16817b1818 av_one_full  avia-builder-el-5  el_after_av_one_half  avia-builder-el-last  first flex_column_div av-zero-column-padding  column-top-margin'     ><div id='av-masonry-1' class='av-masonry av-kdx4ggjk-5048d0ccdb767a7dbecd784e70d39bac noHover av-flex-size av-large-gap av-hover-overlay-active av-masonry-animation-active av-masonry-col-flexible av-caption-always av-caption-style- av-masonry-gallery ' data-post_id=\"4426\"><div class=\"av-masonry-container isotope av-js-disabled\"><div class='av-masonry-entry isotope-item av-masonry-item-no-image '><\/div><a href=\"https:\/\/nagl-vetter.de\/wp-content\/uploads\/2020\/08\/elektronik-hmi-1030x730.jpg\" data-srcset=\"https:\/\/nagl-vetter.de\/wp-content\/uploads\/2020\/08\/elektronik-hmi-1030x730.jpg 1030w, https:\/\/nagl-vetter.de\/wp-content\/uploads\/2020\/08\/elektronik-hmi-300x213.jpg 300w, https:\/\/nagl-vetter.de\/wp-content\/uploads\/2020\/08\/elektronik-hmi-768x544.jpg 768w, https:\/\/nagl-vetter.de\/wp-content\/uploads\/2020\/08\/elektronik-hmi-260x185.jpg 260w, https:\/\/nagl-vetter.de\/wp-content\/uploads\/2020\/08\/elektronik-hmi-705x500.jpg 705w, https:\/\/nagl-vetter.de\/wp-content\/uploads\/2020\/08\/elektronik-hmi.jpg 1280w\" data-sizes=\"(max-width: 1030px) 100vw, 1030px\"  aria-label=\"image Maschinensteuerung \/ HMI\"  id='av-masonry-1-item-4467' data-av-masonry-item='4467' class='av-masonry-entry isotope-item post-4467 attachment type-attachment status-inherit hentry  av-masonry-item-with-image' title=\"Maschinensteuerung \/ HMI\" alt=\"\"    itemprop=\"thumbnailUrl\" ><div class='av-inner-masonry-sizer'><\/div><figure class='av-inner-masonry main_color'><div class=\"av-masonry-outerimage-container\"><div class='av-masonry-image-container'   ><img decoding=\"async\" width=\"705\" height=\"500\" fetchpriority=\"high\" class=\"wp-image-4467 avia-img-lazy-loading-not-4467\"  src=\"https:\/\/nagl-vetter.de\/wp-content\/uploads\/2020\/08\/elektronik-hmi-705x500.jpg\" title=\"Maschinensteuerung \/ HMI\" alt=\"\" srcset=\"https:\/\/nagl-vetter.de\/wp-content\/uploads\/2020\/08\/elektronik-hmi-705x500.jpg 705w, https:\/\/nagl-vetter.de\/wp-content\/uploads\/2020\/08\/elektronik-hmi-300x213.jpg 300w, https:\/\/nagl-vetter.de\/wp-content\/uploads\/2020\/08\/elektronik-hmi-1030x730.jpg 1030w, https:\/\/nagl-vetter.de\/wp-content\/uploads\/2020\/08\/elektronik-hmi-768x544.jpg 768w, https:\/\/nagl-vetter.de\/wp-content\/uploads\/2020\/08\/elektronik-hmi-260x185.jpg 260w, https:\/\/nagl-vetter.de\/wp-content\/uploads\/2020\/08\/elektronik-hmi.jpg 1280w\" sizes=\"(max-width: 705px) 100vw, 705px\" \/><\/div><\/div><figcaption class='av-inner-masonry-content site-background'><div class='av-inner-masonry-content-pos'><div class='av-inner-masonry-content-pos-content'><div class='avia-arrow'><\/div><h3 class='av-masonry-entry-title entry-title '  itemprop=\"headline\" >Maschinensteuerung \/ HMI<\/h3><div class='av-masonry-entry-content entry-content'  itemprop=\"text\" >Zur Ansteuerung hochaufl\u00f6sender Touchdisplays<\/div><\/div><\/div><\/figcaption><\/figure><\/a><!--end av-masonry entry--><a href=\"https:\/\/nagl-vetter.de\/wp-content\/uploads\/2020\/02\/ECAD-1030x946.jpg\" data-srcset=\"https:\/\/nagl-vetter.de\/wp-content\/uploads\/2020\/02\/ECAD-1030x946.jpg 1030w, https:\/\/nagl-vetter.de\/wp-content\/uploads\/2020\/02\/ECAD-300x275.jpg 300w, https:\/\/nagl-vetter.de\/wp-content\/uploads\/2020\/02\/ECAD-768x705.jpg 768w, https:\/\/nagl-vetter.de\/wp-content\/uploads\/2020\/02\/ECAD-1536x1410.jpg 1536w, https:\/\/nagl-vetter.de\/wp-content\/uploads\/2020\/02\/ECAD-2048x1881.jpg 2048w, https:\/\/nagl-vetter.de\/wp-content\/uploads\/2020\/02\/ECAD-1500x1377.jpg 1500w, https:\/\/nagl-vetter.de\/wp-content\/uploads\/2020\/02\/ECAD-705x647.jpg 705w\" data-sizes=\"(max-width: 1030px) 100vw, 1030px\"  aria-label=\"image ECAD\"  id='av-masonry-1-item-3779' data-av-masonry-item='3779' class='av-masonry-entry isotope-item post-3779 attachment type-attachment status-inherit hentry  av-masonry-item-with-image' title=\"ECAD\" alt=\"\"    itemprop=\"thumbnailUrl\" ><div class='av-inner-masonry-sizer'><\/div><figure class='av-inner-masonry main_color'><div class=\"av-masonry-outerimage-container\"><div class='av-masonry-image-container'   ><img decoding=\"async\" width=\"705\" height=\"647\" fetchpriority=\"high\" class=\"wp-image-3779 avia-img-lazy-loading-not-3779\"  src=\"https:\/\/nagl-vetter.de\/wp-content\/uploads\/2020\/02\/ECAD-705x647.jpg\" title=\"ECAD\" alt=\"\" srcset=\"https:\/\/nagl-vetter.de\/wp-content\/uploads\/2020\/02\/ECAD-705x647.jpg 705w, https:\/\/nagl-vetter.de\/wp-content\/uploads\/2020\/02\/ECAD-300x275.jpg 300w, https:\/\/nagl-vetter.de\/wp-content\/uploads\/2020\/02\/ECAD-1030x946.jpg 1030w, https:\/\/nagl-vetter.de\/wp-content\/uploads\/2020\/02\/ECAD-768x705.jpg 768w, https:\/\/nagl-vetter.de\/wp-content\/uploads\/2020\/02\/ECAD-1536x1410.jpg 1536w, https:\/\/nagl-vetter.de\/wp-content\/uploads\/2020\/02\/ECAD-2048x1881.jpg 2048w, https:\/\/nagl-vetter.de\/wp-content\/uploads\/2020\/02\/ECAD-1500x1377.jpg 1500w\" sizes=\"(max-width: 705px) 100vw, 705px\" \/><\/div><\/div><figcaption class='av-inner-masonry-content site-background'><div class='av-inner-masonry-content-pos'><div class='av-inner-masonry-content-pos-content'><div class='avia-arrow'><\/div><h3 class='av-masonry-entry-title entry-title '  itemprop=\"headline\" >ECAD<\/h3><div class='av-masonry-entry-content entry-content'  itemprop=\"text\" >ECAD: Hochspannungs-Steuerplatine<\/div><\/div><\/div><\/figcaption><\/figure><\/a><!--end av-masonry entry--><a href=\"https:\/\/nagl-vetter.de\/wp-content\/uploads\/2019\/12\/motor-1028x1030.jpg\" data-srcset=\"https:\/\/nagl-vetter.de\/wp-content\/uploads\/2019\/12\/motor-1028x1030.jpg 1028w, https:\/\/nagl-vetter.de\/wp-content\/uploads\/2019\/12\/motor-300x300.jpg 300w, https:\/\/nagl-vetter.de\/wp-content\/uploads\/2019\/12\/motor-80x80.jpg 80w, https:\/\/nagl-vetter.de\/wp-content\/uploads\/2019\/12\/motor-768x769.jpg 768w, https:\/\/nagl-vetter.de\/wp-content\/uploads\/2019\/12\/motor-36x36.jpg 36w, https:\/\/nagl-vetter.de\/wp-content\/uploads\/2019\/12\/motor-180x180.jpg 180w, https:\/\/nagl-vetter.de\/wp-content\/uploads\/2019\/12\/motor-705x705.jpg 705w, https:\/\/nagl-vetter.de\/wp-content\/uploads\/2019\/12\/motor.jpg 1277w\" data-sizes=\"(max-width: 1028px) 100vw, 1028px\"  aria-label=\"image JexMotion\"  id='av-masonry-1-item-3576' data-av-masonry-item='3576' class='av-masonry-entry isotope-item post-3576 attachment type-attachment status-inherit hentry  av-masonry-item-with-image' title=\"JexMotion\" alt=\"Motorsteuerung\"    itemprop=\"thumbnailUrl\" ><div class='av-inner-masonry-sizer'><\/div><figure class='av-inner-masonry main_color'><div class=\"av-masonry-outerimage-container\"><div class='av-masonry-image-container'   ><img decoding=\"async\" width=\"705\" height=\"705\" fetchpriority=\"high\" class=\"wp-image-3576 avia-img-lazy-loading-not-3576\"  src=\"https:\/\/nagl-vetter.de\/wp-content\/uploads\/2019\/12\/motor-705x705.jpg\" title=\"JexMotion\" alt=\"Motorsteuerung\" srcset=\"https:\/\/nagl-vetter.de\/wp-content\/uploads\/2019\/12\/motor-705x705.jpg 705w, https:\/\/nagl-vetter.de\/wp-content\/uploads\/2019\/12\/motor-300x300.jpg 300w, https:\/\/nagl-vetter.de\/wp-content\/uploads\/2019\/12\/motor-1028x1030.jpg 1028w, https:\/\/nagl-vetter.de\/wp-content\/uploads\/2019\/12\/motor-80x80.jpg 80w, https:\/\/nagl-vetter.de\/wp-content\/uploads\/2019\/12\/motor-768x769.jpg 768w, https:\/\/nagl-vetter.de\/wp-content\/uploads\/2019\/12\/motor-36x36.jpg 36w, https:\/\/nagl-vetter.de\/wp-content\/uploads\/2019\/12\/motor-180x180.jpg 180w, https:\/\/nagl-vetter.de\/wp-content\/uploads\/2019\/12\/motor.jpg 1277w\" sizes=\"(max-width: 705px) 100vw, 705px\" \/><\/div><\/div><figcaption class='av-inner-masonry-content site-background'><div class='av-inner-masonry-content-pos'><div class='av-inner-masonry-content-pos-content'><div class='avia-arrow'><\/div><h3 class='av-masonry-entry-title entry-title '  itemprop=\"headline\" >JexMotion<\/h3><div class='av-masonry-entry-content entry-content'  itemprop=\"text\" >Motorsteuerung<\/div><\/div><\/div><\/figcaption><\/figure><\/a><!--end av-masonry entry--><a href=\"https:\/\/nagl-vetter.de\/wp-content\/uploads\/2019\/12\/nvidam15-1030x487.jpg\" data-srcset=\"https:\/\/nagl-vetter.de\/wp-content\/uploads\/2019\/12\/nvidam15-1030x487.jpg 1030w, https:\/\/nagl-vetter.de\/wp-content\/uploads\/2019\/12\/nvidam15-300x142.jpg 300w, https:\/\/nagl-vetter.de\/wp-content\/uploads\/2019\/12\/nvidam15-768x363.jpg 768w, https:\/\/nagl-vetter.de\/wp-content\/uploads\/2019\/12\/nvidam15-1536x726.jpg 1536w, https:\/\/nagl-vetter.de\/wp-content\/uploads\/2019\/12\/nvidam15-1500x709.jpg 1500w, https:\/\/nagl-vetter.de\/wp-content\/uploads\/2019\/12\/nvidam15-705x333.jpg 705w, https:\/\/nagl-vetter.de\/wp-content\/uploads\/2019\/12\/nvidam15.jpg 1920w\" data-sizes=\"(max-width: 1030px) 100vw, 1030px\"  aria-label=\"image IDAM-15\"  id='av-masonry-1-item-3542' data-av-masonry-item='3542' class='av-masonry-entry isotope-item post-3542 attachment type-attachment status-inherit hentry  av-masonry-item-with-image' title=\"IDAM-15\" alt=\"\"  data-av-masonry-custom-link=\"https:\/\/nagl-vetter.de\/de\/produkte\/idam-15\/\"  itemprop=\"thumbnailUrl\" ><div class='av-inner-masonry-sizer'><\/div><figure class='av-inner-masonry main_color'><div class=\"av-masonry-outerimage-container\"><div class='av-masonry-image-container'   ><img decoding=\"async\" width=\"705\" height=\"333\" fetchpriority=\"high\" class=\"wp-image-3542 avia-img-lazy-loading-not-3542\"  src=\"https:\/\/nagl-vetter.de\/wp-content\/uploads\/2019\/12\/nvidam15-705x333.jpg\" title=\"IDAM-15\" alt=\"\" srcset=\"https:\/\/nagl-vetter.de\/wp-content\/uploads\/2019\/12\/nvidam15-705x333.jpg 705w, https:\/\/nagl-vetter.de\/wp-content\/uploads\/2019\/12\/nvidam15-300x142.jpg 300w, https:\/\/nagl-vetter.de\/wp-content\/uploads\/2019\/12\/nvidam15-1030x487.jpg 1030w, https:\/\/nagl-vetter.de\/wp-content\/uploads\/2019\/12\/nvidam15-768x363.jpg 768w, https:\/\/nagl-vetter.de\/wp-content\/uploads\/2019\/12\/nvidam15-1536x726.jpg 1536w, https:\/\/nagl-vetter.de\/wp-content\/uploads\/2019\/12\/nvidam15-1500x709.jpg 1500w, https:\/\/nagl-vetter.de\/wp-content\/uploads\/2019\/12\/nvidam15.jpg 1920w\" sizes=\"(max-width: 705px) 100vw, 705px\" \/><\/div><\/div><figcaption class='av-inner-masonry-content site-background'><div class='av-inner-masonry-content-pos'><div class='av-inner-masonry-content-pos-content'><div class='avia-arrow'><\/div><h3 class='av-masonry-entry-title entry-title '  itemprop=\"headline\" >IDAM-15<\/h3><div class='av-masonry-entry-content entry-content'  itemprop=\"text\" >Galvanisch isoliertes Messger\u00e4t f\u00fcr kleinste Str\u00f6me<\/div><\/div><\/div><\/figcaption><\/figure><\/a><!--end av-masonry entry--><a href=\"https:\/\/nagl-vetter.de\/wp-content\/uploads\/2020\/08\/elektronik-pac1-1030x768.jpg\" data-srcset=\"https:\/\/nagl-vetter.de\/wp-content\/uploads\/2020\/08\/elektronik-pac1-1030x768.jpg 1030w, https:\/\/nagl-vetter.de\/wp-content\/uploads\/2020\/08\/elektronik-pac1-300x224.jpg 300w, https:\/\/nagl-vetter.de\/wp-content\/uploads\/2020\/08\/elektronik-pac1-768x573.jpg 768w, https:\/\/nagl-vetter.de\/wp-content\/uploads\/2020\/08\/elektronik-pac1-705x526.jpg 705w, https:\/\/nagl-vetter.de\/wp-content\/uploads\/2020\/08\/elektronik-pac1.jpg 1280w\" data-sizes=\"(max-width: 1030px) 100vw, 1030px\"  aria-label=\"image Messelektronik f\u00fcr Forschungsanlage\"  id='av-masonry-1-item-4469' data-av-masonry-item='4469' class='av-masonry-entry isotope-item post-4469 attachment type-attachment status-inherit hentry  av-masonry-item-with-image' title=\"Messelektronik f\u00fcr Forschungsanlage\" alt=\"\"    itemprop=\"thumbnailUrl\" ><div class='av-inner-masonry-sizer'><\/div><figure class='av-inner-masonry main_color'><div class=\"av-masonry-outerimage-container\"><div class='av-masonry-image-container'   ><img decoding=\"async\" width=\"705\" height=\"526\" fetchpriority=\"high\" class=\"wp-image-4469 avia-img-lazy-loading-not-4469\"  src=\"https:\/\/nagl-vetter.de\/wp-content\/uploads\/2020\/08\/elektronik-pac1-705x526.jpg\" title=\"Messelektronik f\u00fcr Forschungsanlage\" alt=\"\" srcset=\"https:\/\/nagl-vetter.de\/wp-content\/uploads\/2020\/08\/elektronik-pac1-705x526.jpg 705w, https:\/\/nagl-vetter.de\/wp-content\/uploads\/2020\/08\/elektronik-pac1-300x224.jpg 300w, https:\/\/nagl-vetter.de\/wp-content\/uploads\/2020\/08\/elektronik-pac1-1030x768.jpg 1030w, https:\/\/nagl-vetter.de\/wp-content\/uploads\/2020\/08\/elektronik-pac1-768x573.jpg 768w, https:\/\/nagl-vetter.de\/wp-content\/uploads\/2020\/08\/elektronik-pac1.jpg 1280w\" sizes=\"(max-width: 705px) 100vw, 705px\" \/><\/div><\/div><figcaption class='av-inner-masonry-content site-background'><div class='av-inner-masonry-content-pos'><div class='av-inner-masonry-content-pos-content'><div class='avia-arrow'><\/div><h3 class='av-masonry-entry-title entry-title '  itemprop=\"headline\" >Messelektronik f\u00fcr Forschungsanlage<\/h3><div class='av-masonry-entry-content entry-content'  itemprop=\"text\" >Hochspannungsversorgung und HF-Takterzeugung<\/div><\/div><\/div><\/figcaption><\/figure><\/a><!--end av-masonry entry--><\/div><\/div><\/div><\/p>\n","protected":false},"excerpt":{"rendered":"","protected":false},"author":1,"featured_media":0,"parent":4131,"menu_order":0,"comment_status":"closed","ping_status":"closed","template":"","meta":{"footnotes":""},"yoast_head":"<!-- This site is optimized with the Yoast SEO plugin v22.1 - https:\/\/yoast.com\/wordpress\/plugins\/seo\/ -->\n<title>Elektronikentwicklung : Nagl &amp; Vetter GmbH<\/title>\n<meta name=\"description\" content=\"Wir entwickeln Ihre Elektronik - von den Anforderungen \u00fcber Schaltplan und Layout bis zur fertigen Platine\" \/>\n<meta name=\"robots\" content=\"index, follow, max-snippet:-1, max-image-preview:large, max-video-preview:-1\" \/>\n<link rel=\"canonical\" href=\"https:\/\/nagl-vetter.de\/de\/entwicklung\/elektronikentwicklung\/\" \/>\n<meta property=\"og:locale\" content=\"de_DE\" \/>\n<meta property=\"og:type\" content=\"article\" \/>\n<meta property=\"og:title\" content=\"Elektronikentwicklung : Nagl &amp; Vetter GmbH\" \/>\n<meta property=\"og:description\" content=\"Wir entwickeln Ihre Elektronik - von den Anforderungen \u00fcber Schaltplan und Layout bis zur fertigen Platine\" \/>\n<meta property=\"og:url\" content=\"https:\/\/nagl-vetter.de\/de\/entwicklung\/elektronikentwicklung\/\" \/>\n<meta property=\"og:site_name\" content=\"Nagl &amp; Vetter GmbH\" \/>\n<meta property=\"article:modified_time\" content=\"2020-09-15T20:04:48+00:00\" \/>\n<meta name=\"twitter:card\" content=\"summary_large_image\" \/>\n<meta name=\"twitter:label1\" content=\"Gesch\u00e4tzte Lesezeit\" \/>\n\t<meta name=\"twitter:data1\" content=\"3\u00a0Minuten\" \/>\n<script type=\"application\/ld+json\" class=\"yoast-schema-graph\">{\"@context\":\"https:\/\/schema.org\",\"@graph\":[{\"@type\":\"WebPage\",\"@id\":\"https:\/\/nagl-vetter.de\/de\/entwicklung\/elektronikentwicklung\/\",\"url\":\"https:\/\/nagl-vetter.de\/de\/entwicklung\/elektronikentwicklung\/\",\"name\":\"Elektronikentwicklung : Nagl &amp; Vetter GmbH\",\"isPartOf\":{\"@id\":\"https:\/\/nagl-vetter.de\/de\/#website\"},\"datePublished\":\"2020-08-16T09:54:28+00:00\",\"dateModified\":\"2020-09-15T20:04:48+00:00\",\"description\":\"Wir entwickeln Ihre Elektronik - von den Anforderungen \u00fcber Schaltplan und Layout bis zur fertigen Platine\",\"breadcrumb\":{\"@id\":\"https:\/\/nagl-vetter.de\/de\/entwicklung\/elektronikentwicklung\/#breadcrumb\"},\"inLanguage\":\"de\",\"potentialAction\":[{\"@type\":\"ReadAction\",\"target\":[\"https:\/\/nagl-vetter.de\/de\/entwicklung\/elektronikentwicklung\/\"]}]},{\"@type\":\"BreadcrumbList\",\"@id\":\"https:\/\/nagl-vetter.de\/de\/entwicklung\/elektronikentwicklung\/#breadcrumb\",\"itemListElement\":[{\"@type\":\"ListItem\",\"position\":1,\"name\":\"Startseite\",\"item\":\"https:\/\/nagl-vetter.de\/de\/startseite\/\"},{\"@type\":\"ListItem\",\"position\":2,\"name\":\"Forschung &#038; Entwicklung\",\"item\":\"https:\/\/nagl-vetter.de\/de\/entwicklung\/\"},{\"@type\":\"ListItem\",\"position\":3,\"name\":\"Elektronikentwicklung\"}]},{\"@type\":\"WebSite\",\"@id\":\"https:\/\/nagl-vetter.de\/de\/#website\",\"url\":\"https:\/\/nagl-vetter.de\/de\/\",\"name\":\"Nagl & Vetter GmbH\",\"description\":\"Automatisierung, Forschung &amp; Entwicklung, Industrie\",\"publisher\":{\"@id\":\"https:\/\/nagl-vetter.de\/de\/#organization\"},\"potentialAction\":[{\"@type\":\"SearchAction\",\"target\":{\"@type\":\"EntryPoint\",\"urlTemplate\":\"https:\/\/nagl-vetter.de\/de\/?s={search_term_string}\"},\"query-input\":\"required name=search_term_string\"}],\"inLanguage\":\"de\"},{\"@type\":\"Organization\",\"@id\":\"https:\/\/nagl-vetter.de\/de\/#organization\",\"name\":\"Nagl & Vetter GmbH\",\"url\":\"https:\/\/nagl-vetter.de\/de\/\",\"logo\":{\"@type\":\"ImageObject\",\"inLanguage\":\"de\",\"@id\":\"https:\/\/nagl-vetter.de\/de\/#\/schema\/logo\/image\/\",\"url\":\"https:\/\/nagl-vetter.de\/wp-content\/uploads\/2019\/12\/nv-logo-web-1.png\",\"contentUrl\":\"https:\/\/nagl-vetter.de\/wp-content\/uploads\/2019\/12\/nv-logo-web-1.png\",\"width\":340,\"height\":156,\"caption\":\"Nagl & Vetter GmbH\"},\"image\":{\"@id\":\"https:\/\/nagl-vetter.de\/de\/#\/schema\/logo\/image\/\"},\"sameAs\":[\"https:\/\/www.linkedin.com\/company\/nagl-vetter\/\"]}]}<\/script>\n<!-- \/ Yoast SEO plugin. -->","yoast_head_json":{"title":"Elektronikentwicklung : Nagl &amp; Vetter GmbH","description":"Wir entwickeln Ihre Elektronik - von den Anforderungen \u00fcber Schaltplan und Layout bis zur fertigen Platine","robots":{"index":"index","follow":"follow","max-snippet":"max-snippet:-1","max-image-preview":"max-image-preview:large","max-video-preview":"max-video-preview:-1"},"canonical":"https:\/\/nagl-vetter.de\/de\/entwicklung\/elektronikentwicklung\/","og_locale":"de_DE","og_type":"article","og_title":"Elektronikentwicklung : Nagl &amp; Vetter GmbH","og_description":"Wir entwickeln Ihre Elektronik - von den Anforderungen \u00fcber Schaltplan und Layout bis zur fertigen Platine","og_url":"https:\/\/nagl-vetter.de\/de\/entwicklung\/elektronikentwicklung\/","og_site_name":"Nagl &amp; Vetter GmbH","article_modified_time":"2020-09-15T20:04:48+00:00","twitter_card":"summary_large_image","twitter_misc":{"Gesch\u00e4tzte Lesezeit":"3\u00a0Minuten"},"schema":{"@context":"https:\/\/schema.org","@graph":[{"@type":"WebPage","@id":"https:\/\/nagl-vetter.de\/de\/entwicklung\/elektronikentwicklung\/","url":"https:\/\/nagl-vetter.de\/de\/entwicklung\/elektronikentwicklung\/","name":"Elektronikentwicklung : Nagl &amp; Vetter GmbH","isPartOf":{"@id":"https:\/\/nagl-vetter.de\/de\/#website"},"datePublished":"2020-08-16T09:54:28+00:00","dateModified":"2020-09-15T20:04:48+00:00","description":"Wir entwickeln Ihre Elektronik - von den Anforderungen \u00fcber Schaltplan und Layout bis zur fertigen Platine","breadcrumb":{"@id":"https:\/\/nagl-vetter.de\/de\/entwicklung\/elektronikentwicklung\/#breadcrumb"},"inLanguage":"de","potentialAction":[{"@type":"ReadAction","target":["https:\/\/nagl-vetter.de\/de\/entwicklung\/elektronikentwicklung\/"]}]},{"@type":"BreadcrumbList","@id":"https:\/\/nagl-vetter.de\/de\/entwicklung\/elektronikentwicklung\/#breadcrumb","itemListElement":[{"@type":"ListItem","position":1,"name":"Startseite","item":"https:\/\/nagl-vetter.de\/de\/startseite\/"},{"@type":"ListItem","position":2,"name":"Forschung &#038; Entwicklung","item":"https:\/\/nagl-vetter.de\/de\/entwicklung\/"},{"@type":"ListItem","position":3,"name":"Elektronikentwicklung"}]},{"@type":"WebSite","@id":"https:\/\/nagl-vetter.de\/de\/#website","url":"https:\/\/nagl-vetter.de\/de\/","name":"Nagl & Vetter GmbH","description":"Automatisierung, Forschung &amp; Entwicklung, Industrie","publisher":{"@id":"https:\/\/nagl-vetter.de\/de\/#organization"},"potentialAction":[{"@type":"SearchAction","target":{"@type":"EntryPoint","urlTemplate":"https:\/\/nagl-vetter.de\/de\/?s={search_term_string}"},"query-input":"required name=search_term_string"}],"inLanguage":"de"},{"@type":"Organization","@id":"https:\/\/nagl-vetter.de\/de\/#organization","name":"Nagl & Vetter GmbH","url":"https:\/\/nagl-vetter.de\/de\/","logo":{"@type":"ImageObject","inLanguage":"de","@id":"https:\/\/nagl-vetter.de\/de\/#\/schema\/logo\/image\/","url":"https:\/\/nagl-vetter.de\/wp-content\/uploads\/2019\/12\/nv-logo-web-1.png","contentUrl":"https:\/\/nagl-vetter.de\/wp-content\/uploads\/2019\/12\/nv-logo-web-1.png","width":340,"height":156,"caption":"Nagl & Vetter GmbH"},"image":{"@id":"https:\/\/nagl-vetter.de\/de\/#\/schema\/logo\/image\/"},"sameAs":["https:\/\/www.linkedin.com\/company\/nagl-vetter\/"]}]}},"_links":{"self":[{"href":"https:\/\/nagl-vetter.de\/de\/wp-json\/wp\/v2\/pages\/4426"}],"collection":[{"href":"https:\/\/nagl-vetter.de\/de\/wp-json\/wp\/v2\/pages"}],"about":[{"href":"https:\/\/nagl-vetter.de\/de\/wp-json\/wp\/v2\/types\/page"}],"author":[{"embeddable":true,"href":"https:\/\/nagl-vetter.de\/de\/wp-json\/wp\/v2\/users\/1"}],"replies":[{"embeddable":true,"href":"https:\/\/nagl-vetter.de\/de\/wp-json\/wp\/v2\/comments?post=4426"}],"version-history":[{"count":9,"href":"https:\/\/nagl-vetter.de\/de\/wp-json\/wp\/v2\/pages\/4426\/revisions"}],"predecessor-version":[{"id":5317,"href":"https:\/\/nagl-vetter.de\/de\/wp-json\/wp\/v2\/pages\/4426\/revisions\/5317"}],"up":[{"embeddable":true,"href":"https:\/\/nagl-vetter.de\/de\/wp-json\/wp\/v2\/pages\/4131"}],"wp:attachment":[{"href":"https:\/\/nagl-vetter.de\/de\/wp-json\/wp\/v2\/media?parent=4426"}],"curies":[{"name":"wp","href":"https:\/\/api.w.org\/{rel}","templated":true}]}}