{"id":4570,"date":"2020-08-22T21:29:36","date_gmt":"2020-08-22T19:29:36","guid":{"rendered":"https:\/\/nagl-vetter.de\/?page_id=4570"},"modified":"2020-10-29T23:14:02","modified_gmt":"2020-10-29T22:14:02","slug":"jexmotion","status":"publish","type":"page","link":"https:\/\/nagl-vetter.de\/de\/produkte\/jexmotion\/","title":{"rendered":"JexMotion"},"content":{"rendered":"\n<style type=\"text\/css\" data-created_by=\"avia_inline_auto\" id=\"style-css-av-av_heading-286782fe430bca63202125a61d6ad910\">\n#top .av-special-heading.av-av_heading-286782fe430bca63202125a61d6ad910{\npadding-bottom:30px;\n}\nbody .av-special-heading.av-av_heading-286782fe430bca63202125a61d6ad910 .av-special-heading-tag .heading-char{\nfont-size:25px;\n}\n.av-special-heading.av-av_heading-286782fe430bca63202125a61d6ad910 .av-subheading{\nfont-size:15px;\n}\n<\/style>\n<div  class='av-special-heading av-av_heading-286782fe430bca63202125a61d6ad910 av-special-heading-h2 blockquote modern-quote  avia-builder-el-0  el_before_av_postcontent  avia-builder-el-no-sibling '><h2 class='av-special-heading-tag'  itemprop=\"headline\"  >JexMotion<\/h2><div class='av-subheading av-subheading_below'><p>Hohe Beschleunigung &#8211; ohne Ruck<\/p>\n<\/div><div class=\"special-heading-border\"><div class=\"special-heading-inner-border\"><\/div><\/div><\/div>\n[av_one_third first min_height='' vertical_alignment='' space='' custom_margin='' margin='0px' row_boxshadow='' row_boxshadow_color='' row_boxshadow_width='10' link='' linktarget='' link_hover='' title_attr='' alt_attr='' padding='0px' highlight='' highlight_size='' border='' border_color='' radius='0px' column_boxshadow='' column_boxshadow_color='' column_boxshadow_width='10' background='bg_color' background_color='' background_gradient_color1='' background_gradient_color2='' background_gradient_direction='vertical' src='' background_position='top left' background_repeat='no-repeat' animation='' mobile_breaking='' mobile_display='' av_uid='av-455di5']\r\n[av_video src='https:\/\/nagl-vetter.de\/wp-content\/uploads\/2019\/12\/nvjexmotionsekt.mp4' mobile_image='' attachment='' attachment_size='' format='4-3' width='16' height='9' conditional_play='' id='' custom_class='' av_uid='av-k4rid2hf']\r\n\r\n[av_gallery ids='3574,3572,3576' style='big_thumb' preview_size='portfolio' crop_big_preview_thumbnail='avia-gallery-big-crop-thumb' thumb_size='portfolio' columns='5' imagelink='lightbox' lazyload='avia_lazyload' av_uid='av-k4rht577' alb_description='' id='' custom_class='' admin_preview_bg='']\r\n[\/av_one_third]\r\n\r\n[av_two_third min_height='' vertical_alignment='' space='' custom_margin='' margin='0px' row_boxshadow='' row_boxshadow_color='' row_boxshadow_width='10' link='' linktarget='' link_hover='' title_attr='' alt_attr='' padding='0px' highlight='' highlight_size='' border='' border_color='' radius='0px' column_boxshadow='' column_boxshadow_color='' column_boxshadow_width='10' background='bg_color' background_color='' background_gradient_color1='' background_gradient_color2='' background_gradient_direction='vertical' src='' background_position='top left' background_repeat='no-repeat' animation='' mobile_breaking='' mobile_display='' av_uid='av-2xadd9']\r\n[av_textblock size='' av-medium-font-size='' av-small-font-size='' av-mini-font-size='' font_color='' color='' id='' custom_class='' av_uid='av-keu18bos' admin_preview_bg='']\r\nJexMotion, ein integrierter Motion-Controller und Schrittmotortreiber, erm\u00f6glicht ruckfreie Pr\u00e4zisionspositionierung mit den meisten verf\u00fcgbaren Schrittmotoren. \"Ruckfreiheit\" geht hier weit \u00fcber die \u00fcbliche Defition einer stetigen Beschleunigungsfunktion hinaus, was \u00fcberragende Ergebnisse erm\u00f6glicht.\r\n\r\nDer eigens entwickelte Beschleunigungsalgorithmus erlaubt es unabh\u00e4ngig von der Maximalgeschwindigkeit immer mit einer Aufl\u00f6sung von 256 Mikroschritten pro Vollschritt pr\u00e4zise zu positionieren \u2013 bei einer Maximalgeschwindigkeit von \u00fcber 8500 UpM mit 1,8\u00b0-Motoren.\r\n<ul>\r\n \t<li>Vollst\u00e4ndig ruckfrei<\/li>\r\n \t<li>Minimiert Resonanzen durch dynamisches Microstepping, keine Vorauswahl der Aufl\u00f6sung n\u00f6tig<\/li>\r\n \t<li>Hohe Positioniergenauigkeit mit 256 Mikroschritten pro Vollschritt \u2013 auch bei maximaler\u00a0Spitzengeschwindigkeit<\/li>\r\n \t<li>Treibt Motoren bis > 6 A Spulenstrom<\/li>\r\n \t<li>Kommt selbst bei gro\u00dfen Motoren ohne K\u00fchlk\u00f6rper und Zwangsbel\u00fcftung aus<\/li>\r\n \t<li>Konfigurierbar via USB-Interface<\/li>\r\n \t<li>Ansteuerbar via USB, I<sup>2<\/sup>C und \u00fcber kompakte Interfacebausteine mit allen g\u00e4ngigen sonstigen Schnittstellen<\/li>\r\n \t<li>Nur zwei Parameter bestimmen Beschleunigung und Abbremsung: Maximalgeschwindigkeit und Maximalbeschleunigung<\/li>\r\n \t<li>Stapelbar durch internen Bus<\/li>\r\n<\/ul>\r\nArt.-Nr.:\u00a0<span class=\"sku\">NVJM1600C<\/span>\r\n[\/av_textblock]\r\n[\/av_two_third]\r\n\r\n[av_one_half first min_height='' vertical_alignment='' space='' custom_margin='' margin='0px' row_boxshadow='' row_boxshadow_color='' row_boxshadow_width='10' link='' linktarget='' link_hover='' title_attr='' alt_attr='' padding='0px' highlight='' highlight_size='' border='' border_color='' radius='0px' column_boxshadow='' column_boxshadow_color='' column_boxshadow_width='10' background='bg_color' background_color='' background_gradient_color1='' background_gradient_color2='' background_gradient_direction='vertical' src='' background_position='top left' background_repeat='no-repeat' animation='' mobile_breaking='' mobile_display='' av_uid='av-kf21x9'][\/av_one_half]\r\n\r\n[av_one_half min_height='' vertical_alignment='' space='' custom_margin='' margin='0px' row_boxshadow='' row_boxshadow_color='' row_boxshadow_width='10' link='' linktarget='' link_hover='' title_attr='' alt_attr='' padding='0px' highlight='' highlight_size='' border='' border_color='' radius='0px' column_boxshadow='' column_boxshadow_color='' column_boxshadow_width='10' background='bg_color' background_color='' background_gradient_color1='' background_gradient_color2='' background_gradient_direction='vertical' src='' background_position='top left' background_repeat='no-repeat' animation='' mobile_breaking='' mobile_display='' av_uid='av-jo3bxp']\r\n[av_table purpose='tabular' pricing_table_design='avia_pricing_default' pricing_hidden_cells='' caption='' responsive_styling='avia_responsive_table' av_uid='av-hb44rh' id='' custom_class='']\r\n[av_row row_style='' av_uid='av-190mu99'][av_cell col_style='avia-desc-col' av_uid='av-17iujgt']Aufl\u00f6sung[\/av_cell][av_cell col_style='' av_uid='av-16jo91p']256 \u03bcSteps[\/av_cell][\/av_row]\r\n[av_row row_style='' av_uid='av-14krqm5'][av_cell col_style='avia-desc-col' av_uid='av-13ifmz1']Maximalgeschwindigkeit[\/av_cell][av_cell col_style='' av_uid='av-117tj2l']7.500.000 \u03bcSteps\/s[\/av_cell][\/av_row]\r\n[av_row row_style='' av_uid='av-zozajh'][av_cell col_style='avia-desc-col' av_uid='av-3efvb1']Minimalgeschwindigkeit[\/av_cell][av_cell col_style='' av_uid='av-x21q4t']1 \u03bcSteps\/s[\/av_cell][\/av_row]\r\n[av_row row_style='' av_uid='av-ue62vh'][av_cell col_style='avia-desc-col' av_uid='av-saj66l']Minimalbeschleunigung[\/av_cell][av_cell col_style='' av_uid='av-rhvd4d']1 \u03bcSteps\/s<sup>2<\/sup>[\/av_cell][\/av_row]\r\n[av_row row_style='' av_uid='av-phwwy5'][av_cell col_style='avia-desc-col' av_uid='av-oidc4t']Betriebsspannung[\/av_cell][av_cell col_style='' av_uid='av-m28bql']DC 5\u201328 V[\/av_cell][\/av_row]\r\n[av_row row_style='' av_uid='av-k8dzy5'][av_cell col_style='avia-desc-col' av_uid='av-1xhd1p']Max. Motorspulenstrom[\/av_cell][av_cell col_style='' av_uid='av-hgh8x9']bis 6 A[\/av_cell][\/av_row]\r\n[av_row row_style='' av_uid='av-fwyd1p'][av_cell col_style='avia-desc-col' av_uid='av-e8907h']Eing\u00e4nge[\/av_cell][av_cell col_style='' av_uid='av-ch5p8d']5 Digitaleing\u00e4nge, 1 Not-Halt[\/av_cell][\/av_row]\r\n[av_row row_style='' av_uid='av-bcov8t'][av_cell col_style='avia-desc-col' av_uid='av-8piih9']Schnittstellen[\/av_cell][av_cell col_style='' av_uid='av-7x3hrx']USB, I<sup>2<\/sup>C, andere via Interfacemodul[\/av_cell][\/av_row]\r\n[av_row row_style='' av_uid='av-5hvpd9'][av_cell col_style='avia-desc-col' av_uid='av-4x4qxp']Abmessungen[\/av_cell][av_cell col_style='' av_uid='av-290qr1']55 x 55 x 14 mm<sup>3<\/sup>[\/av_cell][\/av_row]\r\n[\/av_table]\r\n[\/av_one_half]\r\n\r\n[av_textblock size='' font_color='' color='' av-medium-font-size='' av-small-font-size='' av-mini-font-size='' av_uid='av-k4rjfmmk' id='' custom_class='' admin_preview_bg='']\r\nProduktflyer: <a href=\"https:\/\/nagl-vetter.de\/wp-content\/uploads\/2019\/12\/JexMotion.pdf\">JexMotion.pdf<\/a>\r\n[\/av_textblock]\r\n\r\n\n","protected":false},"excerpt":{"rendered":"","protected":false},"author":1,"featured_media":0,"parent":4117,"menu_order":0,"comment_status":"closed","ping_status":"closed","template":"","meta":{"footnotes":""},"yoast_head":"<!-- This site is optimized with the Yoast SEO plugin v22.1 - https:\/\/yoast.com\/wordpress\/plugins\/seo\/ -->\n<title>JexMotion : Nagl &amp; Vetter GmbH<\/title>\n<meta name=\"description\" content=\"Steuerung mit ruckfreier Beschleunigung f\u00fcr Schrittmotoren\" \/>\n<meta name=\"robots\" content=\"index, follow, max-snippet:-1, max-image-preview:large, max-video-preview:-1\" \/>\n<link rel=\"canonical\" href=\"https:\/\/nagl-vetter.de\/de\/produkte\/jexmotion\/\" \/>\n<meta property=\"og:locale\" content=\"de_DE\" \/>\n<meta property=\"og:type\" content=\"article\" \/>\n<meta property=\"og:title\" content=\"JexMotion : Nagl &amp; Vetter GmbH\" \/>\n<meta property=\"og:description\" content=\"Steuerung mit ruckfreier Beschleunigung f\u00fcr Schrittmotoren\" \/>\n<meta property=\"og:url\" content=\"https:\/\/nagl-vetter.de\/de\/produkte\/jexmotion\/\" \/>\n<meta property=\"og:site_name\" content=\"Nagl &amp; Vetter GmbH\" \/>\n<meta property=\"article:modified_time\" content=\"2020-10-29T22:14:02+00:00\" \/>\n<meta name=\"twitter:card\" content=\"summary_large_image\" \/>\n<meta name=\"twitter:label1\" content=\"Gesch\u00e4tzte Lesezeit\" \/>\n\t<meta name=\"twitter:data1\" content=\"1\u00a0Minute\" \/>\n<script type=\"application\/ld+json\" class=\"yoast-schema-graph\">{\"@context\":\"https:\/\/schema.org\",\"@graph\":[{\"@type\":\"WebPage\",\"@id\":\"https:\/\/nagl-vetter.de\/de\/produkte\/jexmotion\/\",\"url\":\"https:\/\/nagl-vetter.de\/de\/produkte\/jexmotion\/\",\"name\":\"JexMotion : Nagl &amp; Vetter GmbH\",\"isPartOf\":{\"@id\":\"https:\/\/nagl-vetter.de\/de\/#website\"},\"datePublished\":\"2020-08-22T19:29:36+00:00\",\"dateModified\":\"2020-10-29T22:14:02+00:00\",\"description\":\"Steuerung mit ruckfreier Beschleunigung f\u00fcr Schrittmotoren\",\"breadcrumb\":{\"@id\":\"https:\/\/nagl-vetter.de\/de\/produkte\/jexmotion\/#breadcrumb\"},\"inLanguage\":\"de\",\"potentialAction\":[{\"@type\":\"ReadAction\",\"target\":[\"https:\/\/nagl-vetter.de\/de\/produkte\/jexmotion\/\"]}]},{\"@type\":\"BreadcrumbList\",\"@id\":\"https:\/\/nagl-vetter.de\/de\/produkte\/jexmotion\/#breadcrumb\",\"itemListElement\":[{\"@type\":\"ListItem\",\"position\":1,\"name\":\"Startseite\",\"item\":\"https:\/\/nagl-vetter.de\/de\/startseite\/\"},{\"@type\":\"ListItem\",\"position\":2,\"name\":\"Produkte\",\"item\":\"https:\/\/nagl-vetter.de\/de\/produkte\/\"},{\"@type\":\"ListItem\",\"position\":3,\"name\":\"JexMotion\"}]},{\"@type\":\"WebSite\",\"@id\":\"https:\/\/nagl-vetter.de\/de\/#website\",\"url\":\"https:\/\/nagl-vetter.de\/de\/\",\"name\":\"Nagl & Vetter GmbH\",\"description\":\"Automatisierung, Forschung &amp; Entwicklung, Industrie\",\"publisher\":{\"@id\":\"https:\/\/nagl-vetter.de\/de\/#organization\"},\"potentialAction\":[{\"@type\":\"SearchAction\",\"target\":{\"@type\":\"EntryPoint\",\"urlTemplate\":\"https:\/\/nagl-vetter.de\/de\/?s={search_term_string}\"},\"query-input\":\"required name=search_term_string\"}],\"inLanguage\":\"de\"},{\"@type\":\"Organization\",\"@id\":\"https:\/\/nagl-vetter.de\/de\/#organization\",\"name\":\"Nagl & Vetter GmbH\",\"url\":\"https:\/\/nagl-vetter.de\/de\/\",\"logo\":{\"@type\":\"ImageObject\",\"inLanguage\":\"de\",\"@id\":\"https:\/\/nagl-vetter.de\/de\/#\/schema\/logo\/image\/\",\"url\":\"https:\/\/nagl-vetter.de\/wp-content\/uploads\/2019\/12\/nv-logo-web-1.png\",\"contentUrl\":\"https:\/\/nagl-vetter.de\/wp-content\/uploads\/2019\/12\/nv-logo-web-1.png\",\"width\":340,\"height\":156,\"caption\":\"Nagl & Vetter GmbH\"},\"image\":{\"@id\":\"https:\/\/nagl-vetter.de\/de\/#\/schema\/logo\/image\/\"},\"sameAs\":[\"https:\/\/www.linkedin.com\/company\/nagl-vetter\/\"]}]}<\/script>\n<!-- \/ Yoast SEO plugin. -->","yoast_head_json":{"title":"JexMotion : Nagl &amp; Vetter GmbH","description":"Steuerung mit ruckfreier Beschleunigung f\u00fcr Schrittmotoren","robots":{"index":"index","follow":"follow","max-snippet":"max-snippet:-1","max-image-preview":"max-image-preview:large","max-video-preview":"max-video-preview:-1"},"canonical":"https:\/\/nagl-vetter.de\/de\/produkte\/jexmotion\/","og_locale":"de_DE","og_type":"article","og_title":"JexMotion : Nagl &amp; Vetter GmbH","og_description":"Steuerung mit ruckfreier Beschleunigung f\u00fcr Schrittmotoren","og_url":"https:\/\/nagl-vetter.de\/de\/produkte\/jexmotion\/","og_site_name":"Nagl &amp; Vetter GmbH","article_modified_time":"2020-10-29T22:14:02+00:00","twitter_card":"summary_large_image","twitter_misc":{"Gesch\u00e4tzte Lesezeit":"1\u00a0Minute"},"schema":{"@context":"https:\/\/schema.org","@graph":[{"@type":"WebPage","@id":"https:\/\/nagl-vetter.de\/de\/produkte\/jexmotion\/","url":"https:\/\/nagl-vetter.de\/de\/produkte\/jexmotion\/","name":"JexMotion : Nagl &amp; Vetter GmbH","isPartOf":{"@id":"https:\/\/nagl-vetter.de\/de\/#website"},"datePublished":"2020-08-22T19:29:36+00:00","dateModified":"2020-10-29T22:14:02+00:00","description":"Steuerung mit ruckfreier Beschleunigung f\u00fcr Schrittmotoren","breadcrumb":{"@id":"https:\/\/nagl-vetter.de\/de\/produkte\/jexmotion\/#breadcrumb"},"inLanguage":"de","potentialAction":[{"@type":"ReadAction","target":["https:\/\/nagl-vetter.de\/de\/produkte\/jexmotion\/"]}]},{"@type":"BreadcrumbList","@id":"https:\/\/nagl-vetter.de\/de\/produkte\/jexmotion\/#breadcrumb","itemListElement":[{"@type":"ListItem","position":1,"name":"Startseite","item":"https:\/\/nagl-vetter.de\/de\/startseite\/"},{"@type":"ListItem","position":2,"name":"Produkte","item":"https:\/\/nagl-vetter.de\/de\/produkte\/"},{"@type":"ListItem","position":3,"name":"JexMotion"}]},{"@type":"WebSite","@id":"https:\/\/nagl-vetter.de\/de\/#website","url":"https:\/\/nagl-vetter.de\/de\/","name":"Nagl & Vetter GmbH","description":"Automatisierung, Forschung &amp; Entwicklung, Industrie","publisher":{"@id":"https:\/\/nagl-vetter.de\/de\/#organization"},"potentialAction":[{"@type":"SearchAction","target":{"@type":"EntryPoint","urlTemplate":"https:\/\/nagl-vetter.de\/de\/?s={search_term_string}"},"query-input":"required name=search_term_string"}],"inLanguage":"de"},{"@type":"Organization","@id":"https:\/\/nagl-vetter.de\/de\/#organization","name":"Nagl & Vetter GmbH","url":"https:\/\/nagl-vetter.de\/de\/","logo":{"@type":"ImageObject","inLanguage":"de","@id":"https:\/\/nagl-vetter.de\/de\/#\/schema\/logo\/image\/","url":"https:\/\/nagl-vetter.de\/wp-content\/uploads\/2019\/12\/nv-logo-web-1.png","contentUrl":"https:\/\/nagl-vetter.de\/wp-content\/uploads\/2019\/12\/nv-logo-web-1.png","width":340,"height":156,"caption":"Nagl & Vetter GmbH"},"image":{"@id":"https:\/\/nagl-vetter.de\/de\/#\/schema\/logo\/image\/"},"sameAs":["https:\/\/www.linkedin.com\/company\/nagl-vetter\/"]}]}},"_links":{"self":[{"href":"https:\/\/nagl-vetter.de\/de\/wp-json\/wp\/v2\/pages\/4570"}],"collection":[{"href":"https:\/\/nagl-vetter.de\/de\/wp-json\/wp\/v2\/pages"}],"about":[{"href":"https:\/\/nagl-vetter.de\/de\/wp-json\/wp\/v2\/types\/page"}],"author":[{"embeddable":true,"href":"https:\/\/nagl-vetter.de\/de\/wp-json\/wp\/v2\/users\/1"}],"replies":[{"embeddable":true,"href":"https:\/\/nagl-vetter.de\/de\/wp-json\/wp\/v2\/comments?post=4570"}],"version-history":[{"count":12,"href":"https:\/\/nagl-vetter.de\/de\/wp-json\/wp\/v2\/pages\/4570\/revisions"}],"predecessor-version":[{"id":5577,"href":"https:\/\/nagl-vetter.de\/de\/wp-json\/wp\/v2\/pages\/4570\/revisions\/5577"}],"up":[{"embeddable":true,"href":"https:\/\/nagl-vetter.de\/de\/wp-json\/wp\/v2\/pages\/4117"}],"wp:attachment":[{"href":"https:\/\/nagl-vetter.de\/de\/wp-json\/wp\/v2\/media?parent=4570"}],"curies":[{"name":"wp","href":"https:\/\/api.w.org\/{rel}","templated":true}]}}