{"id":4574,"date":"2020-08-22T21:32:11","date_gmt":"2020-08-22T19:32:11","guid":{"rendered":"https:\/\/nagl-vetter.de\/?page_id=4574"},"modified":"2020-09-15T23:25:21","modified_gmt":"2020-09-15T21:25:21","slug":"vacumon","status":"publish","type":"page","link":"https:\/\/nagl-vetter.de\/de\/produkte\/vacumon\/","title":{"rendered":"Vacumon"},"content":{"rendered":"\n<style type=\"text\/css\" data-created_by=\"avia_inline_auto\" id=\"style-css-av-32g08u-88d796ce186715d03518aee396974072\">\n#top .av-special-heading.av-32g08u-88d796ce186715d03518aee396974072{\npadding-bottom:30px;\n}\nbody .av-special-heading.av-32g08u-88d796ce186715d03518aee396974072 .av-special-heading-tag .heading-char{\nfont-size:25px;\n}\n.av-special-heading.av-32g08u-88d796ce186715d03518aee396974072 .av-subheading{\nfont-size:15px;\n}\n<\/style>\n<div  class='av-special-heading av-32g08u-88d796ce186715d03518aee396974072 av-special-heading-h2 blockquote modern-quote  avia-builder-el-0  el_before_av_postcontent  avia-builder-el-no-sibling '><h2 class='av-special-heading-tag'  itemprop=\"headline\"  >Vacumon<\/h2><div class='av-subheading av-subheading_below'><p>Den Druck im Blick<\/p>\n<\/div><div class=\"special-heading-border\"><div class=\"special-heading-inner-border\"><\/div><\/div><\/div>\n[av_one_third first min_height='' vertical_alignment='' space='' row_boxshadow='' row_boxshadow_color='' row_boxshadow_width='10' custom_margin='' margin='0px' mobile_breaking='' border='' border_color='' radius='0px' padding='0px' column_boxshadow='' column_boxshadow_color='' column_boxshadow_width='10' background='bg_color' background_color='' background_gradient_color1='' background_gradient_color2='' background_gradient_direction='vertical' src='' background_position='top left' background_repeat='no-repeat' highlight='' highlight_size='' animation='' link='' linktarget='' link_hover='' title_attr='' alt_attr='' mobile_display='' id='' custom_class='' aria_label='' av_uid='av-78ryii']\r\n\r\n[av_gallery ids='3548,3631,3629' style='big_thumb' preview_size='portfolio' crop_big_preview_thumbnail='avia-gallery-big-crop-thumb' thumb_size='portfolio' columns='5' imagelink='lightbox' link_dest='' lazyload='avia_lazyload' html_lazy_loading='disabled' alb_description='' id='' custom_class='' av_uid='av-5y1fiy' admin_preview_bg='']\r\n\r\n[\/av_one_third][av_two_third min_height='' vertical_alignment='' space='' row_boxshadow='' row_boxshadow_color='' row_boxshadow_width='10' custom_margin='' margin='0px' mobile_breaking='' border='' border_color='' radius='0px' padding='0px' column_boxshadow='' column_boxshadow_color='' column_boxshadow_width='10' background='bg_color' background_color='' background_gradient_color1='' background_gradient_color2='' background_gradient_direction='vertical' src='' background_position='top left' background_repeat='no-repeat' highlight='' highlight_size='' animation='' link='' linktarget='' link_hover='' title_attr='' alt_attr='' mobile_display='' id='' custom_class='' aria_label='' av_uid='av-3mrykq']\r\n\r\n[av_textblock size='' av-medium-font-size='' av-small-font-size='' av-mini-font-size='' font_color='' color='' id='' custom_class='' av_uid='av-2zbp22' admin_preview_bg='']\r\nVacumon erm\u00f6glicht die Visualisierung von Messwerten und die Ansteuerung aller aktiven Vakuum-Transmitter-Modelle der Firmen Pfeiffer Vacuum (Serien DigiLine, CenterLine und ActiveLine), Oerlikon Leybold Vacuum und Edwards. Vacumon ersetzt die Betriebs-, Steuer- und Anzeigeger\u00e4te der genannten Firmen und bietet zu einem geringeren Preis Eigenschaften, welche die Originalger\u00e4te bei weitem \u00fcbertreffen.\r\n[\/av_textblock]\r\n\r\n[\/av_two_third][av_one_half first min_height='' vertical_alignment='' space='' row_boxshadow='' row_boxshadow_color='' row_boxshadow_width='10' custom_margin='' margin='0px' mobile_breaking='' border='' border_color='' radius='0px' padding='0px' column_boxshadow='' column_boxshadow_color='' column_boxshadow_width='10' background='bg_color' background_color='' background_gradient_color1='' background_gradient_color2='' background_gradient_direction='vertical' src='' background_position='top left' background_repeat='no-repeat' highlight='' highlight_size='' animation='' link='' linktarget='' link_hover='' title_attr='' alt_attr='' mobile_display='' id='' custom_class='' aria_label='' av_uid='av-7gvh6']\r\n\r\n[av_textblock size='' av-medium-font-size='' av-small-font-size='' av-mini-font-size='' font_color='' color='' id='' custom_class='' av_uid='av-ke64c1v8' admin_preview_bg='']\r\n<ul>\r\n \t<li>Kompatibel zu allen aktiven Vakuumtransmittern von Pfeiffer und Oerlikon Leybold<\/li>\r\n \t<li>Hochwertiges Touch-Display, dadurch intuitive und zeitgem\u00e4\u00dfe Bedienung<\/li>\r\n \t<li>Verz\u00f6gerungsfreie Reaktion auf Benutzereingaben<\/li>\r\n \t<li>Protokollierung des Druckverlaufs f\u00fcr alle angeschlossenen Vakuum-Transmitter<\/li>\r\n \t<li>Momentandruckanzeige mit auf Lesbarkeit optimierter Schriftart<\/li>\r\n \t<li>Spannungsversorgung der Transmitter (24\u2005V) durch den Vakuummonitor m\u00f6glich \u2013 keine zus\u00e4tzlichen Netzteile n\u00f6tig<\/li>\r\n \t<li>Geeignet f\u00fcr Transmitter mit Analogausgang und f\u00fcr Transmitter mit RS-485-Interface (Pfeiffer DigiLine)<\/li>\r\n \t<li>Anschl\u00fcsse zum Fernauslesen der Messwerte optional m\u00f6glich (RS-485, Profibus, CAN, Ethernet, \u2026)<\/li>\r\n \t<li>Relaisausg\u00e4nge optional m\u00f6glich<\/li>\r\n<\/ul>\r\n[\/av_textblock]\r\n\r\n[\/av_one_half][av_one_half min_height='' vertical_alignment='' space='' custom_margin='' margin='0px' row_boxshadow='' row_boxshadow_color='' row_boxshadow_width='10' link='' linktarget='' link_hover='' title_attr='' alt_attr='' padding='0px' highlight='' highlight_size='' border='' border_color='' radius='0px' column_boxshadow='' column_boxshadow_color='' column_boxshadow_width='10' background='bg_color' background_color='' background_gradient_color1='' background_gradient_color2='' background_gradient_direction='vertical' src='' background_position='top left' background_repeat='no-repeat' animation='' mobile_breaking='' mobile_display='' av_uid='av-y0jkx1']\r\n\r\n[av_table purpose='tabular' pricing_table_design='avia_pricing_default' pricing_hidden_cells='' caption='' responsive_styling='avia_responsive_table' alb_description='' id='' custom_class='' av_uid='av-3auu8l']\r\n[av_row row_style='' av_uid='av-ulolbu'][av_cell col_style='avia-desc-col' av_uid='av-sze97e']Displaydiagonale[\/av_cell][av_cell col_style='' av_uid='av-rfn84a']4,3\" (109 mm)[\/av_cell][\/av_row]\r\n[av_row row_style='' av_uid='av-pwgzhm'][av_cell col_style='avia-desc-col' av_uid='av-2ed0ui']Touch-Funktion[\/av_cell][av_cell col_style='' av_uid='av-m2a29m']5-Punkt kapazitiv[\/av_cell][\/av_row]\r\n[av_row row_style='' av_uid='av-l0wgwq'][av_cell col_style='avia-desc-col' av_uid='av-jglaii']Aufl\u00f6sung[\/av_cell][av_cell col_style='' av_uid='av-i3tw2i']480\u2009\u00d7\u2009272[\/av_cell][\/av_row]\r\n[av_row row_style='' av_uid='av-fgitju'][av_cell col_style='avia-desc-col' av_uid='av-dya0mi']Betriebsspannung[\/av_cell][av_cell col_style='' av_uid='av-cq2kyi']DC 24 V[\/av_cell][\/av_row]\r\n[av_row row_style='' av_uid='av-a6i44a'][av_cell col_style='avia-desc-col' av_uid='av-917x16']Abmessungen[\/av_cell][av_cell col_style='' av_uid='av-7nyq5m']125\u2009\u00d7\u2009105\u2009\u00d7\u200930\u2009mm\u00b3[\/av_cell][\/av_row]\r\n[av_row row_style='' av_uid='av-lpcju'][av_cell col_style='avia-desc-col' av_uid='av-45c97u']Gewicht[\/av_cell][av_cell col_style='' av_uid='av-7avfe']350\u2008g[\/av_cell][\/av_row]\r\n[\/av_table]\r\n\r\n[av_textblock size='' av-medium-font-size='' av-small-font-size='' av-mini-font-size='' font_color='' color='' id='' custom_class='' av_uid='av-ke64h25n' admin_preview_bg='']\r\n<h5>Unterst\u00fctzte Vakuum-Transmitter<\/h5>\r\nPfeiffer Vacuum:\r\nDigiLine, ActiveLine, CenterLine\r\n\r\nOerlikon Leybold Vacuum:\r\nCERAVAC, THERMOVAC, PENNINGVAC, IONIVAC\r\n\r\nEdwards:\r\nAPG, APGX-H, AIM, WRG, AIGX\r\n[\/av_textblock]\r\n\r\n[\/av_one_half][av_textblock size='' av-medium-font-size='' av-small-font-size='' av-mini-font-size='' font_color='' color='' id='' custom_class='' av_uid='av-k4rjwtgo' admin_preview_bg='']\r\nProduktflyer: <a href=\"https:\/\/nagl-vetter.de\/wp-content\/uploads\/2019\/12\/Vacumon.pdf\">Vacumon.pdf<\/a>\r\n[\/av_textblock]\r\n\r\n\n","protected":false},"excerpt":{"rendered":"","protected":false},"author":1,"featured_media":0,"parent":4117,"menu_order":0,"comment_status":"closed","ping_status":"closed","template":"","meta":{"footnotes":""},"yoast_head":"<!-- This site is optimized with the Yoast SEO plugin v22.1 - https:\/\/yoast.com\/wordpress\/plugins\/seo\/ -->\n<title>Vacumon : Nagl &amp; Vetter GmbH<\/title>\n<meta name=\"description\" content=\"Druckanzeige f\u00fcr Vakuummessr\u00f6hren von Pfeiffer, Leybold und Edwards mit grafischer Druckanzeige und Touchpanel\" \/>\n<meta name=\"robots\" content=\"index, follow, max-snippet:-1, max-image-preview:large, max-video-preview:-1\" \/>\n<link rel=\"canonical\" href=\"https:\/\/nagl-vetter.de\/de\/produkte\/vacumon\/\" \/>\n<meta property=\"og:locale\" content=\"de_DE\" \/>\n<meta property=\"og:type\" content=\"article\" \/>\n<meta property=\"og:title\" content=\"Vacumon : Nagl &amp; Vetter GmbH\" \/>\n<meta property=\"og:description\" content=\"Druckanzeige f\u00fcr Vakuummessr\u00f6hren von Pfeiffer, Leybold und Edwards mit grafischer Druckanzeige und Touchpanel\" \/>\n<meta property=\"og:url\" content=\"https:\/\/nagl-vetter.de\/de\/produkte\/vacumon\/\" \/>\n<meta property=\"og:site_name\" content=\"Nagl &amp; Vetter GmbH\" \/>\n<meta property=\"article:modified_time\" content=\"2020-09-15T21:25:21+00:00\" \/>\n<meta name=\"twitter:card\" content=\"summary_large_image\" \/>\n<meta name=\"twitter:label1\" content=\"Gesch\u00e4tzte Lesezeit\" \/>\n\t<meta name=\"twitter:data1\" content=\"1\u00a0Minute\" \/>\n<script type=\"application\/ld+json\" class=\"yoast-schema-graph\">{\"@context\":\"https:\/\/schema.org\",\"@graph\":[{\"@type\":\"WebPage\",\"@id\":\"https:\/\/nagl-vetter.de\/de\/produkte\/vacumon\/\",\"url\":\"https:\/\/nagl-vetter.de\/de\/produkte\/vacumon\/\",\"name\":\"Vacumon : Nagl &amp; Vetter GmbH\",\"isPartOf\":{\"@id\":\"https:\/\/nagl-vetter.de\/de\/#website\"},\"datePublished\":\"2020-08-22T19:32:11+00:00\",\"dateModified\":\"2020-09-15T21:25:21+00:00\",\"description\":\"Druckanzeige f\u00fcr Vakuummessr\u00f6hren von Pfeiffer, Leybold und Edwards mit grafischer Druckanzeige und Touchpanel\",\"breadcrumb\":{\"@id\":\"https:\/\/nagl-vetter.de\/de\/produkte\/vacumon\/#breadcrumb\"},\"inLanguage\":\"de\",\"potentialAction\":[{\"@type\":\"ReadAction\",\"target\":[\"https:\/\/nagl-vetter.de\/de\/produkte\/vacumon\/\"]}]},{\"@type\":\"BreadcrumbList\",\"@id\":\"https:\/\/nagl-vetter.de\/de\/produkte\/vacumon\/#breadcrumb\",\"itemListElement\":[{\"@type\":\"ListItem\",\"position\":1,\"name\":\"Startseite\",\"item\":\"https:\/\/nagl-vetter.de\/de\/startseite\/\"},{\"@type\":\"ListItem\",\"position\":2,\"name\":\"Produkte\",\"item\":\"https:\/\/nagl-vetter.de\/de\/produkte\/\"},{\"@type\":\"ListItem\",\"position\":3,\"name\":\"Vacumon\"}]},{\"@type\":\"WebSite\",\"@id\":\"https:\/\/nagl-vetter.de\/de\/#website\",\"url\":\"https:\/\/nagl-vetter.de\/de\/\",\"name\":\"Nagl & Vetter GmbH\",\"description\":\"Automatisierung, Forschung &amp; Entwicklung, Industrie\",\"publisher\":{\"@id\":\"https:\/\/nagl-vetter.de\/de\/#organization\"},\"potentialAction\":[{\"@type\":\"SearchAction\",\"target\":{\"@type\":\"EntryPoint\",\"urlTemplate\":\"https:\/\/nagl-vetter.de\/de\/?s={search_term_string}\"},\"query-input\":\"required name=search_term_string\"}],\"inLanguage\":\"de\"},{\"@type\":\"Organization\",\"@id\":\"https:\/\/nagl-vetter.de\/de\/#organization\",\"name\":\"Nagl & Vetter GmbH\",\"url\":\"https:\/\/nagl-vetter.de\/de\/\",\"logo\":{\"@type\":\"ImageObject\",\"inLanguage\":\"de\",\"@id\":\"https:\/\/nagl-vetter.de\/de\/#\/schema\/logo\/image\/\",\"url\":\"https:\/\/nagl-vetter.de\/wp-content\/uploads\/2019\/12\/nv-logo-web-1.png\",\"contentUrl\":\"https:\/\/nagl-vetter.de\/wp-content\/uploads\/2019\/12\/nv-logo-web-1.png\",\"width\":340,\"height\":156,\"caption\":\"Nagl & Vetter GmbH\"},\"image\":{\"@id\":\"https:\/\/nagl-vetter.de\/de\/#\/schema\/logo\/image\/\"},\"sameAs\":[\"https:\/\/www.linkedin.com\/company\/nagl-vetter\/\"]}]}<\/script>\n<!-- \/ Yoast SEO plugin. -->","yoast_head_json":{"title":"Vacumon : Nagl &amp; Vetter GmbH","description":"Druckanzeige f\u00fcr Vakuummessr\u00f6hren von Pfeiffer, Leybold und Edwards mit grafischer Druckanzeige und Touchpanel","robots":{"index":"index","follow":"follow","max-snippet":"max-snippet:-1","max-image-preview":"max-image-preview:large","max-video-preview":"max-video-preview:-1"},"canonical":"https:\/\/nagl-vetter.de\/de\/produkte\/vacumon\/","og_locale":"de_DE","og_type":"article","og_title":"Vacumon : Nagl &amp; Vetter GmbH","og_description":"Druckanzeige f\u00fcr Vakuummessr\u00f6hren von Pfeiffer, Leybold und Edwards mit grafischer Druckanzeige und Touchpanel","og_url":"https:\/\/nagl-vetter.de\/de\/produkte\/vacumon\/","og_site_name":"Nagl &amp; Vetter GmbH","article_modified_time":"2020-09-15T21:25:21+00:00","twitter_card":"summary_large_image","twitter_misc":{"Gesch\u00e4tzte Lesezeit":"1\u00a0Minute"},"schema":{"@context":"https:\/\/schema.org","@graph":[{"@type":"WebPage","@id":"https:\/\/nagl-vetter.de\/de\/produkte\/vacumon\/","url":"https:\/\/nagl-vetter.de\/de\/produkte\/vacumon\/","name":"Vacumon : Nagl &amp; Vetter GmbH","isPartOf":{"@id":"https:\/\/nagl-vetter.de\/de\/#website"},"datePublished":"2020-08-22T19:32:11+00:00","dateModified":"2020-09-15T21:25:21+00:00","description":"Druckanzeige f\u00fcr Vakuummessr\u00f6hren von Pfeiffer, Leybold und Edwards mit grafischer Druckanzeige und Touchpanel","breadcrumb":{"@id":"https:\/\/nagl-vetter.de\/de\/produkte\/vacumon\/#breadcrumb"},"inLanguage":"de","potentialAction":[{"@type":"ReadAction","target":["https:\/\/nagl-vetter.de\/de\/produkte\/vacumon\/"]}]},{"@type":"BreadcrumbList","@id":"https:\/\/nagl-vetter.de\/de\/produkte\/vacumon\/#breadcrumb","itemListElement":[{"@type":"ListItem","position":1,"name":"Startseite","item":"https:\/\/nagl-vetter.de\/de\/startseite\/"},{"@type":"ListItem","position":2,"name":"Produkte","item":"https:\/\/nagl-vetter.de\/de\/produkte\/"},{"@type":"ListItem","position":3,"name":"Vacumon"}]},{"@type":"WebSite","@id":"https:\/\/nagl-vetter.de\/de\/#website","url":"https:\/\/nagl-vetter.de\/de\/","name":"Nagl & Vetter GmbH","description":"Automatisierung, Forschung &amp; Entwicklung, Industrie","publisher":{"@id":"https:\/\/nagl-vetter.de\/de\/#organization"},"potentialAction":[{"@type":"SearchAction","target":{"@type":"EntryPoint","urlTemplate":"https:\/\/nagl-vetter.de\/de\/?s={search_term_string}"},"query-input":"required name=search_term_string"}],"inLanguage":"de"},{"@type":"Organization","@id":"https:\/\/nagl-vetter.de\/de\/#organization","name":"Nagl & Vetter GmbH","url":"https:\/\/nagl-vetter.de\/de\/","logo":{"@type":"ImageObject","inLanguage":"de","@id":"https:\/\/nagl-vetter.de\/de\/#\/schema\/logo\/image\/","url":"https:\/\/nagl-vetter.de\/wp-content\/uploads\/2019\/12\/nv-logo-web-1.png","contentUrl":"https:\/\/nagl-vetter.de\/wp-content\/uploads\/2019\/12\/nv-logo-web-1.png","width":340,"height":156,"caption":"Nagl & Vetter GmbH"},"image":{"@id":"https:\/\/nagl-vetter.de\/de\/#\/schema\/logo\/image\/"},"sameAs":["https:\/\/www.linkedin.com\/company\/nagl-vetter\/"]}]}},"_links":{"self":[{"href":"https:\/\/nagl-vetter.de\/de\/wp-json\/wp\/v2\/pages\/4574"}],"collection":[{"href":"https:\/\/nagl-vetter.de\/de\/wp-json\/wp\/v2\/pages"}],"about":[{"href":"https:\/\/nagl-vetter.de\/de\/wp-json\/wp\/v2\/types\/page"}],"author":[{"embeddable":true,"href":"https:\/\/nagl-vetter.de\/de\/wp-json\/wp\/v2\/users\/1"}],"replies":[{"embeddable":true,"href":"https:\/\/nagl-vetter.de\/de\/wp-json\/wp\/v2\/comments?post=4574"}],"version-history":[{"count":5,"href":"https:\/\/nagl-vetter.de\/de\/wp-json\/wp\/v2\/pages\/4574\/revisions"}],"predecessor-version":[{"id":5172,"href":"https:\/\/nagl-vetter.de\/de\/wp-json\/wp\/v2\/pages\/4574\/revisions\/5172"}],"up":[{"embeddable":true,"href":"https:\/\/nagl-vetter.de\/de\/wp-json\/wp\/v2\/pages\/4117"}],"wp:attachment":[{"href":"https:\/\/nagl-vetter.de\/de\/wp-json\/wp\/v2\/media?parent=4574"}],"curies":[{"name":"wp","href":"https:\/\/api.w.org\/{rel}","templated":true}]}}