{"id":4577,"date":"2020-08-22T21:37:11","date_gmt":"2020-08-22T19:37:11","guid":{"rendered":"https:\/\/nagl-vetter.de\/?page_id=4577"},"modified":"2020-09-15T23:19:46","modified_gmt":"2020-09-15T21:19:46","slug":"digibrick","status":"publish","type":"page","link":"https:\/\/nagl-vetter.de\/de\/produkte\/digibrick\/","title":{"rendered":"DigiBrick"},"content":{"rendered":"\n<style type=\"text\/css\" data-created_by=\"avia_inline_auto\" id=\"style-css-av-ke63i0jk-ac8d1388efe95c96212b8317b69fc940\">\n#top .av-special-heading.av-ke63i0jk-ac8d1388efe95c96212b8317b69fc940{\npadding-bottom:30px;\n}\nbody .av-special-heading.av-ke63i0jk-ac8d1388efe95c96212b8317b69fc940 .av-special-heading-tag .heading-char{\nfont-size:25px;\n}\n.av-special-heading.av-ke63i0jk-ac8d1388efe95c96212b8317b69fc940 .av-subheading{\nfont-size:15px;\n}\n<\/style>\n<div  class='av-special-heading av-ke63i0jk-ac8d1388efe95c96212b8317b69fc940 av-special-heading-h2 blockquote modern-quote  avia-builder-el-0  el_before_av_postcontent  avia-builder-el-no-sibling '><h2 class='av-special-heading-tag'  itemprop=\"headline\"  >DigiBrick<\/h2><div class='av-subheading av-subheading_below'><p>Hochspannung unter Kontrolle<\/p>\n<\/div><div class=\"special-heading-border\"><div class=\"special-heading-inner-border\"><\/div><\/div><\/div>\n[av_one_third first min_height='' vertical_alignment='' space='' custom_margin='' margin='0px' row_boxshadow='' row_boxshadow_color='' row_boxshadow_width='10' link='' linktarget='' link_hover='' title_attr='' alt_attr='' padding='0px' highlight='' highlight_size='' border='' border_color='' radius='0px' column_boxshadow='' column_boxshadow_color='' column_boxshadow_width='10' background='bg_color' background_color='' background_gradient_color1='' background_gradient_color2='' background_gradient_direction='vertical' src='' background_position='top left' background_repeat='no-repeat' animation='' mobile_breaking='' mobile_display='' av_uid='av-cy95h']\r\n[av_gallery ids='3540,3559,3779' style='big_thumb' preview_size='portfolio' crop_big_preview_thumbnail='avia-gallery-big-crop-thumb' thumb_size='portfolio' columns='5' imagelink='lightbox' lazyload='avia_lazyload' alb_description='' id='' custom_class='' av_uid='av-k4rhcwp2' admin_preview_bg='']\r\n[\/av_one_third]\r\n\r\n[av_two_third min_height='' vertical_alignment='' space='' custom_margin='' margin='0px' row_boxshadow='' row_boxshadow_color='' row_boxshadow_width='10' link='' linktarget='' link_hover='' title_attr='' alt_attr='' padding='0px' highlight='' highlight_size='' border='' border_color='' radius='0px' column_boxshadow='' column_boxshadow_color='' column_boxshadow_width='10' background='bg_color' background_color='' background_gradient_color1='' background_gradient_color2='' background_gradient_direction='vertical' src='' background_position='top left' background_repeat='no-repeat' animation='' mobile_breaking='' mobile_display='' av_uid='av-2awoqd']\r\n[av_textblock size='' font_color='' color='' av-medium-font-size='' av-small-font-size='' av-mini-font-size='' av_uid='av-k4rha4so' id='' custom_class='' admin_preview_bg='']\r\nDigiBrick erm\u00f6glicht die digitale Ansteuerung und \u00dcberwachung von Hochspannungsmodulen der A-Baureihe des Herstellers Ultravolt.\r\n<ul>\r\n \t<li>Vollst\u00e4ndige Unterst\u00fctzung der A-Baureihe des Herstellers Ultravolt<\/li>\r\n \t<li>Inkl. Relaisanschluss f\u00fcr 24 V-Relais<\/li>\r\n \t<li>Misst und digitalisiert die Spannungswerte an den Monitor-Anschl\u00fcssen der Hochspannungsmodule<\/li>\r\n \t<li>Stromsparend w\u00e4hrend des Schaltvorgangs, dadurch auch f\u00fcr Batteriebetriebe geeignet<\/li>\r\n \t<li>Ansteuerung durch galvanisch isolierten I<sup>2<\/sup>C-Anschluss<\/li>\r\n \t<li>Versorungsspannung des Hochspannungsmoduls kann geschaltet werden<\/li>\r\n<\/ul>\r\nArt.-Nr.: NVDB1701A\r\n[\/av_textblock]\r\n[\/av_two_third]\r\n\r\n[av_one_half first min_height='' vertical_alignment='' space='' custom_margin='' margin='0px' row_boxshadow='' row_boxshadow_color='' row_boxshadow_width='10' link='' linktarget='' link_hover='' title_attr='' alt_attr='' padding='0px' highlight='' highlight_size='' border='' border_color='' radius='0px' column_boxshadow='' column_boxshadow_color='' column_boxshadow_width='10' background='bg_color' background_color='' background_gradient_color1='' background_gradient_color2='' background_gradient_direction='vertical' src='' background_position='top left' background_repeat='no-repeat' animation='' mobile_breaking='' mobile_display='' av_uid='av-z05y1h']\r\n[av_textblock size='' font_color='' color='' av-medium-font-size='' av-small-font-size='' av-mini-font-size='' av_uid='av-k4rjswmy' id='' custom_class='' admin_preview_bg='']\r\nDie Module dieser Baureihe erzeugen einstellbare Ausgangsspannungen mit modellabh\u00e4ngigen Maximalwerten zwischen 1 kV und 40 kV. Die von Modellvariante zu Modellvariante stark variierende Ansteuerung erschwert die Integration in digitale Anlagenautomatisierungen.\r\n\r\nDie Interfaces vom Typ DigiBrick-UVA \u00fcberwinden diese Probleme und erm\u00f6glichen die einheitliche und einfache Ansteuerung aller Ultravolt-Module der A-Baureihe \u00fcber eine einfache und isoliert ausgef\u00fchrte I2C-Schnittstelle. DigiBrick-UVA erlaubt dabei nicht nur die Einstellung der gew\u00fcnschten Ausgangsspannung, sondern liest auch die Signale f\u00fcr Ausgangsspannung und Ausgangsstrom zur\u00fcck und digitalisiert sie. Mit DigiBrick-UVA zusammen mit Hochspannungsmodulen von Ultravolt wird somit die Konstruktion extrem kompakter aber pr\u00e4zise einstell- und auslesbarer Hochspannungsversorgungen m\u00f6glich.\r\n\r\nZur Realisierung bipolarer Hochspannungsquellen ist es m\u00f6glich an ein einziges DigiBrick-UVA-Modul zwei Ultravolt-Module sowie ein Relais zur Auswahl des gew\u00fcnschten Moduls anzuschlie\u00dfen. Alternativ l\u00e4sst sich mit einem DigiBrick-UVA auch eine zweikanalige Spannungsversorgung aufbauen.\r\n[\/av_textblock]\r\n[\/av_one_half]\r\n\r\n[av_one_half min_height='' vertical_alignment='' space='' custom_margin='' margin='0px' row_boxshadow='' row_boxshadow_color='' row_boxshadow_width='10' link='' linktarget='' link_hover='' title_attr='' alt_attr='' padding='0px' highlight='' highlight_size='' border='' border_color='' radius='0px' column_boxshadow='' column_boxshadow_color='' column_boxshadow_width='10' background='bg_color' background_color='' background_gradient_color1='' background_gradient_color2='' background_gradient_direction='vertical' src='' background_position='top left' background_repeat='no-repeat' animation='' mobile_breaking='' mobile_display='' av_uid='av-y0jkx1']\r\n\r\n[av_table purpose='tabular' pricing_table_design='avia_pricing_default' pricing_hidden_cells='' caption='' responsive_styling='avia_responsive_table' alb_description='' id='' custom_class='' av_uid='av-3auu8l']\r\n[av_row row_style='' av_uid='av-um1ux1'][av_cell col_style='avia-desc-col' av_uid='av-smdwtx']Spannungsversorgung[\/av_cell][av_cell col_style='' av_uid='av-s2abg5']24 V[\/av_cell][\/av_row]\r\n[av_row row_style='' av_uid='av-2lmhmd'][av_cell col_style='avia-desc-col' av_uid='av-o0hotx']Stromverbrauch[\/av_cell][av_cell col_style='' av_uid='av-n5dkr9']100 mA[\/av_cell][\/av_row]\r\n[av_row row_style='' av_uid='av-k7yzth'][av_cell col_style='avia-desc-col' av_uid='av-j7njx1']Ansteuerung[\/av_cell][av_cell col_style='' av_uid='av-htnzyt']I<sup>2<\/sup>C (galvanisch isoliert)[\/av_cell][\/av_row]\r\n[av_row row_style='' av_uid='av-feaunp'][av_cell col_style='avia-desc-col' av_uid='av-eona79']Abmessungen[\/av_cell][av_cell col_style='' av_uid='av-ckhihx']80\u2008\u00d7\u200840\u2008\u00d7\u200833\u2008mm\u00b3[\/av_cell][\/av_row]\r\n[av_row row_style='' av_uid='av-11jvv9'][av_cell col_style='avia-desc-col' av_uid='av-9dps7p']Gewicht[\/av_cell][av_cell col_style='' av_uid='av-82glxh']200\u2008g[\/av_cell][\/av_row]\r\n[av_row row_style='' av_uid='av-6a72w5'][av_cell col_style='avia-desc-col' av_uid='av-3zrm6t']Lieferumfang[\/av_cell][av_cell col_style='' av_uid='av-1tlm6d']Digibrick-UVA zur direkten Montage der Ultravolt-Module[\/av_cell][\/av_row]\r\n[\/av_table]\r\n\r\n[\/av_one_half][av_textblock size='' font_color='' color='' av-medium-font-size='' av-small-font-size='' av-mini-font-size='' av_uid='av-k4rjwtgo' id='' custom_class='' admin_preview_bg='']\r\nProduktflyer: <a href=\"https:\/\/nagl-vetter.de\/wp-content\/uploads\/2019\/12\/DigiBrick-UVA.pdf\">DigiBrick-UVA.pdf<\/a>\r\n[\/av_textblock]\r\n\r\n\n","protected":false},"excerpt":{"rendered":"","protected":false},"author":1,"featured_media":0,"parent":4117,"menu_order":0,"comment_status":"closed","ping_status":"closed","template":"","meta":{"footnotes":""},"yoast_head":"<!-- This site is optimized with the Yoast SEO plugin v22.1 - https:\/\/yoast.com\/wordpress\/plugins\/seo\/ -->\n<title>DigiBrick : Nagl &amp; Vetter GmbH<\/title>\n<meta name=\"description\" content=\"Digitale Steuerungs- und \u00dcberwachungselektronik f\u00fcr Hochspannungsmodule\" \/>\n<meta name=\"robots\" content=\"index, follow, max-snippet:-1, max-image-preview:large, max-video-preview:-1\" \/>\n<link rel=\"canonical\" href=\"https:\/\/nagl-vetter.de\/de\/produkte\/digibrick\/\" \/>\n<meta property=\"og:locale\" content=\"de_DE\" \/>\n<meta property=\"og:type\" content=\"article\" \/>\n<meta property=\"og:title\" content=\"DigiBrick : Nagl &amp; Vetter GmbH\" \/>\n<meta property=\"og:description\" content=\"Digitale Steuerungs- und \u00dcberwachungselektronik f\u00fcr Hochspannungsmodule\" \/>\n<meta property=\"og:url\" content=\"https:\/\/nagl-vetter.de\/de\/produkte\/digibrick\/\" \/>\n<meta property=\"og:site_name\" content=\"Nagl &amp; Vetter GmbH\" \/>\n<meta property=\"article:modified_time\" content=\"2020-09-15T21:19:46+00:00\" \/>\n<meta name=\"twitter:card\" content=\"summary_large_image\" \/>\n<meta name=\"twitter:label1\" content=\"Gesch\u00e4tzte Lesezeit\" \/>\n\t<meta name=\"twitter:data1\" content=\"1\u00a0Minute\" \/>\n<script type=\"application\/ld+json\" class=\"yoast-schema-graph\">{\"@context\":\"https:\/\/schema.org\",\"@graph\":[{\"@type\":\"WebPage\",\"@id\":\"https:\/\/nagl-vetter.de\/de\/produkte\/digibrick\/\",\"url\":\"https:\/\/nagl-vetter.de\/de\/produkte\/digibrick\/\",\"name\":\"DigiBrick : Nagl &amp; Vetter GmbH\",\"isPartOf\":{\"@id\":\"https:\/\/nagl-vetter.de\/de\/#website\"},\"datePublished\":\"2020-08-22T19:37:11+00:00\",\"dateModified\":\"2020-09-15T21:19:46+00:00\",\"description\":\"Digitale Steuerungs- und \u00dcberwachungselektronik f\u00fcr Hochspannungsmodule\",\"breadcrumb\":{\"@id\":\"https:\/\/nagl-vetter.de\/de\/produkte\/digibrick\/#breadcrumb\"},\"inLanguage\":\"de\",\"potentialAction\":[{\"@type\":\"ReadAction\",\"target\":[\"https:\/\/nagl-vetter.de\/de\/produkte\/digibrick\/\"]}]},{\"@type\":\"BreadcrumbList\",\"@id\":\"https:\/\/nagl-vetter.de\/de\/produkte\/digibrick\/#breadcrumb\",\"itemListElement\":[{\"@type\":\"ListItem\",\"position\":1,\"name\":\"Startseite\",\"item\":\"https:\/\/nagl-vetter.de\/de\/startseite\/\"},{\"@type\":\"ListItem\",\"position\":2,\"name\":\"Produkte\",\"item\":\"https:\/\/nagl-vetter.de\/de\/produkte\/\"},{\"@type\":\"ListItem\",\"position\":3,\"name\":\"DigiBrick\"}]},{\"@type\":\"WebSite\",\"@id\":\"https:\/\/nagl-vetter.de\/de\/#website\",\"url\":\"https:\/\/nagl-vetter.de\/de\/\",\"name\":\"Nagl & Vetter GmbH\",\"description\":\"Automatisierung, Forschung &amp; Entwicklung, Industrie\",\"publisher\":{\"@id\":\"https:\/\/nagl-vetter.de\/de\/#organization\"},\"potentialAction\":[{\"@type\":\"SearchAction\",\"target\":{\"@type\":\"EntryPoint\",\"urlTemplate\":\"https:\/\/nagl-vetter.de\/de\/?s={search_term_string}\"},\"query-input\":\"required name=search_term_string\"}],\"inLanguage\":\"de\"},{\"@type\":\"Organization\",\"@id\":\"https:\/\/nagl-vetter.de\/de\/#organization\",\"name\":\"Nagl & Vetter GmbH\",\"url\":\"https:\/\/nagl-vetter.de\/de\/\",\"logo\":{\"@type\":\"ImageObject\",\"inLanguage\":\"de\",\"@id\":\"https:\/\/nagl-vetter.de\/de\/#\/schema\/logo\/image\/\",\"url\":\"https:\/\/nagl-vetter.de\/wp-content\/uploads\/2019\/12\/nv-logo-web-1.png\",\"contentUrl\":\"https:\/\/nagl-vetter.de\/wp-content\/uploads\/2019\/12\/nv-logo-web-1.png\",\"width\":340,\"height\":156,\"caption\":\"Nagl & Vetter GmbH\"},\"image\":{\"@id\":\"https:\/\/nagl-vetter.de\/de\/#\/schema\/logo\/image\/\"},\"sameAs\":[\"https:\/\/www.linkedin.com\/company\/nagl-vetter\/\"]}]}<\/script>\n<!-- \/ Yoast SEO plugin. -->","yoast_head_json":{"title":"DigiBrick : Nagl &amp; Vetter GmbH","description":"Digitale Steuerungs- und \u00dcberwachungselektronik f\u00fcr Hochspannungsmodule","robots":{"index":"index","follow":"follow","max-snippet":"max-snippet:-1","max-image-preview":"max-image-preview:large","max-video-preview":"max-video-preview:-1"},"canonical":"https:\/\/nagl-vetter.de\/de\/produkte\/digibrick\/","og_locale":"de_DE","og_type":"article","og_title":"DigiBrick : Nagl &amp; Vetter GmbH","og_description":"Digitale Steuerungs- und \u00dcberwachungselektronik f\u00fcr Hochspannungsmodule","og_url":"https:\/\/nagl-vetter.de\/de\/produkte\/digibrick\/","og_site_name":"Nagl &amp; Vetter GmbH","article_modified_time":"2020-09-15T21:19:46+00:00","twitter_card":"summary_large_image","twitter_misc":{"Gesch\u00e4tzte Lesezeit":"1\u00a0Minute"},"schema":{"@context":"https:\/\/schema.org","@graph":[{"@type":"WebPage","@id":"https:\/\/nagl-vetter.de\/de\/produkte\/digibrick\/","url":"https:\/\/nagl-vetter.de\/de\/produkte\/digibrick\/","name":"DigiBrick : Nagl &amp; Vetter GmbH","isPartOf":{"@id":"https:\/\/nagl-vetter.de\/de\/#website"},"datePublished":"2020-08-22T19:37:11+00:00","dateModified":"2020-09-15T21:19:46+00:00","description":"Digitale Steuerungs- und \u00dcberwachungselektronik f\u00fcr Hochspannungsmodule","breadcrumb":{"@id":"https:\/\/nagl-vetter.de\/de\/produkte\/digibrick\/#breadcrumb"},"inLanguage":"de","potentialAction":[{"@type":"ReadAction","target":["https:\/\/nagl-vetter.de\/de\/produkte\/digibrick\/"]}]},{"@type":"BreadcrumbList","@id":"https:\/\/nagl-vetter.de\/de\/produkte\/digibrick\/#breadcrumb","itemListElement":[{"@type":"ListItem","position":1,"name":"Startseite","item":"https:\/\/nagl-vetter.de\/de\/startseite\/"},{"@type":"ListItem","position":2,"name":"Produkte","item":"https:\/\/nagl-vetter.de\/de\/produkte\/"},{"@type":"ListItem","position":3,"name":"DigiBrick"}]},{"@type":"WebSite","@id":"https:\/\/nagl-vetter.de\/de\/#website","url":"https:\/\/nagl-vetter.de\/de\/","name":"Nagl & Vetter GmbH","description":"Automatisierung, Forschung &amp; Entwicklung, Industrie","publisher":{"@id":"https:\/\/nagl-vetter.de\/de\/#organization"},"potentialAction":[{"@type":"SearchAction","target":{"@type":"EntryPoint","urlTemplate":"https:\/\/nagl-vetter.de\/de\/?s={search_term_string}"},"query-input":"required name=search_term_string"}],"inLanguage":"de"},{"@type":"Organization","@id":"https:\/\/nagl-vetter.de\/de\/#organization","name":"Nagl & Vetter GmbH","url":"https:\/\/nagl-vetter.de\/de\/","logo":{"@type":"ImageObject","inLanguage":"de","@id":"https:\/\/nagl-vetter.de\/de\/#\/schema\/logo\/image\/","url":"https:\/\/nagl-vetter.de\/wp-content\/uploads\/2019\/12\/nv-logo-web-1.png","contentUrl":"https:\/\/nagl-vetter.de\/wp-content\/uploads\/2019\/12\/nv-logo-web-1.png","width":340,"height":156,"caption":"Nagl & Vetter GmbH"},"image":{"@id":"https:\/\/nagl-vetter.de\/de\/#\/schema\/logo\/image\/"},"sameAs":["https:\/\/www.linkedin.com\/company\/nagl-vetter\/"]}]}},"_links":{"self":[{"href":"https:\/\/nagl-vetter.de\/de\/wp-json\/wp\/v2\/pages\/4577"}],"collection":[{"href":"https:\/\/nagl-vetter.de\/de\/wp-json\/wp\/v2\/pages"}],"about":[{"href":"https:\/\/nagl-vetter.de\/de\/wp-json\/wp\/v2\/types\/page"}],"author":[{"embeddable":true,"href":"https:\/\/nagl-vetter.de\/de\/wp-json\/wp\/v2\/users\/1"}],"replies":[{"embeddable":true,"href":"https:\/\/nagl-vetter.de\/de\/wp-json\/wp\/v2\/comments?post=4577"}],"version-history":[{"count":9,"href":"https:\/\/nagl-vetter.de\/de\/wp-json\/wp\/v2\/pages\/4577\/revisions"}],"predecessor-version":[{"id":5164,"href":"https:\/\/nagl-vetter.de\/de\/wp-json\/wp\/v2\/pages\/4577\/revisions\/5164"}],"up":[{"embeddable":true,"href":"https:\/\/nagl-vetter.de\/de\/wp-json\/wp\/v2\/pages\/4117"}],"wp:attachment":[{"href":"https:\/\/nagl-vetter.de\/de\/wp-json\/wp\/v2\/media?parent=4577"}],"curies":[{"name":"wp","href":"https:\/\/api.w.org\/{rel}","templated":true}]}}