{"id":6504,"date":"2025-03-04T13:58:51","date_gmt":"2025-03-04T12:58:51","guid":{"rendered":"https:\/\/nagl-vetter.de\/?page_id=6504"},"modified":"2025-03-07T14:16:31","modified_gmt":"2025-03-07T13:16:31","slug":"reinraum","status":"publish","type":"page","link":"https:\/\/nagl-vetter.de\/de\/reinraum\/","title":{"rendered":"Reinraum"},"content":{"rendered":"<div class='flex_column_table av-m7upvo77-f2908815342e05aeaeaa90ba3701e470 sc-av_three_fifth av-equal-height-column-flextable'><div  class='flex_column av-m7upvo77-f2908815342e05aeaeaa90ba3701e470 av_three_fifth  avia-builder-el-0  el_before_av_hr  avia-builder-el-first  first flex_column_table_cell av-equal-height-column av-align-middle  '     ><p>\n<style type=\"text\/css\" data-created_by=\"avia_inline_auto\" id=\"style-css-av-m7ui2cwa-350d2af2bf9bcf6e6775dfd7c1b63f90\">\n#top .av-special-heading.av-m7ui2cwa-350d2af2bf9bcf6e6775dfd7c1b63f90{\npadding-bottom:10px;\n}\nbody .av-special-heading.av-m7ui2cwa-350d2af2bf9bcf6e6775dfd7c1b63f90 .av-special-heading-tag .heading-char{\nfont-size:25px;\n}\n.av-special-heading.av-m7ui2cwa-350d2af2bf9bcf6e6775dfd7c1b63f90 .av-subheading{\nfont-size:15px;\n}\n<\/style>\n<div  class='av-special-heading av-m7ui2cwa-350d2af2bf9bcf6e6775dfd7c1b63f90 av-special-heading-h3 blockquote modern-quote  avia-builder-el-1  el_before_av_textblock  avia-builder-el-first '><h3 class='av-special-heading-tag'  itemprop=\"headline\"  >Reinraumsysteme<\/h3><div class=\"special-heading-border\"><div class=\"special-heading-inner-border\"><\/div><\/div><\/div><br \/>\n<section  class='av_textblock_section av-2ry6c8-08e91b168edd5a8e68e848f8a56ea68c '   itemscope=\"itemscope\" itemtype=\"https:\/\/schema.org\/CreativeWork\" ><div class='avia_textblock'  itemprop=\"text\" ><p><strong>Nagl &amp; Vetter GmbH<\/strong> ist Ihr kompetenter Partner f\u00fcr innovative Reinrauml\u00f6sungen. Mit unserem Know-how bieten wir Ihnen ma\u00dfgeschneiderte Konzepte f\u00fcr die Planung, Realisierung und den Betrieb von Reinr\u00e4umen nach h\u00f6chsten Hygienestandards.<\/p>\n<\/div><\/section><\/p><\/div><\/div><!--close column table wrapper. Autoclose: 1 -->\n\n<style type=\"text\/css\" data-created_by=\"avia_inline_auto\" id=\"style-css-av-m7upic16-ad79149733bcec24c2a0f43e5d9b4f64\">\n#top .hr.hr-invisible.av-m7upic16-ad79149733bcec24c2a0f43e5d9b4f64{\nheight:30px;\n}\n<\/style>\n<div  class='hr av-m7upic16-ad79149733bcec24c2a0f43e5d9b4f64 hr-invisible  avia-builder-el-3  el_after_av_three_fifth  el_before_av_one_half '><span class='hr-inner '><span class=\"hr-inner-style\"><\/span><\/span><\/div>\n<div class='flex_column_table av-am02go-6d51309df769382d0794052252e35230 sc-av_one_half av-equal-height-column-flextable'>\n<style type=\"text\/css\" data-created_by=\"avia_inline_auto\" id=\"style-css-av-am02go-6d51309df769382d0794052252e35230\">\n.flex_column.av-am02go-6d51309df769382d0794052252e35230{\nborder-radius:0 0 10px 10px;\npadding:0 0 0 0;\n}\n<\/style>\n<div  class='flex_column av-am02go-6d51309df769382d0794052252e35230 av_one_half  avia-builder-el-4  el_after_av_hr  el_before_av_one_half  first flex_column_table_cell av-equal-height-column av-align-top av-zero-column-padding  '     ><p>\n<style type=\"text\/css\" data-created_by=\"avia_inline_auto\" id=\"style-css-av-m7uif5oq-c7e8a1c9bf46d913cd153014a29dbb81\">\n.avia-image-container.av-m7uif5oq-c7e8a1c9bf46d913cd153014a29dbb81 img.avia_image{\nbox-shadow:none;\n}\n.avia-image-container.av-m7uif5oq-c7e8a1c9bf46d913cd153014a29dbb81 .av-image-caption-overlay-center{\ncolor:#ffffff;\n}\n<\/style>\n<div  class='avia-image-container av-m7uif5oq-c7e8a1c9bf46d913cd153014a29dbb81 av-styling- av-hover-fade avia-align-center  avia-builder-el-5  el_before_av_textblock  avia-builder-el-first '   itemprop=\"image\" itemscope=\"itemscope\" itemtype=\"https:\/\/schema.org\/ImageObject\" ><div class=\"avia-image-container-inner\"><div class=\"avia-image-overlay-wrap\"><img decoding=\"async\" fetchpriority=\"high\" class='wp-image-6529 avia-img-lazy-loading-not-6529 avia_image fade-basic' src=\"https:\/\/nagl-vetter.de\/wp-content\/uploads\/2025\/03\/Kategrorie_fue-1-1500x630.png\" alt='Beratung f\u00fcr Reinraumsysteme f\u00fcr h\u00f6chste Hygienestandards' title='Beratung zum Thema Reinraumsysteme'  height=\"630\" width=\"1500\"  itemprop=\"thumbnailUrl\" srcset=\"https:\/\/nagl-vetter.de\/wp-content\/uploads\/2025\/03\/Kategrorie_fue-1-1500x630.png 1500w, https:\/\/nagl-vetter.de\/wp-content\/uploads\/2025\/03\/Kategrorie_fue-1-300x126.png 300w, https:\/\/nagl-vetter.de\/wp-content\/uploads\/2025\/03\/Kategrorie_fue-1-1030x433.png 1030w, https:\/\/nagl-vetter.de\/wp-content\/uploads\/2025\/03\/Kategrorie_fue-1-768x323.png 768w, https:\/\/nagl-vetter.de\/wp-content\/uploads\/2025\/03\/Kategrorie_fue-1-1536x645.png 1536w, https:\/\/nagl-vetter.de\/wp-content\/uploads\/2025\/03\/Kategrorie_fue-1-2048x860.png 2048w, https:\/\/nagl-vetter.de\/wp-content\/uploads\/2025\/03\/Kategrorie_fue-1-705x296.png 705w\" sizes=\"(max-width: 1500px) 100vw, 1500px\" \/><img decoding=\"async\" fetchpriority=\"high\" class='wp-image-6531 avia-img-lazy-loading-not-6531 avia_image fade-overlay' src=\"https:\/\/nagl-vetter.de\/wp-content\/uploads\/2025\/03\/Kategrorie_fue_color-1-1500x630.png\" alt='Beratung f\u00fcr Reinraumsysteme f\u00fcr h\u00f6chste Hygienestandards' title='Beratung zum Thema Reinraumsysteme'  height=\"630\" width=\"1500\"  itemprop=\"thumbnailUrl\" srcset=\"https:\/\/nagl-vetter.de\/wp-content\/uploads\/2025\/03\/Kategrorie_fue_color-1-1500x630.png 1500w, https:\/\/nagl-vetter.de\/wp-content\/uploads\/2025\/03\/Kategrorie_fue_color-1-300x126.png 300w, https:\/\/nagl-vetter.de\/wp-content\/uploads\/2025\/03\/Kategrorie_fue_color-1-1030x433.png 1030w, https:\/\/nagl-vetter.de\/wp-content\/uploads\/2025\/03\/Kategrorie_fue_color-1-768x323.png 768w, https:\/\/nagl-vetter.de\/wp-content\/uploads\/2025\/03\/Kategrorie_fue_color-1-1536x645.png 1536w, https:\/\/nagl-vetter.de\/wp-content\/uploads\/2025\/03\/Kategrorie_fue_color-1-2048x860.png 2048w, https:\/\/nagl-vetter.de\/wp-content\/uploads\/2025\/03\/Kategrorie_fue_color-1-705x296.png 705w\" sizes=\"(max-width: 1500px) 100vw, 1500px\" \/><\/div><\/div><\/div><br \/>\n<section  class='av_textblock_section av-m7uj8zbc-d147babca33846bf81a411a759d1d7e6 '   itemscope=\"itemscope\" itemtype=\"https:\/\/schema.org\/CreativeWork\" ><div class='avia_textblock'  itemprop=\"text\" ><p data-start=\"395\" data-end=\"670\"><span data-teams=\"true\">Von der Definition von Sauberkeitsanforderungen \u00fcber die Auswahl von Komponenten und Maschinen bis zur sauberen Fertigungsumgebung begleiten wir Ihr Projekt. \u00a0Wir erstellen ma\u00dfgeschneiderte Konzepte, \u00fcberwachen die Bedingungen vor Ort, Schulen Ihre Mitarbeiter und sind Ihr Ansprechpartner f\u00fcr alle Fragen zur Sauberkeit, Reinigung und Kontamination.<\/span><\/p>\n<\/div><\/section><\/p><\/div><div class='av-flex-placeholder'><\/div>\n<style type=\"text\/css\" data-created_by=\"avia_inline_auto\" id=\"style-css-av-1xfxaw-078f4f5550cdc439a2cf2600ae9a608e\">\n.flex_column.av-1xfxaw-078f4f5550cdc439a2cf2600ae9a608e{\nborder-radius:0 0 10px 10px;\npadding:0 0 0 0;\n}\n<\/style>\n<div  class='flex_column av-1xfxaw-078f4f5550cdc439a2cf2600ae9a608e av_one_half  avia-builder-el-7  el_after_av_one_half  el_before_av_one_half  flex_column_table_cell av-equal-height-column av-align-top av-zero-column-padding  '     ><p>\n<style type=\"text\/css\" data-created_by=\"avia_inline_auto\" id=\"style-css-av-m7uofh6a-2bc6cc748cf070860d2f25f3c8591fa1\">\n.avia-image-container.av-m7uofh6a-2bc6cc748cf070860d2f25f3c8591fa1 img.avia_image{\nbox-shadow:none;\n}\n.avia-image-container.av-m7uofh6a-2bc6cc748cf070860d2f25f3c8591fa1 .av-image-caption-overlay-center{\ncolor:#ffffff;\n}\n<\/style>\n<div  class='avia-image-container av-m7uofh6a-2bc6cc748cf070860d2f25f3c8591fa1 av-styling- av-hover-fade avia-align-center  avia-builder-el-8  el_before_av_textblock  avia-builder-el-first '   itemprop=\"image\" itemscope=\"itemscope\" itemtype=\"https:\/\/schema.org\/ImageObject\" ><div class=\"avia-image-container-inner\"><div class=\"avia-image-overlay-wrap\"><img decoding=\"async\" fetchpriority=\"high\" class='wp-image-6551 avia-img-lazy-loading-not-6551 avia_image fade-basic' src=\"https:\/\/nagl-vetter.de\/wp-content\/uploads\/2025\/03\/Kategrorie_vakuum-1500x630.png\" alt='Vakuumtechnologie und Vakuumanlagen f\u00fcr Reinraumanwendungen' title='Experten f\u00fcr Vakuumtechnologie'  height=\"630\" width=\"1500\"  itemprop=\"thumbnailUrl\" srcset=\"https:\/\/nagl-vetter.de\/wp-content\/uploads\/2025\/03\/Kategrorie_vakuum-1500x630.png 1500w, https:\/\/nagl-vetter.de\/wp-content\/uploads\/2025\/03\/Kategrorie_vakuum-300x126.png 300w, https:\/\/nagl-vetter.de\/wp-content\/uploads\/2025\/03\/Kategrorie_vakuum-1030x433.png 1030w, https:\/\/nagl-vetter.de\/wp-content\/uploads\/2025\/03\/Kategrorie_vakuum-768x323.png 768w, https:\/\/nagl-vetter.de\/wp-content\/uploads\/2025\/03\/Kategrorie_vakuum-1536x645.png 1536w, https:\/\/nagl-vetter.de\/wp-content\/uploads\/2025\/03\/Kategrorie_vakuum-2048x860.png 2048w, https:\/\/nagl-vetter.de\/wp-content\/uploads\/2025\/03\/Kategrorie_vakuum-705x296.png 705w\" sizes=\"(max-width: 1500px) 100vw, 1500px\" \/><img decoding=\"async\" fetchpriority=\"high\" class='wp-image-6553 avia-img-lazy-loading-not-6553 avia_image fade-overlay' src=\"https:\/\/nagl-vetter.de\/wp-content\/uploads\/2025\/03\/Kategrorie_vakuum_color-1500x630.png\" alt='Vakuumtechnologie und Vakuumanlagen f\u00fcr Reinraumanwendungen' title='Experten f\u00fcr Vakuumtechnologie'  height=\"630\" width=\"1500\"  itemprop=\"thumbnailUrl\" srcset=\"https:\/\/nagl-vetter.de\/wp-content\/uploads\/2025\/03\/Kategrorie_vakuum_color-1500x630.png 1500w, https:\/\/nagl-vetter.de\/wp-content\/uploads\/2025\/03\/Kategrorie_vakuum_color-300x126.png 300w, https:\/\/nagl-vetter.de\/wp-content\/uploads\/2025\/03\/Kategrorie_vakuum_color-1030x433.png 1030w, https:\/\/nagl-vetter.de\/wp-content\/uploads\/2025\/03\/Kategrorie_vakuum_color-768x323.png 768w, https:\/\/nagl-vetter.de\/wp-content\/uploads\/2025\/03\/Kategrorie_vakuum_color-1536x645.png 1536w, https:\/\/nagl-vetter.de\/wp-content\/uploads\/2025\/03\/Kategrorie_vakuum_color-2048x860.png 2048w, https:\/\/nagl-vetter.de\/wp-content\/uploads\/2025\/03\/Kategrorie_vakuum_color-705x296.png 705w\" sizes=\"(max-width: 1500px) 100vw, 1500px\" \/><\/div><\/div><\/div><br \/>\n<section  id=\"textblock-category\"  class='av_textblock_section av-m7unov3j-7592e97b5a719bebba9c0dbd5bb43b81 '   itemscope=\"itemscope\" itemtype=\"https:\/\/schema.org\/CreativeWork\" ><div class='avia_textblock'  itemprop=\"text\" ><p data-start=\"395\" data-end=\"670\"><span data-teams=\"true\">Unsere Expertise in der Vakuumtechnologie resultiert aus \u00fcber 25 Jahren Erfahrung in der Auslegung und dem Aufbau von Vakuumanlagen, von der Materialauswahl \u00fcber die Auslegung der Pumpsysteme, der Konstruktion und Fertigung der Vakuumkammern hin zur Auswahl individueller Komponenten und Methoden f\u00fcr unterschiedlichste Anwendungen &#8211; vom Grobvakuum bis hin zum extremen Hochvakuum.<\/span><\/p>\n<\/div><\/section><\/p><\/div><\/div><!--close column table wrapper. Autoclose: 1 --><\/p>\n\n<style type=\"text\/css\" data-created_by=\"avia_inline_auto\" id=\"style-css-av-ptpiw-2d4222fbd789d55973ec1792ce312a86\">\n.flex_column.av-ptpiw-2d4222fbd789d55973ec1792ce312a86{\nborder-radius:0 0 10px 10px;\npadding:0 0 0 0;\n}\n<\/style>\n<div  class='flex_column av-ptpiw-2d4222fbd789d55973ec1792ce312a86 av_one_half  avia-builder-el-10  el_after_av_one_half  el_before_av_one_half  first flex_column_div av-zero-column-padding  column-top-margin'     ><p>\n<style type=\"text\/css\" data-created_by=\"avia_inline_auto\" id=\"style-css-av-6m3ljs-d5bbe0ec55161ffdc32ade54277baad3\">\n.avia-image-container.av-6m3ljs-d5bbe0ec55161ffdc32ade54277baad3 img.avia_image{\nbox-shadow:none;\n}\n.avia-image-container.av-6m3ljs-d5bbe0ec55161ffdc32ade54277baad3 .av-image-caption-overlay-center{\ncolor:#ffffff;\n}\n<\/style>\n<div  class='avia-image-container av-6m3ljs-d5bbe0ec55161ffdc32ade54277baad3 av-styling- av-hover-fade avia-align-center  avia-builder-el-11  el_before_av_textblock  avia-builder-el-first '   itemprop=\"image\" itemscope=\"itemscope\" itemtype=\"https:\/\/schema.org\/ImageObject\" ><div class=\"avia-image-container-inner\"><div class=\"avia-image-overlay-wrap\"><img decoding=\"async\" fetchpriority=\"high\" class='wp-image-6564 avia-img-lazy-loading-not-6564 avia_image fade-basic' src=\"https:\/\/nagl-vetter.de\/wp-content\/uploads\/2025\/03\/Kategrorie_fue-2-1500x630.png\" alt='Forschung und Entwicklung f\u00fcr Reinraumanwendungen' title='Forschung und Entwicklung im Bereich Reinraumtechnologie'  height=\"630\" width=\"1500\"  itemprop=\"thumbnailUrl\" srcset=\"https:\/\/nagl-vetter.de\/wp-content\/uploads\/2025\/03\/Kategrorie_fue-2-1500x630.png 1500w, https:\/\/nagl-vetter.de\/wp-content\/uploads\/2025\/03\/Kategrorie_fue-2-300x126.png 300w, https:\/\/nagl-vetter.de\/wp-content\/uploads\/2025\/03\/Kategrorie_fue-2-1030x433.png 1030w, https:\/\/nagl-vetter.de\/wp-content\/uploads\/2025\/03\/Kategrorie_fue-2-768x323.png 768w, https:\/\/nagl-vetter.de\/wp-content\/uploads\/2025\/03\/Kategrorie_fue-2-1536x645.png 1536w, https:\/\/nagl-vetter.de\/wp-content\/uploads\/2025\/03\/Kategrorie_fue-2-2048x860.png 2048w, https:\/\/nagl-vetter.de\/wp-content\/uploads\/2025\/03\/Kategrorie_fue-2-705x296.png 705w\" sizes=\"(max-width: 1500px) 100vw, 1500px\" \/><img decoding=\"async\" fetchpriority=\"high\" class='wp-image-6566 avia-img-lazy-loading-not-6566 avia_image fade-overlay' src=\"https:\/\/nagl-vetter.de\/wp-content\/uploads\/2025\/03\/Kategrorie_fue_color-2-1500x630.png\" alt='Forschung und Entwicklung f\u00fcr Reinraumanwendungen' title='Forschung und Entwicklung im Bereich Reinraumtechnologie'  height=\"630\" width=\"1500\"  itemprop=\"thumbnailUrl\" srcset=\"https:\/\/nagl-vetter.de\/wp-content\/uploads\/2025\/03\/Kategrorie_fue_color-2-1500x630.png 1500w, https:\/\/nagl-vetter.de\/wp-content\/uploads\/2025\/03\/Kategrorie_fue_color-2-300x126.png 300w, https:\/\/nagl-vetter.de\/wp-content\/uploads\/2025\/03\/Kategrorie_fue_color-2-1030x433.png 1030w, https:\/\/nagl-vetter.de\/wp-content\/uploads\/2025\/03\/Kategrorie_fue_color-2-768x323.png 768w, https:\/\/nagl-vetter.de\/wp-content\/uploads\/2025\/03\/Kategrorie_fue_color-2-1536x645.png 1536w, https:\/\/nagl-vetter.de\/wp-content\/uploads\/2025\/03\/Kategrorie_fue_color-2-2048x860.png 2048w, https:\/\/nagl-vetter.de\/wp-content\/uploads\/2025\/03\/Kategrorie_fue_color-2-705x296.png 705w\" sizes=\"(max-width: 1500px) 100vw, 1500px\" \/><\/div><\/div><\/div><br \/>\n<section  id=\"textblock-category\"  class='av_textblock_section av-4kgpg8-d02b016f9990e2484888bc69134b6245 '   itemscope=\"itemscope\" itemtype=\"https:\/\/schema.org\/CreativeWork\" ><div class='avia_textblock'  itemprop=\"text\" ><p data-start=\"395\" data-end=\"670\"><span data-teams=\"true\">Dank unserer Erfahrung in Forschung und Entwicklung sind wir Ihr idealer Partner f\u00fcr die Entwicklung neuer Maschinen f\u00fcr reine Umgebungen. Wir f\u00fchren Machbarkeitsstudien durch und begleiten Sie vom Bau von Prototypen bis hin zur fertigen Maschine. Dabei haben wir stets die erh\u00f6hten Anforderungen einer sauberen Produktion im Blick.<\/span><\/p>\n<\/div><\/section><\/p><\/div>\n\n<style type=\"text\/css\" data-created_by=\"avia_inline_auto\" id=\"style-css-av-fztqg8-3b68982fd68d80a6fd11aac1541ce997\">\n.flex_column.av-fztqg8-3b68982fd68d80a6fd11aac1541ce997{\nborder-radius:0 0 10px 10px;\npadding:0 0 0 0;\n}\n<\/style>\n<div  class='flex_column av-fztqg8-3b68982fd68d80a6fd11aac1541ce997 av_one_half  avia-builder-el-13  el_after_av_one_half  avia-builder-el-last  flex_column_div av-zero-column-padding  column-top-margin'     ><p>\n<style type=\"text\/css\" data-created_by=\"avia_inline_auto\" id=\"style-css-av-ekeixk-66b3097045732423827811acf431e0cb\">\n.avia-image-container.av-ekeixk-66b3097045732423827811acf431e0cb img.avia_image{\nbox-shadow:none;\n}\n.avia-image-container.av-ekeixk-66b3097045732423827811acf431e0cb .av-image-caption-overlay-center{\ncolor:#ffffff;\n}\n<\/style>\n<div  class='avia-image-container av-ekeixk-66b3097045732423827811acf431e0cb av-styling- av-hover-fade avia-align-center  avia-builder-el-14  el_before_av_textblock  avia-builder-el-first '   itemprop=\"image\" itemscope=\"itemscope\" itemtype=\"https:\/\/schema.org\/ImageObject\" ><div class=\"avia-image-container-inner\"><div class=\"avia-image-overlay-wrap\"><img decoding=\"async\" fetchpriority=\"high\" class='wp-image-6560 avia-img-lazy-loading-not-6560 avia_image fade-basic' src=\"https:\/\/nagl-vetter.de\/wp-content\/uploads\/2025\/03\/Kategrorie_analytik-1500x630.png\" alt='Analytik, Partikelmessungen und Materialanalysen f\u00fcr Reinr\u00e4ume' title='Analytik und Messungen f\u00fcr Reinr\u00e4ume'  height=\"630\" width=\"1500\"  itemprop=\"thumbnailUrl\" srcset=\"https:\/\/nagl-vetter.de\/wp-content\/uploads\/2025\/03\/Kategrorie_analytik-1500x630.png 1500w, https:\/\/nagl-vetter.de\/wp-content\/uploads\/2025\/03\/Kategrorie_analytik-300x126.png 300w, https:\/\/nagl-vetter.de\/wp-content\/uploads\/2025\/03\/Kategrorie_analytik-1030x433.png 1030w, https:\/\/nagl-vetter.de\/wp-content\/uploads\/2025\/03\/Kategrorie_analytik-768x323.png 768w, https:\/\/nagl-vetter.de\/wp-content\/uploads\/2025\/03\/Kategrorie_analytik-1536x645.png 1536w, https:\/\/nagl-vetter.de\/wp-content\/uploads\/2025\/03\/Kategrorie_analytik-2048x860.png 2048w, https:\/\/nagl-vetter.de\/wp-content\/uploads\/2025\/03\/Kategrorie_analytik-705x296.png 705w\" sizes=\"(max-width: 1500px) 100vw, 1500px\" \/><img decoding=\"async\" fetchpriority=\"high\" class='wp-image-6562 avia-img-lazy-loading-not-6562 avia_image fade-overlay' src=\"https:\/\/nagl-vetter.de\/wp-content\/uploads\/2025\/03\/Kategrorie_analytik_color-1500x630.png\" alt='Analytik, Partikelmessungen und Materialanalysen f\u00fcr Reinr\u00e4ume' title='Analytik und Messungen f\u00fcr Reinr\u00e4ume'  height=\"630\" width=\"1500\"  itemprop=\"thumbnailUrl\" srcset=\"https:\/\/nagl-vetter.de\/wp-content\/uploads\/2025\/03\/Kategrorie_analytik_color-1500x630.png 1500w, https:\/\/nagl-vetter.de\/wp-content\/uploads\/2025\/03\/Kategrorie_analytik_color-300x126.png 300w, https:\/\/nagl-vetter.de\/wp-content\/uploads\/2025\/03\/Kategrorie_analytik_color-1030x433.png 1030w, https:\/\/nagl-vetter.de\/wp-content\/uploads\/2025\/03\/Kategrorie_analytik_color-768x323.png 768w, https:\/\/nagl-vetter.de\/wp-content\/uploads\/2025\/03\/Kategrorie_analytik_color-1536x645.png 1536w, https:\/\/nagl-vetter.de\/wp-content\/uploads\/2025\/03\/Kategrorie_analytik_color-2048x860.png 2048w, https:\/\/nagl-vetter.de\/wp-content\/uploads\/2025\/03\/Kategrorie_analytik_color-705x296.png 705w\" sizes=\"(max-width: 1500px) 100vw, 1500px\" \/><\/div><\/div><\/div><br \/>\n<section  id=\"textblock-category\"  class='av_textblock_section av-m7unyaif-e764e02c160b11ac6bf1a285b510c083 '   itemscope=\"itemscope\" itemtype=\"https:\/\/schema.org\/CreativeWork\" ><div class='avia_textblock'  itemprop=\"text\" ><p data-start=\"395\" data-end=\"670\">Wir messen und analysieren Vakuumausgasung mittels Massenspektrometrie, um Kontaminationsquellen fr\u00fchzeitig zu erkennen. Zudem bieten wir umfassende Partikelmessungen und Materialanalysen f\u00fcr Reinr\u00e4ume und sensible Produktionsbereiche an.<\/p>\n<\/div><\/section><\/p><\/div>\n","protected":false},"excerpt":{"rendered":"","protected":false},"author":8,"featured_media":0,"parent":0,"menu_order":0,"comment_status":"closed","ping_status":"closed","template":"","meta":{"footnotes":""},"yoast_head":"<!-- This site is optimized with the Yoast SEO plugin v22.1 - https:\/\/yoast.com\/wordpress\/plugins\/seo\/ -->\n<title>Reinraum : Nagl &amp; Vetter GmbH<\/title>\n<meta name=\"robots\" content=\"index, follow, max-snippet:-1, max-image-preview:large, max-video-preview:-1\" \/>\n<link rel=\"canonical\" href=\"https:\/\/nagl-vetter.de\/de\/reinraum\/\" \/>\n<meta property=\"og:locale\" content=\"de_DE\" \/>\n<meta property=\"og:type\" content=\"article\" \/>\n<meta property=\"og:title\" content=\"Reinraum : Nagl &amp; Vetter GmbH\" \/>\n<meta property=\"og:url\" content=\"https:\/\/nagl-vetter.de\/de\/reinraum\/\" \/>\n<meta property=\"og:site_name\" content=\"Nagl &amp; Vetter GmbH\" \/>\n<meta property=\"article:modified_time\" content=\"2025-03-07T13:16:31+00:00\" \/>\n<meta name=\"twitter:card\" content=\"summary_large_image\" \/>\n<meta name=\"twitter:label1\" content=\"Gesch\u00e4tzte Lesezeit\" \/>\n\t<meta name=\"twitter:data1\" content=\"3\u00a0Minuten\" \/>\n<script type=\"application\/ld+json\" class=\"yoast-schema-graph\">{\"@context\":\"https:\/\/schema.org\",\"@graph\":[{\"@type\":\"WebPage\",\"@id\":\"https:\/\/nagl-vetter.de\/de\/reinraum\/\",\"url\":\"https:\/\/nagl-vetter.de\/de\/reinraum\/\",\"name\":\"Reinraum : Nagl &amp; Vetter GmbH\",\"isPartOf\":{\"@id\":\"https:\/\/nagl-vetter.de\/de\/#website\"},\"datePublished\":\"2025-03-04T12:58:51+00:00\",\"dateModified\":\"2025-03-07T13:16:31+00:00\",\"breadcrumb\":{\"@id\":\"https:\/\/nagl-vetter.de\/de\/reinraum\/#breadcrumb\"},\"inLanguage\":\"de\",\"potentialAction\":[{\"@type\":\"ReadAction\",\"target\":[\"https:\/\/nagl-vetter.de\/de\/reinraum\/\"]}]},{\"@type\":\"BreadcrumbList\",\"@id\":\"https:\/\/nagl-vetter.de\/de\/reinraum\/#breadcrumb\",\"itemListElement\":[{\"@type\":\"ListItem\",\"position\":1,\"name\":\"Startseite\",\"item\":\"https:\/\/nagl-vetter.de\/de\/startseite\/\"},{\"@type\":\"ListItem\",\"position\":2,\"name\":\"Reinraum\"}]},{\"@type\":\"WebSite\",\"@id\":\"https:\/\/nagl-vetter.de\/de\/#website\",\"url\":\"https:\/\/nagl-vetter.de\/de\/\",\"name\":\"Nagl & Vetter GmbH\",\"description\":\"Automatisierung, Forschung &amp; Entwicklung, Industrie\",\"publisher\":{\"@id\":\"https:\/\/nagl-vetter.de\/de\/#organization\"},\"potentialAction\":[{\"@type\":\"SearchAction\",\"target\":{\"@type\":\"EntryPoint\",\"urlTemplate\":\"https:\/\/nagl-vetter.de\/de\/?s={search_term_string}\"},\"query-input\":\"required name=search_term_string\"}],\"inLanguage\":\"de\"},{\"@type\":\"Organization\",\"@id\":\"https:\/\/nagl-vetter.de\/de\/#organization\",\"name\":\"Nagl & Vetter GmbH\",\"url\":\"https:\/\/nagl-vetter.de\/de\/\",\"logo\":{\"@type\":\"ImageObject\",\"inLanguage\":\"de\",\"@id\":\"https:\/\/nagl-vetter.de\/de\/#\/schema\/logo\/image\/\",\"url\":\"https:\/\/nagl-vetter.de\/wp-content\/uploads\/2019\/12\/nv-logo-web-1.png\",\"contentUrl\":\"https:\/\/nagl-vetter.de\/wp-content\/uploads\/2019\/12\/nv-logo-web-1.png\",\"width\":340,\"height\":156,\"caption\":\"Nagl & Vetter GmbH\"},\"image\":{\"@id\":\"https:\/\/nagl-vetter.de\/de\/#\/schema\/logo\/image\/\"},\"sameAs\":[\"https:\/\/www.linkedin.com\/company\/nagl-vetter\/\"]}]}<\/script>\n<!-- \/ Yoast SEO plugin. -->","yoast_head_json":{"title":"Reinraum : Nagl &amp; Vetter GmbH","robots":{"index":"index","follow":"follow","max-snippet":"max-snippet:-1","max-image-preview":"max-image-preview:large","max-video-preview":"max-video-preview:-1"},"canonical":"https:\/\/nagl-vetter.de\/de\/reinraum\/","og_locale":"de_DE","og_type":"article","og_title":"Reinraum : Nagl &amp; Vetter GmbH","og_url":"https:\/\/nagl-vetter.de\/de\/reinraum\/","og_site_name":"Nagl &amp; Vetter GmbH","article_modified_time":"2025-03-07T13:16:31+00:00","twitter_card":"summary_large_image","twitter_misc":{"Gesch\u00e4tzte Lesezeit":"3\u00a0Minuten"},"schema":{"@context":"https:\/\/schema.org","@graph":[{"@type":"WebPage","@id":"https:\/\/nagl-vetter.de\/de\/reinraum\/","url":"https:\/\/nagl-vetter.de\/de\/reinraum\/","name":"Reinraum : Nagl &amp; Vetter GmbH","isPartOf":{"@id":"https:\/\/nagl-vetter.de\/de\/#website"},"datePublished":"2025-03-04T12:58:51+00:00","dateModified":"2025-03-07T13:16:31+00:00","breadcrumb":{"@id":"https:\/\/nagl-vetter.de\/de\/reinraum\/#breadcrumb"},"inLanguage":"de","potentialAction":[{"@type":"ReadAction","target":["https:\/\/nagl-vetter.de\/de\/reinraum\/"]}]},{"@type":"BreadcrumbList","@id":"https:\/\/nagl-vetter.de\/de\/reinraum\/#breadcrumb","itemListElement":[{"@type":"ListItem","position":1,"name":"Startseite","item":"https:\/\/nagl-vetter.de\/de\/startseite\/"},{"@type":"ListItem","position":2,"name":"Reinraum"}]},{"@type":"WebSite","@id":"https:\/\/nagl-vetter.de\/de\/#website","url":"https:\/\/nagl-vetter.de\/de\/","name":"Nagl & Vetter GmbH","description":"Automatisierung, Forschung &amp; Entwicklung, Industrie","publisher":{"@id":"https:\/\/nagl-vetter.de\/de\/#organization"},"potentialAction":[{"@type":"SearchAction","target":{"@type":"EntryPoint","urlTemplate":"https:\/\/nagl-vetter.de\/de\/?s={search_term_string}"},"query-input":"required name=search_term_string"}],"inLanguage":"de"},{"@type":"Organization","@id":"https:\/\/nagl-vetter.de\/de\/#organization","name":"Nagl & Vetter GmbH","url":"https:\/\/nagl-vetter.de\/de\/","logo":{"@type":"ImageObject","inLanguage":"de","@id":"https:\/\/nagl-vetter.de\/de\/#\/schema\/logo\/image\/","url":"https:\/\/nagl-vetter.de\/wp-content\/uploads\/2019\/12\/nv-logo-web-1.png","contentUrl":"https:\/\/nagl-vetter.de\/wp-content\/uploads\/2019\/12\/nv-logo-web-1.png","width":340,"height":156,"caption":"Nagl & Vetter GmbH"},"image":{"@id":"https:\/\/nagl-vetter.de\/de\/#\/schema\/logo\/image\/"},"sameAs":["https:\/\/www.linkedin.com\/company\/nagl-vetter\/"]}]}},"_links":{"self":[{"href":"https:\/\/nagl-vetter.de\/de\/wp-json\/wp\/v2\/pages\/6504"}],"collection":[{"href":"https:\/\/nagl-vetter.de\/de\/wp-json\/wp\/v2\/pages"}],"about":[{"href":"https:\/\/nagl-vetter.de\/de\/wp-json\/wp\/v2\/types\/page"}],"author":[{"embeddable":true,"href":"https:\/\/nagl-vetter.de\/de\/wp-json\/wp\/v2\/users\/8"}],"replies":[{"embeddable":true,"href":"https:\/\/nagl-vetter.de\/de\/wp-json\/wp\/v2\/comments?post=6504"}],"version-history":[{"count":69,"href":"https:\/\/nagl-vetter.de\/de\/wp-json\/wp\/v2\/pages\/6504\/revisions"}],"predecessor-version":[{"id":6836,"href":"https:\/\/nagl-vetter.de\/de\/wp-json\/wp\/v2\/pages\/6504\/revisions\/6836"}],"wp:attachment":[{"href":"https:\/\/nagl-vetter.de\/de\/wp-json\/wp\/v2\/media?parent=6504"}],"curies":[{"name":"wp","href":"https:\/\/api.w.org\/{rel}","templated":true}]}}