{"id":734,"date":"2019-12-01T15:00:00","date_gmt":"2019-12-01T14:00:00","guid":{"rendered":"http:\/\/www.kriesi.at\/themes\/enfold\/?page_id=734"},"modified":"2025-08-25T18:40:17","modified_gmt":"2025-08-25T16:40:17","slug":"startseite","status":"publish","type":"page","link":"https:\/\/nagl-vetter.de\/de\/","title":{"rendered":"Unser Leistungsspektrum"},"content":{"rendered":"\n<style type=\"text\/css\" data-created_by=\"avia_inline_auto\" id=\"style-css-av-kidjlrw3-43924ee6600a86af9ffba01cfd4590df\">\n#top .av-special-heading.av-kidjlrw3-43924ee6600a86af9ffba01cfd4590df{\npadding-bottom:10px;\n}\nbody .av-special-heading.av-kidjlrw3-43924ee6600a86af9ffba01cfd4590df .av-special-heading-tag .heading-char{\nfont-size:25px;\n}\n.av-special-heading.av-kidjlrw3-43924ee6600a86af9ffba01cfd4590df .av-subheading{\nfont-size:15px;\n}\n<\/style>\n<div  class='av-special-heading av-kidjlrw3-43924ee6600a86af9ffba01cfd4590df av-special-heading-h3 meta-heading blockquote modern-quote  avia-builder-el-0  el_before_av_one_half  avia-builder-el-first  av-linked-heading'><h3 class='av-special-heading-tag'  itemprop=\"headline\"  >Die Nagl <span class='special_amp'>&amp;<\/span> Vetter GmbH &#8211; mehr als ein Entwicklungsdienstleister<\/h3><div class=\"special-heading-border\"><div class=\"special-heading-inner-border\"><\/div><\/div><\/div>\n\n<style type=\"text\/css\" data-created_by=\"avia_inline_auto\" id=\"style-css-av-3nubfg-d71cf958f5f5e279b08d802858ddabe9\">\n.flex_column.av-3nubfg-d71cf958f5f5e279b08d802858ddabe9{\nborder-radius:0px 0px 0px 0px;\npadding:0px 0px 0px 0px;\n}\n<\/style>\n<div  class='flex_column av-3nubfg-d71cf958f5f5e279b08d802858ddabe9 av_one_half  avia-builder-el-1  el_after_av_heading  el_before_av_one_half  first flex_column_div av-zero-column-padding  '     ><section  class='av_textblock_section av-ke6zpe73-a2ca0670f3244ca2af285fd4d7199cc8 '   itemscope=\"itemscope\" itemtype=\"https:\/\/schema.org\/CreativeWork\" ><div class='avia_textblock'  itemprop=\"text\" ><p><a href=\"https:\/\/nagl-vetter.de\/de\/automatisierung\/\">Industrieautomatisierung<\/a>,\u00a0<a href=\"https:\/\/nagl-vetter.de\/de\/entwicklung\/\">F&amp;E-Dienstleistungen<\/a> und <a href=\"https:\/\/nagl-vetter.de\/de\/reinraum\/\">Reinraumsysteme<\/a> sind unsere zentralen T\u00e4tigkeitsbereiche.<\/p>\n<\/div><\/section><\/div>\n\n<style type=\"text\/css\" data-created_by=\"avia_inline_auto\" id=\"style-css-av-345xvw-a39dae9cf9c9439b6e5a3a65ce1159e3\">\n.flex_column.av-345xvw-a39dae9cf9c9439b6e5a3a65ce1159e3{\nborder-radius:0px 0px 0px 0px;\npadding:0px 0px 0px 0px;\n}\n<\/style>\n<div  class='flex_column av-345xvw-a39dae9cf9c9439b6e5a3a65ce1159e3 av_one_half  avia-builder-el-3  el_after_av_one_half  el_before_av_one_full  flex_column_div av-zero-column-padding  '     ><section  class='av_textblock_section av-kdx9f0s4-82e0cc06f769461994774499b8d8b126 '   itemscope=\"itemscope\" itemtype=\"https:\/\/schema.org\/CreativeWork\" ><div class='avia_textblock'  itemprop=\"text\" ><p>Dar\u00fcber hinaus produzieren und vertreiben wir f\u00fcr Anwendungen aus Industrie und Forschung <a href=\"https:\/\/nagl-vetter.de\/de\/produkte\/\">Serienprodukte und -maschinen<\/a>.<\/p>\n<\/div><\/section><\/div>\n\n<style type=\"text\/css\" data-created_by=\"avia_inline_auto\" id=\"style-css-av-dmndi-2e86f7a077eed8904d1092ea08ce8fac\">\n.flex_column.av-dmndi-2e86f7a077eed8904d1092ea08ce8fac{\nborder-radius:0px 0px 0px 0px;\npadding:0px 0px 0px 0px;\n}\n<\/style>\n<div  class='flex_column av-dmndi-2e86f7a077eed8904d1092ea08ce8fac av_one_full  avia-builder-el-5  el_after_av_one_half  el_before_av_one_half  first flex_column_div av-zero-column-padding  column-top-margin'     ><style type=\"text\/css\" data-created_by=\"avia_inline_auto\" id=\"style-css-av-964tq-25f4769c4201c63845ec5db721330313\">\n#top .av-special-heading.av-964tq-25f4769c4201c63845ec5db721330313{\npadding-bottom:20px;\n}\nbody .av-special-heading.av-964tq-25f4769c4201c63845ec5db721330313 .av-special-heading-tag .heading-char{\nfont-size:25px;\n}\n.av-special-heading.av-964tq-25f4769c4201c63845ec5db721330313 .av-subheading{\nfont-size:15px;\n}\n<\/style>\n<div  class='av-special-heading av-964tq-25f4769c4201c63845ec5db721330313 av-special-heading-h3 meta-heading blockquote modern-quote  avia-builder-el-6  avia-builder-el-no-sibling '><h3 class='av-special-heading-tag'  itemprop=\"headline\"  >Unsere T\u00e4tigkeitsschwerpunkte<\/h3><div class=\"special-heading-border\"><div class=\"special-heading-inner-border\"><\/div><\/div><\/div><\/div>\n\n<style type=\"text\/css\" data-created_by=\"avia_inline_auto\" id=\"style-css-av-ufjlrg-fcda80827178983ffe8e88bceb713cf7\">\n#top .flex_column.av-ufjlrg-fcda80827178983ffe8e88bceb713cf7{\nmargin-top:0px;\nmargin-bottom:0px;\n}\n.flex_column.av-ufjlrg-fcda80827178983ffe8e88bceb713cf7{\nborder-radius:0px 0px 0px 0px;\npadding:0px 0px 0px 0px;\n}\n.responsive #top #wrap_all .flex_column.av-ufjlrg-fcda80827178983ffe8e88bceb713cf7{\nmargin-top:0px;\nmargin-bottom:0px;\n}\n<\/style>\n<div  class='flex_column av-ufjlrg-fcda80827178983ffe8e88bceb713cf7 av_one_half  avia-builder-el-7  el_after_av_one_full  el_before_av_one_half  first flex_column_div av-zero-column-padding  column-top-margin'     ><p><section  class='av_textblock_section av-kdx722vm-68ab77da1774be2268046593f86a046d '   itemscope=\"itemscope\" itemtype=\"https:\/\/schema.org\/CreativeWork\" ><div class='av-small-hide av-mini-hide avia_textblock'  itemprop=\"text\" ><p>[layerslider id=&#8220;15&#8243;]<\/p>\n<\/div><\/section><br \/>\n<section  class='av_textblock_section av-kdx722vm-3-116a8d4a3b38dc005652b608b5107371 '   itemscope=\"itemscope\" itemtype=\"https:\/\/schema.org\/CreativeWork\" ><div class='av-desktop-hide av-medium-hide avia_textblock'  itemprop=\"text\" ><p>[layerslider id=&#8220;22&#8243;]<\/p>\n<\/div><\/section><\/p><\/div>\n\n<style type=\"text\/css\" data-created_by=\"avia_inline_auto\" id=\"style-css-av-28rjfw-047797c8d1c6059eb73fbf354112b2ff\">\n#top .flex_column.av-28rjfw-047797c8d1c6059eb73fbf354112b2ff{\nmargin-top:0px;\nmargin-bottom:0px;\n}\n.flex_column.av-28rjfw-047797c8d1c6059eb73fbf354112b2ff{\nborder-radius:0px 0px 0px 0px;\npadding:0px 0px 0px 0px;\n}\n.responsive #top #wrap_all .flex_column.av-28rjfw-047797c8d1c6059eb73fbf354112b2ff{\nmargin-top:0px;\nmargin-bottom:0px;\n}\n<\/style>\n<div  class='flex_column av-28rjfw-047797c8d1c6059eb73fbf354112b2ff av_one_half  avia-builder-el-10  el_after_av_one_half  el_before_av_one_half  flex_column_div av-zero-column-padding  column-top-margin'     ><p><section  class='av_textblock_section av-kdx829g8-f02c73818fceeb9e8639a573a8215683 '   itemscope=\"itemscope\" itemtype=\"https:\/\/schema.org\/CreativeWork\" ><div class='av-small-hide av-mini-hide avia_textblock'  itemprop=\"text\" ><p>[layerslider id=&#8220;16&#8243;]<\/p>\n<\/div><\/section><br \/>\n<section  class='av_textblock_section av-kdx829g8-2-266145dfddace8b87a5f2ead0e9c5482 '   itemscope=\"itemscope\" itemtype=\"https:\/\/schema.org\/CreativeWork\" ><div class='av-desktop-hide av-medium-hide avia_textblock'  itemprop=\"text\" ><p>[layerslider id=&#8220;21&#8243;]<\/p>\n<\/div><\/section><\/p><\/div>\n\n<style type=\"text\/css\" data-created_by=\"avia_inline_auto\" id=\"style-css-av-8wjfwc-239024960214bac810c06f1122807e46\">\n.flex_column.av-8wjfwc-239024960214bac810c06f1122807e46{\nborder-radius:0px 0px 0px 0px;\npadding:0px 0px 0px 0px;\n}\n<\/style>\n<div  class='flex_column av-8wjfwc-239024960214bac810c06f1122807e46 av_one_half  avia-builder-el-13  el_after_av_one_half  el_before_av_one_half  first flex_column_div av-zero-column-padding  column-top-margin'     ><p><section  class='av_textblock_section av-kdx9249e-0d8196bac1c7da52c67f38cf56ee90ad '   itemscope=\"itemscope\" itemtype=\"https:\/\/schema.org\/CreativeWork\" ><div class='av-small-hide av-mini-hide avia_textblock'  itemprop=\"text\" ><p>[layerslider id=&#8220;18&#8243;]<\/p>\n<\/div><\/section><br \/>\n<section  class='av_textblock_section av-kdx9249e-1-db194932963d8e27dd9a359390ceeac7 '   itemscope=\"itemscope\" itemtype=\"https:\/\/schema.org\/CreativeWork\" ><div class='av-desktop-hide av-medium-hide avia_textblock'  itemprop=\"text\" ><p>[layerslider id=&#8220;23&#8243;]<\/p>\n<\/div><\/section><\/p><\/div>\n\n<style type=\"text\/css\" data-created_by=\"avia_inline_auto\" id=\"style-css-av-f5r2wc-faab02726c171cfef10d028342584443\">\n.flex_column.av-f5r2wc-faab02726c171cfef10d028342584443{\nborder-radius:0px 0px 0px 0px;\npadding:0px 0px 0px 0px;\n}\n<\/style>\n<div  class='flex_column av-f5r2wc-faab02726c171cfef10d028342584443 av_one_half  avia-builder-el-16  el_after_av_one_half  el_before_av_one_full  flex_column_div av-zero-column-padding  column-top-margin'     ><section  class='av_textblock_section av-kesme91g-7bb6b9f16a145d5936fab1326619d84e '   itemscope=\"itemscope\" itemtype=\"https:\/\/schema.org\/CreativeWork\" ><div class='avia_textblock'  itemprop=\"text\" ><p>[layerslider id=&#8220;17&#8243;]<\/p>\n<\/div><\/section><\/div><div class='flex_column_table av-kgxeckn3-b22890f90ea291a6fda42f8a79cf295e sc-av_one_full av-equal-height-column-flextable'>\n<style type=\"text\/css\" data-created_by=\"avia_inline_auto\" id=\"style-css-av-kgxeckn3-b22890f90ea291a6fda42f8a79cf295e\">\n.flex_column.av-kgxeckn3-b22890f90ea291a6fda42f8a79cf295e{\nborder-radius:0px 0px 0px 0px;\npadding:0px 0px 0px 0px;\n}\n<\/style>\n<div  class='flex_column av-kgxeckn3-b22890f90ea291a6fda42f8a79cf295e av_one_full  avia-builder-el-18  el_after_av_one_half  el_before_av_one_half  first flex_column_table_cell av-equal-height-column av-align-top av-zero-column-padding  column-top-margin'     ><style type=\"text\/css\" data-created_by=\"avia_inline_auto\" id=\"style-css-av-kgxk8l9h-64fe995f4e0644ca447a957a4c1d19d9\">\n#top .av-special-heading.av-kgxk8l9h-64fe995f4e0644ca447a957a4c1d19d9{\nmargin:0 0 0 0;\npadding-bottom:0;\n}\nbody .av-special-heading.av-kgxk8l9h-64fe995f4e0644ca447a957a4c1d19d9 .av-special-heading-tag .heading-char{\nfont-size:25px;\n}\n.av-special-heading.av-kgxk8l9h-64fe995f4e0644ca447a957a4c1d19d9 .av-subheading{\nfont-size:15px;\n}\n<\/style>\n<div  class='av-special-heading av-kgxk8l9h-64fe995f4e0644ca447a957a4c1d19d9 av-special-heading-h3 meta-heading blockquote modern-quote  avia-builder-el-19  avia-builder-el-no-sibling '><h3 class='av-special-heading-tag'  itemprop=\"headline\"  >Unsere Arbeitsweise<\/h3><div class=\"special-heading-border\"><div class=\"special-heading-inner-border\"><\/div><\/div><\/div><\/div><\/div><!--close column table wrapper. Autoclose: 1 --><\/p>\n\n<style type=\"text\/css\" data-created_by=\"avia_inline_auto\" id=\"style-css-av-b6u3y-6358483fef89d57c2d921ffc4ca821c7\">\n#top .flex_column.av-b6u3y-6358483fef89d57c2d921ffc4ca821c7{\nmargin-top:0px;\nmargin-bottom:20px;\n}\n.flex_column.av-b6u3y-6358483fef89d57c2d921ffc4ca821c7{\nborder-radius:0px 0px 0px 0px;\npadding:0px 0px 0px 0px;\n}\n.responsive #top #wrap_all .flex_column.av-b6u3y-6358483fef89d57c2d921ffc4ca821c7{\nmargin-top:0px;\nmargin-bottom:20px;\n}\n<\/style>\n<div  class='flex_column av-b6u3y-6358483fef89d57c2d921ffc4ca821c7 av_one_half  avia-builder-el-20  el_after_av_one_full  el_before_av_one_half  first flex_column_div av-zero-column-padding  column-top-margin'     ><section  class='av_textblock_section av-k4q62ooy-c4144842f5c698deeb0bd2a06ef0c02b '   itemscope=\"itemscope\" itemtype=\"https:\/\/schema.org\/CreativeWork\" ><div class='avia_textblock'  itemprop=\"text\" ><p>Die W\u00fcnsche unserer Kunden erf\u00fcllen wir mit einem vielseitigen hochqualifizierten Kernteam und einem Netzwerk aus Kooperationspartnern mit vielf\u00e4ltiger Spezialisierung.<\/p>\n<p>Durch das Qualifikationsniveau unseres Teams k\u00f6nnen wir Projekte angefangen von der Technologieberatung \u00fcber das Projektmanagement bis hin zur konkreten Realisierung je nach Bedarf unterst\u00fctzen oder vollst\u00e4ndig umsetzen.<\/p>\n<p>Wir unterst\u00fctzen sowohl Kunden in unserer Region (Kassel, Hannover, Wolfsburg) als auch deutschlandweit und international.<\/p>\n<\/div><\/section><\/div>\n\n<style type=\"text\/css\" data-created_by=\"avia_inline_auto\" id=\"style-css-av-10pn9q-b33ed2001c6edf1b93b31c07399f440e\">\n#top .flex_column.av-10pn9q-b33ed2001c6edf1b93b31c07399f440e{\nmargin-top:0px;\nmargin-bottom:20px;\n}\n.flex_column.av-10pn9q-b33ed2001c6edf1b93b31c07399f440e{\nborder-radius:0px 0px 0px 0px;\npadding:0px 0px 0px 0px;\n}\n.responsive #top #wrap_all .flex_column.av-10pn9q-b33ed2001c6edf1b93b31c07399f440e{\nmargin-top:0px;\nmargin-bottom:20px;\n}\n<\/style>\n<div  class='flex_column av-10pn9q-b33ed2001c6edf1b93b31c07399f440e av_one_half  avia-builder-el-22  el_after_av_one_half  avia-builder-el-last  flex_column_div av-zero-column-padding  column-top-margin'     ><section  class='av_textblock_section av-k4puyz3y-b19a1e9c2940e78478340d3469ec9a9f '   itemscope=\"itemscope\" itemtype=\"https:\/\/schema.org\/CreativeWork\" ><div class='avia_textblock'  itemprop=\"text\" ><p>Dadurch dass unsere Mitarbeiter regelm\u00e4\u00dfig Projekte durch alle Phasen hindurch begleiten, verf\u00fcgen sie zus\u00e4tzlich zu ihrer fachlichen Qualifikation \u00fcber einen reichen Erfahrungsschatz. Hierdurch erreichen wir konstant ein au\u00dfergew\u00f6hnliches Qualit\u00e4ts- und Effizienzniveau.<\/p>\n<p>Gerne besprechen wir mit Ihnen Ihre spezifischen Herausforderungen. Aufgrund unserer flexiblen Strukturen k\u00f6nnen wir sowohl kleine Projekte wirtschaftlich als auch gro\u00dfe Projekte effizient und z\u00fcgig realisieren.<\/p>\n<p><a href=\"https:\/\/nagl-vetter.de\/de\/kontakt\/\">Kontaktieren Sie uns!<\/a><\/p>\n<\/div><\/section><\/div>\n","protected":false},"excerpt":{"rendered":"","protected":false},"author":1,"featured_media":0,"parent":0,"menu_order":1,"comment_status":"open","ping_status":"open","template":"","meta":{"footnotes":""},"yoast_head":"<!-- This site is optimized with the Yoast SEO plugin v22.1 - https:\/\/yoast.com\/wordpress\/plugins\/seo\/ -->\n<title>Unser Leistungsspektrum : Nagl &amp; Vetter GmbH<\/title>\n<meta name=\"description\" content=\"Komplettanbieter f\u00fcr Industrieautomatisierung, Robotik, Forschungs- &amp; Entwicklungsdienstleistungen und Process Engineering.\" \/>\n<meta name=\"robots\" content=\"index, follow, max-snippet:-1, max-image-preview:large, max-video-preview:-1\" \/>\n<link rel=\"canonical\" href=\"https:\/\/nagl-vetter.de\/de\/\" \/>\n<meta property=\"og:locale\" content=\"de_DE\" \/>\n<meta property=\"og:type\" content=\"article\" \/>\n<meta property=\"og:title\" content=\"Unser Leistungsspektrum : Nagl &amp; Vetter GmbH\" \/>\n<meta property=\"og:description\" content=\"Komplettanbieter f\u00fcr Industrieautomatisierung, Robotik, Forschungs- &amp; Entwicklungsdienstleistungen und Process Engineering.\" \/>\n<meta property=\"og:url\" content=\"https:\/\/nagl-vetter.de\/de\/\" \/>\n<meta property=\"og:site_name\" content=\"Nagl &amp; Vetter GmbH\" \/>\n<meta property=\"article:modified_time\" content=\"2025-08-25T16:40:17+00:00\" \/>\n<meta name=\"twitter:card\" content=\"summary_large_image\" \/>\n<meta name=\"twitter:label1\" content=\"Gesch\u00e4tzte Lesezeit\" \/>\n\t<meta name=\"twitter:data1\" content=\"6\u00a0Minuten\" \/>\n<script type=\"application\/ld+json\" class=\"yoast-schema-graph\">{\"@context\":\"https:\/\/schema.org\",\"@graph\":[{\"@type\":\"WebPage\",\"@id\":\"https:\/\/nagl-vetter.de\/de\/\",\"url\":\"https:\/\/nagl-vetter.de\/de\/\",\"name\":\"Unser Leistungsspektrum : Nagl &amp; Vetter GmbH\",\"isPartOf\":{\"@id\":\"https:\/\/nagl-vetter.de\/de\/#website\"},\"datePublished\":\"2019-12-01T14:00:00+00:00\",\"dateModified\":\"2025-08-25T16:40:17+00:00\",\"description\":\"Komplettanbieter f\u00fcr Industrieautomatisierung, Robotik, Forschungs- & Entwicklungsdienstleistungen und Process Engineering.\",\"breadcrumb\":{\"@id\":\"https:\/\/nagl-vetter.de\/de\/#breadcrumb\"},\"inLanguage\":\"de\",\"potentialAction\":[{\"@type\":\"ReadAction\",\"target\":[\"https:\/\/nagl-vetter.de\/de\/\"]}]},{\"@type\":\"BreadcrumbList\",\"@id\":\"https:\/\/nagl-vetter.de\/de\/#breadcrumb\",\"itemListElement\":[{\"@type\":\"ListItem\",\"position\":1,\"name\":\"Startseite\",\"item\":\"https:\/\/nagl-vetter.de\/de\/startseite\/\"},{\"@type\":\"ListItem\",\"position\":2,\"name\":\"Unser Leistungsspektrum\"}]},{\"@type\":\"WebSite\",\"@id\":\"https:\/\/nagl-vetter.de\/de\/#website\",\"url\":\"https:\/\/nagl-vetter.de\/de\/\",\"name\":\"Nagl & Vetter GmbH\",\"description\":\"Automatisierung, Forschung &amp; Entwicklung, Industrie\",\"publisher\":{\"@id\":\"https:\/\/nagl-vetter.de\/de\/#organization\"},\"potentialAction\":[{\"@type\":\"SearchAction\",\"target\":{\"@type\":\"EntryPoint\",\"urlTemplate\":\"https:\/\/nagl-vetter.de\/de\/?s={search_term_string}\"},\"query-input\":\"required name=search_term_string\"}],\"inLanguage\":\"de\"},{\"@type\":\"Organization\",\"@id\":\"https:\/\/nagl-vetter.de\/de\/#organization\",\"name\":\"Nagl & Vetter GmbH\",\"url\":\"https:\/\/nagl-vetter.de\/de\/\",\"logo\":{\"@type\":\"ImageObject\",\"inLanguage\":\"de\",\"@id\":\"https:\/\/nagl-vetter.de\/de\/#\/schema\/logo\/image\/\",\"url\":\"https:\/\/nagl-vetter.de\/wp-content\/uploads\/2019\/12\/nv-logo-web-1.png\",\"contentUrl\":\"https:\/\/nagl-vetter.de\/wp-content\/uploads\/2019\/12\/nv-logo-web-1.png\",\"width\":340,\"height\":156,\"caption\":\"Nagl & Vetter GmbH\"},\"image\":{\"@id\":\"https:\/\/nagl-vetter.de\/de\/#\/schema\/logo\/image\/\"},\"sameAs\":[\"https:\/\/www.linkedin.com\/company\/nagl-vetter\/\"]}]}<\/script>\n<!-- \/ Yoast SEO plugin. -->","yoast_head_json":{"title":"Unser Leistungsspektrum : Nagl &amp; Vetter GmbH","description":"Komplettanbieter f\u00fcr Industrieautomatisierung, Robotik, Forschungs- & Entwicklungsdienstleistungen und Process Engineering.","robots":{"index":"index","follow":"follow","max-snippet":"max-snippet:-1","max-image-preview":"max-image-preview:large","max-video-preview":"max-video-preview:-1"},"canonical":"https:\/\/nagl-vetter.de\/de\/","og_locale":"de_DE","og_type":"article","og_title":"Unser Leistungsspektrum : Nagl &amp; Vetter GmbH","og_description":"Komplettanbieter f\u00fcr Industrieautomatisierung, Robotik, Forschungs- & Entwicklungsdienstleistungen und Process Engineering.","og_url":"https:\/\/nagl-vetter.de\/de\/","og_site_name":"Nagl &amp; Vetter GmbH","article_modified_time":"2025-08-25T16:40:17+00:00","twitter_card":"summary_large_image","twitter_misc":{"Gesch\u00e4tzte Lesezeit":"6\u00a0Minuten"},"schema":{"@context":"https:\/\/schema.org","@graph":[{"@type":"WebPage","@id":"https:\/\/nagl-vetter.de\/de\/","url":"https:\/\/nagl-vetter.de\/de\/","name":"Unser Leistungsspektrum : Nagl &amp; Vetter GmbH","isPartOf":{"@id":"https:\/\/nagl-vetter.de\/de\/#website"},"datePublished":"2019-12-01T14:00:00+00:00","dateModified":"2025-08-25T16:40:17+00:00","description":"Komplettanbieter f\u00fcr Industrieautomatisierung, Robotik, Forschungs- & Entwicklungsdienstleistungen und Process Engineering.","breadcrumb":{"@id":"https:\/\/nagl-vetter.de\/de\/#breadcrumb"},"inLanguage":"de","potentialAction":[{"@type":"ReadAction","target":["https:\/\/nagl-vetter.de\/de\/"]}]},{"@type":"BreadcrumbList","@id":"https:\/\/nagl-vetter.de\/de\/#breadcrumb","itemListElement":[{"@type":"ListItem","position":1,"name":"Startseite","item":"https:\/\/nagl-vetter.de\/de\/startseite\/"},{"@type":"ListItem","position":2,"name":"Unser Leistungsspektrum"}]},{"@type":"WebSite","@id":"https:\/\/nagl-vetter.de\/de\/#website","url":"https:\/\/nagl-vetter.de\/de\/","name":"Nagl & Vetter GmbH","description":"Automatisierung, Forschung &amp; Entwicklung, Industrie","publisher":{"@id":"https:\/\/nagl-vetter.de\/de\/#organization"},"potentialAction":[{"@type":"SearchAction","target":{"@type":"EntryPoint","urlTemplate":"https:\/\/nagl-vetter.de\/de\/?s={search_term_string}"},"query-input":"required name=search_term_string"}],"inLanguage":"de"},{"@type":"Organization","@id":"https:\/\/nagl-vetter.de\/de\/#organization","name":"Nagl & Vetter GmbH","url":"https:\/\/nagl-vetter.de\/de\/","logo":{"@type":"ImageObject","inLanguage":"de","@id":"https:\/\/nagl-vetter.de\/de\/#\/schema\/logo\/image\/","url":"https:\/\/nagl-vetter.de\/wp-content\/uploads\/2019\/12\/nv-logo-web-1.png","contentUrl":"https:\/\/nagl-vetter.de\/wp-content\/uploads\/2019\/12\/nv-logo-web-1.png","width":340,"height":156,"caption":"Nagl & Vetter GmbH"},"image":{"@id":"https:\/\/nagl-vetter.de\/de\/#\/schema\/logo\/image\/"},"sameAs":["https:\/\/www.linkedin.com\/company\/nagl-vetter\/"]}]}},"_links":{"self":[{"href":"https:\/\/nagl-vetter.de\/de\/wp-json\/wp\/v2\/pages\/734"}],"collection":[{"href":"https:\/\/nagl-vetter.de\/de\/wp-json\/wp\/v2\/pages"}],"about":[{"href":"https:\/\/nagl-vetter.de\/de\/wp-json\/wp\/v2\/types\/page"}],"author":[{"embeddable":true,"href":"https:\/\/nagl-vetter.de\/de\/wp-json\/wp\/v2\/users\/1"}],"replies":[{"embeddable":true,"href":"https:\/\/nagl-vetter.de\/de\/wp-json\/wp\/v2\/comments?post=734"}],"version-history":[{"count":89,"href":"https:\/\/nagl-vetter.de\/de\/wp-json\/wp\/v2\/pages\/734\/revisions"}],"predecessor-version":[{"id":7077,"href":"https:\/\/nagl-vetter.de\/de\/wp-json\/wp\/v2\/pages\/734\/revisions\/7077"}],"wp:attachment":[{"href":"https:\/\/nagl-vetter.de\/de\/wp-json\/wp\/v2\/media?parent=734"}],"curies":[{"name":"wp","href":"https:\/\/api.w.org\/{rel}","templated":true}]}}